{"id":94209,"date":"2023-06-01T08:19:34","date_gmt":"2023-06-01T06:19:34","guid":{"rendered":"https:\/\/prep.ccfs-sorbonne.fr\/info-inscripcion\/inscribirse-en-los-ccfs\/documents-administratifs-et-juridiques\/"},"modified":"2025-06-16T11:14:20","modified_gmt":"2025-06-16T09:14:20","slug":"documentos-administrativos-y-juridicos","status":"publish","type":"page","link":"https:\/\/prep.ccfs-sorbonne.fr\/es\/info-inscripcion\/inscribirse-en-los-ccfs\/documentos-administrativos-y-juridicos\/","title":{"rendered":"Documentos administrativos y jur\u00eddicos"},"content":{"rendered":"\t\t<div data-elementor-type=\"wp-page\" data-elementor-id=\"94209\" class=\"elementor elementor-94209 elementor-77\" data-elementor-post-type=\"page\">\n\t\t\t\t\t\t<section class=\"elementor-section elementor-top-section elementor-element elementor-element-019342a elementor-section-stretched elementor-section-boxed elementor-section-height-default elementor-section-height-default\" data-id=\"019342a\" data-element_type=\"section\" data-settings=\"{&quot;stretch_section&quot;:&quot;section-stretched&quot;,&quot;background_background&quot;:&quot;classic&quot;}\">\n\t\t\t\t\t\t\t<div class=\"elementor-background-overlay\"><\/div>\n\t\t\t\t\t\t\t<div class=\"elementor-container elementor-column-gap-default\">\n\t\t\t\t\t<div class=\"elementor-column elementor-col-100 elementor-top-column elementor-element elementor-element-cb1bb6c\" data-id=\"cb1bb6c\" data-element_type=\"column\">\n\t\t\t<div class=\"elementor-widget-wrap elementor-element-populated\">\n\t\t\t\t\t\t<section class=\"elementor-section elementor-inner-section elementor-element elementor-element-9b8480a elementor-section-boxed elementor-section-height-default elementor-section-height-default\" data-id=\"9b8480a\" data-element_type=\"section\">\n\t\t\t\t\t\t<div class=\"elementor-container elementor-column-gap-default\">\n\t\t\t\t\t<div class=\"elementor-column elementor-col-50 elementor-inner-column elementor-element elementor-element-b97ecbd\" data-id=\"b97ecbd\" data-element_type=\"column\">\n\t\t\t<div class=\"elementor-widget-wrap elementor-element-populated\">\n\t\t\t\t\t\t<div class=\"elementor-element elementor-element-eab50f9 elementor-widget elementor-widget-heading\" data-id=\"eab50f9\" data-element_type=\"widget\" data-widget_type=\"heading.default\">\n\t\t\t\t<div class=\"elementor-widget-container\">\n\t\t\t\t\t<h1 class=\"elementor-heading-title elementor-size-default\">Documentos administrativos y jur\u00eddicos<br><\/h1>\t\t\t\t<\/div>\n\t\t\t\t<\/div>\n\t\t\t\t\t<\/div>\n\t\t<\/div>\n\t\t\t\t<div class=\"elementor-column elementor-col-50 elementor-inner-column elementor-element elementor-element-d0be2b0 elementor-hidden-mobile elementor-hidden-tablet\" data-id=\"d0be2b0\" data-element_type=\"column\">\n\t\t\t<div class=\"elementor-widget-wrap elementor-element-populated\">\n\t\t\t\t\t\t<div class=\"elementor-element elementor-element-3524061 elementor-widget elementor-widget-image\" data-id=\"3524061\" data-element_type=\"widget\" data-widget_type=\"image.default\">\n\t\t\t\t<div class=\"elementor-widget-container\">\n\t\t\t\t\t\t\t\t\t\t\t\t\t\t\t<img fetchpriority=\"high\" decoding=\"async\" width=\"300\" height=\"400\" src=\"https:\/\/prep.ccfs-sorbonne.fr\/wp-content\/uploads\/2024\/07\/etudiant-11-ccfs-1.png\" class=\"attachment-full size-full wp-image-97518\" alt=\"\" srcset=\"https:\/\/prep.ccfs-sorbonne.fr\/wp-content\/uploads\/2024\/07\/etudiant-11-ccfs-1.png 300w, https:\/\/prep.ccfs-sorbonne.fr\/wp-content\/uploads\/2024\/07\/etudiant-11-ccfs-1-225x300.png 225w\" sizes=\"(max-width: 300px) 100vw, 300px\" \/>\t\t\t\t\t\t\t\t\t\t\t\t\t\t\t<\/div>\n\t\t\t\t<\/div>\n\t\t\t\t\t<\/div>\n\t\t<\/div>\n\t\t\t\t\t<\/div>\n\t\t<\/section>\n\t\t\t\t\t<\/div>\n\t\t<\/div>\n\t\t\t\t\t<\/div>\n\t\t<\/section>\n\t\t\t\t<section class=\"elementor-section elementor-top-section elementor-element elementor-element-7aec5f14 elementor-section-stretched elementor-section-boxed elementor-section-height-default elementor-section-height-default\" data-id=\"7aec5f14\" data-element_type=\"section\" data-settings=\"{&quot;stretch_section&quot;:&quot;section-stretched&quot;}\">\n\t\t\t\t\t\t<div class=\"elementor-container elementor-column-gap-default\">\n\t\t\t\t\t<div class=\"elementor-column elementor-col-100 elementor-top-column elementor-element elementor-element-4c7b9e34\" data-id=\"4c7b9e34\" data-element_type=\"column\">\n\t\t\t<div class=\"elementor-widget-wrap elementor-element-populated\">\n\t\t\t\t\t\t<div class=\"elementor-element elementor-element-4aea7f7 elementor-widget elementor-widget-global elementor-global-82281 elementor-widget-breadcrumbs\" data-id=\"4aea7f7\" data-element_type=\"widget\" data-widget_type=\"breadcrumbs.default\">\n\t\t\t\t<div class=\"elementor-widget-container\">\n\t\t\t\t\t<p id=\"breadcrumbs\"><span><span><a href=\"https:\/\/www.ccfs-sorbonne.fr\/es\/\">Inicio<\/a><\/span><\/span><\/p>\t\t\t\t<\/div>\n\t\t\t\t<\/div>\n\t\t\t\t<div class=\"elementor-element elementor-element-330af49c elementor-widget elementor-widget-text-editor\" data-id=\"330af49c\" data-element_type=\"widget\" data-widget_type=\"text-editor.default\">\n\t\t\t\t<div class=\"elementor-widget-container\">\n\t\t\t\t\t\t\t\t\t<h2>Documentos administrativos:<\/h2><ul><li><a href=\"https:\/\/www.ccfs-sorbonne.fr\/wp-content\/uploads\/2025\/06\/Formulaire-reclamation-CCFS-FREN.pdf\" target=\"_blank\" rel=\"noopener\">Formulario de reclamaci\u00f3n<\/a><\/li><li><a href=\"https:\/\/www.ccfs-sorbonne.fr\/wp-content\/uploads\/2025\/06\/Formulaire-retractation-CCFS-FREN.pdf\" target=\"_blank\" rel=\"noopener\">Formulario de retractaci\u00f3n<\/a><\/li><li><a href=\"https:\/\/prep.ccfs-sorbonne.fr\/contact\/\">Formulario de solicitud de reembolso<\/a><\/li><li><a href=\"https:\/\/prep.ccfs-sorbonne.fr\/wp-content\/uploads\/2024\/01\/Autorisation-parentale-inscription-etudiant-mineur-CCFS.pdf\" target=\"_blank\" rel=\"noopener\">Formulario excepcional (autorizaci\u00f3n parental para la inscripci\u00f3n de un estudiante menor de edad)<\/a><\/li><\/ul><h2>Documentos jur\u00eddicos:<\/h2><ul><li><a href=\"https:\/\/www.ccfs-sorbonne.fr\/wp-content\/uploads\/2025\/06\/ccfs-general-terms-of-sales-17062025.pdf\" target=\"_blank\" rel=\"noopener\">Condiciones generales de venta<\/a><\/li><li><a href=\"https:\/\/www.ccfs-sorbonne.fr\/wp-content\/uploads\/2025\/06\/Reglement-interieur-CCFS-EN.pdf\" target=\"_blank\" rel=\"noopener\">Reglamento interno<\/a><\/li><li><a href=\"https:\/\/prep.ccfs-sorbonne.fr\/wp-content\/uploads\/2024\/01\/Politique-de-confidentialite-et-gestion-des-cookies-CCFS.pdf\" target=\"_blank\" rel=\"noopener\">Pol\u00edtica de privacidad y gesti\u00f3n de cookies<\/a><\/li><li><a href=\"https:\/\/prep.ccfs-sorbonne.fr\/wp-content\/uploads\/2023\/12\/arrete-ccfs-2024.pdf\" target=\"_blank\" rel=\"noopener\">Decreto del Rectorado de la Academia de Par\u00eds relativo al centro de ex\u00e1menes para el a\u00f1o 2024<\/a><\/li><li><a href=\"https:\/\/prep.ccfs-sorbonne.fr\/es\/aviso-legal\/\">Aviso legal<\/a><\/li><\/ul>\t\t\t\t\t\t\t\t<\/div>\n\t\t\t\t<\/div>\n\t\t\t\t\t<\/div>\n\t\t<\/div>\n\t\t\t\t\t<\/div>\n\t\t<\/section>\n\t\t<div class=\"elementor-element elementor-element-3d1e761 e-flex e-con-boxed e-con e-parent\" data-id=\"3d1e761\" data-element_type=\"container\">\n\t\t\t\t\t<div class=\"e-con-inner\">\n\t\t\t\t<div class=\"elementor-element elementor-element-4807ada elementor-widget-divider--view-line elementor-widget elementor-widget-divider\" data-id=\"4807ada\" data-element_type=\"widget\" data-widget_type=\"divider.default\">\n\t\t\t\t<div class=\"elementor-widget-container\">\n\t\t\t\t\t\t\t<div class=\"elementor-divider\">\n\t\t\t<span class=\"elementor-divider-separator\">\n\t\t\t\t\t\t<\/span>\n\t\t<\/div>\n\t\t\t\t\t\t<\/div>\n\t\t\t\t<\/div>\n\t\t\t\t<div class=\"elementor-element elementor-element-cf89657 elementor-widget elementor-widget-shortcode\" data-id=\"cf89657\" data-element_type=\"widget\" data-widget_type=\"shortcode.default\">\n\t\t\t\t<div class=\"elementor-widget-container\">\n\t\t\t\t\t\t\t<div class=\"elementor-shortcode\"><ul class='listing-page-soeur'><li class='bloc-page-soeur'><a class='image-soeur' style='background:url(https:\/\/prep.ccfs-sorbonne.fr\/wp-content\/uploads\/2023\/11\/AdobeStock_328237788.jpeg)' href='https:\/\/prep.ccfs-sorbonne.fr\/es\/info-inscripcion\/inscribirse-en-los-ccfs\/como-inscribirse\/' title='&iquest;C&oacute;mo inscribirse?'><\/a><div class='detail-soeur'><div class='nom-page-soeur'><h2><a href='https:\/\/prep.ccfs-sorbonne.fr\/es\/info-inscripcion\/inscribirse-en-los-ccfs\/como-inscribirse\/' title='&iquest;C&oacute;mo inscribirse?'>\u00bfC\u00f3mo inscribirse?<\/a><\/h2><\/div><\/div><\/li><li class='bloc-page-soeur'><a class='image-soeur' style='background:url(https:\/\/prep.ccfs-sorbonne.fr\/wp-content\/uploads\/2023\/11\/AdobeStock_243575259.jpeg)' href='https:\/\/prep.ccfs-sorbonne.fr\/es\/info-inscripcion\/inscribirse-en-los-ccfs\/visados-para-estudiar-en-francia\/' title='Visados para estudiar en Francia'><\/a><div class='detail-soeur'><div class='nom-page-soeur'><h2><a href='https:\/\/prep.ccfs-sorbonne.fr\/es\/info-inscripcion\/inscribirse-en-los-ccfs\/visados-para-estudiar-en-francia\/' title='Visados para estudiar en Francia'>Visados para estudiar en Francia<\/a><\/h2><\/div><\/div><\/li><\/ul><\/div>\n\t\t\t\t\t\t<\/div>\n\t\t\t\t<\/div>\n\t\t\t\t\t<\/div>\n\t\t\t\t<\/div>\n\t\t\t\t<\/div>\n\t\t","protected":false},"excerpt":{"rendered":"<p>Documentos administrativos y jur\u00eddicos Documentos administrativos: Formulario de reclamaci\u00f3n Formulario de retractaci\u00f3n Formulario de solicitud de reembolso Formulario excepcional (autorizaci\u00f3n parental para la inscripci\u00f3n de un estudiante menor de edad) [&hellip;]<\/p>\n","protected":false},"author":8,"featured_media":90406,"parent":92897,"menu_order":3,"comment_status":"closed","ping_status":"closed","template":"","meta":{"_acf_changed":false,"footnotes":""},"class_list":["post-94209","page","type-page","status-publish","has-post-thumbnail","hentry"],"acf":[],"yoast_head":"<!-- This site is optimized with the Yoast SEO plugin v24.8.1 - https:\/\/yoast.com\/wordpress\/plugins\/seo\/ -->\n<title>Documentos administrativos y jur\u00eddicos - CCFS Sorbonne<\/title>\n<meta name=\"description\" content=\"documentos-administrativos-y-juridicos\" \/>\n<meta name=\"robots\" content=\"index, follow, max-snippet:-1, max-image-preview:large, max-video-preview:-1\" \/>\n<link rel=\"canonical\" href=\"https:\/\/prep.ccfs-sorbonne.fr\/es\/info-inscripcion\/inscribirse-en-los-ccfs\/documentos-administrativos-y-juridicos\/\" \/>\n<meta property=\"og:locale\" content=\"es_ES\" \/>\n<meta property=\"og:type\" content=\"article\" \/>\n<meta property=\"og:title\" content=\"Documentos administrativos y jur\u00eddicos - CCFS Sorbonne\" \/>\n<meta property=\"og:description\" content=\"documentos-administrativos-y-juridicos\" \/>\n<meta property=\"og:url\" content=\"https:\/\/prep.ccfs-sorbonne.fr\/es\/info-inscripcion\/inscribirse-en-los-ccfs\/documentos-administrativos-y-juridicos\/\" \/>\n<meta property=\"og:site_name\" content=\"CCFS Sorbonne\" \/>\n<meta property=\"article:modified_time\" content=\"2025-06-16T09:14:20+00:00\" \/>\n<meta property=\"og:image\" content=\"https:\/\/prep.ccfs-sorbonne.fr\/wp-content\/uploads\/2023\/11\/Recognity-Shoot-Etudiant-Paris-39.jpg\" \/>\n\t<meta property=\"og:image:width\" content=\"1278\" \/>\n\t<meta property=\"og:image:height\" content=\"1920\" \/>\n\t<meta property=\"og:image:type\" content=\"image\/jpeg\" \/>\n<meta name=\"twitter:card\" content=\"summary_large_image\" \/>\n<meta name=\"twitter:label1\" content=\"Tiempo de lectura\" \/>\n\t<meta name=\"twitter:data1\" content=\"1 minuto\" \/>\n<script type=\"application\/ld+json\" class=\"yoast-schema-graph\">{\"@context\":\"https:\/\/schema.org\",\"@graph\":[{\"@type\":\"WebPage\",\"@id\":\"https:\/\/prep.ccfs-sorbonne.fr\/es\/info-inscripcion\/inscribirse-en-los-ccfs\/documentos-administrativos-y-juridicos\/\",\"url\":\"https:\/\/prep.ccfs-sorbonne.fr\/es\/info-inscripcion\/inscribirse-en-los-ccfs\/documentos-administrativos-y-juridicos\/\",\"name\":\"Documentos administrativos y jur\u00eddicos - CCFS Sorbonne\",\"isPartOf\":{\"@id\":\"https:\/\/www.ccfs-sorbonne.fr\/#website\"},\"primaryImageOfPage\":{\"@id\":\"https:\/\/prep.ccfs-sorbonne.fr\/es\/info-inscripcion\/inscribirse-en-los-ccfs\/documentos-administrativos-y-juridicos\/#primaryimage\"},\"image\":{\"@id\":\"https:\/\/prep.ccfs-sorbonne.fr\/es\/info-inscripcion\/inscribirse-en-los-ccfs\/documentos-administrativos-y-juridicos\/#primaryimage\"},\"thumbnailUrl\":\"https:\/\/prep.ccfs-sorbonne.fr\/wp-content\/uploads\/2023\/11\/Recognity-Shoot-Etudiant-Paris-39.jpg\",\"datePublished\":\"2023-06-01T06:19:34+00:00\",\"dateModified\":\"2025-06-16T09:14:20+00:00\",\"description\":\"documentos-administrativos-y-juridicos\",\"breadcrumb\":{\"@id\":\"https:\/\/prep.ccfs-sorbonne.fr\/es\/info-inscripcion\/inscribirse-en-los-ccfs\/documentos-administrativos-y-juridicos\/#breadcrumb\"},\"inLanguage\":\"es\",\"potentialAction\":[{\"@type\":\"ReadAction\",\"target\":[\"https:\/\/prep.ccfs-sorbonne.fr\/es\/info-inscripcion\/inscribirse-en-los-ccfs\/documentos-administrativos-y-juridicos\/\"]}]},{\"@type\":\"ImageObject\",\"inLanguage\":\"es\",\"@id\":\"https:\/\/prep.ccfs-sorbonne.fr\/es\/info-inscripcion\/inscribirse-en-los-ccfs\/documentos-administrativos-y-juridicos\/#primaryimage\",\"url\":\"https:\/\/prep.ccfs-sorbonne.fr\/wp-content\/uploads\/2023\/11\/Recognity-Shoot-Etudiant-Paris-39.jpg\",\"contentUrl\":\"https:\/\/prep.ccfs-sorbonne.fr\/wp-content\/uploads\/2023\/11\/Recognity-Shoot-Etudiant-Paris-39.jpg\",\"width\":1278,\"height\":1920,\"caption\":\"France administratif\"},{\"@type\":\"BreadcrumbList\",\"@id\":\"https:\/\/prep.ccfs-sorbonne.fr\/es\/info-inscripcion\/inscribirse-en-los-ccfs\/documentos-administrativos-y-juridicos\/#breadcrumb\",\"itemListElement\":[{\"@type\":\"ListItem\",\"position\":1,\"name\":\"Inicio\",\"item\":\"https:\/\/www.ccfs-sorbonne.fr\/es\/\"},{\"@type\":\"ListItem\",\"position\":2,\"name\":\"Informaci\u00f3n y registro\",\"item\":\"https:\/\/www.ccfs-sorbonne.fr\/es\/info-inscripcion\/\"},{\"@type\":\"ListItem\",\"position\":3,\"name\":\"Inscribirse en los CCFS\",\"item\":\"https:\/\/www.ccfs-sorbonne.fr\/es\/info-inscripcion\/inscribirse-en-los-ccfs\/\"},{\"@type\":\"ListItem\",\"position\":4,\"name\":\"Documentos administrativos y jur\u00eddicos\"}]},{\"@type\":\"WebSite\",\"@id\":\"https:\/\/www.ccfs-sorbonne.fr\/#website\",\"url\":\"https:\/\/www.ccfs-sorbonne.fr\/\",\"name\":\"CCFS Sorbonne\",\"description\":\"\",\"publisher\":{\"@id\":\"https:\/\/www.ccfs-sorbonne.fr\/#organization\"},\"potentialAction\":[{\"@type\":\"SearchAction\",\"target\":{\"@type\":\"EntryPoint\",\"urlTemplate\":\"https:\/\/www.ccfs-sorbonne.fr\/?s={search_term_string}\"},\"query-input\":{\"@type\":\"PropertyValueSpecification\",\"valueRequired\":true,\"valueName\":\"search_term_string\"}}],\"inLanguage\":\"es\"},{\"@type\":\"Organization\",\"@id\":\"https:\/\/www.ccfs-sorbonne.fr\/#organization\",\"name\":\"CCFS Sorbonne\",\"url\":\"https:\/\/www.ccfs-sorbonne.fr\/\",\"logo\":{\"@type\":\"ImageObject\",\"inLanguage\":\"es\",\"@id\":\"https:\/\/www.ccfs-sorbonne.fr\/#\/schema\/logo\/image\/\",\"url\":\"https:\/\/prep.ccfs-sorbonne.fr\/wp-content\/uploads\/2023\/11\/logo-ccfs-sorbonne.png\",\"contentUrl\":\"https:\/\/prep.ccfs-sorbonne.fr\/wp-content\/uploads\/2023\/11\/logo-ccfs-sorbonne.png\",\"width\":300,\"height\":120,\"caption\":\"CCFS Sorbonne\"},\"image\":{\"@id\":\"https:\/\/www.ccfs-sorbonne.fr\/#\/schema\/logo\/image\/\"}}]}<\/script>\n<!-- \/ Yoast SEO plugin. -->","yoast_head_json":{"title":"Documentos administrativos y jur\u00eddicos - CCFS Sorbonne","description":"documentos-administrativos-y-juridicos","robots":{"index":"index","follow":"follow","max-snippet":"max-snippet:-1","max-image-preview":"max-image-preview:large","max-video-preview":"max-video-preview:-1"},"canonical":"https:\/\/prep.ccfs-sorbonne.fr\/es\/info-inscripcion\/inscribirse-en-los-ccfs\/documentos-administrativos-y-juridicos\/","og_locale":"es_ES","og_type":"article","og_title":"Documentos administrativos y jur\u00eddicos - CCFS Sorbonne","og_description":"documentos-administrativos-y-juridicos","og_url":"https:\/\/prep.ccfs-sorbonne.fr\/es\/info-inscripcion\/inscribirse-en-los-ccfs\/documentos-administrativos-y-juridicos\/","og_site_name":"CCFS Sorbonne","article_modified_time":"2025-06-16T09:14:20+00:00","og_image":[{"width":1278,"height":1920,"url":"https:\/\/prep.ccfs-sorbonne.fr\/wp-content\/uploads\/2023\/11\/Recognity-Shoot-Etudiant-Paris-39.jpg","type":"image\/jpeg"}],"twitter_card":"summary_large_image","twitter_misc":{"Tiempo de lectura":"1 minuto"},"schema":{"@context":"https:\/\/schema.org","@graph":[{"@type":"WebPage","@id":"https:\/\/prep.ccfs-sorbonne.fr\/es\/info-inscripcion\/inscribirse-en-los-ccfs\/documentos-administrativos-y-juridicos\/","url":"https:\/\/prep.ccfs-sorbonne.fr\/es\/info-inscripcion\/inscribirse-en-los-ccfs\/documentos-administrativos-y-juridicos\/","name":"Documentos administrativos y jur\u00eddicos - CCFS Sorbonne","isPartOf":{"@id":"https:\/\/www.ccfs-sorbonne.fr\/#website"},"primaryImageOfPage":{"@id":"https:\/\/prep.ccfs-sorbonne.fr\/es\/info-inscripcion\/inscribirse-en-los-ccfs\/documentos-administrativos-y-juridicos\/#primaryimage"},"image":{"@id":"https:\/\/prep.ccfs-sorbonne.fr\/es\/info-inscripcion\/inscribirse-en-los-ccfs\/documentos-administrativos-y-juridicos\/#primaryimage"},"thumbnailUrl":"https:\/\/prep.ccfs-sorbonne.fr\/wp-content\/uploads\/2023\/11\/Recognity-Shoot-Etudiant-Paris-39.jpg","datePublished":"2023-06-01T06:19:34+00:00","dateModified":"2025-06-16T09:14:20+00:00","description":"documentos-administrativos-y-juridicos","breadcrumb":{"@id":"https:\/\/prep.ccfs-sorbonne.fr\/es\/info-inscripcion\/inscribirse-en-los-ccfs\/documentos-administrativos-y-juridicos\/#breadcrumb"},"inLanguage":"es","potentialAction":[{"@type":"ReadAction","target":["https:\/\/prep.ccfs-sorbonne.fr\/es\/info-inscripcion\/inscribirse-en-los-ccfs\/documentos-administrativos-y-juridicos\/"]}]},{"@type":"ImageObject","inLanguage":"es","@id":"https:\/\/prep.ccfs-sorbonne.fr\/es\/info-inscripcion\/inscribirse-en-los-ccfs\/documentos-administrativos-y-juridicos\/#primaryimage","url":"https:\/\/prep.ccfs-sorbonne.fr\/wp-content\/uploads\/2023\/11\/Recognity-Shoot-Etudiant-Paris-39.jpg","contentUrl":"https:\/\/prep.ccfs-sorbonne.fr\/wp-content\/uploads\/2023\/11\/Recognity-Shoot-Etudiant-Paris-39.jpg","width":1278,"height":1920,"caption":"France administratif"},{"@type":"BreadcrumbList","@id":"https:\/\/prep.ccfs-sorbonne.fr\/es\/info-inscripcion\/inscribirse-en-los-ccfs\/documentos-administrativos-y-juridicos\/#breadcrumb","itemListElement":[{"@type":"ListItem","position":1,"name":"Inicio","item":"https:\/\/www.ccfs-sorbonne.fr\/es\/"},{"@type":"ListItem","position":2,"name":"Informaci\u00f3n y registro","item":"https:\/\/www.ccfs-sorbonne.fr\/es\/info-inscripcion\/"},{"@type":"ListItem","position":3,"name":"Inscribirse en los CCFS","item":"https:\/\/www.ccfs-sorbonne.fr\/es\/info-inscripcion\/inscribirse-en-los-ccfs\/"},{"@type":"ListItem","position":4,"name":"Documentos administrativos y jur\u00eddicos"}]},{"@type":"WebSite","@id":"https:\/\/www.ccfs-sorbonne.fr\/#website","url":"https:\/\/www.ccfs-sorbonne.fr\/","name":"CCFS Sorbonne","description":"","publisher":{"@id":"https:\/\/www.ccfs-sorbonne.fr\/#organization"},"potentialAction":[{"@type":"SearchAction","target":{"@type":"EntryPoint","urlTemplate":"https:\/\/www.ccfs-sorbonne.fr\/?s={search_term_string}"},"query-input":{"@type":"PropertyValueSpecification","valueRequired":true,"valueName":"search_term_string"}}],"inLanguage":"es"},{"@type":"Organization","@id":"https:\/\/www.ccfs-sorbonne.fr\/#organization","name":"CCFS Sorbonne","url":"https:\/\/www.ccfs-sorbonne.fr\/","logo":{"@type":"ImageObject","inLanguage":"es","@id":"https:\/\/www.ccfs-sorbonne.fr\/#\/schema\/logo\/image\/","url":"https:\/\/prep.ccfs-sorbonne.fr\/wp-content\/uploads\/2023\/11\/logo-ccfs-sorbonne.png","contentUrl":"https:\/\/prep.ccfs-sorbonne.fr\/wp-content\/uploads\/2023\/11\/logo-ccfs-sorbonne.png","width":300,"height":120,"caption":"CCFS Sorbonne"},"image":{"@id":"https:\/\/www.ccfs-sorbonne.fr\/#\/schema\/logo\/image\/"}}]}},"_links":{"self":[{"href":"https:\/\/prep.ccfs-sorbonne.fr\/es\/wp-json\/wp\/v2\/pages\/94209","targetHints":{"allow":["GET"]}}],"collection":[{"href":"https:\/\/prep.ccfs-sorbonne.fr\/es\/wp-json\/wp\/v2\/pages"}],"about":[{"href":"https:\/\/prep.ccfs-sorbonne.fr\/es\/wp-json\/wp\/v2\/types\/page"}],"author":[{"embeddable":true,"href":"https:\/\/prep.ccfs-sorbonne.fr\/es\/wp-json\/wp\/v2\/users\/8"}],"replies":[{"embeddable":true,"href":"https:\/\/prep.ccfs-sorbonne.fr\/es\/wp-json\/wp\/v2\/comments?post=94209"}],"version-history":[{"count":5,"href":"https:\/\/prep.ccfs-sorbonne.fr\/es\/wp-json\/wp\/v2\/pages\/94209\/revisions"}],"predecessor-version":[{"id":103773,"href":"https:\/\/prep.ccfs-sorbonne.fr\/es\/wp-json\/wp\/v2\/pages\/94209\/revisions\/103773"}],"up":[{"embeddable":true,"href":"https:\/\/prep.ccfs-sorbonne.fr\/es\/wp-json\/wp\/v2\/pages\/92897"}],"wp:featuredmedia":[{"embeddable":true,"href":"https:\/\/prep.ccfs-sorbonne.fr\/es\/wp-json\/wp\/v2\/media\/90406"}],"wp:attachment":[{"href":"https:\/\/prep.ccfs-sorbonne.fr\/es\/wp-json\/wp\/v2\/media?parent=94209"}],"curies":[{"name":"wp","href":"https:\/\/api.w.org\/{rel}","templated":true}]}}