{"id":94120,"date":"2023-08-24T10:29:23","date_gmt":"2023-08-24T08:29:23","guid":{"rendered":"https:\/\/prep.ccfs-sorbonne.fr\/info-inscripcion\/faq\/quels-sont-les-passages-de-diplomes-proposes-aux-ccfs\/"},"modified":"2024-06-13T08:52:03","modified_gmt":"2024-06-13T06:52:03","slug":"que-cursos-de-diploma-se-ofrecen-en-ccfs","status":"publish","type":"page","link":"https:\/\/prep.ccfs-sorbonne.fr\/es\/info-inscripcion\/faq\/que-cursos-de-diploma-se-ofrecen-en-ccfs\/","title":{"rendered":"\u00bfQu\u00e9 cursos de diploma se ofrecen en CCFS?"},"content":{"rendered":"\t\t<div data-elementor-type=\"wp-page\" data-elementor-id=\"94120\" class=\"elementor elementor-94120 elementor-82302\" data-elementor-post-type=\"page\">\n\t\t\t\t\t\t<section class=\"elementor-section elementor-top-section elementor-element elementor-element-5cf41f81 elementor-section-stretched elementor-section-boxed elementor-section-height-default elementor-section-height-default\" data-id=\"5cf41f81\" data-element_type=\"section\" data-settings=\"{&quot;stretch_section&quot;:&quot;section-stretched&quot;,&quot;background_background&quot;:&quot;classic&quot;}\">\n\t\t\t\t\t\t<div class=\"elementor-container elementor-column-gap-default\">\n\t\t\t\t\t<div class=\"elementor-column elementor-col-100 elementor-top-column elementor-element elementor-element-7ade46f2\" data-id=\"7ade46f2\" data-element_type=\"column\">\n\t\t\t<div class=\"elementor-widget-wrap elementor-element-populated\">\n\t\t\t\t\t\t<section class=\"elementor-section elementor-inner-section elementor-element elementor-element-4942b23a elementor-section-boxed elementor-section-height-default elementor-section-height-default\" data-id=\"4942b23a\" data-element_type=\"section\">\n\t\t\t\t\t\t<div class=\"elementor-container elementor-column-gap-default\">\n\t\t\t\t\t<div class=\"elementor-column elementor-col-100 elementor-inner-column elementor-element elementor-element-27535892\" data-id=\"27535892\" data-element_type=\"column\">\n\t\t\t<div class=\"elementor-widget-wrap elementor-element-populated\">\n\t\t\t\t\t\t<div class=\"elementor-element elementor-element-7a9490 elementor-widget elementor-widget-heading\" data-id=\"7a9490\" data-element_type=\"widget\" data-widget_type=\"heading.default\">\n\t\t\t\t<div class=\"elementor-widget-container\">\n\t\t\t\t\t<h1 class=\"elementor-heading-title elementor-size-default\">\u00bfQu\u00e9 cursos de diploma se ofrecen en CCFS?<\/h1>\t\t\t\t<\/div>\n\t\t\t\t<\/div>\n\t\t\t\t\t<\/div>\n\t\t<\/div>\n\t\t\t\t\t<\/div>\n\t\t<\/section>\n\t\t\t\t\t<\/div>\n\t\t<\/div>\n\t\t\t\t\t<\/div>\n\t\t<\/section>\n\t\t\t\t<section class=\"elementor-section elementor-top-section elementor-element elementor-element-3384bbac elementor-section-stretched elementor-section-boxed elementor-section-height-default elementor-section-height-default\" data-id=\"3384bbac\" data-element_type=\"section\" data-settings=\"{&quot;stretch_section&quot;:&quot;section-stretched&quot;}\">\n\t\t\t\t\t\t<div class=\"elementor-container elementor-column-gap-default\">\n\t\t\t\t\t<div class=\"elementor-column elementor-col-100 elementor-top-column elementor-element elementor-element-f1883a\" data-id=\"f1883a\" data-element_type=\"column\">\n\t\t\t<div class=\"elementor-widget-wrap elementor-element-populated\">\n\t\t\t\t\t\t<div class=\"elementor-element elementor-element-668a769b elementor-widget elementor-widget-global elementor-global-82281 elementor-widget-breadcrumbs\" data-id=\"668a769b\" data-element_type=\"widget\" data-widget_type=\"breadcrumbs.default\">\n\t\t\t\t<div class=\"elementor-widget-container\">\n\t\t\t\t\t<p id=\"breadcrumbs\"><span><span><a href=\"https:\/\/www.ccfs-sorbonne.fr\/es\/\">Inicio<\/a><\/span><\/span><\/p>\t\t\t\t<\/div>\n\t\t\t\t<\/div>\n\t\t\t\t<div class=\"elementor-element elementor-element-1ddb6910 elementor-widget elementor-widget-text-editor\" data-id=\"1ddb6910\" data-element_type=\"widget\" data-widget_type=\"text-editor.default\">\n\t\t\t\t<div class=\"elementor-widget-container\">\n\t\t\t\t\t\t\t\t\t<p>Los Cursos de Civilizaci\u00f3n Francesa de la Sorbona son un <a href=\"https:\/\/prep.ccfs-sorbonne.fr\/es\/centro-de-examenes\/\">centro de ex\u00e1menes<\/a> autorizado en Par\u00eds que permite obtener diplomas nacionales oficiales en lengua francesa.<\/p><h2>El DELF<\/h2><p>El Dipl\u00f4me d&#8217;\u00c9tudes en Langue Fran\u00e7aise o DELF certifica la competencia en franc\u00e9s de personas no franc\u00f3fonas que lo poseen.<\/p><p>Armonizado con el Marco Com\u00fan Europeo de Referencia para las Lenguas (MCER), el DELF es un diploma otorgado por el Ministerio de Educaci\u00f3n Nacional de Francia. Reconocido internacionalmente, eval\u00faa las habilidades de los candidatos en comprensi\u00f3n\/producci\u00f3n oral y escrita, as\u00ed como su capacidad para interactuar de forma oral.<\/p><p>Los Cursos de Civilizaci\u00f3n Francesa de la Sorbona ofrecen m\u00f3dulos de preparaci\u00f3n para el DELF en los niveles B1, B2 y C1. El DELF B1 se recomienda para personas que deseen obtener la nacionalidad francesa, mientras que el B2 facilita la continuaci\u00f3n de los estudios en universidades francesas y\/o franc\u00f3fonas.<\/p><h2>El DALF<\/h2><p>Los CCFS tambi\u00e9n ofrecen la posibilidad de obtener el Diploma Avanzado en Lengua Francesa (DALF), que permite a su titular demostrar su nivel avanzado de dominio del franc\u00e9s.<\/p><p>Este otro diploma oficial implica una evaluaci\u00f3n escrita y oral de los candidatos en expresi\u00f3n escrita, gram\u00e1tica, ortograf\u00eda, sintaxis y conjugaci\u00f3n.<\/p><p>Los Cursos de Civilizaci\u00f3n Francesa de la Sorbona est\u00e1n dirigidos a candidatos que deseen obtener el DALF en el nivel C1, ofreciendo una formaci\u00f3n previa para la obtenci\u00f3n del diploma. Este \u00faltimo incluye, entre otras cosas, un trabajo de s\u00edntesis a partir de documentos escritos, y las pruebas orales incluyen la presentaci\u00f3n de una exposici\u00f3n y una discusi\u00f3n con un jurado.<\/p><h2>El TCF<\/h2><p>El Test de Conocimiento de Franc\u00e9s eval\u00faa las habilidades de los candidatos en escritura, lectura y comprensi\u00f3n oral. El TCF IRN (Integraci\u00f3n, Residencia y Nacionalidad) est\u00e1 dirigido a personas mayores de 16 a\u00f1os que deseen evaluar su dominio del idioma en el contexto de un proceso de naturalizaci\u00f3n o solicitud de tarjeta de residente de larga duraci\u00f3n.<\/p><p>Los Cursos de Civilizaci\u00f3n Francesa de la Sorbona tambi\u00e9n permiten a los candidatos presentar el TCF tout public, que eval\u00faa las habilidades en lengua francesa en el \u00e1mbito profesional o personal.<\/p>\t\t\t\t\t\t\t\t<\/div>\n\t\t\t\t<\/div>\n\t\t\t\t\t<\/div>\n\t\t<\/div>\n\t\t\t\t\t<\/div>\n\t\t<\/section>\n\t\t<div class=\"elementor-element elementor-element-9326c5d e-flex e-con-boxed e-con e-parent\" data-id=\"9326c5d\" data-element_type=\"container\">\n\t\t\t\t\t<div class=\"e-con-inner\">\n\t\t\t\t<div class=\"elementor-element elementor-element-b890ed6 elementor-widget-divider--view-line elementor-widget elementor-widget-divider\" data-id=\"b890ed6\" data-element_type=\"widget\" data-widget_type=\"divider.default\">\n\t\t\t\t<div class=\"elementor-widget-container\">\n\t\t\t\t\t\t\t<div class=\"elementor-divider\">\n\t\t\t<span class=\"elementor-divider-separator\">\n\t\t\t\t\t\t<\/span>\n\t\t<\/div>\n\t\t\t\t\t\t<\/div>\n\t\t\t\t<\/div>\n\t\t\t\t<div class=\"elementor-element elementor-element-c54dd10 elementor-widget elementor-widget-shortcode\" data-id=\"c54dd10\" data-element_type=\"widget\" data-widget_type=\"shortcode.default\">\n\t\t\t\t<div class=\"elementor-widget-container\">\n\t\t\t\t\t\t\t<div class=\"elementor-shortcode\"><ul class='listing-page-soeur'><li class='bloc-page-soeur'><a class='image-soeur' style='background:url(https:\/\/prep.ccfs-sorbonne.fr\/wp-content\/uploads\/2025\/06\/CCFS-10.06.25-Benoit-Diacre-39-scaled.jpg)' href='https:\/\/prep.ccfs-sorbonne.fr\/es\/info-inscripcion\/faq\/ccfs-ofrece-cursos-de-idiomas-para-profesionales\/' title='&iquest;CCFS ofrece cursos de idiomas para profesionales?'><\/a><div class='detail-soeur'><div class='nom-page-soeur'><h2><a href='https:\/\/prep.ccfs-sorbonne.fr\/es\/info-inscripcion\/faq\/ccfs-ofrece-cursos-de-idiomas-para-profesionales\/' title='&iquest;CCFS ofrece cursos de idiomas para profesionales?'>\u00bfCCFS ofrece cursos de idiomas para profesionales?<\/a><\/h2><\/div><\/div><\/li><li class='bloc-page-soeur'><a class='image-soeur' style='background:url(https:\/\/prep.ccfs-sorbonne.fr\/wp-content\/uploads\/2025\/06\/CCFS-10.06.25-Benoit-Diacre-63-scaled.jpg)' href='https:\/\/prep.ccfs-sorbonne.fr\/es\/info-inscripcion\/faq\/que-es-la-etiqueta-fle\/' title='&iquest;Qu&eacute; es la etiqueta FLE?'><\/a><div class='detail-soeur'><div class='nom-page-soeur'><h2><a href='https:\/\/prep.ccfs-sorbonne.fr\/es\/info-inscripcion\/faq\/que-es-la-etiqueta-fle\/' title='&iquest;Qu&eacute; es la etiqueta FLE?'>\u00bfQu\u00e9 es la etiqueta FLE?<\/a><\/h2><\/div><\/div><\/li><li class='bloc-page-soeur'><a class='image-soeur' style='background:url(https:\/\/prep.ccfs-sorbonne.fr\/wp-content\/uploads\/2025\/06\/CCFS-10.06.25-Benoit-Diacre-1-1-scaled.jpg)' href='https:\/\/prep.ccfs-sorbonne.fr\/es\/info-inscripcion\/faq\/cual-es-el-contenido-de-un-curso-de-civilizacion-francesa\/' title='&iquest;Cu&aacute;l es el contenido de un curso de civilizaci&oacute;n francesa?'><\/a><div class='detail-soeur'><div class='nom-page-soeur'><h2><a href='https:\/\/prep.ccfs-sorbonne.fr\/es\/info-inscripcion\/faq\/cual-es-el-contenido-de-un-curso-de-civilizacion-francesa\/' title='&iquest;Cu&aacute;l es el contenido de un curso de civilizaci&oacute;n francesa?'>\u00bfCu\u00e1l es el contenido de un curso de civilizaci\u00f3n francesa?<\/a><\/h2><\/div><\/div><\/li><li class='bloc-page-soeur'><a class='image-soeur' style='background:url(https:\/\/prep.ccfs-sorbonne.fr\/wp-content\/uploads\/2025\/06\/CCFS-10.06.25-Benoit-Diacre-29-scaled.jpg)' href='https:\/\/prep.ccfs-sorbonne.fr\/es\/info-inscripcion\/faq\/que-niveles-de-idioma-se-ofrecen\/' title='&iquest;Qu&eacute; niveles de idioma se ofrecen?'><\/a><div class='detail-soeur'><div class='nom-page-soeur'><h2><a href='https:\/\/prep.ccfs-sorbonne.fr\/es\/info-inscripcion\/faq\/que-niveles-de-idioma-se-ofrecen\/' title='&iquest;Qu&eacute; niveles de idioma se ofrecen?'>\u00bfQu\u00e9 niveles de idioma se ofrecen?<\/a><\/h2><\/div><\/div><\/li><\/ul><\/div>\n\t\t\t\t\t\t<\/div>\n\t\t\t\t<\/div>\n\t\t\t\t\t<\/div>\n\t\t\t\t<\/div>\n\t\t\t\t<\/div>\n\t\t","protected":false},"excerpt":{"rendered":"<p>\u00bfQu\u00e9 cursos de diploma se ofrecen en CCFS? Los Cursos de Civilizaci\u00f3n Francesa de la Sorbona son un centro de ex\u00e1menes autorizado en Par\u00eds que permite obtener diplomas nacionales oficiales [&hellip;]<\/p>\n","protected":false},"author":8,"featured_media":103902,"parent":92911,"menu_order":0,"comment_status":"closed","ping_status":"closed","template":"","meta":{"_acf_changed":false,"footnotes":""},"class_list":["post-94120","page","type-page","status-publish","has-post-thumbnail","hentry"],"acf":[],"yoast_head":"<!-- This site is optimized with the Yoast SEO plugin v24.8.1 - https:\/\/yoast.com\/wordpress\/plugins\/seo\/ -->\n<title>Centro de diplomas y ex\u00e1menes en CCFS<\/title>\n<meta name=\"description\" content=\"El CCFS es un centro examinador autorizado que permite a los candidatos realizar pruebas y diplomas oficiales como DELF, DALF y TCF IRN.\" \/>\n<meta name=\"robots\" content=\"index, follow, max-snippet:-1, max-image-preview:large, max-video-preview:-1\" \/>\n<link rel=\"canonical\" href=\"https:\/\/prep.ccfs-sorbonne.fr\/es\/info-inscripcion\/faq\/que-cursos-de-diploma-se-ofrecen-en-ccfs\/\" \/>\n<meta property=\"og:locale\" content=\"es_ES\" \/>\n<meta property=\"og:type\" content=\"article\" \/>\n<meta property=\"og:title\" content=\"Centro de diplomas y ex\u00e1menes en CCFS\" \/>\n<meta property=\"og:description\" content=\"El CCFS es un centro examinador autorizado que permite a los candidatos realizar pruebas y diplomas oficiales como DELF, DALF y TCF IRN.\" \/>\n<meta property=\"og:url\" content=\"https:\/\/prep.ccfs-sorbonne.fr\/es\/info-inscripcion\/faq\/que-cursos-de-diploma-se-ofrecen-en-ccfs\/\" \/>\n<meta property=\"og:site_name\" content=\"CCFS Sorbonne\" \/>\n<meta property=\"article:modified_time\" content=\"2024-06-13T06:52:03+00:00\" \/>\n<meta name=\"twitter:card\" content=\"summary_large_image\" \/>\n<meta name=\"twitter:label1\" content=\"Tiempo de lectura\" \/>\n\t<meta name=\"twitter:data1\" content=\"2 minutos\" \/>\n<script type=\"application\/ld+json\" class=\"yoast-schema-graph\">{\"@context\":\"https:\/\/schema.org\",\"@graph\":[{\"@type\":\"WebPage\",\"@id\":\"https:\/\/prep.ccfs-sorbonne.fr\/es\/info-inscripcion\/faq\/que-cursos-de-diploma-se-ofrecen-en-ccfs\/\",\"url\":\"https:\/\/prep.ccfs-sorbonne.fr\/es\/info-inscripcion\/faq\/que-cursos-de-diploma-se-ofrecen-en-ccfs\/\",\"name\":\"Centro de diplomas y ex\u00e1menes en CCFS\",\"isPartOf\":{\"@id\":\"https:\/\/www.ccfs-sorbonne.fr\/#website\"},\"primaryImageOfPage\":{\"@id\":\"https:\/\/prep.ccfs-sorbonne.fr\/es\/info-inscripcion\/faq\/que-cursos-de-diploma-se-ofrecen-en-ccfs\/#primaryimage\"},\"image\":{\"@id\":\"https:\/\/prep.ccfs-sorbonne.fr\/es\/info-inscripcion\/faq\/que-cursos-de-diploma-se-ofrecen-en-ccfs\/#primaryimage\"},\"thumbnailUrl\":\"https:\/\/prep.ccfs-sorbonne.fr\/wp-content\/uploads\/2025\/06\/CCFS-10.06.25-Benoit-Diacre-24-scaled.jpg\",\"datePublished\":\"2023-08-24T08:29:23+00:00\",\"dateModified\":\"2024-06-13T06:52:03+00:00\",\"description\":\"El CCFS es un centro examinador autorizado que permite a los candidatos realizar pruebas y diplomas oficiales como DELF, DALF y TCF IRN.\",\"breadcrumb\":{\"@id\":\"https:\/\/prep.ccfs-sorbonne.fr\/es\/info-inscripcion\/faq\/que-cursos-de-diploma-se-ofrecen-en-ccfs\/#breadcrumb\"},\"inLanguage\":\"es\",\"potentialAction\":[{\"@type\":\"ReadAction\",\"target\":[\"https:\/\/prep.ccfs-sorbonne.fr\/es\/info-inscripcion\/faq\/que-cursos-de-diploma-se-ofrecen-en-ccfs\/\"]}]},{\"@type\":\"ImageObject\",\"inLanguage\":\"es\",\"@id\":\"https:\/\/prep.ccfs-sorbonne.fr\/es\/info-inscripcion\/faq\/que-cursos-de-diploma-se-ofrecen-en-ccfs\/#primaryimage\",\"url\":\"https:\/\/prep.ccfs-sorbonne.fr\/wp-content\/uploads\/2025\/06\/CCFS-10.06.25-Benoit-Diacre-24-scaled.jpg\",\"contentUrl\":\"https:\/\/prep.ccfs-sorbonne.fr\/wp-content\/uploads\/2025\/06\/CCFS-10.06.25-Benoit-Diacre-24-scaled.jpg\",\"width\":2560,\"height\":1706,\"caption\":\"Quels sont les passages de dipl\u00f4mes propos\u00e9s aux CCFS ?\"},{\"@type\":\"BreadcrumbList\",\"@id\":\"https:\/\/prep.ccfs-sorbonne.fr\/es\/info-inscripcion\/faq\/que-cursos-de-diploma-se-ofrecen-en-ccfs\/#breadcrumb\",\"itemListElement\":[{\"@type\":\"ListItem\",\"position\":1,\"name\":\"Inicio\",\"item\":\"https:\/\/www.ccfs-sorbonne.fr\/es\/\"},{\"@type\":\"ListItem\",\"position\":2,\"name\":\"Informaci\u00f3n y registro\",\"item\":\"https:\/\/www.ccfs-sorbonne.fr\/es\/info-inscripcion\/\"},{\"@type\":\"ListItem\",\"position\":3,\"name\":\"Preguntas frecuentes\",\"item\":\"https:\/\/www.ccfs-sorbonne.fr\/es\/info-inscripcion\/faq\/\"},{\"@type\":\"ListItem\",\"position\":4,\"name\":\"\u00bfQu\u00e9 cursos de diploma se ofrecen en CCFS?\"}]},{\"@type\":\"WebSite\",\"@id\":\"https:\/\/www.ccfs-sorbonne.fr\/#website\",\"url\":\"https:\/\/www.ccfs-sorbonne.fr\/\",\"name\":\"CCFS Sorbonne\",\"description\":\"\",\"publisher\":{\"@id\":\"https:\/\/www.ccfs-sorbonne.fr\/#organization\"},\"potentialAction\":[{\"@type\":\"SearchAction\",\"target\":{\"@type\":\"EntryPoint\",\"urlTemplate\":\"https:\/\/www.ccfs-sorbonne.fr\/?s={search_term_string}\"},\"query-input\":{\"@type\":\"PropertyValueSpecification\",\"valueRequired\":true,\"valueName\":\"search_term_string\"}}],\"inLanguage\":\"es\"},{\"@type\":\"Organization\",\"@id\":\"https:\/\/www.ccfs-sorbonne.fr\/#organization\",\"name\":\"CCFS Sorbonne\",\"url\":\"https:\/\/www.ccfs-sorbonne.fr\/\",\"logo\":{\"@type\":\"ImageObject\",\"inLanguage\":\"es\",\"@id\":\"https:\/\/www.ccfs-sorbonne.fr\/#\/schema\/logo\/image\/\",\"url\":\"https:\/\/prep.ccfs-sorbonne.fr\/wp-content\/uploads\/2023\/11\/logo-ccfs-sorbonne.png\",\"contentUrl\":\"https:\/\/prep.ccfs-sorbonne.fr\/wp-content\/uploads\/2023\/11\/logo-ccfs-sorbonne.png\",\"width\":300,\"height\":120,\"caption\":\"CCFS Sorbonne\"},\"image\":{\"@id\":\"https:\/\/www.ccfs-sorbonne.fr\/#\/schema\/logo\/image\/\"}}]}<\/script>\n<!-- \/ Yoast SEO plugin. -->","yoast_head_json":{"title":"Centro de diplomas y ex\u00e1menes en CCFS","description":"El CCFS es un centro examinador autorizado que permite a los candidatos realizar pruebas y diplomas oficiales como DELF, DALF y TCF IRN.","robots":{"index":"index","follow":"follow","max-snippet":"max-snippet:-1","max-image-preview":"max-image-preview:large","max-video-preview":"max-video-preview:-1"},"canonical":"https:\/\/prep.ccfs-sorbonne.fr\/es\/info-inscripcion\/faq\/que-cursos-de-diploma-se-ofrecen-en-ccfs\/","og_locale":"es_ES","og_type":"article","og_title":"Centro de diplomas y ex\u00e1menes en CCFS","og_description":"El CCFS es un centro examinador autorizado que permite a los candidatos realizar pruebas y diplomas oficiales como DELF, DALF y TCF IRN.","og_url":"https:\/\/prep.ccfs-sorbonne.fr\/es\/info-inscripcion\/faq\/que-cursos-de-diploma-se-ofrecen-en-ccfs\/","og_site_name":"CCFS Sorbonne","article_modified_time":"2024-06-13T06:52:03+00:00","twitter_card":"summary_large_image","twitter_misc":{"Tiempo de lectura":"2 minutos"},"schema":{"@context":"https:\/\/schema.org","@graph":[{"@type":"WebPage","@id":"https:\/\/prep.ccfs-sorbonne.fr\/es\/info-inscripcion\/faq\/que-cursos-de-diploma-se-ofrecen-en-ccfs\/","url":"https:\/\/prep.ccfs-sorbonne.fr\/es\/info-inscripcion\/faq\/que-cursos-de-diploma-se-ofrecen-en-ccfs\/","name":"Centro de diplomas y ex\u00e1menes en CCFS","isPartOf":{"@id":"https:\/\/www.ccfs-sorbonne.fr\/#website"},"primaryImageOfPage":{"@id":"https:\/\/prep.ccfs-sorbonne.fr\/es\/info-inscripcion\/faq\/que-cursos-de-diploma-se-ofrecen-en-ccfs\/#primaryimage"},"image":{"@id":"https:\/\/prep.ccfs-sorbonne.fr\/es\/info-inscripcion\/faq\/que-cursos-de-diploma-se-ofrecen-en-ccfs\/#primaryimage"},"thumbnailUrl":"https:\/\/prep.ccfs-sorbonne.fr\/wp-content\/uploads\/2025\/06\/CCFS-10.06.25-Benoit-Diacre-24-scaled.jpg","datePublished":"2023-08-24T08:29:23+00:00","dateModified":"2024-06-13T06:52:03+00:00","description":"El CCFS es un centro examinador autorizado que permite a los candidatos realizar pruebas y diplomas oficiales como DELF, DALF y TCF IRN.","breadcrumb":{"@id":"https:\/\/prep.ccfs-sorbonne.fr\/es\/info-inscripcion\/faq\/que-cursos-de-diploma-se-ofrecen-en-ccfs\/#breadcrumb"},"inLanguage":"es","potentialAction":[{"@type":"ReadAction","target":["https:\/\/prep.ccfs-sorbonne.fr\/es\/info-inscripcion\/faq\/que-cursos-de-diploma-se-ofrecen-en-ccfs\/"]}]},{"@type":"ImageObject","inLanguage":"es","@id":"https:\/\/prep.ccfs-sorbonne.fr\/es\/info-inscripcion\/faq\/que-cursos-de-diploma-se-ofrecen-en-ccfs\/#primaryimage","url":"https:\/\/prep.ccfs-sorbonne.fr\/wp-content\/uploads\/2025\/06\/CCFS-10.06.25-Benoit-Diacre-24-scaled.jpg","contentUrl":"https:\/\/prep.ccfs-sorbonne.fr\/wp-content\/uploads\/2025\/06\/CCFS-10.06.25-Benoit-Diacre-24-scaled.jpg","width":2560,"height":1706,"caption":"Quels sont les passages de dipl\u00f4mes propos\u00e9s aux CCFS ?"},{"@type":"BreadcrumbList","@id":"https:\/\/prep.ccfs-sorbonne.fr\/es\/info-inscripcion\/faq\/que-cursos-de-diploma-se-ofrecen-en-ccfs\/#breadcrumb","itemListElement":[{"@type":"ListItem","position":1,"name":"Inicio","item":"https:\/\/www.ccfs-sorbonne.fr\/es\/"},{"@type":"ListItem","position":2,"name":"Informaci\u00f3n y registro","item":"https:\/\/www.ccfs-sorbonne.fr\/es\/info-inscripcion\/"},{"@type":"ListItem","position":3,"name":"Preguntas frecuentes","item":"https:\/\/www.ccfs-sorbonne.fr\/es\/info-inscripcion\/faq\/"},{"@type":"ListItem","position":4,"name":"\u00bfQu\u00e9 cursos de diploma se ofrecen en CCFS?"}]},{"@type":"WebSite","@id":"https:\/\/www.ccfs-sorbonne.fr\/#website","url":"https:\/\/www.ccfs-sorbonne.fr\/","name":"CCFS Sorbonne","description":"","publisher":{"@id":"https:\/\/www.ccfs-sorbonne.fr\/#organization"},"potentialAction":[{"@type":"SearchAction","target":{"@type":"EntryPoint","urlTemplate":"https:\/\/www.ccfs-sorbonne.fr\/?s={search_term_string}"},"query-input":{"@type":"PropertyValueSpecification","valueRequired":true,"valueName":"search_term_string"}}],"inLanguage":"es"},{"@type":"Organization","@id":"https:\/\/www.ccfs-sorbonne.fr\/#organization","name":"CCFS Sorbonne","url":"https:\/\/www.ccfs-sorbonne.fr\/","logo":{"@type":"ImageObject","inLanguage":"es","@id":"https:\/\/www.ccfs-sorbonne.fr\/#\/schema\/logo\/image\/","url":"https:\/\/prep.ccfs-sorbonne.fr\/wp-content\/uploads\/2023\/11\/logo-ccfs-sorbonne.png","contentUrl":"https:\/\/prep.ccfs-sorbonne.fr\/wp-content\/uploads\/2023\/11\/logo-ccfs-sorbonne.png","width":300,"height":120,"caption":"CCFS Sorbonne"},"image":{"@id":"https:\/\/www.ccfs-sorbonne.fr\/#\/schema\/logo\/image\/"}}]}},"_links":{"self":[{"href":"https:\/\/prep.ccfs-sorbonne.fr\/es\/wp-json\/wp\/v2\/pages\/94120","targetHints":{"allow":["GET"]}}],"collection":[{"href":"https:\/\/prep.ccfs-sorbonne.fr\/es\/wp-json\/wp\/v2\/pages"}],"about":[{"href":"https:\/\/prep.ccfs-sorbonne.fr\/es\/wp-json\/wp\/v2\/types\/page"}],"author":[{"embeddable":true,"href":"https:\/\/prep.ccfs-sorbonne.fr\/es\/wp-json\/wp\/v2\/users\/8"}],"replies":[{"embeddable":true,"href":"https:\/\/prep.ccfs-sorbonne.fr\/es\/wp-json\/wp\/v2\/comments?post=94120"}],"version-history":[{"count":5,"href":"https:\/\/prep.ccfs-sorbonne.fr\/es\/wp-json\/wp\/v2\/pages\/94120\/revisions"}],"predecessor-version":[{"id":96465,"href":"https:\/\/prep.ccfs-sorbonne.fr\/es\/wp-json\/wp\/v2\/pages\/94120\/revisions\/96465"}],"up":[{"embeddable":true,"href":"https:\/\/prep.ccfs-sorbonne.fr\/es\/wp-json\/wp\/v2\/pages\/92911"}],"wp:featuredmedia":[{"embeddable":true,"href":"https:\/\/prep.ccfs-sorbonne.fr\/es\/wp-json\/wp\/v2\/media\/103902"}],"wp:attachment":[{"href":"https:\/\/prep.ccfs-sorbonne.fr\/es\/wp-json\/wp\/v2\/media?parent=94120"}],"curies":[{"name":"wp","href":"https:\/\/api.w.org\/{rel}","templated":true}]}}