{"id":94119,"date":"2023-08-24T10:23:32","date_gmt":"2023-08-24T08:23:32","guid":{"rendered":"https:\/\/prep.ccfs-sorbonne.fr\/info-inscripcion\/faq\/quels-sont-les-niveaux-de-langue-proposes\/"},"modified":"2024-06-13T08:52:32","modified_gmt":"2024-06-13T06:52:32","slug":"que-niveles-de-idioma-se-ofrecen","status":"publish","type":"page","link":"https:\/\/prep.ccfs-sorbonne.fr\/es\/info-inscripcion\/faq\/que-niveles-de-idioma-se-ofrecen\/","title":{"rendered":"\u00bfQu\u00e9 niveles de idioma se ofrecen?"},"content":{"rendered":"\t\t<div data-elementor-type=\"wp-page\" data-elementor-id=\"94119\" class=\"elementor elementor-94119 elementor-82290\" data-elementor-post-type=\"page\">\n\t\t\t\t\t\t<section class=\"elementor-section elementor-top-section elementor-element elementor-element-653d41d4 elementor-section-stretched elementor-section-boxed elementor-section-height-default elementor-section-height-default\" data-id=\"653d41d4\" data-element_type=\"section\" data-settings=\"{&quot;stretch_section&quot;:&quot;section-stretched&quot;,&quot;background_background&quot;:&quot;classic&quot;}\">\n\t\t\t\t\t\t<div class=\"elementor-container elementor-column-gap-default\">\n\t\t\t\t\t<div class=\"elementor-column elementor-col-100 elementor-top-column elementor-element elementor-element-68a0c71d\" data-id=\"68a0c71d\" data-element_type=\"column\">\n\t\t\t<div class=\"elementor-widget-wrap elementor-element-populated\">\n\t\t\t\t\t\t<section class=\"elementor-section elementor-inner-section elementor-element elementor-element-2ee5c2de elementor-section-boxed elementor-section-height-default elementor-section-height-default\" data-id=\"2ee5c2de\" data-element_type=\"section\">\n\t\t\t\t\t\t<div class=\"elementor-container elementor-column-gap-default\">\n\t\t\t\t\t<div class=\"elementor-column elementor-col-100 elementor-inner-column elementor-element elementor-element-587aeb8a\" data-id=\"587aeb8a\" data-element_type=\"column\">\n\t\t\t<div class=\"elementor-widget-wrap elementor-element-populated\">\n\t\t\t\t\t\t<div class=\"elementor-element elementor-element-23eca9ba elementor-widget elementor-widget-heading\" data-id=\"23eca9ba\" data-element_type=\"widget\" data-widget_type=\"heading.default\">\n\t\t\t\t<div class=\"elementor-widget-container\">\n\t\t\t\t\t<h1 class=\"elementor-heading-title elementor-size-default\">\u00bfQu\u00e9 niveles de idioma se ofrecen?<\/h1>\t\t\t\t<\/div>\n\t\t\t\t<\/div>\n\t\t\t\t\t<\/div>\n\t\t<\/div>\n\t\t\t\t\t<\/div>\n\t\t<\/section>\n\t\t\t\t\t<\/div>\n\t\t<\/div>\n\t\t\t\t\t<\/div>\n\t\t<\/section>\n\t\t\t\t<section class=\"elementor-section elementor-top-section elementor-element elementor-element-63d4648f elementor-section-stretched elementor-section-boxed elementor-section-height-default elementor-section-height-default\" data-id=\"63d4648f\" data-element_type=\"section\" data-settings=\"{&quot;stretch_section&quot;:&quot;section-stretched&quot;}\">\n\t\t\t\t\t\t<div class=\"elementor-container elementor-column-gap-default\">\n\t\t\t\t\t<div class=\"elementor-column elementor-col-100 elementor-top-column elementor-element elementor-element-5327c756\" data-id=\"5327c756\" data-element_type=\"column\">\n\t\t\t<div class=\"elementor-widget-wrap elementor-element-populated\">\n\t\t\t\t\t\t<div class=\"elementor-element elementor-element-2434f02f elementor-widget elementor-widget-global elementor-global-82281 elementor-widget-breadcrumbs\" data-id=\"2434f02f\" data-element_type=\"widget\" data-widget_type=\"breadcrumbs.default\">\n\t\t\t\t<div class=\"elementor-widget-container\">\n\t\t\t\t\t<p id=\"breadcrumbs\"><span><span><a href=\"https:\/\/www.ccfs-sorbonne.fr\/es\/\">Inicio<\/a><\/span><\/span><\/p>\t\t\t\t<\/div>\n\t\t\t\t<\/div>\n\t\t\t\t<div class=\"elementor-element elementor-element-6370baa6 elementor-widget elementor-widget-text-editor\" data-id=\"6370baa6\" data-element_type=\"widget\" data-widget_type=\"text-editor.default\">\n\t\t\t\t<div class=\"elementor-widget-container\">\n\t\t\t\t\t\t\t\t\t<p>Para cumplir con su misi\u00f3n de manera \u00f3ptima, una escuela de idiomas debe ser adaptable: los cursos de civilizaci\u00f3n francesa de la Sorbona satisfacen las necesidades de todos los estudiantes internacionales, independientemente de su nivel de franc\u00e9s.<\/p><p>CCFS ofrece cursos de franc\u00e9s para principiantes y avanzados, y los estudiantes inscritos se colocan en una clase adecuada mediante eficientes pruebas de nivel.<\/p><p>Los cursos de verano ofrecidos por nuestra instituci\u00f3n incluyen ense\u00f1anzas de franc\u00e9s general, franc\u00e9s intensivo y franc\u00e9s de negocios.<\/p><p>Estos cursos de franc\u00e9s general (12,5 horas por semana) y franc\u00e9s intensivo (25 horas por semana) pueden durar uno o tres meses (junio, julio y agosto), seg\u00fan los objetivos de los estudiantes. El aprendizaje de franc\u00e9s de negocios durante el verano se lleva a cabo durante un mes a elecci\u00f3n.<\/p><p>Para satisfacer las necesidades y objetivos de cada estudiante que desee dominar el franc\u00e9s, los Cursos de Civilizaci\u00f3n Francesa de la Sorbona tambi\u00e9n ofrecen cursos de franc\u00e9s universitario. Esta ense\u00f1anza est\u00e1 dirigida especialmente a estudiantes internacionales que deseen aprender franc\u00e9s a nivel acad\u00e9mico para continuar con su educaci\u00f3n superior.<\/p><p>As\u00ed, gracias al curso de preparaci\u00f3n para el m\u00e1ster, los estudiantes de CCFS tienen la oportunidad de perfeccionar su dominio del franc\u00e9s tanto en escritura como en habla, al tiempo que reciben clases de metodolog\u00eda universitaria.<\/p><p>En resumen, la oferta ling\u00fc\u00edstica de los Cursos de Civilizaci\u00f3n Francesa de la Sorbona est\u00e1 dirigida a todos los niveles, desde principiantes hasta avanzados. Adem\u00e1s, ense\u00f1anzas espec\u00edficas como el franc\u00e9s de negocios o el franc\u00e9s.<\/p>\t\t\t\t\t\t\t\t<\/div>\n\t\t\t\t<\/div>\n\t\t\t\t\t<\/div>\n\t\t<\/div>\n\t\t\t\t\t<\/div>\n\t\t<\/section>\n\t\t<div class=\"elementor-element elementor-element-d836507 e-flex e-con-boxed e-con e-parent\" data-id=\"d836507\" data-element_type=\"container\">\n\t\t\t\t\t<div class=\"e-con-inner\">\n\t\t\t\t<div class=\"elementor-element elementor-element-b6249cf elementor-widget-divider--view-line elementor-widget elementor-widget-divider\" data-id=\"b6249cf\" data-element_type=\"widget\" data-widget_type=\"divider.default\">\n\t\t\t\t<div class=\"elementor-widget-container\">\n\t\t\t\t\t\t\t<div class=\"elementor-divider\">\n\t\t\t<span class=\"elementor-divider-separator\">\n\t\t\t\t\t\t<\/span>\n\t\t<\/div>\n\t\t\t\t\t\t<\/div>\n\t\t\t\t<\/div>\n\t\t\t\t<div class=\"elementor-element elementor-element-4c826a4 elementor-widget elementor-widget-shortcode\" data-id=\"4c826a4\" data-element_type=\"widget\" data-widget_type=\"shortcode.default\">\n\t\t\t\t<div class=\"elementor-widget-container\">\n\t\t\t\t\t\t\t<div class=\"elementor-shortcode\"><ul class='listing-page-soeur'><li class='bloc-page-soeur'><a class='image-soeur' style='background:url(https:\/\/prep.ccfs-sorbonne.fr\/wp-content\/uploads\/2025\/06\/CCFS-10.06.25-Benoit-Diacre-39-scaled.jpg)' href='https:\/\/prep.ccfs-sorbonne.fr\/es\/info-inscripcion\/faq\/ccfs-ofrece-cursos-de-idiomas-para-profesionales\/' title='&iquest;CCFS ofrece cursos de idiomas para profesionales?'><\/a><div class='detail-soeur'><div class='nom-page-soeur'><h2><a href='https:\/\/prep.ccfs-sorbonne.fr\/es\/info-inscripcion\/faq\/ccfs-ofrece-cursos-de-idiomas-para-profesionales\/' title='&iquest;CCFS ofrece cursos de idiomas para profesionales?'>\u00bfCCFS ofrece cursos de idiomas para profesionales?<\/a><\/h2><\/div><\/div><\/li><li class='bloc-page-soeur'><a class='image-soeur' style='background:url(https:\/\/prep.ccfs-sorbonne.fr\/wp-content\/uploads\/2025\/06\/CCFS-10.06.25-Benoit-Diacre-63-scaled.jpg)' href='https:\/\/prep.ccfs-sorbonne.fr\/es\/info-inscripcion\/faq\/que-es-la-etiqueta-fle\/' title='&iquest;Qu&eacute; es la etiqueta FLE?'><\/a><div class='detail-soeur'><div class='nom-page-soeur'><h2><a href='https:\/\/prep.ccfs-sorbonne.fr\/es\/info-inscripcion\/faq\/que-es-la-etiqueta-fle\/' title='&iquest;Qu&eacute; es la etiqueta FLE?'>\u00bfQu\u00e9 es la etiqueta FLE?<\/a><\/h2><\/div><\/div><\/li><li class='bloc-page-soeur'><a class='image-soeur' style='background:url(https:\/\/prep.ccfs-sorbonne.fr\/wp-content\/uploads\/2025\/06\/CCFS-10.06.25-Benoit-Diacre-1-1-scaled.jpg)' href='https:\/\/prep.ccfs-sorbonne.fr\/es\/info-inscripcion\/faq\/cual-es-el-contenido-de-un-curso-de-civilizacion-francesa\/' title='&iquest;Cu&aacute;l es el contenido de un curso de civilizaci&oacute;n francesa?'><\/a><div class='detail-soeur'><div class='nom-page-soeur'><h2><a href='https:\/\/prep.ccfs-sorbonne.fr\/es\/info-inscripcion\/faq\/cual-es-el-contenido-de-un-curso-de-civilizacion-francesa\/' title='&iquest;Cu&aacute;l es el contenido de un curso de civilizaci&oacute;n francesa?'>\u00bfCu\u00e1l es el contenido de un curso de civilizaci\u00f3n francesa?<\/a><\/h2><\/div><\/div><\/li><li class='bloc-page-soeur'><a class='image-soeur' style='background:url(https:\/\/prep.ccfs-sorbonne.fr\/wp-content\/uploads\/2025\/06\/CCFS-10.06.25-Benoit-Diacre-24-scaled.jpg)' href='https:\/\/prep.ccfs-sorbonne.fr\/es\/info-inscripcion\/faq\/que-cursos-de-diploma-se-ofrecen-en-ccfs\/' title='&iquest;Qu&eacute; cursos de diploma se ofrecen en CCFS?'><\/a><div class='detail-soeur'><div class='nom-page-soeur'><h2><a href='https:\/\/prep.ccfs-sorbonne.fr\/es\/info-inscripcion\/faq\/que-cursos-de-diploma-se-ofrecen-en-ccfs\/' title='&iquest;Qu&eacute; cursos de diploma se ofrecen en CCFS?'>\u00bfQu\u00e9 cursos de diploma se ofrecen en CCFS?<\/a><\/h2><\/div><\/div><\/li><\/ul><\/div>\n\t\t\t\t\t\t<\/div>\n\t\t\t\t<\/div>\n\t\t\t\t\t<\/div>\n\t\t\t\t<\/div>\n\t\t\t\t<\/div>\n\t\t","protected":false},"excerpt":{"rendered":"<p>\u00bfQu\u00e9 niveles de idioma se ofrecen? Para cumplir con su misi\u00f3n de manera \u00f3ptima, una escuela de idiomas debe ser adaptable: los cursos de civilizaci\u00f3n francesa de la Sorbona satisfacen [&hellip;]<\/p>\n","protected":false},"author":8,"featured_media":103897,"parent":92911,"menu_order":0,"comment_status":"closed","ping_status":"closed","template":"","meta":{"_acf_changed":false,"footnotes":""},"class_list":["post-94119","page","type-page","status-publish","has-post-thumbnail","hentry"],"acf":[],"yoast_head":"<!-- This site is optimized with the Yoast SEO plugin v24.8.1 - https:\/\/yoast.com\/wordpress\/plugins\/seo\/ -->\n<title>CCFS, aprender franc\u00e9s para principiantes y experimentados<\/title>\n<meta name=\"description\" content=\"Los cursos de civilizaci\u00f3n francesa en la Sorbona est\u00e1n dirigidos tanto a principiantes como a estudiantes experimentados, cada uno de los cuales tiene la oportunidad de profundizar su dominio del franc\u00e9s seg\u00fan sus objetivos.\" \/>\n<meta name=\"robots\" content=\"index, follow, max-snippet:-1, max-image-preview:large, max-video-preview:-1\" \/>\n<link rel=\"canonical\" href=\"https:\/\/prep.ccfs-sorbonne.fr\/es\/info-inscripcion\/faq\/que-niveles-de-idioma-se-ofrecen\/\" \/>\n<meta property=\"og:locale\" content=\"es_ES\" \/>\n<meta property=\"og:type\" content=\"article\" \/>\n<meta property=\"og:title\" content=\"CCFS, aprender franc\u00e9s para principiantes y experimentados\" \/>\n<meta property=\"og:description\" content=\"Los cursos de civilizaci\u00f3n francesa en la Sorbona est\u00e1n dirigidos tanto a principiantes como a estudiantes experimentados, cada uno de los cuales tiene la oportunidad de profundizar su dominio del franc\u00e9s seg\u00fan sus objetivos.\" \/>\n<meta property=\"og:url\" content=\"https:\/\/prep.ccfs-sorbonne.fr\/es\/info-inscripcion\/faq\/que-niveles-de-idioma-se-ofrecen\/\" \/>\n<meta property=\"og:site_name\" content=\"CCFS Sorbonne\" \/>\n<meta property=\"article:modified_time\" content=\"2024-06-13T06:52:32+00:00\" \/>\n<meta name=\"twitter:card\" content=\"summary_large_image\" \/>\n<meta name=\"twitter:label1\" content=\"Tiempo de lectura\" \/>\n\t<meta name=\"twitter:data1\" content=\"2 minutos\" \/>\n<script type=\"application\/ld+json\" class=\"yoast-schema-graph\">{\"@context\":\"https:\/\/schema.org\",\"@graph\":[{\"@type\":\"WebPage\",\"@id\":\"https:\/\/prep.ccfs-sorbonne.fr\/es\/info-inscripcion\/faq\/que-niveles-de-idioma-se-ofrecen\/\",\"url\":\"https:\/\/prep.ccfs-sorbonne.fr\/es\/info-inscripcion\/faq\/que-niveles-de-idioma-se-ofrecen\/\",\"name\":\"CCFS, aprender franc\u00e9s para principiantes y experimentados\",\"isPartOf\":{\"@id\":\"https:\/\/www.ccfs-sorbonne.fr\/#website\"},\"primaryImageOfPage\":{\"@id\":\"https:\/\/prep.ccfs-sorbonne.fr\/es\/info-inscripcion\/faq\/que-niveles-de-idioma-se-ofrecen\/#primaryimage\"},\"image\":{\"@id\":\"https:\/\/prep.ccfs-sorbonne.fr\/es\/info-inscripcion\/faq\/que-niveles-de-idioma-se-ofrecen\/#primaryimage\"},\"thumbnailUrl\":\"https:\/\/prep.ccfs-sorbonne.fr\/wp-content\/uploads\/2025\/06\/CCFS-10.06.25-Benoit-Diacre-29-scaled.jpg\",\"datePublished\":\"2023-08-24T08:23:32+00:00\",\"dateModified\":\"2024-06-13T06:52:32+00:00\",\"description\":\"Los cursos de civilizaci\u00f3n francesa en la Sorbona est\u00e1n dirigidos tanto a principiantes como a estudiantes experimentados, cada uno de los cuales tiene la oportunidad de profundizar su dominio del franc\u00e9s seg\u00fan sus objetivos.\",\"breadcrumb\":{\"@id\":\"https:\/\/prep.ccfs-sorbonne.fr\/es\/info-inscripcion\/faq\/que-niveles-de-idioma-se-ofrecen\/#breadcrumb\"},\"inLanguage\":\"es\",\"potentialAction\":[{\"@type\":\"ReadAction\",\"target\":[\"https:\/\/prep.ccfs-sorbonne.fr\/es\/info-inscripcion\/faq\/que-niveles-de-idioma-se-ofrecen\/\"]}]},{\"@type\":\"ImageObject\",\"inLanguage\":\"es\",\"@id\":\"https:\/\/prep.ccfs-sorbonne.fr\/es\/info-inscripcion\/faq\/que-niveles-de-idioma-se-ofrecen\/#primaryimage\",\"url\":\"https:\/\/prep.ccfs-sorbonne.fr\/wp-content\/uploads\/2025\/06\/CCFS-10.06.25-Benoit-Diacre-29-scaled.jpg\",\"contentUrl\":\"https:\/\/prep.ccfs-sorbonne.fr\/wp-content\/uploads\/2025\/06\/CCFS-10.06.25-Benoit-Diacre-29-scaled.jpg\",\"width\":2560,\"height\":1706,\"caption\":\"Quels sont les niveaux de langue propos\u00e9s ?\"},{\"@type\":\"BreadcrumbList\",\"@id\":\"https:\/\/prep.ccfs-sorbonne.fr\/es\/info-inscripcion\/faq\/que-niveles-de-idioma-se-ofrecen\/#breadcrumb\",\"itemListElement\":[{\"@type\":\"ListItem\",\"position\":1,\"name\":\"Inicio\",\"item\":\"https:\/\/www.ccfs-sorbonne.fr\/es\/\"},{\"@type\":\"ListItem\",\"position\":2,\"name\":\"Informaci\u00f3n y registro\",\"item\":\"https:\/\/www.ccfs-sorbonne.fr\/es\/info-inscripcion\/\"},{\"@type\":\"ListItem\",\"position\":3,\"name\":\"Preguntas frecuentes\",\"item\":\"https:\/\/www.ccfs-sorbonne.fr\/es\/info-inscripcion\/faq\/\"},{\"@type\":\"ListItem\",\"position\":4,\"name\":\"\u00bfQu\u00e9 niveles de idioma se ofrecen?\"}]},{\"@type\":\"WebSite\",\"@id\":\"https:\/\/www.ccfs-sorbonne.fr\/#website\",\"url\":\"https:\/\/www.ccfs-sorbonne.fr\/\",\"name\":\"CCFS Sorbonne\",\"description\":\"\",\"publisher\":{\"@id\":\"https:\/\/www.ccfs-sorbonne.fr\/#organization\"},\"potentialAction\":[{\"@type\":\"SearchAction\",\"target\":{\"@type\":\"EntryPoint\",\"urlTemplate\":\"https:\/\/www.ccfs-sorbonne.fr\/?s={search_term_string}\"},\"query-input\":{\"@type\":\"PropertyValueSpecification\",\"valueRequired\":true,\"valueName\":\"search_term_string\"}}],\"inLanguage\":\"es\"},{\"@type\":\"Organization\",\"@id\":\"https:\/\/www.ccfs-sorbonne.fr\/#organization\",\"name\":\"CCFS Sorbonne\",\"url\":\"https:\/\/www.ccfs-sorbonne.fr\/\",\"logo\":{\"@type\":\"ImageObject\",\"inLanguage\":\"es\",\"@id\":\"https:\/\/www.ccfs-sorbonne.fr\/#\/schema\/logo\/image\/\",\"url\":\"https:\/\/prep.ccfs-sorbonne.fr\/wp-content\/uploads\/2023\/11\/logo-ccfs-sorbonne.png\",\"contentUrl\":\"https:\/\/prep.ccfs-sorbonne.fr\/wp-content\/uploads\/2023\/11\/logo-ccfs-sorbonne.png\",\"width\":300,\"height\":120,\"caption\":\"CCFS Sorbonne\"},\"image\":{\"@id\":\"https:\/\/www.ccfs-sorbonne.fr\/#\/schema\/logo\/image\/\"}}]}<\/script>\n<!-- \/ Yoast SEO plugin. -->","yoast_head_json":{"title":"CCFS, aprender franc\u00e9s para principiantes y experimentados","description":"Los cursos de civilizaci\u00f3n francesa en la Sorbona est\u00e1n dirigidos tanto a principiantes como a estudiantes experimentados, cada uno de los cuales tiene la oportunidad de profundizar su dominio del franc\u00e9s seg\u00fan sus objetivos.","robots":{"index":"index","follow":"follow","max-snippet":"max-snippet:-1","max-image-preview":"max-image-preview:large","max-video-preview":"max-video-preview:-1"},"canonical":"https:\/\/prep.ccfs-sorbonne.fr\/es\/info-inscripcion\/faq\/que-niveles-de-idioma-se-ofrecen\/","og_locale":"es_ES","og_type":"article","og_title":"CCFS, aprender franc\u00e9s para principiantes y experimentados","og_description":"Los cursos de civilizaci\u00f3n francesa en la Sorbona est\u00e1n dirigidos tanto a principiantes como a estudiantes experimentados, cada uno de los cuales tiene la oportunidad de profundizar su dominio del franc\u00e9s seg\u00fan sus objetivos.","og_url":"https:\/\/prep.ccfs-sorbonne.fr\/es\/info-inscripcion\/faq\/que-niveles-de-idioma-se-ofrecen\/","og_site_name":"CCFS Sorbonne","article_modified_time":"2024-06-13T06:52:32+00:00","twitter_card":"summary_large_image","twitter_misc":{"Tiempo de lectura":"2 minutos"},"schema":{"@context":"https:\/\/schema.org","@graph":[{"@type":"WebPage","@id":"https:\/\/prep.ccfs-sorbonne.fr\/es\/info-inscripcion\/faq\/que-niveles-de-idioma-se-ofrecen\/","url":"https:\/\/prep.ccfs-sorbonne.fr\/es\/info-inscripcion\/faq\/que-niveles-de-idioma-se-ofrecen\/","name":"CCFS, aprender franc\u00e9s para principiantes y experimentados","isPartOf":{"@id":"https:\/\/www.ccfs-sorbonne.fr\/#website"},"primaryImageOfPage":{"@id":"https:\/\/prep.ccfs-sorbonne.fr\/es\/info-inscripcion\/faq\/que-niveles-de-idioma-se-ofrecen\/#primaryimage"},"image":{"@id":"https:\/\/prep.ccfs-sorbonne.fr\/es\/info-inscripcion\/faq\/que-niveles-de-idioma-se-ofrecen\/#primaryimage"},"thumbnailUrl":"https:\/\/prep.ccfs-sorbonne.fr\/wp-content\/uploads\/2025\/06\/CCFS-10.06.25-Benoit-Diacre-29-scaled.jpg","datePublished":"2023-08-24T08:23:32+00:00","dateModified":"2024-06-13T06:52:32+00:00","description":"Los cursos de civilizaci\u00f3n francesa en la Sorbona est\u00e1n dirigidos tanto a principiantes como a estudiantes experimentados, cada uno de los cuales tiene la oportunidad de profundizar su dominio del franc\u00e9s seg\u00fan sus objetivos.","breadcrumb":{"@id":"https:\/\/prep.ccfs-sorbonne.fr\/es\/info-inscripcion\/faq\/que-niveles-de-idioma-se-ofrecen\/#breadcrumb"},"inLanguage":"es","potentialAction":[{"@type":"ReadAction","target":["https:\/\/prep.ccfs-sorbonne.fr\/es\/info-inscripcion\/faq\/que-niveles-de-idioma-se-ofrecen\/"]}]},{"@type":"ImageObject","inLanguage":"es","@id":"https:\/\/prep.ccfs-sorbonne.fr\/es\/info-inscripcion\/faq\/que-niveles-de-idioma-se-ofrecen\/#primaryimage","url":"https:\/\/prep.ccfs-sorbonne.fr\/wp-content\/uploads\/2025\/06\/CCFS-10.06.25-Benoit-Diacre-29-scaled.jpg","contentUrl":"https:\/\/prep.ccfs-sorbonne.fr\/wp-content\/uploads\/2025\/06\/CCFS-10.06.25-Benoit-Diacre-29-scaled.jpg","width":2560,"height":1706,"caption":"Quels sont les niveaux de langue propos\u00e9s ?"},{"@type":"BreadcrumbList","@id":"https:\/\/prep.ccfs-sorbonne.fr\/es\/info-inscripcion\/faq\/que-niveles-de-idioma-se-ofrecen\/#breadcrumb","itemListElement":[{"@type":"ListItem","position":1,"name":"Inicio","item":"https:\/\/www.ccfs-sorbonne.fr\/es\/"},{"@type":"ListItem","position":2,"name":"Informaci\u00f3n y registro","item":"https:\/\/www.ccfs-sorbonne.fr\/es\/info-inscripcion\/"},{"@type":"ListItem","position":3,"name":"Preguntas frecuentes","item":"https:\/\/www.ccfs-sorbonne.fr\/es\/info-inscripcion\/faq\/"},{"@type":"ListItem","position":4,"name":"\u00bfQu\u00e9 niveles de idioma se ofrecen?"}]},{"@type":"WebSite","@id":"https:\/\/www.ccfs-sorbonne.fr\/#website","url":"https:\/\/www.ccfs-sorbonne.fr\/","name":"CCFS Sorbonne","description":"","publisher":{"@id":"https:\/\/www.ccfs-sorbonne.fr\/#organization"},"potentialAction":[{"@type":"SearchAction","target":{"@type":"EntryPoint","urlTemplate":"https:\/\/www.ccfs-sorbonne.fr\/?s={search_term_string}"},"query-input":{"@type":"PropertyValueSpecification","valueRequired":true,"valueName":"search_term_string"}}],"inLanguage":"es"},{"@type":"Organization","@id":"https:\/\/www.ccfs-sorbonne.fr\/#organization","name":"CCFS Sorbonne","url":"https:\/\/www.ccfs-sorbonne.fr\/","logo":{"@type":"ImageObject","inLanguage":"es","@id":"https:\/\/www.ccfs-sorbonne.fr\/#\/schema\/logo\/image\/","url":"https:\/\/prep.ccfs-sorbonne.fr\/wp-content\/uploads\/2023\/11\/logo-ccfs-sorbonne.png","contentUrl":"https:\/\/prep.ccfs-sorbonne.fr\/wp-content\/uploads\/2023\/11\/logo-ccfs-sorbonne.png","width":300,"height":120,"caption":"CCFS Sorbonne"},"image":{"@id":"https:\/\/www.ccfs-sorbonne.fr\/#\/schema\/logo\/image\/"}}]}},"_links":{"self":[{"href":"https:\/\/prep.ccfs-sorbonne.fr\/es\/wp-json\/wp\/v2\/pages\/94119","targetHints":{"allow":["GET"]}}],"collection":[{"href":"https:\/\/prep.ccfs-sorbonne.fr\/es\/wp-json\/wp\/v2\/pages"}],"about":[{"href":"https:\/\/prep.ccfs-sorbonne.fr\/es\/wp-json\/wp\/v2\/types\/page"}],"author":[{"embeddable":true,"href":"https:\/\/prep.ccfs-sorbonne.fr\/es\/wp-json\/wp\/v2\/users\/8"}],"replies":[{"embeddable":true,"href":"https:\/\/prep.ccfs-sorbonne.fr\/es\/wp-json\/wp\/v2\/comments?post=94119"}],"version-history":[{"count":5,"href":"https:\/\/prep.ccfs-sorbonne.fr\/es\/wp-json\/wp\/v2\/pages\/94119\/revisions"}],"predecessor-version":[{"id":96471,"href":"https:\/\/prep.ccfs-sorbonne.fr\/es\/wp-json\/wp\/v2\/pages\/94119\/revisions\/96471"}],"up":[{"embeddable":true,"href":"https:\/\/prep.ccfs-sorbonne.fr\/es\/wp-json\/wp\/v2\/pages\/92911"}],"wp:featuredmedia":[{"embeddable":true,"href":"https:\/\/prep.ccfs-sorbonne.fr\/es\/wp-json\/wp\/v2\/media\/103897"}],"wp:attachment":[{"href":"https:\/\/prep.ccfs-sorbonne.fr\/es\/wp-json\/wp\/v2\/media?parent=94119"}],"curies":[{"name":"wp","href":"https:\/\/api.w.org\/{rel}","templated":true}]}}