{"id":94118,"date":"2023-08-24T10:25:32","date_gmt":"2023-08-24T08:25:32","guid":{"rendered":"https:\/\/prep.ccfs-sorbonne.fr\/info-inscripcion\/faq\/quel-est-le-contenu-dun-cours-de-civilisation-francaise\/"},"modified":"2024-06-13T08:51:44","modified_gmt":"2024-06-13T06:51:44","slug":"cual-es-el-contenido-de-un-curso-de-civilizacion-francesa","status":"publish","type":"page","link":"https:\/\/prep.ccfs-sorbonne.fr\/es\/info-inscripcion\/faq\/cual-es-el-contenido-de-un-curso-de-civilizacion-francesa\/","title":{"rendered":"\u00bfCu\u00e1l es el contenido de un curso de civilizaci\u00f3n francesa?"},"content":{"rendered":"\t\t<div data-elementor-type=\"wp-page\" data-elementor-id=\"94118\" class=\"elementor elementor-94118 elementor-82296\" data-elementor-post-type=\"page\">\n\t\t\t\t\t\t<section class=\"elementor-section elementor-top-section elementor-element elementor-element-5e4a983 elementor-section-stretched elementor-section-boxed elementor-section-height-default elementor-section-height-default\" data-id=\"5e4a983\" data-element_type=\"section\" data-settings=\"{&quot;stretch_section&quot;:&quot;section-stretched&quot;,&quot;background_background&quot;:&quot;classic&quot;}\">\n\t\t\t\t\t\t<div class=\"elementor-container elementor-column-gap-default\">\n\t\t\t\t\t<div class=\"elementor-column elementor-col-100 elementor-top-column elementor-element elementor-element-15c12ef0\" data-id=\"15c12ef0\" data-element_type=\"column\">\n\t\t\t<div class=\"elementor-widget-wrap elementor-element-populated\">\n\t\t\t\t\t\t<section class=\"elementor-section elementor-inner-section elementor-element elementor-element-2400a561 elementor-section-boxed elementor-section-height-default elementor-section-height-default\" data-id=\"2400a561\" data-element_type=\"section\">\n\t\t\t\t\t\t<div class=\"elementor-container elementor-column-gap-default\">\n\t\t\t\t\t<div class=\"elementor-column elementor-col-100 elementor-inner-column elementor-element elementor-element-e2a8ff0\" data-id=\"e2a8ff0\" data-element_type=\"column\">\n\t\t\t<div class=\"elementor-widget-wrap elementor-element-populated\">\n\t\t\t\t\t\t<div class=\"elementor-element elementor-element-1b5fdb1d elementor-widget elementor-widget-heading\" data-id=\"1b5fdb1d\" data-element_type=\"widget\" data-widget_type=\"heading.default\">\n\t\t\t\t<div class=\"elementor-widget-container\">\n\t\t\t\t\t<h1 class=\"elementor-heading-title elementor-size-default\">\u00bfCu\u00e1l es el contenido de un curso de civilizaci\u00f3n francesa?<\/h1>\t\t\t\t<\/div>\n\t\t\t\t<\/div>\n\t\t\t\t\t<\/div>\n\t\t<\/div>\n\t\t\t\t\t<\/div>\n\t\t<\/section>\n\t\t\t\t\t<\/div>\n\t\t<\/div>\n\t\t\t\t\t<\/div>\n\t\t<\/section>\n\t\t\t\t<section class=\"elementor-section elementor-top-section elementor-element elementor-element-4834b8c6 elementor-section-stretched elementor-section-boxed elementor-section-height-default elementor-section-height-default\" data-id=\"4834b8c6\" data-element_type=\"section\" data-settings=\"{&quot;stretch_section&quot;:&quot;section-stretched&quot;}\">\n\t\t\t\t\t\t<div class=\"elementor-container elementor-column-gap-default\">\n\t\t\t\t\t<div class=\"elementor-column elementor-col-100 elementor-top-column elementor-element elementor-element-53d9c6f8\" data-id=\"53d9c6f8\" data-element_type=\"column\">\n\t\t\t<div class=\"elementor-widget-wrap elementor-element-populated\">\n\t\t\t\t\t\t<div class=\"elementor-element elementor-element-385971f elementor-widget elementor-widget-global elementor-global-82281 elementor-widget-breadcrumbs\" data-id=\"385971f\" data-element_type=\"widget\" data-widget_type=\"breadcrumbs.default\">\n\t\t\t\t<div class=\"elementor-widget-container\">\n\t\t\t\t\t<p id=\"breadcrumbs\"><span><span><a href=\"https:\/\/www.ccfs-sorbonne.fr\/es\/\">Inicio<\/a><\/span><\/span><\/p>\t\t\t\t<\/div>\n\t\t\t\t<\/div>\n\t\t\t\t<div class=\"elementor-element elementor-element-525a38a8 elementor-widget elementor-widget-text-editor\" data-id=\"525a38a8\" data-element_type=\"widget\" data-widget_type=\"text-editor.default\">\n\t\t\t\t<div class=\"elementor-widget-container\">\n\t\t\t\t\t\t\t\t\t<h2>Una ense\u00f1anza integral<\/h2><p>Los cursos de civilizaci\u00f3n francesa ofrecidos por los CCFS abordan la cultura y la sociedad francesa desde diferentes aspectos, incluyendo la historia, la literatura, la filosof\u00eda, las artes y las ciencias.<\/p><p>El objetivo de esta ense\u00f1anza es proporcionar a los estudiantes un conocimiento integral y lo m\u00e1s completo posible de lo que constituye el legado civilizatorio franc\u00e9s. Un descubrimiento que, adem\u00e1s, permite comprender mejor la sociedad francesa tal como se presenta hoy.<\/p><h2>Aspectos hist\u00f3ricos<\/h2><p>Desde el punto de vista hist\u00f3rico, los cursos de civilizaci\u00f3n francesa abordan per\u00edodos y eventos significativos como la monarqu\u00eda, la Revoluci\u00f3n Francesa y el surgimiento de la Quinta Rep\u00fablica.<\/p><p>Aqu\u00ed, los estudiantes tienen la oportunidad de comprender mejor los fundamentos filos\u00f3ficos, pol\u00edticos y legales que estructuran la sociedad francesa y, al hacerlo, descubrir\u00e1n varias figuras importantes de la historia de Francia.<\/p><h2>Un descubrimiento literario<\/h2><p>El estudio de la civilizaci\u00f3n francesa tambi\u00e9n implica descubrir las grandes corrientes literarias y filos\u00f3ficas que han moldeado a Francia y le han permitido destacar a nivel mundial en el \u00e1mbito cultural.<\/p><p>Novelas, poes\u00eda o teatro pueden ser abordados en un curso de civilizaci\u00f3n francesa a trav\u00e9s de las obras de grandes escritores franceses como Balzac, Victor Hugo, Camus o Maupassant.<\/p><p>Los estudiantes tambi\u00e9n descubrir\u00e1n el pensamiento filos\u00f3fico franc\u00e9s tal como se manifest\u00f3 en las grandes escuelas existencialistas, surrealistas o neoclasicistas.<\/p><h2>Un estudio inseparable del aprendizaje del franc\u00e9s<\/h2><p>Los cursos de lengua y civilizaci\u00f3n francesa ofrecidos en el marco de los CCFS tienen como objetivo permitir a los estudiantes mejorar su dominio del franc\u00e9s, tanto escrito como oral, a trav\u00e9s del estudio de grandes textos literarios.<\/p><p>Los Cursos de Civilizaci\u00f3n Francesa de la Sorbona tambi\u00e9n incluyen clases de fon\u00e9tica destinadas a mejorar la comprensi\u00f3n, expresi\u00f3n y pronunciaci\u00f3n del franc\u00e9s.<\/p><p>As\u00ed, el curso de civilizaci\u00f3n francesa se caracteriza por un contenido bastante completo que combina el descubrimiento del patrimonio cultural franc\u00e9s y el aprendizaje del idioma.<\/p>\t\t\t\t\t\t\t\t<\/div>\n\t\t\t\t<\/div>\n\t\t\t\t\t<\/div>\n\t\t<\/div>\n\t\t\t\t\t<\/div>\n\t\t<\/section>\n\t\t<div class=\"elementor-element elementor-element-9ec5ea7 e-flex e-con-boxed e-con e-parent\" data-id=\"9ec5ea7\" data-element_type=\"container\">\n\t\t\t\t\t<div class=\"e-con-inner\">\n\t\t\t\t<div class=\"elementor-element elementor-element-aaf341b elementor-widget-divider--view-line elementor-widget elementor-widget-divider\" data-id=\"aaf341b\" data-element_type=\"widget\" data-widget_type=\"divider.default\">\n\t\t\t\t<div class=\"elementor-widget-container\">\n\t\t\t\t\t\t\t<div class=\"elementor-divider\">\n\t\t\t<span class=\"elementor-divider-separator\">\n\t\t\t\t\t\t<\/span>\n\t\t<\/div>\n\t\t\t\t\t\t<\/div>\n\t\t\t\t<\/div>\n\t\t\t\t<div class=\"elementor-element elementor-element-40eb7e9 elementor-widget elementor-widget-shortcode\" data-id=\"40eb7e9\" data-element_type=\"widget\" data-widget_type=\"shortcode.default\">\n\t\t\t\t<div class=\"elementor-widget-container\">\n\t\t\t\t\t\t\t<div class=\"elementor-shortcode\"><ul class='listing-page-soeur'><li class='bloc-page-soeur'><a class='image-soeur' style='background:url(https:\/\/prep.ccfs-sorbonne.fr\/wp-content\/uploads\/2025\/06\/CCFS-10.06.25-Benoit-Diacre-39-scaled.jpg)' href='https:\/\/prep.ccfs-sorbonne.fr\/es\/info-inscripcion\/faq\/ccfs-ofrece-cursos-de-idiomas-para-profesionales\/' title='&iquest;CCFS ofrece cursos de idiomas para profesionales?'><\/a><div class='detail-soeur'><div class='nom-page-soeur'><h2><a href='https:\/\/prep.ccfs-sorbonne.fr\/es\/info-inscripcion\/faq\/ccfs-ofrece-cursos-de-idiomas-para-profesionales\/' title='&iquest;CCFS ofrece cursos de idiomas para profesionales?'>\u00bfCCFS ofrece cursos de idiomas para profesionales?<\/a><\/h2><\/div><\/div><\/li><li class='bloc-page-soeur'><a class='image-soeur' style='background:url(https:\/\/prep.ccfs-sorbonne.fr\/wp-content\/uploads\/2025\/06\/CCFS-10.06.25-Benoit-Diacre-63-scaled.jpg)' href='https:\/\/prep.ccfs-sorbonne.fr\/es\/info-inscripcion\/faq\/que-es-la-etiqueta-fle\/' title='&iquest;Qu&eacute; es la etiqueta FLE?'><\/a><div class='detail-soeur'><div class='nom-page-soeur'><h2><a href='https:\/\/prep.ccfs-sorbonne.fr\/es\/info-inscripcion\/faq\/que-es-la-etiqueta-fle\/' title='&iquest;Qu&eacute; es la etiqueta FLE?'>\u00bfQu\u00e9 es la etiqueta FLE?<\/a><\/h2><\/div><\/div><\/li><li class='bloc-page-soeur'><a class='image-soeur' style='background:url(https:\/\/prep.ccfs-sorbonne.fr\/wp-content\/uploads\/2025\/06\/CCFS-10.06.25-Benoit-Diacre-29-scaled.jpg)' href='https:\/\/prep.ccfs-sorbonne.fr\/es\/info-inscripcion\/faq\/que-niveles-de-idioma-se-ofrecen\/' title='&iquest;Qu&eacute; niveles de idioma se ofrecen?'><\/a><div class='detail-soeur'><div class='nom-page-soeur'><h2><a href='https:\/\/prep.ccfs-sorbonne.fr\/es\/info-inscripcion\/faq\/que-niveles-de-idioma-se-ofrecen\/' title='&iquest;Qu&eacute; niveles de idioma se ofrecen?'>\u00bfQu\u00e9 niveles de idioma se ofrecen?<\/a><\/h2><\/div><\/div><\/li><li class='bloc-page-soeur'><a class='image-soeur' style='background:url(https:\/\/prep.ccfs-sorbonne.fr\/wp-content\/uploads\/2025\/06\/CCFS-10.06.25-Benoit-Diacre-24-scaled.jpg)' href='https:\/\/prep.ccfs-sorbonne.fr\/es\/info-inscripcion\/faq\/que-cursos-de-diploma-se-ofrecen-en-ccfs\/' title='&iquest;Qu&eacute; cursos de diploma se ofrecen en CCFS?'><\/a><div class='detail-soeur'><div class='nom-page-soeur'><h2><a href='https:\/\/prep.ccfs-sorbonne.fr\/es\/info-inscripcion\/faq\/que-cursos-de-diploma-se-ofrecen-en-ccfs\/' title='&iquest;Qu&eacute; cursos de diploma se ofrecen en CCFS?'>\u00bfQu\u00e9 cursos de diploma se ofrecen en CCFS?<\/a><\/h2><\/div><\/div><\/li><\/ul><\/div>\n\t\t\t\t\t\t<\/div>\n\t\t\t\t<\/div>\n\t\t\t\t\t<\/div>\n\t\t\t\t<\/div>\n\t\t\t\t<\/div>\n\t\t","protected":false},"excerpt":{"rendered":"<p>\u00bfCu\u00e1l es el contenido de un curso de civilizaci\u00f3n francesa? Una ense\u00f1anza integral Los cursos de civilizaci\u00f3n francesa ofrecidos por los CCFS abordan la cultura y la sociedad francesa desde [&hellip;]<\/p>\n","protected":false},"author":8,"featured_media":103846,"parent":92911,"menu_order":0,"comment_status":"closed","ping_status":"closed","template":"","meta":{"_acf_changed":false,"footnotes":""},"class_list":["post-94118","page","type-page","status-publish","has-post-thumbnail","hentry"],"acf":[],"yoast_head":"<!-- This site is optimized with the Yoast SEO plugin v24.8.1 - https:\/\/yoast.com\/wordpress\/plugins\/seo\/ -->\n<title>Curso de civilizaci\u00f3n francesa: literatura, historia y lengua.<\/title>\n<meta name=\"description\" content=\"Un curso de civilizaci\u00f3n francesa se distingue por su car\u00e1cter transversal que incluye historia, literatura, filosof\u00eda y, por supuesto, el aprendizaje del idioma franc\u00e9s.\" \/>\n<meta name=\"robots\" content=\"index, follow, max-snippet:-1, max-image-preview:large, max-video-preview:-1\" \/>\n<link rel=\"canonical\" href=\"https:\/\/prep.ccfs-sorbonne.fr\/es\/info-inscripcion\/faq\/cual-es-el-contenido-de-un-curso-de-civilizacion-francesa\/\" \/>\n<meta property=\"og:locale\" content=\"es_ES\" \/>\n<meta property=\"og:type\" content=\"article\" \/>\n<meta property=\"og:title\" content=\"Curso de civilizaci\u00f3n francesa: literatura, historia y lengua.\" \/>\n<meta property=\"og:description\" content=\"Un curso de civilizaci\u00f3n francesa se distingue por su car\u00e1cter transversal que incluye historia, literatura, filosof\u00eda y, por supuesto, el aprendizaje del idioma franc\u00e9s.\" \/>\n<meta property=\"og:url\" content=\"https:\/\/prep.ccfs-sorbonne.fr\/es\/info-inscripcion\/faq\/cual-es-el-contenido-de-un-curso-de-civilizacion-francesa\/\" \/>\n<meta property=\"og:site_name\" content=\"CCFS Sorbonne\" \/>\n<meta property=\"article:modified_time\" content=\"2024-06-13T06:51:44+00:00\" \/>\n<meta name=\"twitter:card\" content=\"summary_large_image\" \/>\n<meta name=\"twitter:label1\" content=\"Tiempo de lectura\" \/>\n\t<meta name=\"twitter:data1\" content=\"2 minutos\" \/>\n<script type=\"application\/ld+json\" class=\"yoast-schema-graph\">{\"@context\":\"https:\/\/schema.org\",\"@graph\":[{\"@type\":\"WebPage\",\"@id\":\"https:\/\/prep.ccfs-sorbonne.fr\/es\/info-inscripcion\/faq\/cual-es-el-contenido-de-un-curso-de-civilizacion-francesa\/\",\"url\":\"https:\/\/prep.ccfs-sorbonne.fr\/es\/info-inscripcion\/faq\/cual-es-el-contenido-de-un-curso-de-civilizacion-francesa\/\",\"name\":\"Curso de civilizaci\u00f3n francesa: literatura, historia y lengua.\",\"isPartOf\":{\"@id\":\"https:\/\/www.ccfs-sorbonne.fr\/#website\"},\"primaryImageOfPage\":{\"@id\":\"https:\/\/prep.ccfs-sorbonne.fr\/es\/info-inscripcion\/faq\/cual-es-el-contenido-de-un-curso-de-civilizacion-francesa\/#primaryimage\"},\"image\":{\"@id\":\"https:\/\/prep.ccfs-sorbonne.fr\/es\/info-inscripcion\/faq\/cual-es-el-contenido-de-un-curso-de-civilizacion-francesa\/#primaryimage\"},\"thumbnailUrl\":\"https:\/\/prep.ccfs-sorbonne.fr\/wp-content\/uploads\/2025\/06\/CCFS-10.06.25-Benoit-Diacre-1-1-scaled.jpg\",\"datePublished\":\"2023-08-24T08:25:32+00:00\",\"dateModified\":\"2024-06-13T06:51:44+00:00\",\"description\":\"Un curso de civilizaci\u00f3n francesa se distingue por su car\u00e1cter transversal que incluye historia, literatura, filosof\u00eda y, por supuesto, el aprendizaje del idioma franc\u00e9s.\",\"breadcrumb\":{\"@id\":\"https:\/\/prep.ccfs-sorbonne.fr\/es\/info-inscripcion\/faq\/cual-es-el-contenido-de-un-curso-de-civilizacion-francesa\/#breadcrumb\"},\"inLanguage\":\"es\",\"potentialAction\":[{\"@type\":\"ReadAction\",\"target\":[\"https:\/\/prep.ccfs-sorbonne.fr\/es\/info-inscripcion\/faq\/cual-es-el-contenido-de-un-curso-de-civilizacion-francesa\/\"]}]},{\"@type\":\"ImageObject\",\"inLanguage\":\"es\",\"@id\":\"https:\/\/prep.ccfs-sorbonne.fr\/es\/info-inscripcion\/faq\/cual-es-el-contenido-de-un-curso-de-civilizacion-francesa\/#primaryimage\",\"url\":\"https:\/\/prep.ccfs-sorbonne.fr\/wp-content\/uploads\/2025\/06\/CCFS-10.06.25-Benoit-Diacre-1-1-scaled.jpg\",\"contentUrl\":\"https:\/\/prep.ccfs-sorbonne.fr\/wp-content\/uploads\/2025\/06\/CCFS-10.06.25-Benoit-Diacre-1-1-scaled.jpg\",\"width\":2560,\"height\":1707,\"caption\":\"Cours semestriels\"},{\"@type\":\"BreadcrumbList\",\"@id\":\"https:\/\/prep.ccfs-sorbonne.fr\/es\/info-inscripcion\/faq\/cual-es-el-contenido-de-un-curso-de-civilizacion-francesa\/#breadcrumb\",\"itemListElement\":[{\"@type\":\"ListItem\",\"position\":1,\"name\":\"Inicio\",\"item\":\"https:\/\/www.ccfs-sorbonne.fr\/es\/\"},{\"@type\":\"ListItem\",\"position\":2,\"name\":\"Informaci\u00f3n y registro\",\"item\":\"https:\/\/www.ccfs-sorbonne.fr\/es\/info-inscripcion\/\"},{\"@type\":\"ListItem\",\"position\":3,\"name\":\"Preguntas frecuentes\",\"item\":\"https:\/\/www.ccfs-sorbonne.fr\/es\/info-inscripcion\/faq\/\"},{\"@type\":\"ListItem\",\"position\":4,\"name\":\"\u00bfCu\u00e1l es el contenido de un curso de civilizaci\u00f3n francesa?\"}]},{\"@type\":\"WebSite\",\"@id\":\"https:\/\/www.ccfs-sorbonne.fr\/#website\",\"url\":\"https:\/\/www.ccfs-sorbonne.fr\/\",\"name\":\"CCFS Sorbonne\",\"description\":\"\",\"publisher\":{\"@id\":\"https:\/\/www.ccfs-sorbonne.fr\/#organization\"},\"potentialAction\":[{\"@type\":\"SearchAction\",\"target\":{\"@type\":\"EntryPoint\",\"urlTemplate\":\"https:\/\/www.ccfs-sorbonne.fr\/?s={search_term_string}\"},\"query-input\":{\"@type\":\"PropertyValueSpecification\",\"valueRequired\":true,\"valueName\":\"search_term_string\"}}],\"inLanguage\":\"es\"},{\"@type\":\"Organization\",\"@id\":\"https:\/\/www.ccfs-sorbonne.fr\/#organization\",\"name\":\"CCFS Sorbonne\",\"url\":\"https:\/\/www.ccfs-sorbonne.fr\/\",\"logo\":{\"@type\":\"ImageObject\",\"inLanguage\":\"es\",\"@id\":\"https:\/\/www.ccfs-sorbonne.fr\/#\/schema\/logo\/image\/\",\"url\":\"https:\/\/prep.ccfs-sorbonne.fr\/wp-content\/uploads\/2023\/11\/logo-ccfs-sorbonne.png\",\"contentUrl\":\"https:\/\/prep.ccfs-sorbonne.fr\/wp-content\/uploads\/2023\/11\/logo-ccfs-sorbonne.png\",\"width\":300,\"height\":120,\"caption\":\"CCFS Sorbonne\"},\"image\":{\"@id\":\"https:\/\/www.ccfs-sorbonne.fr\/#\/schema\/logo\/image\/\"}}]}<\/script>\n<!-- \/ Yoast SEO plugin. -->","yoast_head_json":{"title":"Curso de civilizaci\u00f3n francesa: literatura, historia y lengua.","description":"Un curso de civilizaci\u00f3n francesa se distingue por su car\u00e1cter transversal que incluye historia, literatura, filosof\u00eda y, por supuesto, el aprendizaje del idioma franc\u00e9s.","robots":{"index":"index","follow":"follow","max-snippet":"max-snippet:-1","max-image-preview":"max-image-preview:large","max-video-preview":"max-video-preview:-1"},"canonical":"https:\/\/prep.ccfs-sorbonne.fr\/es\/info-inscripcion\/faq\/cual-es-el-contenido-de-un-curso-de-civilizacion-francesa\/","og_locale":"es_ES","og_type":"article","og_title":"Curso de civilizaci\u00f3n francesa: literatura, historia y lengua.","og_description":"Un curso de civilizaci\u00f3n francesa se distingue por su car\u00e1cter transversal que incluye historia, literatura, filosof\u00eda y, por supuesto, el aprendizaje del idioma franc\u00e9s.","og_url":"https:\/\/prep.ccfs-sorbonne.fr\/es\/info-inscripcion\/faq\/cual-es-el-contenido-de-un-curso-de-civilizacion-francesa\/","og_site_name":"CCFS Sorbonne","article_modified_time":"2024-06-13T06:51:44+00:00","twitter_card":"summary_large_image","twitter_misc":{"Tiempo de lectura":"2 minutos"},"schema":{"@context":"https:\/\/schema.org","@graph":[{"@type":"WebPage","@id":"https:\/\/prep.ccfs-sorbonne.fr\/es\/info-inscripcion\/faq\/cual-es-el-contenido-de-un-curso-de-civilizacion-francesa\/","url":"https:\/\/prep.ccfs-sorbonne.fr\/es\/info-inscripcion\/faq\/cual-es-el-contenido-de-un-curso-de-civilizacion-francesa\/","name":"Curso de civilizaci\u00f3n francesa: literatura, historia y lengua.","isPartOf":{"@id":"https:\/\/www.ccfs-sorbonne.fr\/#website"},"primaryImageOfPage":{"@id":"https:\/\/prep.ccfs-sorbonne.fr\/es\/info-inscripcion\/faq\/cual-es-el-contenido-de-un-curso-de-civilizacion-francesa\/#primaryimage"},"image":{"@id":"https:\/\/prep.ccfs-sorbonne.fr\/es\/info-inscripcion\/faq\/cual-es-el-contenido-de-un-curso-de-civilizacion-francesa\/#primaryimage"},"thumbnailUrl":"https:\/\/prep.ccfs-sorbonne.fr\/wp-content\/uploads\/2025\/06\/CCFS-10.06.25-Benoit-Diacre-1-1-scaled.jpg","datePublished":"2023-08-24T08:25:32+00:00","dateModified":"2024-06-13T06:51:44+00:00","description":"Un curso de civilizaci\u00f3n francesa se distingue por su car\u00e1cter transversal que incluye historia, literatura, filosof\u00eda y, por supuesto, el aprendizaje del idioma franc\u00e9s.","breadcrumb":{"@id":"https:\/\/prep.ccfs-sorbonne.fr\/es\/info-inscripcion\/faq\/cual-es-el-contenido-de-un-curso-de-civilizacion-francesa\/#breadcrumb"},"inLanguage":"es","potentialAction":[{"@type":"ReadAction","target":["https:\/\/prep.ccfs-sorbonne.fr\/es\/info-inscripcion\/faq\/cual-es-el-contenido-de-un-curso-de-civilizacion-francesa\/"]}]},{"@type":"ImageObject","inLanguage":"es","@id":"https:\/\/prep.ccfs-sorbonne.fr\/es\/info-inscripcion\/faq\/cual-es-el-contenido-de-un-curso-de-civilizacion-francesa\/#primaryimage","url":"https:\/\/prep.ccfs-sorbonne.fr\/wp-content\/uploads\/2025\/06\/CCFS-10.06.25-Benoit-Diacre-1-1-scaled.jpg","contentUrl":"https:\/\/prep.ccfs-sorbonne.fr\/wp-content\/uploads\/2025\/06\/CCFS-10.06.25-Benoit-Diacre-1-1-scaled.jpg","width":2560,"height":1707,"caption":"Cours semestriels"},{"@type":"BreadcrumbList","@id":"https:\/\/prep.ccfs-sorbonne.fr\/es\/info-inscripcion\/faq\/cual-es-el-contenido-de-un-curso-de-civilizacion-francesa\/#breadcrumb","itemListElement":[{"@type":"ListItem","position":1,"name":"Inicio","item":"https:\/\/www.ccfs-sorbonne.fr\/es\/"},{"@type":"ListItem","position":2,"name":"Informaci\u00f3n y registro","item":"https:\/\/www.ccfs-sorbonne.fr\/es\/info-inscripcion\/"},{"@type":"ListItem","position":3,"name":"Preguntas frecuentes","item":"https:\/\/www.ccfs-sorbonne.fr\/es\/info-inscripcion\/faq\/"},{"@type":"ListItem","position":4,"name":"\u00bfCu\u00e1l es el contenido de un curso de civilizaci\u00f3n francesa?"}]},{"@type":"WebSite","@id":"https:\/\/www.ccfs-sorbonne.fr\/#website","url":"https:\/\/www.ccfs-sorbonne.fr\/","name":"CCFS Sorbonne","description":"","publisher":{"@id":"https:\/\/www.ccfs-sorbonne.fr\/#organization"},"potentialAction":[{"@type":"SearchAction","target":{"@type":"EntryPoint","urlTemplate":"https:\/\/www.ccfs-sorbonne.fr\/?s={search_term_string}"},"query-input":{"@type":"PropertyValueSpecification","valueRequired":true,"valueName":"search_term_string"}}],"inLanguage":"es"},{"@type":"Organization","@id":"https:\/\/www.ccfs-sorbonne.fr\/#organization","name":"CCFS Sorbonne","url":"https:\/\/www.ccfs-sorbonne.fr\/","logo":{"@type":"ImageObject","inLanguage":"es","@id":"https:\/\/www.ccfs-sorbonne.fr\/#\/schema\/logo\/image\/","url":"https:\/\/prep.ccfs-sorbonne.fr\/wp-content\/uploads\/2023\/11\/logo-ccfs-sorbonne.png","contentUrl":"https:\/\/prep.ccfs-sorbonne.fr\/wp-content\/uploads\/2023\/11\/logo-ccfs-sorbonne.png","width":300,"height":120,"caption":"CCFS Sorbonne"},"image":{"@id":"https:\/\/www.ccfs-sorbonne.fr\/#\/schema\/logo\/image\/"}}]}},"_links":{"self":[{"href":"https:\/\/prep.ccfs-sorbonne.fr\/es\/wp-json\/wp\/v2\/pages\/94118","targetHints":{"allow":["GET"]}}],"collection":[{"href":"https:\/\/prep.ccfs-sorbonne.fr\/es\/wp-json\/wp\/v2\/pages"}],"about":[{"href":"https:\/\/prep.ccfs-sorbonne.fr\/es\/wp-json\/wp\/v2\/types\/page"}],"author":[{"embeddable":true,"href":"https:\/\/prep.ccfs-sorbonne.fr\/es\/wp-json\/wp\/v2\/users\/8"}],"replies":[{"embeddable":true,"href":"https:\/\/prep.ccfs-sorbonne.fr\/es\/wp-json\/wp\/v2\/comments?post=94118"}],"version-history":[{"count":5,"href":"https:\/\/prep.ccfs-sorbonne.fr\/es\/wp-json\/wp\/v2\/pages\/94118\/revisions"}],"predecessor-version":[{"id":96462,"href":"https:\/\/prep.ccfs-sorbonne.fr\/es\/wp-json\/wp\/v2\/pages\/94118\/revisions\/96462"}],"up":[{"embeddable":true,"href":"https:\/\/prep.ccfs-sorbonne.fr\/es\/wp-json\/wp\/v2\/pages\/92911"}],"wp:featuredmedia":[{"embeddable":true,"href":"https:\/\/prep.ccfs-sorbonne.fr\/es\/wp-json\/wp\/v2\/media\/103846"}],"wp:attachment":[{"href":"https:\/\/prep.ccfs-sorbonne.fr\/es\/wp-json\/wp\/v2\/media?parent=94118"}],"curies":[{"name":"wp","href":"https:\/\/api.w.org\/{rel}","templated":true}]}}