{"id":94117,"date":"2023-08-24T10:08:21","date_gmt":"2023-08-24T08:08:21","guid":{"rendered":"https:\/\/prep.ccfs-sorbonne.fr\/info-inscripcion\/faq\/quest-ce-que-le-label-fle\/"},"modified":"2024-06-13T08:52:12","modified_gmt":"2024-06-13T06:52:12","slug":"que-es-la-etiqueta-fle","status":"publish","type":"page","link":"https:\/\/prep.ccfs-sorbonne.fr\/es\/info-inscripcion\/faq\/que-es-la-etiqueta-fle\/","title":{"rendered":"\u00bfQu\u00e9 es la etiqueta FLE?"},"content":{"rendered":"\t\t<div data-elementor-type=\"wp-page\" data-elementor-id=\"94117\" class=\"elementor elementor-94117 elementor-82269\" data-elementor-post-type=\"page\">\n\t\t\t\t\t\t<section class=\"elementor-section elementor-top-section elementor-element elementor-element-2a876140 elementor-section-stretched elementor-section-boxed elementor-section-height-default elementor-section-height-default\" data-id=\"2a876140\" data-element_type=\"section\" data-settings=\"{&quot;stretch_section&quot;:&quot;section-stretched&quot;,&quot;background_background&quot;:&quot;classic&quot;}\">\n\t\t\t\t\t\t<div class=\"elementor-container elementor-column-gap-default\">\n\t\t\t\t\t<div class=\"elementor-column elementor-col-100 elementor-top-column elementor-element elementor-element-5738099e\" data-id=\"5738099e\" data-element_type=\"column\">\n\t\t\t<div class=\"elementor-widget-wrap elementor-element-populated\">\n\t\t\t\t\t\t<section class=\"elementor-section elementor-inner-section elementor-element elementor-element-36686ed5 elementor-section-boxed elementor-section-height-default elementor-section-height-default\" data-id=\"36686ed5\" data-element_type=\"section\">\n\t\t\t\t\t\t<div class=\"elementor-container elementor-column-gap-default\">\n\t\t\t\t\t<div class=\"elementor-column elementor-col-100 elementor-inner-column elementor-element elementor-element-463a2566\" data-id=\"463a2566\" data-element_type=\"column\">\n\t\t\t<div class=\"elementor-widget-wrap elementor-element-populated\">\n\t\t\t\t\t\t<div class=\"elementor-element elementor-element-13bd990c elementor-widget elementor-widget-heading\" data-id=\"13bd990c\" data-element_type=\"widget\" data-widget_type=\"heading.default\">\n\t\t\t\t<div class=\"elementor-widget-container\">\n\t\t\t\t\t<h1 class=\"elementor-heading-title elementor-size-default\">\u00bfQu\u00e9 es la etiqueta FLE?<\/h1>\t\t\t\t<\/div>\n\t\t\t\t<\/div>\n\t\t\t\t\t<\/div>\n\t\t<\/div>\n\t\t\t\t\t<\/div>\n\t\t<\/section>\n\t\t\t\t\t<\/div>\n\t\t<\/div>\n\t\t\t\t\t<\/div>\n\t\t<\/section>\n\t\t\t\t<section class=\"elementor-section elementor-top-section elementor-element elementor-element-7ad61c1e elementor-section-stretched elementor-section-boxed elementor-section-height-default elementor-section-height-default\" data-id=\"7ad61c1e\" data-element_type=\"section\" data-settings=\"{&quot;stretch_section&quot;:&quot;section-stretched&quot;}\">\n\t\t\t\t\t\t<div class=\"elementor-container elementor-column-gap-default\">\n\t\t\t\t\t<div class=\"elementor-column elementor-col-100 elementor-top-column elementor-element elementor-element-3334e130\" data-id=\"3334e130\" data-element_type=\"column\">\n\t\t\t<div class=\"elementor-widget-wrap elementor-element-populated\">\n\t\t\t\t\t\t<div class=\"elementor-element elementor-element-6694d5b elementor-widget elementor-widget-global elementor-global-82281 elementor-widget-breadcrumbs\" data-id=\"6694d5b\" data-element_type=\"widget\" data-widget_type=\"breadcrumbs.default\">\n\t\t\t\t<div class=\"elementor-widget-container\">\n\t\t\t\t\t<p id=\"breadcrumbs\"><span><span><a href=\"https:\/\/www.ccfs-sorbonne.fr\/es\/\">Inicio<\/a><\/span><\/span><\/p>\t\t\t\t<\/div>\n\t\t\t\t<\/div>\n\t\t\t\t<div class=\"elementor-element elementor-element-723b81b3 elementor-widget elementor-widget-text-editor\" data-id=\"723b81b3\" data-element_type=\"widget\" data-widget_type=\"text-editor.default\">\n\t\t\t\t<div class=\"elementor-widget-container\">\n\t\t\t\t\t\t\t\t\t<p>El sello FLE (Franc\u00e9s Lengua Extranjera) permite identificar y promover los centros y establecimientos cuyas ense\u00f1anzas ofrecen importantes garant\u00edas de calidad.<\/p><p>Creado en 2007 por decreto, este sello de calidad FLE es otorgado por los Ministerios de Europa y Asuntos Exteriores de Francia, el Ministerio de Educaci\u00f3n Superior, Investigaci\u00f3n e Innovaci\u00f3n y el Ministerio de Cultura.<\/p><p>A trav\u00e9s de este sello, el objetivo de las autoridades es apoyar a la red francesa de institutos y alianzas francesas en el desarrollo de sus ofertas de ense\u00f1anza para aumentar su confiabilidad.<\/p><p>Al garantizar la constante optimizaci\u00f3n de las ense\u00f1anzas ofrecidas por los centros y establecimientos con sello FLE, se garantiza una oferta ling\u00fc\u00edstica adaptada a la demanda y las necesidades del p\u00fablico, especialmente los estudiantes internacionales.<\/p><p>Los Cursos de Civilizaci\u00f3n Francesa de la Sorbona han obtenido este sello de calidad gracias a los m\u00e9todos pedag\u00f3gicos efectivos e innovadores de sus profesores, as\u00ed como al entorno de trabajo ofrecido a los estudiantes internacionales que desean aprender el idioma franc\u00e9s.<\/p><p>El proceso de etiquetado FLE implica que los establecimientos cumplan con una serie de criterios en cinco \u00e1reas fundamentales:<\/p><ul><li>Formaci\u00f3n y ense\u00f1anza: las ense\u00f1anzas ofrecidas por el centro deben estar en l\u00ednea con el Marco Com\u00fan Europeo de Referencia para las Lenguas. Los estudiantes deben recibir un certificado al final de su formaci\u00f3n que certifique su nivel.<\/li><li>Ense\u00f1anza y personal: los centros con sello FLE y sus equipos deben contar con las competencias necesarias para una ense\u00f1anza de calidad. Los profesores son reclutados mediante un procedimiento espec\u00edfico.<\/li><li>Recepci\u00f3n y acompa\u00f1amiento: los estudiantes deben tener acceso a toda la informaci\u00f3n que les permita elegir su centro seg\u00fan sus necesidades reales. El establecimiento con sello FLE debe proporcionar un entorno tanto eficiente como acogedor.<\/li><li>Instalaciones y equipamiento: tanto estudiantes como profesores de los centros con sello FLE deben trabajar en condiciones favorables, con instalaciones que cumplan con las normas de seguridad. El entorno de trabajo debe ser de alta calidad y, por lo tanto, debe contar con equipos modernos y de calidad.<\/li><li>Gesti\u00f3n: los establecimientos con el sello FLE tienen objetivos estrat\u00e9gicos claros y se comprometen a mantener la calidad de la ense\u00f1anza y la \u00e9tica de los equipos docentes.<\/li><\/ul><p>\u00a0<\/p>\t\t\t\t\t\t\t\t<\/div>\n\t\t\t\t<\/div>\n\t\t\t\t\t<\/div>\n\t\t<\/div>\n\t\t\t\t\t<\/div>\n\t\t<\/section>\n\t\t<div class=\"elementor-element elementor-element-9a241e4 e-flex e-con-boxed e-con e-parent\" data-id=\"9a241e4\" data-element_type=\"container\">\n\t\t\t\t\t<div class=\"e-con-inner\">\n\t\t\t\t<div class=\"elementor-element elementor-element-f595ed8 elementor-widget-divider--view-line elementor-widget elementor-widget-divider\" data-id=\"f595ed8\" data-element_type=\"widget\" data-widget_type=\"divider.default\">\n\t\t\t\t<div class=\"elementor-widget-container\">\n\t\t\t\t\t\t\t<div class=\"elementor-divider\">\n\t\t\t<span class=\"elementor-divider-separator\">\n\t\t\t\t\t\t<\/span>\n\t\t<\/div>\n\t\t\t\t\t\t<\/div>\n\t\t\t\t<\/div>\n\t\t\t\t<div class=\"elementor-element elementor-element-abca4a8 elementor-widget elementor-widget-shortcode\" data-id=\"abca4a8\" data-element_type=\"widget\" data-widget_type=\"shortcode.default\">\n\t\t\t\t<div class=\"elementor-widget-container\">\n\t\t\t\t\t\t\t<div class=\"elementor-shortcode\"><ul class='listing-page-soeur'><li class='bloc-page-soeur'><a class='image-soeur' style='background:url(https:\/\/prep.ccfs-sorbonne.fr\/wp-content\/uploads\/2025\/06\/CCFS-10.06.25-Benoit-Diacre-39-scaled.jpg)' href='https:\/\/prep.ccfs-sorbonne.fr\/es\/info-inscripcion\/faq\/ccfs-ofrece-cursos-de-idiomas-para-profesionales\/' title='&iquest;CCFS ofrece cursos de idiomas para profesionales?'><\/a><div class='detail-soeur'><div class='nom-page-soeur'><h2><a href='https:\/\/prep.ccfs-sorbonne.fr\/es\/info-inscripcion\/faq\/ccfs-ofrece-cursos-de-idiomas-para-profesionales\/' title='&iquest;CCFS ofrece cursos de idiomas para profesionales?'>\u00bfCCFS ofrece cursos de idiomas para profesionales?<\/a><\/h2><\/div><\/div><\/li><li class='bloc-page-soeur'><a class='image-soeur' style='background:url(https:\/\/prep.ccfs-sorbonne.fr\/wp-content\/uploads\/2025\/06\/CCFS-10.06.25-Benoit-Diacre-1-1-scaled.jpg)' href='https:\/\/prep.ccfs-sorbonne.fr\/es\/info-inscripcion\/faq\/cual-es-el-contenido-de-un-curso-de-civilizacion-francesa\/' title='&iquest;Cu&aacute;l es el contenido de un curso de civilizaci&oacute;n francesa?'><\/a><div class='detail-soeur'><div class='nom-page-soeur'><h2><a href='https:\/\/prep.ccfs-sorbonne.fr\/es\/info-inscripcion\/faq\/cual-es-el-contenido-de-un-curso-de-civilizacion-francesa\/' title='&iquest;Cu&aacute;l es el contenido de un curso de civilizaci&oacute;n francesa?'>\u00bfCu\u00e1l es el contenido de un curso de civilizaci\u00f3n francesa?<\/a><\/h2><\/div><\/div><\/li><li class='bloc-page-soeur'><a class='image-soeur' style='background:url(https:\/\/prep.ccfs-sorbonne.fr\/wp-content\/uploads\/2025\/06\/CCFS-10.06.25-Benoit-Diacre-29-scaled.jpg)' href='https:\/\/prep.ccfs-sorbonne.fr\/es\/info-inscripcion\/faq\/que-niveles-de-idioma-se-ofrecen\/' title='&iquest;Qu&eacute; niveles de idioma se ofrecen?'><\/a><div class='detail-soeur'><div class='nom-page-soeur'><h2><a href='https:\/\/prep.ccfs-sorbonne.fr\/es\/info-inscripcion\/faq\/que-niveles-de-idioma-se-ofrecen\/' title='&iquest;Qu&eacute; niveles de idioma se ofrecen?'>\u00bfQu\u00e9 niveles de idioma se ofrecen?<\/a><\/h2><\/div><\/div><\/li><li class='bloc-page-soeur'><a class='image-soeur' style='background:url(https:\/\/prep.ccfs-sorbonne.fr\/wp-content\/uploads\/2025\/06\/CCFS-10.06.25-Benoit-Diacre-24-scaled.jpg)' href='https:\/\/prep.ccfs-sorbonne.fr\/es\/info-inscripcion\/faq\/que-cursos-de-diploma-se-ofrecen-en-ccfs\/' title='&iquest;Qu&eacute; cursos de diploma se ofrecen en CCFS?'><\/a><div class='detail-soeur'><div class='nom-page-soeur'><h2><a href='https:\/\/prep.ccfs-sorbonne.fr\/es\/info-inscripcion\/faq\/que-cursos-de-diploma-se-ofrecen-en-ccfs\/' title='&iquest;Qu&eacute; cursos de diploma se ofrecen en CCFS?'>\u00bfQu\u00e9 cursos de diploma se ofrecen en CCFS?<\/a><\/h2><\/div><\/div><\/li><\/ul><\/div>\n\t\t\t\t\t\t<\/div>\n\t\t\t\t<\/div>\n\t\t\t\t\t<\/div>\n\t\t\t\t<\/div>\n\t\t\t\t<\/div>\n\t\t","protected":false},"excerpt":{"rendered":"<p>\u00bfQu\u00e9 es la etiqueta FLE? El sello FLE (Franc\u00e9s Lengua Extranjera) permite identificar y promover los centros y establecimientos cuyas ense\u00f1anzas ofrecen importantes garant\u00edas de calidad. Creado en 2007 por [&hellip;]<\/p>\n","protected":false},"author":8,"featured_media":103786,"parent":92911,"menu_order":0,"comment_status":"closed","ping_status":"closed","template":"","meta":{"_acf_changed":false,"footnotes":""},"class_list":["post-94117","page","type-page","status-publish","has-post-thumbnail","hentry"],"acf":[],"yoast_head":"<!-- This site is optimized with the Yoast SEO plugin v24.8.1 - https:\/\/yoast.com\/wordpress\/plugins\/seo\/ -->\n<title>El sello FLE, garant\u00eda de calidad para la ense\u00f1anza de idiomas<\/title>\n<meta name=\"description\" content=\"El sello FLE tiene como objetivo garantizar la calidad de la oferta ling\u00fc\u00edstica de los establecimientos franceses. Se basa en la calidad de la formaci\u00f3n ling\u00fc\u00edstica y el nivel de competencia de los profesores.\" \/>\n<meta name=\"robots\" content=\"index, follow, max-snippet:-1, max-image-preview:large, max-video-preview:-1\" \/>\n<link rel=\"canonical\" href=\"https:\/\/prep.ccfs-sorbonne.fr\/es\/info-inscripcion\/faq\/que-es-la-etiqueta-fle\/\" \/>\n<meta property=\"og:locale\" content=\"es_ES\" \/>\n<meta property=\"og:type\" content=\"article\" \/>\n<meta property=\"og:title\" content=\"El sello FLE, garant\u00eda de calidad para la ense\u00f1anza de idiomas\" \/>\n<meta property=\"og:description\" content=\"El sello FLE tiene como objetivo garantizar la calidad de la oferta ling\u00fc\u00edstica de los establecimientos franceses. Se basa en la calidad de la formaci\u00f3n ling\u00fc\u00edstica y el nivel de competencia de los profesores.\" \/>\n<meta property=\"og:url\" content=\"https:\/\/prep.ccfs-sorbonne.fr\/es\/info-inscripcion\/faq\/que-es-la-etiqueta-fle\/\" \/>\n<meta property=\"og:site_name\" content=\"CCFS Sorbonne\" \/>\n<meta property=\"article:modified_time\" content=\"2024-06-13T06:52:12+00:00\" \/>\n<meta name=\"twitter:card\" content=\"summary_large_image\" \/>\n<meta name=\"twitter:label1\" content=\"Tiempo de lectura\" \/>\n\t<meta name=\"twitter:data1\" content=\"2 minutos\" \/>\n<script type=\"application\/ld+json\" class=\"yoast-schema-graph\">{\"@context\":\"https:\/\/schema.org\",\"@graph\":[{\"@type\":\"WebPage\",\"@id\":\"https:\/\/prep.ccfs-sorbonne.fr\/es\/info-inscripcion\/faq\/que-es-la-etiqueta-fle\/\",\"url\":\"https:\/\/prep.ccfs-sorbonne.fr\/es\/info-inscripcion\/faq\/que-es-la-etiqueta-fle\/\",\"name\":\"El sello FLE, garant\u00eda de calidad para la ense\u00f1anza de idiomas\",\"isPartOf\":{\"@id\":\"https:\/\/www.ccfs-sorbonne.fr\/#website\"},\"primaryImageOfPage\":{\"@id\":\"https:\/\/prep.ccfs-sorbonne.fr\/es\/info-inscripcion\/faq\/que-es-la-etiqueta-fle\/#primaryimage\"},\"image\":{\"@id\":\"https:\/\/prep.ccfs-sorbonne.fr\/es\/info-inscripcion\/faq\/que-es-la-etiqueta-fle\/#primaryimage\"},\"thumbnailUrl\":\"https:\/\/prep.ccfs-sorbonne.fr\/wp-content\/uploads\/2025\/06\/CCFS-10.06.25-Benoit-Diacre-63-scaled.jpg\",\"datePublished\":\"2023-08-24T08:08:21+00:00\",\"dateModified\":\"2024-06-13T06:52:12+00:00\",\"description\":\"El sello FLE tiene como objetivo garantizar la calidad de la oferta ling\u00fc\u00edstica de los establecimientos franceses. Se basa en la calidad de la formaci\u00f3n ling\u00fc\u00edstica y el nivel de competencia de los profesores.\",\"breadcrumb\":{\"@id\":\"https:\/\/prep.ccfs-sorbonne.fr\/es\/info-inscripcion\/faq\/que-es-la-etiqueta-fle\/#breadcrumb\"},\"inLanguage\":\"es\",\"potentialAction\":[{\"@type\":\"ReadAction\",\"target\":[\"https:\/\/prep.ccfs-sorbonne.fr\/es\/info-inscripcion\/faq\/que-es-la-etiqueta-fle\/\"]}]},{\"@type\":\"ImageObject\",\"inLanguage\":\"es\",\"@id\":\"https:\/\/prep.ccfs-sorbonne.fr\/es\/info-inscripcion\/faq\/que-es-la-etiqueta-fle\/#primaryimage\",\"url\":\"https:\/\/prep.ccfs-sorbonne.fr\/wp-content\/uploads\/2025\/06\/CCFS-10.06.25-Benoit-Diacre-63-scaled.jpg\",\"contentUrl\":\"https:\/\/prep.ccfs-sorbonne.fr\/wp-content\/uploads\/2025\/06\/CCFS-10.06.25-Benoit-Diacre-63-scaled.jpg\",\"width\":2560,\"height\":1707,\"caption\":\"Institution\"},{\"@type\":\"BreadcrumbList\",\"@id\":\"https:\/\/prep.ccfs-sorbonne.fr\/es\/info-inscripcion\/faq\/que-es-la-etiqueta-fle\/#breadcrumb\",\"itemListElement\":[{\"@type\":\"ListItem\",\"position\":1,\"name\":\"Inicio\",\"item\":\"https:\/\/www.ccfs-sorbonne.fr\/es\/\"},{\"@type\":\"ListItem\",\"position\":2,\"name\":\"Informaci\u00f3n y registro\",\"item\":\"https:\/\/www.ccfs-sorbonne.fr\/es\/info-inscripcion\/\"},{\"@type\":\"ListItem\",\"position\":3,\"name\":\"Preguntas frecuentes\",\"item\":\"https:\/\/www.ccfs-sorbonne.fr\/es\/info-inscripcion\/faq\/\"},{\"@type\":\"ListItem\",\"position\":4,\"name\":\"\u00bfQu\u00e9 es la etiqueta FLE?\"}]},{\"@type\":\"WebSite\",\"@id\":\"https:\/\/www.ccfs-sorbonne.fr\/#website\",\"url\":\"https:\/\/www.ccfs-sorbonne.fr\/\",\"name\":\"CCFS Sorbonne\",\"description\":\"\",\"publisher\":{\"@id\":\"https:\/\/www.ccfs-sorbonne.fr\/#organization\"},\"potentialAction\":[{\"@type\":\"SearchAction\",\"target\":{\"@type\":\"EntryPoint\",\"urlTemplate\":\"https:\/\/www.ccfs-sorbonne.fr\/?s={search_term_string}\"},\"query-input\":{\"@type\":\"PropertyValueSpecification\",\"valueRequired\":true,\"valueName\":\"search_term_string\"}}],\"inLanguage\":\"es\"},{\"@type\":\"Organization\",\"@id\":\"https:\/\/www.ccfs-sorbonne.fr\/#organization\",\"name\":\"CCFS Sorbonne\",\"url\":\"https:\/\/www.ccfs-sorbonne.fr\/\",\"logo\":{\"@type\":\"ImageObject\",\"inLanguage\":\"es\",\"@id\":\"https:\/\/www.ccfs-sorbonne.fr\/#\/schema\/logo\/image\/\",\"url\":\"https:\/\/prep.ccfs-sorbonne.fr\/wp-content\/uploads\/2023\/11\/logo-ccfs-sorbonne.png\",\"contentUrl\":\"https:\/\/prep.ccfs-sorbonne.fr\/wp-content\/uploads\/2023\/11\/logo-ccfs-sorbonne.png\",\"width\":300,\"height\":120,\"caption\":\"CCFS Sorbonne\"},\"image\":{\"@id\":\"https:\/\/www.ccfs-sorbonne.fr\/#\/schema\/logo\/image\/\"}}]}<\/script>\n<!-- \/ Yoast SEO plugin. -->","yoast_head_json":{"title":"El sello FLE, garant\u00eda de calidad para la ense\u00f1anza de idiomas","description":"El sello FLE tiene como objetivo garantizar la calidad de la oferta ling\u00fc\u00edstica de los establecimientos franceses. Se basa en la calidad de la formaci\u00f3n ling\u00fc\u00edstica y el nivel de competencia de los profesores.","robots":{"index":"index","follow":"follow","max-snippet":"max-snippet:-1","max-image-preview":"max-image-preview:large","max-video-preview":"max-video-preview:-1"},"canonical":"https:\/\/prep.ccfs-sorbonne.fr\/es\/info-inscripcion\/faq\/que-es-la-etiqueta-fle\/","og_locale":"es_ES","og_type":"article","og_title":"El sello FLE, garant\u00eda de calidad para la ense\u00f1anza de idiomas","og_description":"El sello FLE tiene como objetivo garantizar la calidad de la oferta ling\u00fc\u00edstica de los establecimientos franceses. Se basa en la calidad de la formaci\u00f3n ling\u00fc\u00edstica y el nivel de competencia de los profesores.","og_url":"https:\/\/prep.ccfs-sorbonne.fr\/es\/info-inscripcion\/faq\/que-es-la-etiqueta-fle\/","og_site_name":"CCFS Sorbonne","article_modified_time":"2024-06-13T06:52:12+00:00","twitter_card":"summary_large_image","twitter_misc":{"Tiempo de lectura":"2 minutos"},"schema":{"@context":"https:\/\/schema.org","@graph":[{"@type":"WebPage","@id":"https:\/\/prep.ccfs-sorbonne.fr\/es\/info-inscripcion\/faq\/que-es-la-etiqueta-fle\/","url":"https:\/\/prep.ccfs-sorbonne.fr\/es\/info-inscripcion\/faq\/que-es-la-etiqueta-fle\/","name":"El sello FLE, garant\u00eda de calidad para la ense\u00f1anza de idiomas","isPartOf":{"@id":"https:\/\/www.ccfs-sorbonne.fr\/#website"},"primaryImageOfPage":{"@id":"https:\/\/prep.ccfs-sorbonne.fr\/es\/info-inscripcion\/faq\/que-es-la-etiqueta-fle\/#primaryimage"},"image":{"@id":"https:\/\/prep.ccfs-sorbonne.fr\/es\/info-inscripcion\/faq\/que-es-la-etiqueta-fle\/#primaryimage"},"thumbnailUrl":"https:\/\/prep.ccfs-sorbonne.fr\/wp-content\/uploads\/2025\/06\/CCFS-10.06.25-Benoit-Diacre-63-scaled.jpg","datePublished":"2023-08-24T08:08:21+00:00","dateModified":"2024-06-13T06:52:12+00:00","description":"El sello FLE tiene como objetivo garantizar la calidad de la oferta ling\u00fc\u00edstica de los establecimientos franceses. Se basa en la calidad de la formaci\u00f3n ling\u00fc\u00edstica y el nivel de competencia de los profesores.","breadcrumb":{"@id":"https:\/\/prep.ccfs-sorbonne.fr\/es\/info-inscripcion\/faq\/que-es-la-etiqueta-fle\/#breadcrumb"},"inLanguage":"es","potentialAction":[{"@type":"ReadAction","target":["https:\/\/prep.ccfs-sorbonne.fr\/es\/info-inscripcion\/faq\/que-es-la-etiqueta-fle\/"]}]},{"@type":"ImageObject","inLanguage":"es","@id":"https:\/\/prep.ccfs-sorbonne.fr\/es\/info-inscripcion\/faq\/que-es-la-etiqueta-fle\/#primaryimage","url":"https:\/\/prep.ccfs-sorbonne.fr\/wp-content\/uploads\/2025\/06\/CCFS-10.06.25-Benoit-Diacre-63-scaled.jpg","contentUrl":"https:\/\/prep.ccfs-sorbonne.fr\/wp-content\/uploads\/2025\/06\/CCFS-10.06.25-Benoit-Diacre-63-scaled.jpg","width":2560,"height":1707,"caption":"Institution"},{"@type":"BreadcrumbList","@id":"https:\/\/prep.ccfs-sorbonne.fr\/es\/info-inscripcion\/faq\/que-es-la-etiqueta-fle\/#breadcrumb","itemListElement":[{"@type":"ListItem","position":1,"name":"Inicio","item":"https:\/\/www.ccfs-sorbonne.fr\/es\/"},{"@type":"ListItem","position":2,"name":"Informaci\u00f3n y registro","item":"https:\/\/www.ccfs-sorbonne.fr\/es\/info-inscripcion\/"},{"@type":"ListItem","position":3,"name":"Preguntas frecuentes","item":"https:\/\/www.ccfs-sorbonne.fr\/es\/info-inscripcion\/faq\/"},{"@type":"ListItem","position":4,"name":"\u00bfQu\u00e9 es la etiqueta FLE?"}]},{"@type":"WebSite","@id":"https:\/\/www.ccfs-sorbonne.fr\/#website","url":"https:\/\/www.ccfs-sorbonne.fr\/","name":"CCFS Sorbonne","description":"","publisher":{"@id":"https:\/\/www.ccfs-sorbonne.fr\/#organization"},"potentialAction":[{"@type":"SearchAction","target":{"@type":"EntryPoint","urlTemplate":"https:\/\/www.ccfs-sorbonne.fr\/?s={search_term_string}"},"query-input":{"@type":"PropertyValueSpecification","valueRequired":true,"valueName":"search_term_string"}}],"inLanguage":"es"},{"@type":"Organization","@id":"https:\/\/www.ccfs-sorbonne.fr\/#organization","name":"CCFS Sorbonne","url":"https:\/\/www.ccfs-sorbonne.fr\/","logo":{"@type":"ImageObject","inLanguage":"es","@id":"https:\/\/www.ccfs-sorbonne.fr\/#\/schema\/logo\/image\/","url":"https:\/\/prep.ccfs-sorbonne.fr\/wp-content\/uploads\/2023\/11\/logo-ccfs-sorbonne.png","contentUrl":"https:\/\/prep.ccfs-sorbonne.fr\/wp-content\/uploads\/2023\/11\/logo-ccfs-sorbonne.png","width":300,"height":120,"caption":"CCFS Sorbonne"},"image":{"@id":"https:\/\/www.ccfs-sorbonne.fr\/#\/schema\/logo\/image\/"}}]}},"_links":{"self":[{"href":"https:\/\/prep.ccfs-sorbonne.fr\/es\/wp-json\/wp\/v2\/pages\/94117","targetHints":{"allow":["GET"]}}],"collection":[{"href":"https:\/\/prep.ccfs-sorbonne.fr\/es\/wp-json\/wp\/v2\/pages"}],"about":[{"href":"https:\/\/prep.ccfs-sorbonne.fr\/es\/wp-json\/wp\/v2\/types\/page"}],"author":[{"embeddable":true,"href":"https:\/\/prep.ccfs-sorbonne.fr\/es\/wp-json\/wp\/v2\/users\/8"}],"replies":[{"embeddable":true,"href":"https:\/\/prep.ccfs-sorbonne.fr\/es\/wp-json\/wp\/v2\/comments?post=94117"}],"version-history":[{"count":5,"href":"https:\/\/prep.ccfs-sorbonne.fr\/es\/wp-json\/wp\/v2\/pages\/94117\/revisions"}],"predecessor-version":[{"id":96468,"href":"https:\/\/prep.ccfs-sorbonne.fr\/es\/wp-json\/wp\/v2\/pages\/94117\/revisions\/96468"}],"up":[{"embeddable":true,"href":"https:\/\/prep.ccfs-sorbonne.fr\/es\/wp-json\/wp\/v2\/pages\/92911"}],"wp:featuredmedia":[{"embeddable":true,"href":"https:\/\/prep.ccfs-sorbonne.fr\/es\/wp-json\/wp\/v2\/media\/103786"}],"wp:attachment":[{"href":"https:\/\/prep.ccfs-sorbonne.fr\/es\/wp-json\/wp\/v2\/media?parent=94117"}],"curies":[{"name":"wp","href":"https:\/\/api.w.org\/{rel}","templated":true}]}}