{"id":92915,"date":"2023-08-21T11:23:47","date_gmt":"2023-08-21T09:23:47","guid":{"rendered":"https:\/\/prep.ccfs-sorbonne.fr\/mentions-legales\/"},"modified":"2024-06-13T08:35:30","modified_gmt":"2024-06-13T06:35:30","slug":"aviso-legal","status":"publish","type":"page","link":"https:\/\/prep.ccfs-sorbonne.fr\/es\/aviso-legal\/","title":{"rendered":"Aviso legal"},"content":{"rendered":"\t\t<div data-elementor-type=\"wp-page\" data-elementor-id=\"92915\" class=\"elementor elementor-92915 elementor-1168\" data-elementor-post-type=\"page\">\n\t\t\t\t\t\t<section class=\"elementor-section elementor-top-section elementor-element elementor-element-6db4c223 elementor-section-stretched elementor-section-boxed elementor-section-height-default elementor-section-height-default\" data-id=\"6db4c223\" data-element_type=\"section\" data-settings=\"{&quot;stretch_section&quot;:&quot;section-stretched&quot;,&quot;background_background&quot;:&quot;classic&quot;}\">\n\t\t\t\t\t\t<div class=\"elementor-container elementor-column-gap-default\">\n\t\t\t\t\t<div class=\"elementor-column elementor-col-100 elementor-top-column elementor-element elementor-element-30055244\" data-id=\"30055244\" data-element_type=\"column\">\n\t\t\t<div class=\"elementor-widget-wrap elementor-element-populated\">\n\t\t\t\t\t\t<section class=\"elementor-section elementor-inner-section elementor-element elementor-element-6d27775b elementor-section-boxed elementor-section-height-default elementor-section-height-default\" data-id=\"6d27775b\" data-element_type=\"section\">\n\t\t\t\t\t\t<div class=\"elementor-container elementor-column-gap-default\">\n\t\t\t\t\t<div class=\"elementor-column elementor-col-100 elementor-inner-column elementor-element elementor-element-3b276b52\" data-id=\"3b276b52\" data-element_type=\"column\">\n\t\t\t<div class=\"elementor-widget-wrap elementor-element-populated\">\n\t\t\t\t\t\t<div class=\"elementor-element elementor-element-4feac4ae elementor-widget elementor-widget-heading\" data-id=\"4feac4ae\" data-element_type=\"widget\" data-widget_type=\"heading.default\">\n\t\t\t\t<div class=\"elementor-widget-container\">\n\t\t\t\t\t<h1 class=\"elementor-heading-title elementor-size-default\">Aviso legal<\/h1>\t\t\t\t<\/div>\n\t\t\t\t<\/div>\n\t\t\t\t\t<\/div>\n\t\t<\/div>\n\t\t\t\t\t<\/div>\n\t\t<\/section>\n\t\t\t\t\t<\/div>\n\t\t<\/div>\n\t\t\t\t\t<\/div>\n\t\t<\/section>\n\t\t\t\t<section class=\"elementor-section elementor-top-section elementor-element elementor-element-245d6e21 elementor-section-stretched elementor-section-boxed elementor-section-height-default elementor-section-height-default\" data-id=\"245d6e21\" data-element_type=\"section\" data-settings=\"{&quot;stretch_section&quot;:&quot;section-stretched&quot;}\">\n\t\t\t\t\t\t<div class=\"elementor-container elementor-column-gap-default\">\n\t\t\t\t\t<div class=\"elementor-column elementor-col-100 elementor-top-column elementor-element elementor-element-6f92eaac\" data-id=\"6f92eaac\" data-element_type=\"column\">\n\t\t\t<div class=\"elementor-widget-wrap elementor-element-populated\">\n\t\t\t\t\t\t<div class=\"elementor-element elementor-element-42c964f elementor-widget elementor-widget-global elementor-global-82281 elementor-widget-breadcrumbs\" data-id=\"42c964f\" data-element_type=\"widget\" data-widget_type=\"breadcrumbs.default\">\n\t\t\t\t<div class=\"elementor-widget-container\">\n\t\t\t\t\t<p id=\"breadcrumbs\"><span><span><a href=\"https:\/\/www.ccfs-sorbonne.fr\/es\/\">Inicio<\/a><\/span><\/span><\/p>\t\t\t\t<\/div>\n\t\t\t\t<\/div>\n\t\t\t\t<div class=\"elementor-element elementor-element-46fade29 elementor-widget elementor-widget-text-editor\" data-id=\"46fade29\" data-element_type=\"widget\" data-widget_type=\"text-editor.default\">\n\t\t\t\t<div class=\"elementor-widget-container\">\n\t\t\t\t\t\t\t\t\t<h2><b>Director de Publicaci\u00f3n<\/b><\/h2><p>Sr. Fr\u00e9d\u00e9ric Rensonnet, presidente delegado de los Cours de civilisation fran\u00e7aise de la Sorbonne.<\/p><h2><b>Editor<\/b><\/h2><p>SAS <a href=\"https:\/\/ccfs-sorbonne.fr\/\">Cours de civilisation fran\u00e7aise de la Sorbonne.<\/a><\/p><h2><b>Procesamiento de Datos Personales:<\/b><\/h2><p>De acuerdo con la Ley N.\u00ba 78-17 del 6 de enero de 1978, modificada en 2004, relativa al procesamiento de datos, archivos y libertades, cualquier persona puede obtener comunicaci\u00f3n y, si corresponde, correcci\u00f3n, eliminaci\u00f3n u oposici\u00f3n de informaci\u00f3n que les concierna.<\/p><p>Este derecho puede ejercerse por correo electr\u00f3nico en <a href=\"mailto:contact@ccfs-sorbonne.fr\">contact@ccfs-sorbonne.fr<\/a><\/p><h2><b>T\u00e9rminos de Uso<\/b><\/h2><p>Los usuarios del sitio deben cumplir con las disposiciones de la ley relacionada con el procesamiento de datos, archivos y libertades. Se deben abstener especialmente de cualquier recolecci\u00f3n, mal uso y, en general, cualquier acto que pueda da\u00f1ar la privacidad o reputaci\u00f3n de las personas.<\/p><h2><b>Trazabilidad<\/b><\/h2><p>Se informa al usuario que durante sus visitas al sitio, se puede instalar autom\u00e1ticamente una cookie en su navegador.<\/p><h2><b>Derechos de Autor y Derechos de Reproducci\u00f3n<\/b><\/h2><p>Este sitio es propiedad exclusiva de los Cours de civilisation fran\u00e7aise de la Sorbonne, sujeto a la legislaci\u00f3n francesa e internacional sobre derechos de autor y propiedad intelectual.<\/p><h2><b>Im\u00e1genes<\/b><\/h2><p>\u00a9 Quentin Bertoux<br \/>\u00a9 Recognity<br \/>\u00a9 Adobe Stock<\/p><h2><b>Limitaci\u00f3n de Responsabilidad<\/b><\/h2><p>La responsabilidad de los Cours de civilisation fran\u00e7aise de la Sorbonne no puede comprometerse en cuanto al contenido de la informaci\u00f3n que aparece en este sitio o las consecuencias de su uso o interpretaci\u00f3n.<\/p><p>Cualquier error, informaci\u00f3n desactualizada o p\u00e1gina inaccesible puede ser reportado a <a href=\"mailto:contact@ccfs-sorbonne.fr\">contact@ccfs-sorbonne.fr<\/a>.<\/p><h2><b>Alojamiento<\/b><\/h2><p><a href=\"https:\/\/www.digdeo.fr\/\" target=\"_blank\" rel=\"noopener\">SAS DigDeo<\/a><br \/>Espace Lumi\u00e8re, 51-57 boulevard de la R\u00e9publique 78400 Chatou<br \/>Capital social : 244 000\u20ac<br \/>RCS : Versailles B 521 582 833<br \/>TVA : FR92521582833, SIREN : 521582833, SIRET : 52158283300039<br \/>+33 (1) 85 39 06 30<\/p>\t\t\t\t\t\t\t\t<\/div>\n\t\t\t\t<\/div>\n\t\t\t\t\t<\/div>\n\t\t<\/div>\n\t\t\t\t\t<\/div>\n\t\t<\/section>\n\t\t\t\t<\/div>\n\t\t","protected":false},"excerpt":{"rendered":"<p>Aviso legal Director de Publicaci\u00f3n Sr. Fr\u00e9d\u00e9ric Rensonnet, presidente delegado de los Cours de civilisation fran\u00e7aise de la Sorbonne. Editor SAS Cours de civilisation fran\u00e7aise de la Sorbonne. Procesamiento de [&hellip;]<\/p>\n","protected":false},"author":8,"featured_media":0,"parent":0,"menu_order":0,"comment_status":"closed","ping_status":"closed","template":"","meta":{"_acf_changed":false,"footnotes":""},"class_list":["post-92915","page","type-page","status-publish","hentry"],"acf":[],"yoast_head":"<!-- This site is optimized with the Yoast SEO plugin v24.8.1 - https:\/\/yoast.com\/wordpress\/plugins\/seo\/ -->\n<title>Aviso legal - CCFS Sorbonne<\/title>\n<meta name=\"description\" content=\"Avisos legales del CCFS de la Sorbona. La fecha de actualizaci\u00f3n se muestra en la p\u00e1gina. Consulta nuestros Avisos Legales para obtener informaci\u00f3n detallada sobre los derechos de uso, propiedad intelectual y responsabilidades relacionadas con el uso de nuestro sitio web.\" \/>\n<meta name=\"robots\" content=\"index, follow, max-snippet:-1, max-image-preview:large, max-video-preview:-1\" \/>\n<link rel=\"canonical\" href=\"https:\/\/prep.ccfs-sorbonne.fr\/es\/aviso-legal\/\" \/>\n<meta property=\"og:locale\" content=\"es_ES\" \/>\n<meta property=\"og:type\" content=\"article\" \/>\n<meta property=\"og:title\" content=\"Aviso legal - CCFS Sorbonne\" \/>\n<meta property=\"og:description\" content=\"Avisos legales del CCFS de la Sorbona. La fecha de actualizaci\u00f3n se muestra en la p\u00e1gina. Consulta nuestros Avisos Legales para obtener informaci\u00f3n detallada sobre los derechos de uso, propiedad intelectual y responsabilidades relacionadas con el uso de nuestro sitio web.\" \/>\n<meta property=\"og:url\" content=\"https:\/\/prep.ccfs-sorbonne.fr\/es\/aviso-legal\/\" \/>\n<meta property=\"og:site_name\" content=\"CCFS Sorbonne\" \/>\n<meta property=\"article:modified_time\" content=\"2024-06-13T06:35:30+00:00\" \/>\n<meta name=\"twitter:card\" content=\"summary_large_image\" \/>\n<meta name=\"twitter:label1\" content=\"Tiempo de lectura\" \/>\n\t<meta name=\"twitter:data1\" content=\"2 minutos\" \/>\n<script type=\"application\/ld+json\" class=\"yoast-schema-graph\">{\"@context\":\"https:\/\/schema.org\",\"@graph\":[{\"@type\":\"WebPage\",\"@id\":\"https:\/\/prep.ccfs-sorbonne.fr\/es\/aviso-legal\/\",\"url\":\"https:\/\/prep.ccfs-sorbonne.fr\/es\/aviso-legal\/\",\"name\":\"Aviso legal - CCFS Sorbonne\",\"isPartOf\":{\"@id\":\"https:\/\/www.ccfs-sorbonne.fr\/#website\"},\"datePublished\":\"2023-08-21T09:23:47+00:00\",\"dateModified\":\"2024-06-13T06:35:30+00:00\",\"description\":\"Avisos legales del CCFS de la Sorbona. La fecha de actualizaci\u00f3n se muestra en la p\u00e1gina. Consulta nuestros Avisos Legales para obtener informaci\u00f3n detallada sobre los derechos de uso, propiedad intelectual y responsabilidades relacionadas con el uso de nuestro sitio web.\",\"breadcrumb\":{\"@id\":\"https:\/\/prep.ccfs-sorbonne.fr\/es\/aviso-legal\/#breadcrumb\"},\"inLanguage\":\"es\",\"potentialAction\":[{\"@type\":\"ReadAction\",\"target\":[\"https:\/\/prep.ccfs-sorbonne.fr\/es\/aviso-legal\/\"]}]},{\"@type\":\"BreadcrumbList\",\"@id\":\"https:\/\/prep.ccfs-sorbonne.fr\/es\/aviso-legal\/#breadcrumb\",\"itemListElement\":[{\"@type\":\"ListItem\",\"position\":1,\"name\":\"Inicio\",\"item\":\"https:\/\/www.ccfs-sorbonne.fr\/es\/\"},{\"@type\":\"ListItem\",\"position\":2,\"name\":\"Aviso legal\"}]},{\"@type\":\"WebSite\",\"@id\":\"https:\/\/www.ccfs-sorbonne.fr\/#website\",\"url\":\"https:\/\/www.ccfs-sorbonne.fr\/\",\"name\":\"CCFS Sorbonne\",\"description\":\"\",\"publisher\":{\"@id\":\"https:\/\/www.ccfs-sorbonne.fr\/#organization\"},\"potentialAction\":[{\"@type\":\"SearchAction\",\"target\":{\"@type\":\"EntryPoint\",\"urlTemplate\":\"https:\/\/www.ccfs-sorbonne.fr\/?s={search_term_string}\"},\"query-input\":{\"@type\":\"PropertyValueSpecification\",\"valueRequired\":true,\"valueName\":\"search_term_string\"}}],\"inLanguage\":\"es\"},{\"@type\":\"Organization\",\"@id\":\"https:\/\/www.ccfs-sorbonne.fr\/#organization\",\"name\":\"CCFS Sorbonne\",\"url\":\"https:\/\/www.ccfs-sorbonne.fr\/\",\"logo\":{\"@type\":\"ImageObject\",\"inLanguage\":\"es\",\"@id\":\"https:\/\/www.ccfs-sorbonne.fr\/#\/schema\/logo\/image\/\",\"url\":\"https:\/\/prep.ccfs-sorbonne.fr\/wp-content\/uploads\/2023\/11\/logo-ccfs-sorbonne.png\",\"contentUrl\":\"https:\/\/prep.ccfs-sorbonne.fr\/wp-content\/uploads\/2023\/11\/logo-ccfs-sorbonne.png\",\"width\":300,\"height\":120,\"caption\":\"CCFS Sorbonne\"},\"image\":{\"@id\":\"https:\/\/www.ccfs-sorbonne.fr\/#\/schema\/logo\/image\/\"}}]}<\/script>\n<!-- \/ Yoast SEO plugin. -->","yoast_head_json":{"title":"Aviso legal - CCFS Sorbonne","description":"Avisos legales del CCFS de la Sorbona. La fecha de actualizaci\u00f3n se muestra en la p\u00e1gina. Consulta nuestros Avisos Legales para obtener informaci\u00f3n detallada sobre los derechos de uso, propiedad intelectual y responsabilidades relacionadas con el uso de nuestro sitio web.","robots":{"index":"index","follow":"follow","max-snippet":"max-snippet:-1","max-image-preview":"max-image-preview:large","max-video-preview":"max-video-preview:-1"},"canonical":"https:\/\/prep.ccfs-sorbonne.fr\/es\/aviso-legal\/","og_locale":"es_ES","og_type":"article","og_title":"Aviso legal - CCFS Sorbonne","og_description":"Avisos legales del CCFS de la Sorbona. La fecha de actualizaci\u00f3n se muestra en la p\u00e1gina. Consulta nuestros Avisos Legales para obtener informaci\u00f3n detallada sobre los derechos de uso, propiedad intelectual y responsabilidades relacionadas con el uso de nuestro sitio web.","og_url":"https:\/\/prep.ccfs-sorbonne.fr\/es\/aviso-legal\/","og_site_name":"CCFS Sorbonne","article_modified_time":"2024-06-13T06:35:30+00:00","twitter_card":"summary_large_image","twitter_misc":{"Tiempo de lectura":"2 minutos"},"schema":{"@context":"https:\/\/schema.org","@graph":[{"@type":"WebPage","@id":"https:\/\/prep.ccfs-sorbonne.fr\/es\/aviso-legal\/","url":"https:\/\/prep.ccfs-sorbonne.fr\/es\/aviso-legal\/","name":"Aviso legal - CCFS Sorbonne","isPartOf":{"@id":"https:\/\/www.ccfs-sorbonne.fr\/#website"},"datePublished":"2023-08-21T09:23:47+00:00","dateModified":"2024-06-13T06:35:30+00:00","description":"Avisos legales del CCFS de la Sorbona. La fecha de actualizaci\u00f3n se muestra en la p\u00e1gina. Consulta nuestros Avisos Legales para obtener informaci\u00f3n detallada sobre los derechos de uso, propiedad intelectual y responsabilidades relacionadas con el uso de nuestro sitio web.","breadcrumb":{"@id":"https:\/\/prep.ccfs-sorbonne.fr\/es\/aviso-legal\/#breadcrumb"},"inLanguage":"es","potentialAction":[{"@type":"ReadAction","target":["https:\/\/prep.ccfs-sorbonne.fr\/es\/aviso-legal\/"]}]},{"@type":"BreadcrumbList","@id":"https:\/\/prep.ccfs-sorbonne.fr\/es\/aviso-legal\/#breadcrumb","itemListElement":[{"@type":"ListItem","position":1,"name":"Inicio","item":"https:\/\/www.ccfs-sorbonne.fr\/es\/"},{"@type":"ListItem","position":2,"name":"Aviso legal"}]},{"@type":"WebSite","@id":"https:\/\/www.ccfs-sorbonne.fr\/#website","url":"https:\/\/www.ccfs-sorbonne.fr\/","name":"CCFS Sorbonne","description":"","publisher":{"@id":"https:\/\/www.ccfs-sorbonne.fr\/#organization"},"potentialAction":[{"@type":"SearchAction","target":{"@type":"EntryPoint","urlTemplate":"https:\/\/www.ccfs-sorbonne.fr\/?s={search_term_string}"},"query-input":{"@type":"PropertyValueSpecification","valueRequired":true,"valueName":"search_term_string"}}],"inLanguage":"es"},{"@type":"Organization","@id":"https:\/\/www.ccfs-sorbonne.fr\/#organization","name":"CCFS Sorbonne","url":"https:\/\/www.ccfs-sorbonne.fr\/","logo":{"@type":"ImageObject","inLanguage":"es","@id":"https:\/\/www.ccfs-sorbonne.fr\/#\/schema\/logo\/image\/","url":"https:\/\/prep.ccfs-sorbonne.fr\/wp-content\/uploads\/2023\/11\/logo-ccfs-sorbonne.png","contentUrl":"https:\/\/prep.ccfs-sorbonne.fr\/wp-content\/uploads\/2023\/11\/logo-ccfs-sorbonne.png","width":300,"height":120,"caption":"CCFS Sorbonne"},"image":{"@id":"https:\/\/www.ccfs-sorbonne.fr\/#\/schema\/logo\/image\/"}}]}},"_links":{"self":[{"href":"https:\/\/prep.ccfs-sorbonne.fr\/es\/wp-json\/wp\/v2\/pages\/92915","targetHints":{"allow":["GET"]}}],"collection":[{"href":"https:\/\/prep.ccfs-sorbonne.fr\/es\/wp-json\/wp\/v2\/pages"}],"about":[{"href":"https:\/\/prep.ccfs-sorbonne.fr\/es\/wp-json\/wp\/v2\/types\/page"}],"author":[{"embeddable":true,"href":"https:\/\/prep.ccfs-sorbonne.fr\/es\/wp-json\/wp\/v2\/users\/8"}],"replies":[{"embeddable":true,"href":"https:\/\/prep.ccfs-sorbonne.fr\/es\/wp-json\/wp\/v2\/comments?post=92915"}],"version-history":[{"count":5,"href":"https:\/\/prep.ccfs-sorbonne.fr\/es\/wp-json\/wp\/v2\/pages\/92915\/revisions"}],"predecessor-version":[{"id":96309,"href":"https:\/\/prep.ccfs-sorbonne.fr\/es\/wp-json\/wp\/v2\/pages\/92915\/revisions\/96309"}],"wp:attachment":[{"href":"https:\/\/prep.ccfs-sorbonne.fr\/es\/wp-json\/wp\/v2\/media?parent=92915"}],"curies":[{"name":"wp","href":"https:\/\/api.w.org\/{rel}","templated":true}]}}