{"id":92911,"date":"2023-06-01T08:19:11","date_gmt":"2023-06-01T06:19:11","guid":{"rendered":"https:\/\/prep.ccfs-sorbonne.fr\/info-inscripcion\/faq\/"},"modified":"2024-10-02T13:50:26","modified_gmt":"2024-10-02T11:50:26","slug":"faq","status":"publish","type":"page","link":"https:\/\/prep.ccfs-sorbonne.fr\/es\/info-inscripcion\/faq\/","title":{"rendered":"Preguntas frecuentes"},"content":{"rendered":"\t\t<div data-elementor-type=\"wp-page\" data-elementor-id=\"92911\" class=\"elementor elementor-92911 elementor-75\" data-elementor-post-type=\"page\">\n\t\t\t\t\t\t<section class=\"elementor-section elementor-top-section elementor-element elementor-element-024ee1f elementor-section-stretched elementor-section-boxed elementor-section-height-default elementor-section-height-default\" data-id=\"024ee1f\" data-element_type=\"section\" data-settings=\"{&quot;stretch_section&quot;:&quot;section-stretched&quot;,&quot;background_background&quot;:&quot;classic&quot;}\">\n\t\t\t\t\t\t\t<div class=\"elementor-background-overlay\"><\/div>\n\t\t\t\t\t\t\t<div class=\"elementor-container elementor-column-gap-default\">\n\t\t\t\t\t<div class=\"elementor-column elementor-col-100 elementor-top-column elementor-element elementor-element-68bb8bb\" data-id=\"68bb8bb\" data-element_type=\"column\">\n\t\t\t<div class=\"elementor-widget-wrap elementor-element-populated\">\n\t\t\t\t\t\t<section class=\"elementor-section elementor-inner-section elementor-element elementor-element-02959ed elementor-section-boxed elementor-section-height-default elementor-section-height-default\" data-id=\"02959ed\" data-element_type=\"section\">\n\t\t\t\t\t\t<div class=\"elementor-container elementor-column-gap-default\">\n\t\t\t\t\t<div class=\"elementor-column elementor-col-50 elementor-inner-column elementor-element elementor-element-d60be57\" data-id=\"d60be57\" data-element_type=\"column\">\n\t\t\t<div class=\"elementor-widget-wrap elementor-element-populated\">\n\t\t\t\t\t\t<div class=\"elementor-element elementor-element-5581dd0 elementor-widget elementor-widget-heading\" data-id=\"5581dd0\" data-element_type=\"widget\" data-widget_type=\"heading.default\">\n\t\t\t\t<div class=\"elementor-widget-container\">\n\t\t\t\t\t<h1 class=\"elementor-heading-title elementor-size-default\">FAQ<\/h1>\t\t\t\t<\/div>\n\t\t\t\t<\/div>\n\t\t\t\t\t<\/div>\n\t\t<\/div>\n\t\t\t\t<div class=\"elementor-column elementor-col-50 elementor-inner-column elementor-element elementor-element-2a52215 elementor-hidden-mobile elementor-hidden-tablet\" data-id=\"2a52215\" data-element_type=\"column\">\n\t\t\t<div class=\"elementor-widget-wrap elementor-element-populated\">\n\t\t\t\t\t\t<div class=\"elementor-element elementor-element-f8093f0 elementor-widget elementor-widget-image\" data-id=\"f8093f0\" data-element_type=\"widget\" data-widget_type=\"image.default\">\n\t\t\t\t<div class=\"elementor-widget-container\">\n\t\t\t\t\t\t\t\t\t\t\t\t\t\t\t<img fetchpriority=\"high\" decoding=\"async\" width=\"300\" height=\"400\" src=\"https:\/\/prep.ccfs-sorbonne.fr\/wp-content\/uploads\/2024\/07\/etudiant-11-ccfs-1.png\" class=\"attachment-full size-full wp-image-97518\" alt=\"\" srcset=\"https:\/\/prep.ccfs-sorbonne.fr\/wp-content\/uploads\/2024\/07\/etudiant-11-ccfs-1.png 300w, https:\/\/prep.ccfs-sorbonne.fr\/wp-content\/uploads\/2024\/07\/etudiant-11-ccfs-1-225x300.png 225w\" sizes=\"(max-width: 300px) 100vw, 300px\" \/>\t\t\t\t\t\t\t\t\t\t\t\t\t\t\t<\/div>\n\t\t\t\t<\/div>\n\t\t\t\t\t<\/div>\n\t\t<\/div>\n\t\t\t\t\t<\/div>\n\t\t<\/section>\n\t\t\t\t\t<\/div>\n\t\t<\/div>\n\t\t\t\t\t<\/div>\n\t\t<\/section>\n\t\t\t\t<section class=\"elementor-section elementor-top-section elementor-element elementor-element-5f515ce4 elementor-section-stretched elementor-section-boxed elementor-section-height-default elementor-section-height-default\" data-id=\"5f515ce4\" data-element_type=\"section\" data-settings=\"{&quot;stretch_section&quot;:&quot;section-stretched&quot;}\">\n\t\t\t\t\t\t<div class=\"elementor-container elementor-column-gap-default\">\n\t\t\t\t\t<div class=\"elementor-column elementor-col-100 elementor-top-column elementor-element elementor-element-65cac1fa\" data-id=\"65cac1fa\" data-element_type=\"column\">\n\t\t\t<div class=\"elementor-widget-wrap elementor-element-populated\">\n\t\t\t\t\t\t<div class=\"elementor-element elementor-element-7c82356 elementor-widget elementor-widget-global elementor-global-82281 elementor-widget-breadcrumbs\" data-id=\"7c82356\" data-element_type=\"widget\" data-widget_type=\"breadcrumbs.default\">\n\t\t\t\t<div class=\"elementor-widget-container\">\n\t\t\t\t\t<p id=\"breadcrumbs\"><span><span><a href=\"https:\/\/www.ccfs-sorbonne.fr\/es\/\">Inicio<\/a><\/span><\/span><\/p>\t\t\t\t<\/div>\n\t\t\t\t<\/div>\n\t\t\t\t<div class=\"elementor-element elementor-element-5ec1470 elementor-widget elementor-widget-shortcode\" data-id=\"5ec1470\" data-element_type=\"widget\" data-widget_type=\"shortcode.default\">\n\t\t\t\t<div class=\"elementor-widget-container\">\n\t\t\t\t\t\t\t<div class=\"elementor-shortcode\"><ul class='listing-page-enfant-faq'><li class='bloc-page-enfant-faq'>\r\n            <div class='image-enfant-faq'>\r\n              <img src='https:\/\/www.ccfs-sorbonne.fr\/wp-content\/uploads\/2023\/10\/trombone.png' alt='&iquest;CCFS ofrece cursos de idiomas para profesionales?' title='&iquest;CCFS ofrece cursos de idiomas para profesionales?'>\r\n            <\/div>\r\n          <div class='detail-enfant-faq'><div class='nom-page-enfant-faq'><h2><a href='https:\/\/prep.ccfs-sorbonne.fr\/es\/info-inscripcion\/faq\/ccfs-ofrece-cursos-de-idiomas-para-profesionales\/' title='&iquest;CCFS ofrece cursos de idiomas para profesionales?'>\u00bfCCFS ofrece cursos de idiomas para profesionales?<\/a><\/h2><\/div><div class='texte-listing'>S\u00ed, los Cours de Civilisation Fran\u00e7aise de la Sorbonne ofrecen una oferta ling\u00fc\u00edstica dirigida a empresarios y profesionales en general.<\/div><div class='voir-plus'><a href='https:\/\/prep.ccfs-sorbonne.fr\/es\/info-inscripcion\/faq\/ccfs-ofrece-cursos-de-idiomas-para-profesionales\/' title='&iquest;CCFS ofrece cursos de idiomas para profesionales?'>Ver m\u00e1s<\/a><\/div><\/div><\/li><li class='bloc-page-enfant-faq'>\r\n            <div class='image-enfant-faq'>\r\n              <img src='https:\/\/www.ccfs-sorbonne.fr\/wp-content\/uploads\/2023\/10\/trombone.png' alt='&iquest;Cu&aacute;l es el contenido de un curso de civilizaci&oacute;n francesa?' title='&iquest;Cu&aacute;l es el contenido de un curso de civilizaci&oacute;n francesa?'>\r\n            <\/div>\r\n          <div class='detail-enfant-faq'><div class='nom-page-enfant-faq'><h2><a href='https:\/\/prep.ccfs-sorbonne.fr\/es\/info-inscripcion\/faq\/cual-es-el-contenido-de-un-curso-de-civilizacion-francesa\/' title='&iquest;Cu&aacute;l es el contenido de un curso de civilizaci&oacute;n francesa?'>\u00bfCu\u00e1l es el contenido de un curso de civilizaci\u00f3n francesa?<\/a><\/h2><\/div><div class='texte-listing'>Los cursos de civilizaci\u00f3n francesa ofrecidos por los CCFS abordan la cultura y la sociedad francesa desde diferentes aspectos, incluyendo la historia, la literatura, la filosof\u00eda, las artes y las ciencias.<\/div><div class='voir-plus'><a href='https:\/\/prep.ccfs-sorbonne.fr\/es\/info-inscripcion\/faq\/cual-es-el-contenido-de-un-curso-de-civilizacion-francesa\/' title='&iquest;Cu&aacute;l es el contenido de un curso de civilizaci&oacute;n francesa?'>Ver m\u00e1s<\/a><\/div><\/div><\/li><li class='bloc-page-enfant-faq'>\r\n            <div class='image-enfant-faq'>\r\n              <img src='https:\/\/www.ccfs-sorbonne.fr\/wp-content\/uploads\/2023\/10\/trombone.png' alt='&iquest;Qu&eacute; cursos de diploma se ofrecen en CCFS?' title='&iquest;Qu&eacute; cursos de diploma se ofrecen en CCFS?'>\r\n            <\/div>\r\n          <div class='detail-enfant-faq'><div class='nom-page-enfant-faq'><h2><a href='https:\/\/prep.ccfs-sorbonne.fr\/es\/info-inscripcion\/faq\/que-cursos-de-diploma-se-ofrecen-en-ccfs\/' title='&iquest;Qu&eacute; cursos de diploma se ofrecen en CCFS?'>\u00bfQu\u00e9 cursos de diploma se ofrecen en CCFS?<\/a><\/h2><\/div><div class='texte-listing'>Los Cursos de Civilizaci\u00f3n Francesa de la Sorbona son un centro de ex\u00e1menes autorizado en Par\u00eds que permite obtener diplomas nacionales oficiales en lengua francesa.<\/div><div class='voir-plus'><a href='https:\/\/prep.ccfs-sorbonne.fr\/es\/info-inscripcion\/faq\/que-cursos-de-diploma-se-ofrecen-en-ccfs\/' title='&iquest;Qu&eacute; cursos de diploma se ofrecen en CCFS?'>Ver m\u00e1s<\/a><\/div><\/div><\/li><li class='bloc-page-enfant-faq'>\r\n            <div class='image-enfant-faq'>\r\n              <img src='https:\/\/www.ccfs-sorbonne.fr\/wp-content\/uploads\/2023\/10\/trombone.png' alt='&iquest;Qu&eacute; es la etiqueta FLE?' title='&iquest;Qu&eacute; es la etiqueta FLE?'>\r\n            <\/div>\r\n          <div class='detail-enfant-faq'><div class='nom-page-enfant-faq'><h2><a href='https:\/\/prep.ccfs-sorbonne.fr\/es\/info-inscripcion\/faq\/que-es-la-etiqueta-fle\/' title='&iquest;Qu&eacute; es la etiqueta FLE?'>\u00bfQu\u00e9 es la etiqueta FLE?<\/a><\/h2><\/div><div class='texte-listing'>El sello FLE (Franc\u00e9s Lengua Extranjera) permite identificar y promover los centros y establecimientos cuyas ense\u00f1anzas ofrecen importantes garant\u00edas de calidad.<\/div><div class='voir-plus'><a href='https:\/\/prep.ccfs-sorbonne.fr\/es\/info-inscripcion\/faq\/que-es-la-etiqueta-fle\/' title='&iquest;Qu&eacute; es la etiqueta FLE?'>Ver m\u00e1s<\/a><\/div><\/div><\/li><li class='bloc-page-enfant-faq'>\r\n            <div class='image-enfant-faq'>\r\n              <img src='https:\/\/www.ccfs-sorbonne.fr\/wp-content\/uploads\/2023\/10\/trombone.png' alt='&iquest;Qu&eacute; niveles de idioma se ofrecen?' title='&iquest;Qu&eacute; niveles de idioma se ofrecen?'>\r\n            <\/div>\r\n          <div class='detail-enfant-faq'><div class='nom-page-enfant-faq'><h2><a href='https:\/\/prep.ccfs-sorbonne.fr\/es\/info-inscripcion\/faq\/que-niveles-de-idioma-se-ofrecen\/' title='&iquest;Qu&eacute; niveles de idioma se ofrecen?'>\u00bfQu\u00e9 niveles de idioma se ofrecen?<\/a><\/h2><\/div><div class='texte-listing'>Los cursos de civilizaci\u00f3n francesa de la Sorbona satisfacen las necesidades de todos los estudiantes internacionales, independientemente de su nivel de franc\u00e9s.<\/div><div class='voir-plus'><a href='https:\/\/prep.ccfs-sorbonne.fr\/es\/info-inscripcion\/faq\/que-niveles-de-idioma-se-ofrecen\/' title='&iquest;Qu&eacute; niveles de idioma se ofrecen?'>Ver m\u00e1s<\/a><\/div><\/div><\/li><\/ul><\/div>\n\t\t\t\t\t\t<\/div>\n\t\t\t\t<\/div>\n\t\t\t\t\t<\/div>\n\t\t<\/div>\n\t\t\t\t\t<\/div>\n\t\t<\/section>\n\t\t<div class=\"elementor-element elementor-element-8099641 e-flex e-con-boxed e-con e-parent\" data-id=\"8099641\" data-element_type=\"container\">\n\t\t\t\t\t<div class=\"e-con-inner\">\n\t\t\t\t<div class=\"elementor-element elementor-element-2217f01 elementor-widget-divider--view-line elementor-widget elementor-widget-divider\" data-id=\"2217f01\" data-element_type=\"widget\" data-widget_type=\"divider.default\">\n\t\t\t\t<div class=\"elementor-widget-container\">\n\t\t\t\t\t\t\t<div class=\"elementor-divider\">\n\t\t\t<span class=\"elementor-divider-separator\">\n\t\t\t\t\t\t<\/span>\n\t\t<\/div>\n\t\t\t\t\t\t<\/div>\n\t\t\t\t<\/div>\n\t\t\t\t<div class=\"elementor-element elementor-element-459bd2b elementor-widget elementor-widget-shortcode\" data-id=\"459bd2b\" data-element_type=\"widget\" data-widget_type=\"shortcode.default\">\n\t\t\t\t<div class=\"elementor-widget-container\">\n\t\t\t\t\t\t\t<div class=\"elementor-shortcode\"><ul class='listing-page-soeur'><li class='bloc-page-soeur'><a class='image-soeur' style='background:url(https:\/\/prep.ccfs-sorbonne.fr\/wp-content\/uploads\/2023\/11\/Recognity-Shoot-Etudiant-Paris-41.jpg)' href='https:\/\/prep.ccfs-sorbonne.fr\/es\/info-inscripcion\/inscribirse-en-los-ccfs\/' title='Inscribirse en los CCFS'><\/a><div class='detail-soeur'><div class='nom-page-soeur'><h2><a href='https:\/\/prep.ccfs-sorbonne.fr\/es\/info-inscripcion\/inscribirse-en-los-ccfs\/' title='Inscribirse en los CCFS'>Inscribirse en los CCFS<\/a><\/h2><\/div><\/div><\/li><li class='bloc-page-soeur'><a class='image-soeur' style='background:url(https:\/\/prep.ccfs-sorbonne.fr\/wp-content\/uploads\/2023\/11\/AdobeStock_243575259.jpeg)' href='https:\/\/prep.ccfs-sorbonne.fr\/es\/info-inscripcion\/estudiar-en-paris\/' title='Estudiar en Par&iacute;s'><\/a><div class='detail-soeur'><div class='nom-page-soeur'><h2><a href='https:\/\/prep.ccfs-sorbonne.fr\/es\/info-inscripcion\/estudiar-en-paris\/' title='Estudiar en Par&iacute;s'>Estudiar en Par\u00eds<\/a><\/h2><\/div><\/div><\/li><\/ul><\/div>\n\t\t\t\t\t\t<\/div>\n\t\t\t\t<\/div>\n\t\t\t\t\t<\/div>\n\t\t\t\t<\/div>\n\t\t\t\t<\/div>\n\t\t","protected":false},"excerpt":{"rendered":"<p>FAQ<\/p>\n","protected":false},"author":8,"featured_media":100534,"parent":92895,"menu_order":3,"comment_status":"closed","ping_status":"closed","template":"","meta":{"_acf_changed":false,"footnotes":""},"class_list":["post-92911","page","type-page","status-publish","has-post-thumbnail","hentry"],"acf":[],"yoast_head":"<!-- This site is optimized with the Yoast SEO plugin v24.8.1 - https:\/\/yoast.com\/wordpress\/plugins\/seo\/ -->\n<title>Preguntas frecuentes<\/title>\n<meta name=\"description\" content=\"Preguntas frecuentes, todas las preguntas para los estudiantes extranjeros que desean seguir una formaci\u00f3n en el CCF de la Sorbona.\" \/>\n<meta name=\"robots\" content=\"index, follow, max-snippet:-1, max-image-preview:large, max-video-preview:-1\" \/>\n<link rel=\"canonical\" href=\"https:\/\/prep.ccfs-sorbonne.fr\/es\/info-inscripcion\/faq\/\" \/>\n<meta property=\"og:locale\" content=\"es_ES\" \/>\n<meta property=\"og:type\" content=\"article\" \/>\n<meta property=\"og:title\" content=\"Preguntas frecuentes\" \/>\n<meta property=\"og:description\" content=\"Preguntas frecuentes, todas las preguntas para los estudiantes extranjeros que desean seguir una formaci\u00f3n en el CCF de la Sorbona.\" \/>\n<meta property=\"og:url\" content=\"https:\/\/prep.ccfs-sorbonne.fr\/es\/info-inscripcion\/faq\/\" \/>\n<meta property=\"og:site_name\" content=\"CCFS Sorbonne\" \/>\n<meta property=\"article:modified_time\" content=\"2024-10-02T11:50:26+00:00\" \/>\n<meta property=\"og:image\" content=\"https:\/\/www.ccfs-sorbonne.fr\/wp-content\/uploads\/2023\/11\/AdobeStock_417539116.jpeg\" \/>\n\t<meta property=\"og:image:width\" content=\"1920\" \/>\n\t<meta property=\"og:image:height\" content=\"1080\" \/>\n\t<meta property=\"og:image:type\" content=\"image\/jpeg\" \/>\n<meta name=\"twitter:card\" content=\"summary_large_image\" \/>\n<meta name=\"twitter:label1\" content=\"Tiempo de lectura\" \/>\n\t<meta name=\"twitter:data1\" content=\"1 minuto\" \/>\n<script type=\"application\/ld+json\" class=\"yoast-schema-graph\">{\"@context\":\"https:\/\/schema.org\",\"@graph\":[{\"@type\":\"WebPage\",\"@id\":\"https:\/\/prep.ccfs-sorbonne.fr\/es\/info-inscripcion\/faq\/\",\"url\":\"https:\/\/prep.ccfs-sorbonne.fr\/es\/info-inscripcion\/faq\/\",\"name\":\"Preguntas frecuentes\",\"isPartOf\":{\"@id\":\"https:\/\/www.ccfs-sorbonne.fr\/#website\"},\"primaryImageOfPage\":{\"@id\":\"https:\/\/prep.ccfs-sorbonne.fr\/es\/info-inscripcion\/faq\/#primaryimage\"},\"image\":{\"@id\":\"https:\/\/prep.ccfs-sorbonne.fr\/es\/info-inscripcion\/faq\/#primaryimage\"},\"thumbnailUrl\":\"https:\/\/prep.ccfs-sorbonne.fr\/wp-content\/uploads\/2025\/01\/phonetique-francais-pour-mieux-parler.webp\",\"datePublished\":\"2023-06-01T06:19:11+00:00\",\"dateModified\":\"2024-10-02T11:50:26+00:00\",\"description\":\"Preguntas frecuentes, todas las preguntas para los estudiantes extranjeros que desean seguir una formaci\u00f3n en el CCF de la Sorbona.\",\"breadcrumb\":{\"@id\":\"https:\/\/prep.ccfs-sorbonne.fr\/es\/info-inscripcion\/faq\/#breadcrumb\"},\"inLanguage\":\"es\",\"potentialAction\":[{\"@type\":\"ReadAction\",\"target\":[\"https:\/\/prep.ccfs-sorbonne.fr\/es\/info-inscripcion\/faq\/\"]}]},{\"@type\":\"ImageObject\",\"inLanguage\":\"es\",\"@id\":\"https:\/\/prep.ccfs-sorbonne.fr\/es\/info-inscripcion\/faq\/#primaryimage\",\"url\":\"https:\/\/prep.ccfs-sorbonne.fr\/wp-content\/uploads\/2025\/01\/phonetique-francais-pour-mieux-parler.webp\",\"contentUrl\":\"https:\/\/prep.ccfs-sorbonne.fr\/wp-content\/uploads\/2025\/01\/phonetique-francais-pour-mieux-parler.webp\",\"width\":1600,\"height\":900},{\"@type\":\"BreadcrumbList\",\"@id\":\"https:\/\/prep.ccfs-sorbonne.fr\/es\/info-inscripcion\/faq\/#breadcrumb\",\"itemListElement\":[{\"@type\":\"ListItem\",\"position\":1,\"name\":\"Inicio\",\"item\":\"https:\/\/www.ccfs-sorbonne.fr\/es\/\"},{\"@type\":\"ListItem\",\"position\":2,\"name\":\"Informaci\u00f3n y registro\",\"item\":\"https:\/\/www.ccfs-sorbonne.fr\/es\/info-inscripcion\/\"},{\"@type\":\"ListItem\",\"position\":3,\"name\":\"Preguntas frecuentes\"}]},{\"@type\":\"WebSite\",\"@id\":\"https:\/\/www.ccfs-sorbonne.fr\/#website\",\"url\":\"https:\/\/www.ccfs-sorbonne.fr\/\",\"name\":\"CCFS Sorbonne\",\"description\":\"\",\"publisher\":{\"@id\":\"https:\/\/www.ccfs-sorbonne.fr\/#organization\"},\"potentialAction\":[{\"@type\":\"SearchAction\",\"target\":{\"@type\":\"EntryPoint\",\"urlTemplate\":\"https:\/\/www.ccfs-sorbonne.fr\/?s={search_term_string}\"},\"query-input\":{\"@type\":\"PropertyValueSpecification\",\"valueRequired\":true,\"valueName\":\"search_term_string\"}}],\"inLanguage\":\"es\"},{\"@type\":\"Organization\",\"@id\":\"https:\/\/www.ccfs-sorbonne.fr\/#organization\",\"name\":\"CCFS Sorbonne\",\"url\":\"https:\/\/www.ccfs-sorbonne.fr\/\",\"logo\":{\"@type\":\"ImageObject\",\"inLanguage\":\"es\",\"@id\":\"https:\/\/www.ccfs-sorbonne.fr\/#\/schema\/logo\/image\/\",\"url\":\"https:\/\/prep.ccfs-sorbonne.fr\/wp-content\/uploads\/2023\/11\/logo-ccfs-sorbonne.png\",\"contentUrl\":\"https:\/\/prep.ccfs-sorbonne.fr\/wp-content\/uploads\/2023\/11\/logo-ccfs-sorbonne.png\",\"width\":300,\"height\":120,\"caption\":\"CCFS Sorbonne\"},\"image\":{\"@id\":\"https:\/\/www.ccfs-sorbonne.fr\/#\/schema\/logo\/image\/\"}}]}<\/script>\n<!-- \/ Yoast SEO plugin. -->","yoast_head_json":{"title":"Preguntas frecuentes","description":"Preguntas frecuentes, todas las preguntas para los estudiantes extranjeros que desean seguir una formaci\u00f3n en el CCF de la Sorbona.","robots":{"index":"index","follow":"follow","max-snippet":"max-snippet:-1","max-image-preview":"max-image-preview:large","max-video-preview":"max-video-preview:-1"},"canonical":"https:\/\/prep.ccfs-sorbonne.fr\/es\/info-inscripcion\/faq\/","og_locale":"es_ES","og_type":"article","og_title":"Preguntas frecuentes","og_description":"Preguntas frecuentes, todas las preguntas para los estudiantes extranjeros que desean seguir una formaci\u00f3n en el CCF de la Sorbona.","og_url":"https:\/\/prep.ccfs-sorbonne.fr\/es\/info-inscripcion\/faq\/","og_site_name":"CCFS Sorbonne","article_modified_time":"2024-10-02T11:50:26+00:00","og_image":[{"width":1920,"height":1080,"url":"https:\/\/www.ccfs-sorbonne.fr\/wp-content\/uploads\/2023\/11\/AdobeStock_417539116.jpeg","type":"image\/jpeg"}],"twitter_card":"summary_large_image","twitter_misc":{"Tiempo de lectura":"1 minuto"},"schema":{"@context":"https:\/\/schema.org","@graph":[{"@type":"WebPage","@id":"https:\/\/prep.ccfs-sorbonne.fr\/es\/info-inscripcion\/faq\/","url":"https:\/\/prep.ccfs-sorbonne.fr\/es\/info-inscripcion\/faq\/","name":"Preguntas frecuentes","isPartOf":{"@id":"https:\/\/www.ccfs-sorbonne.fr\/#website"},"primaryImageOfPage":{"@id":"https:\/\/prep.ccfs-sorbonne.fr\/es\/info-inscripcion\/faq\/#primaryimage"},"image":{"@id":"https:\/\/prep.ccfs-sorbonne.fr\/es\/info-inscripcion\/faq\/#primaryimage"},"thumbnailUrl":"https:\/\/prep.ccfs-sorbonne.fr\/wp-content\/uploads\/2025\/01\/phonetique-francais-pour-mieux-parler.webp","datePublished":"2023-06-01T06:19:11+00:00","dateModified":"2024-10-02T11:50:26+00:00","description":"Preguntas frecuentes, todas las preguntas para los estudiantes extranjeros que desean seguir una formaci\u00f3n en el CCF de la Sorbona.","breadcrumb":{"@id":"https:\/\/prep.ccfs-sorbonne.fr\/es\/info-inscripcion\/faq\/#breadcrumb"},"inLanguage":"es","potentialAction":[{"@type":"ReadAction","target":["https:\/\/prep.ccfs-sorbonne.fr\/es\/info-inscripcion\/faq\/"]}]},{"@type":"ImageObject","inLanguage":"es","@id":"https:\/\/prep.ccfs-sorbonne.fr\/es\/info-inscripcion\/faq\/#primaryimage","url":"https:\/\/prep.ccfs-sorbonne.fr\/wp-content\/uploads\/2025\/01\/phonetique-francais-pour-mieux-parler.webp","contentUrl":"https:\/\/prep.ccfs-sorbonne.fr\/wp-content\/uploads\/2025\/01\/phonetique-francais-pour-mieux-parler.webp","width":1600,"height":900},{"@type":"BreadcrumbList","@id":"https:\/\/prep.ccfs-sorbonne.fr\/es\/info-inscripcion\/faq\/#breadcrumb","itemListElement":[{"@type":"ListItem","position":1,"name":"Inicio","item":"https:\/\/www.ccfs-sorbonne.fr\/es\/"},{"@type":"ListItem","position":2,"name":"Informaci\u00f3n y registro","item":"https:\/\/www.ccfs-sorbonne.fr\/es\/info-inscripcion\/"},{"@type":"ListItem","position":3,"name":"Preguntas frecuentes"}]},{"@type":"WebSite","@id":"https:\/\/www.ccfs-sorbonne.fr\/#website","url":"https:\/\/www.ccfs-sorbonne.fr\/","name":"CCFS Sorbonne","description":"","publisher":{"@id":"https:\/\/www.ccfs-sorbonne.fr\/#organization"},"potentialAction":[{"@type":"SearchAction","target":{"@type":"EntryPoint","urlTemplate":"https:\/\/www.ccfs-sorbonne.fr\/?s={search_term_string}"},"query-input":{"@type":"PropertyValueSpecification","valueRequired":true,"valueName":"search_term_string"}}],"inLanguage":"es"},{"@type":"Organization","@id":"https:\/\/www.ccfs-sorbonne.fr\/#organization","name":"CCFS Sorbonne","url":"https:\/\/www.ccfs-sorbonne.fr\/","logo":{"@type":"ImageObject","inLanguage":"es","@id":"https:\/\/www.ccfs-sorbonne.fr\/#\/schema\/logo\/image\/","url":"https:\/\/prep.ccfs-sorbonne.fr\/wp-content\/uploads\/2023\/11\/logo-ccfs-sorbonne.png","contentUrl":"https:\/\/prep.ccfs-sorbonne.fr\/wp-content\/uploads\/2023\/11\/logo-ccfs-sorbonne.png","width":300,"height":120,"caption":"CCFS Sorbonne"},"image":{"@id":"https:\/\/www.ccfs-sorbonne.fr\/#\/schema\/logo\/image\/"}}]}},"_links":{"self":[{"href":"https:\/\/prep.ccfs-sorbonne.fr\/es\/wp-json\/wp\/v2\/pages\/92911","targetHints":{"allow":["GET"]}}],"collection":[{"href":"https:\/\/prep.ccfs-sorbonne.fr\/es\/wp-json\/wp\/v2\/pages"}],"about":[{"href":"https:\/\/prep.ccfs-sorbonne.fr\/es\/wp-json\/wp\/v2\/types\/page"}],"author":[{"embeddable":true,"href":"https:\/\/prep.ccfs-sorbonne.fr\/es\/wp-json\/wp\/v2\/users\/8"}],"replies":[{"embeddable":true,"href":"https:\/\/prep.ccfs-sorbonne.fr\/es\/wp-json\/wp\/v2\/comments?post=92911"}],"version-history":[{"count":5,"href":"https:\/\/prep.ccfs-sorbonne.fr\/es\/wp-json\/wp\/v2\/pages\/92911\/revisions"}],"predecessor-version":[{"id":99098,"href":"https:\/\/prep.ccfs-sorbonne.fr\/es\/wp-json\/wp\/v2\/pages\/92911\/revisions\/99098"}],"up":[{"embeddable":true,"href":"https:\/\/prep.ccfs-sorbonne.fr\/es\/wp-json\/wp\/v2\/pages\/92895"}],"wp:featuredmedia":[{"embeddable":true,"href":"https:\/\/prep.ccfs-sorbonne.fr\/es\/wp-json\/wp\/v2\/media\/100534"}],"wp:attachment":[{"href":"https:\/\/prep.ccfs-sorbonne.fr\/es\/wp-json\/wp\/v2\/media?parent=92911"}],"curies":[{"name":"wp","href":"https:\/\/api.w.org\/{rel}","templated":true}]}}