{"id":92907,"date":"2023-06-14T13:57:40","date_gmt":"2023-06-14T11:57:40","guid":{"rendered":"https:\/\/prep.ccfs-sorbonne.fr\/info-inscripcion\/estudiar-en-paris\/decouvrir-paris\/"},"modified":"2024-10-02T13:49:58","modified_gmt":"2024-10-02T11:49:58","slug":"descubrir-paris","status":"publish","type":"page","link":"https:\/\/prep.ccfs-sorbonne.fr\/es\/info-inscripcion\/estudiar-en-paris\/descubrir-paris\/","title":{"rendered":"Descubrir Par\u00eds"},"content":{"rendered":"\t\t<div data-elementor-type=\"wp-page\" data-elementor-id=\"92907\" class=\"elementor elementor-92907 elementor-526\" data-elementor-post-type=\"page\">\n\t\t\t\t\t\t<section class=\"elementor-section elementor-top-section elementor-element elementor-element-df05508 elementor-section-stretched elementor-section-boxed elementor-section-height-default elementor-section-height-default\" data-id=\"df05508\" data-element_type=\"section\" data-settings=\"{&quot;stretch_section&quot;:&quot;section-stretched&quot;,&quot;background_background&quot;:&quot;classic&quot;}\">\n\t\t\t\t\t\t\t<div class=\"elementor-background-overlay\"><\/div>\n\t\t\t\t\t\t\t<div class=\"elementor-container elementor-column-gap-default\">\n\t\t\t\t\t<div class=\"elementor-column elementor-col-100 elementor-top-column elementor-element elementor-element-fba61e5\" data-id=\"fba61e5\" data-element_type=\"column\">\n\t\t\t<div class=\"elementor-widget-wrap elementor-element-populated\">\n\t\t\t\t\t\t<section class=\"elementor-section elementor-inner-section elementor-element elementor-element-d9d037f elementor-section-boxed elementor-section-height-default elementor-section-height-default\" data-id=\"d9d037f\" data-element_type=\"section\">\n\t\t\t\t\t\t<div class=\"elementor-container elementor-column-gap-default\">\n\t\t\t\t\t<div class=\"elementor-column elementor-col-50 elementor-inner-column elementor-element elementor-element-979db36\" data-id=\"979db36\" data-element_type=\"column\">\n\t\t\t<div class=\"elementor-widget-wrap elementor-element-populated\">\n\t\t\t\t\t\t<div class=\"elementor-element elementor-element-b1d0d1f elementor-widget elementor-widget-heading\" data-id=\"b1d0d1f\" data-element_type=\"widget\" data-widget_type=\"heading.default\">\n\t\t\t\t<div class=\"elementor-widget-container\">\n\t\t\t\t\t<h1 class=\"elementor-heading-title elementor-size-default\">Descubre Par\u00eds como estudiante internacional <br><\/h1>\t\t\t\t<\/div>\n\t\t\t\t<\/div>\n\t\t\t\t\t<\/div>\n\t\t<\/div>\n\t\t\t\t<div class=\"elementor-column elementor-col-50 elementor-inner-column elementor-element elementor-element-e4bfb58 elementor-hidden-mobile elementor-hidden-tablet\" data-id=\"e4bfb58\" data-element_type=\"column\">\n\t\t\t<div class=\"elementor-widget-wrap elementor-element-populated\">\n\t\t\t\t\t\t<div class=\"elementor-element elementor-element-c699332 elementor-widget elementor-widget-image\" data-id=\"c699332\" data-element_type=\"widget\" data-widget_type=\"image.default\">\n\t\t\t\t<div class=\"elementor-widget-container\">\n\t\t\t\t\t\t\t\t\t\t\t\t\t\t\t<img fetchpriority=\"high\" decoding=\"async\" width=\"300\" height=\"400\" src=\"https:\/\/prep.ccfs-sorbonne.fr\/wp-content\/uploads\/2024\/07\/etudiant-11-ccfs-1.png\" class=\"attachment-full size-full wp-image-97518\" alt=\"\" srcset=\"https:\/\/prep.ccfs-sorbonne.fr\/wp-content\/uploads\/2024\/07\/etudiant-11-ccfs-1.png 300w, https:\/\/prep.ccfs-sorbonne.fr\/wp-content\/uploads\/2024\/07\/etudiant-11-ccfs-1-225x300.png 225w\" sizes=\"(max-width: 300px) 100vw, 300px\" \/>\t\t\t\t\t\t\t\t\t\t\t\t\t\t\t<\/div>\n\t\t\t\t<\/div>\n\t\t\t\t\t<\/div>\n\t\t<\/div>\n\t\t\t\t\t<\/div>\n\t\t<\/section>\n\t\t\t\t\t<\/div>\n\t\t<\/div>\n\t\t\t\t\t<\/div>\n\t\t<\/section>\n\t\t\t\t<section class=\"elementor-section elementor-top-section elementor-element elementor-element-2b230815 elementor-section-stretched elementor-section-boxed elementor-section-height-default elementor-section-height-default\" data-id=\"2b230815\" data-element_type=\"section\" data-settings=\"{&quot;stretch_section&quot;:&quot;section-stretched&quot;}\">\n\t\t\t\t\t\t<div class=\"elementor-container elementor-column-gap-default\">\n\t\t\t\t\t<div class=\"elementor-column elementor-col-100 elementor-top-column elementor-element elementor-element-d879766\" data-id=\"d879766\" data-element_type=\"column\">\n\t\t\t<div class=\"elementor-widget-wrap elementor-element-populated\">\n\t\t\t\t\t\t<div class=\"elementor-element elementor-element-406f88b elementor-widget elementor-widget-global elementor-global-82281 elementor-widget-breadcrumbs\" data-id=\"406f88b\" data-element_type=\"widget\" data-widget_type=\"breadcrumbs.default\">\n\t\t\t\t<div class=\"elementor-widget-container\">\n\t\t\t\t\t<p id=\"breadcrumbs\"><span><span><a href=\"https:\/\/www.ccfs-sorbonne.fr\/es\/\">Inicio<\/a><\/span><\/span><\/p>\t\t\t\t<\/div>\n\t\t\t\t<\/div>\n\t\t\t\t<div class=\"elementor-element elementor-element-4613cb3 elementor-widget elementor-widget-text-editor\" data-id=\"4613cb3\" data-element_type=\"widget\" data-widget_type=\"text-editor.default\">\n\t\t\t\t<div class=\"elementor-widget-container\">\n\t\t\t\t\t\t\t\t\t<h2><strong><span style=\"font-size: 25px;\">Primera Impresi\u00f3n en la Ciudad de la Luz<\/span><\/strong><\/h2><p><span style=\"font-weight: 400;\"><a href=\"https:\/\/prep.ccfs-sorbonne.fr\/es\/info-inscripcion\/estudiar-en-paris\/\">Descubrir Par\u00eds<\/a> como estudiante internacional es a menudo una experiencia inolvidable. La Ciudad de la Luz, con su rica historia, su vibrante cultura y su deliciosa gastronom\u00eda, ofrece una emocionante aventura para estudiantes de todo el mundo. Al llegar a Par\u00eds por primera vez, los visitantes a menudo quedan impresionados por la atm\u00f3sfera \u00fanica de la capital francesa. Las calles adoquinadas, los elegantes edificios y monumentos emblem\u00e1ticos como la Torre Eiffel y el Louvre suelen marcar los primeros pasos de los estudiantes internacionales que realizan su primera estancia ling\u00fc\u00edstica.<\/span><\/p><h2><strong>Integrarse en la vida estudiantil parisina<\/strong><\/h2><p><span style=\"font-weight: 400;\">Una vez instalado en Par\u00eds, es esencial integrarse en la vida estudiantil para disfrutar plenamente de la experiencia en la capital y aprender franc\u00e9s en un entorno ideal. La ciudad alberga numerosas universidades prestigiosas, como la Sorbonne, Sciences Po o la Universidad Pierre y Marie Curie, donde podr\u00e1s conocer a estudiantes de todo el mundo. Los animados caf\u00e9s y bares del Barrio Latino son lugares ideales para socializar tanto con hablantes nativos de franc\u00e9s como con otros estudiantes internacionales. Adem\u00e1s, no te pierdas la oportunidad de participar en emocionantes eventos culturales como conciertos, exposiciones de arte y festivales que se organizan regularmente en toda la ciudad. Los estudiantes internacionales que eligen unirse a una instituci\u00f3n de renombre como los Cursos de civilizaci\u00f3n francesa tendr\u00e1n la oportunidad de construir una red que fomente el aprendizaje del franc\u00e9s y el descubrimiento de la vida parisina.<\/span><\/p><h2><strong>Explorar la Ciudad y sus Tesoros Ocultos<\/strong><\/h2><p><span style=\"font-weight: 400;\">Descubrir Par\u00eds no se limita a las atracciones tur\u00edsticas m\u00e1s famosas, ya que la ciudad est\u00e1 llena de tesoros ocultos que merecen ser explorados. Los pintorescos barrios como Montmartre y Le Marais pueden transportar a los estudiantes internacionales a otro tiempo con sus estrechas calles y tiendas artesanales. El Canal Saint-Martin es el lugar perfecto para un tranquilo paseo junto al agua, mientras que los mercados locales, como el March\u00e9 aux Puces de Saint-Ouen, permiten descubrir un aspecto aut\u00e9ntico de la ciudad. Al aventurarse en peque\u00f1os caf\u00e9s y bistros que sirven platos tradicionales franceses, los estudiantes internacionales tienen la oportunidad de experimentar un estilo de vida franc\u00e9s celebrado en todo el mundo.<\/span><\/p><h2><strong>Descubrir la civilizaci\u00f3n francesa<\/strong><\/h2><p><span style=\"font-weight: 400;\">Explorar Par\u00eds como estudiante internacional te abre las puertas de una de las civilizaciones m\u00e1s ricas cuya influencia en todo el mundo todav\u00eda es palpable hoy en d\u00eda. Par\u00eds ofrece una oportunidad \u00fanica para explorar los tesoros de la literatura, el arte, la arquitectura y mucho m\u00e1s. La ciudad en s\u00ed misma es un museo al aire libre, con su impresionante arquitectura que va desde los edificios medievales de Notre-Dame hasta las obras maestras modernistas del Centro Pompidou. Museos de renombre mundial como el Louvre, el Museo de Orsay y el Centro Georges Pompidou albergan tesoros art\u00edsticos que permiten a los visitantes sumergirse en la historia del arte europeo.<\/span><\/p><p><span style=\"font-weight: 400;\">\u00a0<\/span><span style=\"font-weight: 400;\">La literatura francesa tambi\u00e9n es una parte esencial de la cultura parisina. Las calles de Saint-Germain-des-Pr\u00e9s han sido recorridas por muchos escritores famosos como Jean-Paul Sartre y Simone de Beauvoir. Las librer\u00edas independientes y los libreros a lo largo del r\u00edo Sena ofrecen una gran variedad de libros cl\u00e1sicos y contempor\u00e1neos en franc\u00e9s para explorar. Adem\u00e1s, no te pierdas la oportunidad de asistir a obras de teatro en uno de los numerosos teatros parisinos, como el Teatro de Od\u00e9on y la Com\u00e9die-Fran\u00e7aise.<\/span><\/p><h2><strong>Elige la inmersi\u00f3n cultural con los CCFS<\/strong><\/h2><p><span style=\"font-weight: 400;\">Existen muchas formas de descubrir Par\u00eds y su civilizaci\u00f3n cuando eres un estudiante internacional. Sin embargo, instituciones prestigiosas como los Cours de civilisation fran\u00e7aise de la Sorbonne ofrecen una experiencia \u00fanica de inmersi\u00f3n a visitantes de todo el mundo. Dedicados a la ense\u00f1anza del idioma franc\u00e9s y a la exploraci\u00f3n de la civilizaci\u00f3n que representa, los CCFS permiten a los estudiantes descubrir la cultura y el estilo de vida franc\u00e9s en un entorno ideal a trav\u00e9s de numerosas actividades que combinan el aprendizaje del idioma y el descubrimiento de la civilizaci\u00f3n francesa. Con m\u00e1s de un siglo de experiencia, los CCFS cuentan con la etiqueta de calidad \u00abFrance Langue \u00c9trang\u00e8re\u00bb gracias a sus cursos y equipos pedag\u00f3gicos eficaces que contribuir\u00e1n a que tu estancia en Par\u00eds sea una experiencia tan inolvidable como enriquecedora.<\/span><\/p>\t\t\t\t\t\t\t\t<\/div>\n\t\t\t\t<\/div>\n\t\t\t\t\t<\/div>\n\t\t<\/div>\n\t\t\t\t\t<\/div>\n\t\t<\/section>\n\t\t<div class=\"elementor-element elementor-element-081ac9a e-flex e-con-boxed e-con e-parent\" data-id=\"081ac9a\" data-element_type=\"container\">\n\t\t\t\t\t<div class=\"e-con-inner\">\n\t\t\t\t<div class=\"elementor-element elementor-element-e480095 elementor-widget-divider--view-line elementor-widget elementor-widget-divider\" data-id=\"e480095\" data-element_type=\"widget\" data-widget_type=\"divider.default\">\n\t\t\t\t<div class=\"elementor-widget-container\">\n\t\t\t\t\t\t\t<div class=\"elementor-divider\">\n\t\t\t<span class=\"elementor-divider-separator\">\n\t\t\t\t\t\t<\/span>\n\t\t<\/div>\n\t\t\t\t\t\t<\/div>\n\t\t\t\t<\/div>\n\t\t\t\t<div class=\"elementor-element elementor-element-72c5996 elementor-widget elementor-widget-shortcode\" data-id=\"72c5996\" data-element_type=\"widget\" data-widget_type=\"shortcode.default\">\n\t\t\t\t<div class=\"elementor-widget-container\">\n\t\t\t\t\t\t\t<div class=\"elementor-shortcode\"><ul class='listing-page-soeur'><li class='bloc-page-soeur'><a class='image-soeur' style='background:url(https:\/\/prep.ccfs-sorbonne.fr\/wp-content\/uploads\/2023\/11\/montmartre_paris.jpeg)' href='https:\/\/prep.ccfs-sorbonne.fr\/es\/info-inscripcion\/estudiar-en-paris\/alojarse-en-paris\/' title='Alojarse en Par&iacute;s'><\/a><div class='detail-soeur'><div class='nom-page-soeur'><h2><a href='https:\/\/prep.ccfs-sorbonne.fr\/es\/info-inscripcion\/estudiar-en-paris\/alojarse-en-paris\/' title='Alojarse en Par&iacute;s'>Alojarse en Par\u00eds<\/a><\/h2><\/div><\/div><\/li><\/ul><\/div>\n\t\t\t\t\t\t<\/div>\n\t\t\t\t<\/div>\n\t\t\t\t\t<\/div>\n\t\t\t\t<\/div>\n\t\t\t\t<\/div>\n\t\t","protected":false},"excerpt":{"rendered":"<p>Descubre Par\u00eds como estudiante internacional Primera Impresi\u00f3n en la Ciudad de la Luz Descubrir Par\u00eds como estudiante internacional es a menudo una experiencia inolvidable. La Ciudad de la Luz, con [&hellip;]<\/p>\n","protected":false},"author":8,"featured_media":89841,"parent":92904,"menu_order":1,"comment_status":"closed","ping_status":"closed","template":"","meta":{"_acf_changed":false,"footnotes":""},"class_list":["post-92907","page","type-page","status-publish","has-post-thumbnail","hentry"],"acf":[],"yoast_head":"<!-- This site is optimized with the Yoast SEO plugin v24.8.1 - https:\/\/yoast.com\/wordpress\/plugins\/seo\/ -->\n<title>Descubre Par\u00eds: una experiencia para estudiantes internacionales<\/title>\n<meta name=\"description\" content=\"Descubrir Par\u00eds siendo estudiante internacional implica descubrir la civilizaci\u00f3n francesa y aprender el idioma.\" \/>\n<meta name=\"robots\" content=\"index, follow, max-snippet:-1, max-image-preview:large, max-video-preview:-1\" \/>\n<link rel=\"canonical\" href=\"https:\/\/prep.ccfs-sorbonne.fr\/es\/info-inscripcion\/estudiar-en-paris\/descubrir-paris\/\" \/>\n<meta property=\"og:locale\" content=\"es_ES\" \/>\n<meta property=\"og:type\" content=\"article\" \/>\n<meta property=\"og:title\" content=\"Descubre Par\u00eds: una experiencia para estudiantes internacionales\" \/>\n<meta property=\"og:description\" content=\"Descubrir Par\u00eds siendo estudiante internacional implica descubrir la civilizaci\u00f3n francesa y aprender el idioma.\" \/>\n<meta property=\"og:url\" content=\"https:\/\/prep.ccfs-sorbonne.fr\/es\/info-inscripcion\/estudiar-en-paris\/descubrir-paris\/\" \/>\n<meta property=\"og:site_name\" content=\"CCFS Sorbonne\" \/>\n<meta property=\"article:modified_time\" content=\"2024-10-02T11:49:58+00:00\" \/>\n<meta property=\"og:image\" content=\"https:\/\/www.ccfs-sorbonne.fr\/wp-content\/uploads\/2023\/11\/AdobeStock_284387777_Editorial_Use_Only.jpeg\" \/>\n\t<meta property=\"og:image:width\" content=\"1920\" \/>\n\t<meta property=\"og:image:height\" content=\"1065\" \/>\n\t<meta property=\"og:image:type\" content=\"image\/jpeg\" \/>\n<meta name=\"twitter:card\" content=\"summary_large_image\" \/>\n<meta name=\"twitter:label1\" content=\"Tiempo de lectura\" \/>\n\t<meta name=\"twitter:data1\" content=\"4 minutos\" \/>\n<script type=\"application\/ld+json\" class=\"yoast-schema-graph\">{\"@context\":\"https:\/\/schema.org\",\"@graph\":[{\"@type\":\"WebPage\",\"@id\":\"https:\/\/prep.ccfs-sorbonne.fr\/es\/info-inscripcion\/estudiar-en-paris\/descubrir-paris\/\",\"url\":\"https:\/\/prep.ccfs-sorbonne.fr\/es\/info-inscripcion\/estudiar-en-paris\/descubrir-paris\/\",\"name\":\"Descubre Par\u00eds: una experiencia para estudiantes internacionales\",\"isPartOf\":{\"@id\":\"https:\/\/www.ccfs-sorbonne.fr\/#website\"},\"primaryImageOfPage\":{\"@id\":\"https:\/\/prep.ccfs-sorbonne.fr\/es\/info-inscripcion\/estudiar-en-paris\/descubrir-paris\/#primaryimage\"},\"image\":{\"@id\":\"https:\/\/prep.ccfs-sorbonne.fr\/es\/info-inscripcion\/estudiar-en-paris\/descubrir-paris\/#primaryimage\"},\"thumbnailUrl\":\"https:\/\/prep.ccfs-sorbonne.fr\/wp-content\/uploads\/2023\/11\/AdobeStock_284387777_Editorial_Use_Only.jpeg\",\"datePublished\":\"2023-06-14T11:57:40+00:00\",\"dateModified\":\"2024-10-02T11:49:58+00:00\",\"description\":\"Descubrir Par\u00eds siendo estudiante internacional implica descubrir la civilizaci\u00f3n francesa y aprender el idioma.\",\"breadcrumb\":{\"@id\":\"https:\/\/prep.ccfs-sorbonne.fr\/es\/info-inscripcion\/estudiar-en-paris\/descubrir-paris\/#breadcrumb\"},\"inLanguage\":\"es\",\"potentialAction\":[{\"@type\":\"ReadAction\",\"target\":[\"https:\/\/prep.ccfs-sorbonne.fr\/es\/info-inscripcion\/estudiar-en-paris\/descubrir-paris\/\"]}]},{\"@type\":\"ImageObject\",\"inLanguage\":\"es\",\"@id\":\"https:\/\/prep.ccfs-sorbonne.fr\/es\/info-inscripcion\/estudiar-en-paris\/descubrir-paris\/#primaryimage\",\"url\":\"https:\/\/prep.ccfs-sorbonne.fr\/wp-content\/uploads\/2023\/11\/AdobeStock_284387777_Editorial_Use_Only.jpeg\",\"contentUrl\":\"https:\/\/prep.ccfs-sorbonne.fr\/wp-content\/uploads\/2023\/11\/AdobeStock_284387777_Editorial_Use_Only.jpeg\",\"width\":1920,\"height\":1065,\"caption\":\"PARIS, FRANCE - DECEMBER 08, 2017: View of famous Louvre Museum with Louvre Pyramid at evening. Louvre Museum is one of the largest and most visited museums worldwide\"},{\"@type\":\"BreadcrumbList\",\"@id\":\"https:\/\/prep.ccfs-sorbonne.fr\/es\/info-inscripcion\/estudiar-en-paris\/descubrir-paris\/#breadcrumb\",\"itemListElement\":[{\"@type\":\"ListItem\",\"position\":1,\"name\":\"Inicio\",\"item\":\"https:\/\/www.ccfs-sorbonne.fr\/es\/\"},{\"@type\":\"ListItem\",\"position\":2,\"name\":\"Informaci\u00f3n y registro\",\"item\":\"https:\/\/www.ccfs-sorbonne.fr\/es\/info-inscripcion\/\"},{\"@type\":\"ListItem\",\"position\":3,\"name\":\"Estudiar en Par\u00eds\",\"item\":\"https:\/\/www.ccfs-sorbonne.fr\/es\/info-inscripcion\/estudiar-en-paris\/\"},{\"@type\":\"ListItem\",\"position\":4,\"name\":\"Descubrir Par\u00eds\"}]},{\"@type\":\"WebSite\",\"@id\":\"https:\/\/www.ccfs-sorbonne.fr\/#website\",\"url\":\"https:\/\/www.ccfs-sorbonne.fr\/\",\"name\":\"CCFS Sorbonne\",\"description\":\"\",\"publisher\":{\"@id\":\"https:\/\/www.ccfs-sorbonne.fr\/#organization\"},\"potentialAction\":[{\"@type\":\"SearchAction\",\"target\":{\"@type\":\"EntryPoint\",\"urlTemplate\":\"https:\/\/www.ccfs-sorbonne.fr\/?s={search_term_string}\"},\"query-input\":{\"@type\":\"PropertyValueSpecification\",\"valueRequired\":true,\"valueName\":\"search_term_string\"}}],\"inLanguage\":\"es\"},{\"@type\":\"Organization\",\"@id\":\"https:\/\/www.ccfs-sorbonne.fr\/#organization\",\"name\":\"CCFS Sorbonne\",\"url\":\"https:\/\/www.ccfs-sorbonne.fr\/\",\"logo\":{\"@type\":\"ImageObject\",\"inLanguage\":\"es\",\"@id\":\"https:\/\/www.ccfs-sorbonne.fr\/#\/schema\/logo\/image\/\",\"url\":\"https:\/\/prep.ccfs-sorbonne.fr\/wp-content\/uploads\/2023\/11\/logo-ccfs-sorbonne.png\",\"contentUrl\":\"https:\/\/prep.ccfs-sorbonne.fr\/wp-content\/uploads\/2023\/11\/logo-ccfs-sorbonne.png\",\"width\":300,\"height\":120,\"caption\":\"CCFS Sorbonne\"},\"image\":{\"@id\":\"https:\/\/www.ccfs-sorbonne.fr\/#\/schema\/logo\/image\/\"}}]}<\/script>\n<!-- \/ Yoast SEO plugin. -->","yoast_head_json":{"title":"Descubre Par\u00eds: una experiencia para estudiantes internacionales","description":"Descubrir Par\u00eds siendo estudiante internacional implica descubrir la civilizaci\u00f3n francesa y aprender el idioma.","robots":{"index":"index","follow":"follow","max-snippet":"max-snippet:-1","max-image-preview":"max-image-preview:large","max-video-preview":"max-video-preview:-1"},"canonical":"https:\/\/prep.ccfs-sorbonne.fr\/es\/info-inscripcion\/estudiar-en-paris\/descubrir-paris\/","og_locale":"es_ES","og_type":"article","og_title":"Descubre Par\u00eds: una experiencia para estudiantes internacionales","og_description":"Descubrir Par\u00eds siendo estudiante internacional implica descubrir la civilizaci\u00f3n francesa y aprender el idioma.","og_url":"https:\/\/prep.ccfs-sorbonne.fr\/es\/info-inscripcion\/estudiar-en-paris\/descubrir-paris\/","og_site_name":"CCFS Sorbonne","article_modified_time":"2024-10-02T11:49:58+00:00","og_image":[{"width":1920,"height":1065,"url":"https:\/\/www.ccfs-sorbonne.fr\/wp-content\/uploads\/2023\/11\/AdobeStock_284387777_Editorial_Use_Only.jpeg","type":"image\/jpeg"}],"twitter_card":"summary_large_image","twitter_misc":{"Tiempo de lectura":"4 minutos"},"schema":{"@context":"https:\/\/schema.org","@graph":[{"@type":"WebPage","@id":"https:\/\/prep.ccfs-sorbonne.fr\/es\/info-inscripcion\/estudiar-en-paris\/descubrir-paris\/","url":"https:\/\/prep.ccfs-sorbonne.fr\/es\/info-inscripcion\/estudiar-en-paris\/descubrir-paris\/","name":"Descubre Par\u00eds: una experiencia para estudiantes internacionales","isPartOf":{"@id":"https:\/\/www.ccfs-sorbonne.fr\/#website"},"primaryImageOfPage":{"@id":"https:\/\/prep.ccfs-sorbonne.fr\/es\/info-inscripcion\/estudiar-en-paris\/descubrir-paris\/#primaryimage"},"image":{"@id":"https:\/\/prep.ccfs-sorbonne.fr\/es\/info-inscripcion\/estudiar-en-paris\/descubrir-paris\/#primaryimage"},"thumbnailUrl":"https:\/\/prep.ccfs-sorbonne.fr\/wp-content\/uploads\/2023\/11\/AdobeStock_284387777_Editorial_Use_Only.jpeg","datePublished":"2023-06-14T11:57:40+00:00","dateModified":"2024-10-02T11:49:58+00:00","description":"Descubrir Par\u00eds siendo estudiante internacional implica descubrir la civilizaci\u00f3n francesa y aprender el idioma.","breadcrumb":{"@id":"https:\/\/prep.ccfs-sorbonne.fr\/es\/info-inscripcion\/estudiar-en-paris\/descubrir-paris\/#breadcrumb"},"inLanguage":"es","potentialAction":[{"@type":"ReadAction","target":["https:\/\/prep.ccfs-sorbonne.fr\/es\/info-inscripcion\/estudiar-en-paris\/descubrir-paris\/"]}]},{"@type":"ImageObject","inLanguage":"es","@id":"https:\/\/prep.ccfs-sorbonne.fr\/es\/info-inscripcion\/estudiar-en-paris\/descubrir-paris\/#primaryimage","url":"https:\/\/prep.ccfs-sorbonne.fr\/wp-content\/uploads\/2023\/11\/AdobeStock_284387777_Editorial_Use_Only.jpeg","contentUrl":"https:\/\/prep.ccfs-sorbonne.fr\/wp-content\/uploads\/2023\/11\/AdobeStock_284387777_Editorial_Use_Only.jpeg","width":1920,"height":1065,"caption":"PARIS, FRANCE - DECEMBER 08, 2017: View of famous Louvre Museum with Louvre Pyramid at evening. Louvre Museum is one of the largest and most visited museums worldwide"},{"@type":"BreadcrumbList","@id":"https:\/\/prep.ccfs-sorbonne.fr\/es\/info-inscripcion\/estudiar-en-paris\/descubrir-paris\/#breadcrumb","itemListElement":[{"@type":"ListItem","position":1,"name":"Inicio","item":"https:\/\/www.ccfs-sorbonne.fr\/es\/"},{"@type":"ListItem","position":2,"name":"Informaci\u00f3n y registro","item":"https:\/\/www.ccfs-sorbonne.fr\/es\/info-inscripcion\/"},{"@type":"ListItem","position":3,"name":"Estudiar en Par\u00eds","item":"https:\/\/www.ccfs-sorbonne.fr\/es\/info-inscripcion\/estudiar-en-paris\/"},{"@type":"ListItem","position":4,"name":"Descubrir Par\u00eds"}]},{"@type":"WebSite","@id":"https:\/\/www.ccfs-sorbonne.fr\/#website","url":"https:\/\/www.ccfs-sorbonne.fr\/","name":"CCFS Sorbonne","description":"","publisher":{"@id":"https:\/\/www.ccfs-sorbonne.fr\/#organization"},"potentialAction":[{"@type":"SearchAction","target":{"@type":"EntryPoint","urlTemplate":"https:\/\/www.ccfs-sorbonne.fr\/?s={search_term_string}"},"query-input":{"@type":"PropertyValueSpecification","valueRequired":true,"valueName":"search_term_string"}}],"inLanguage":"es"},{"@type":"Organization","@id":"https:\/\/www.ccfs-sorbonne.fr\/#organization","name":"CCFS Sorbonne","url":"https:\/\/www.ccfs-sorbonne.fr\/","logo":{"@type":"ImageObject","inLanguage":"es","@id":"https:\/\/www.ccfs-sorbonne.fr\/#\/schema\/logo\/image\/","url":"https:\/\/prep.ccfs-sorbonne.fr\/wp-content\/uploads\/2023\/11\/logo-ccfs-sorbonne.png","contentUrl":"https:\/\/prep.ccfs-sorbonne.fr\/wp-content\/uploads\/2023\/11\/logo-ccfs-sorbonne.png","width":300,"height":120,"caption":"CCFS Sorbonne"},"image":{"@id":"https:\/\/www.ccfs-sorbonne.fr\/#\/schema\/logo\/image\/"}}]}},"_links":{"self":[{"href":"https:\/\/prep.ccfs-sorbonne.fr\/es\/wp-json\/wp\/v2\/pages\/92907","targetHints":{"allow":["GET"]}}],"collection":[{"href":"https:\/\/prep.ccfs-sorbonne.fr\/es\/wp-json\/wp\/v2\/pages"}],"about":[{"href":"https:\/\/prep.ccfs-sorbonne.fr\/es\/wp-json\/wp\/v2\/types\/page"}],"author":[{"embeddable":true,"href":"https:\/\/prep.ccfs-sorbonne.fr\/es\/wp-json\/wp\/v2\/users\/8"}],"replies":[{"embeddable":true,"href":"https:\/\/prep.ccfs-sorbonne.fr\/es\/wp-json\/wp\/v2\/comments?post=92907"}],"version-history":[{"count":5,"href":"https:\/\/prep.ccfs-sorbonne.fr\/es\/wp-json\/wp\/v2\/pages\/92907\/revisions"}],"predecessor-version":[{"id":99095,"href":"https:\/\/prep.ccfs-sorbonne.fr\/es\/wp-json\/wp\/v2\/pages\/92907\/revisions\/99095"}],"up":[{"embeddable":true,"href":"https:\/\/prep.ccfs-sorbonne.fr\/es\/wp-json\/wp\/v2\/pages\/92904"}],"wp:featuredmedia":[{"embeddable":true,"href":"https:\/\/prep.ccfs-sorbonne.fr\/es\/wp-json\/wp\/v2\/media\/89841"}],"wp:attachment":[{"href":"https:\/\/prep.ccfs-sorbonne.fr\/es\/wp-json\/wp\/v2\/media?parent=92907"}],"curies":[{"name":"wp","href":"https:\/\/api.w.org\/{rel}","templated":true}]}}