{"id":92904,"date":"2023-06-01T08:20:35","date_gmt":"2023-06-01T06:20:35","guid":{"rendered":"https:\/\/prep.ccfs-sorbonne.fr\/info-inscripcion\/etudier-a-paris\/"},"modified":"2024-06-13T08:49:53","modified_gmt":"2024-06-13T06:49:53","slug":"estudiar-en-paris","status":"publish","type":"page","link":"https:\/\/prep.ccfs-sorbonne.fr\/es\/info-inscripcion\/estudiar-en-paris\/","title":{"rendered":"Estudiar en Par\u00eds"},"content":{"rendered":"\t\t<div data-elementor-type=\"wp-page\" data-elementor-id=\"92904\" class=\"elementor elementor-92904 elementor-79\" data-elementor-post-type=\"page\">\n\t\t\t\t\t\t<section class=\"elementor-section elementor-top-section elementor-element elementor-element-6d2dfc43 elementor-section-stretched elementor-section-boxed elementor-section-height-default elementor-section-height-default\" data-id=\"6d2dfc43\" data-element_type=\"section\" data-settings=\"{&quot;stretch_section&quot;:&quot;section-stretched&quot;,&quot;background_background&quot;:&quot;classic&quot;}\">\n\t\t\t\t\t\t<div class=\"elementor-container elementor-column-gap-default\">\n\t\t\t\t\t<div class=\"elementor-column elementor-col-100 elementor-top-column elementor-element elementor-element-1a6a934a\" data-id=\"1a6a934a\" data-element_type=\"column\">\n\t\t\t<div class=\"elementor-widget-wrap elementor-element-populated\">\n\t\t\t\t\t\t<section class=\"elementor-section elementor-inner-section elementor-element elementor-element-4fa2a71b elementor-section-boxed elementor-section-height-default elementor-section-height-default\" data-id=\"4fa2a71b\" data-element_type=\"section\">\n\t\t\t\t\t\t<div class=\"elementor-container elementor-column-gap-default\">\n\t\t\t\t\t<div class=\"elementor-column elementor-col-100 elementor-inner-column elementor-element elementor-element-584f8d0d\" data-id=\"584f8d0d\" data-element_type=\"column\">\n\t\t\t<div class=\"elementor-widget-wrap elementor-element-populated\">\n\t\t\t\t\t\t<div class=\"elementor-element elementor-element-2bbaeea6 elementor-widget elementor-widget-heading\" data-id=\"2bbaeea6\" data-element_type=\"widget\" data-widget_type=\"heading.default\">\n\t\t\t\t<div class=\"elementor-widget-container\">\n\t\t\t\t\t<h1 class=\"elementor-heading-title elementor-size-default\">Estudiar en Par\u00eds<\/h1>\t\t\t\t<\/div>\n\t\t\t\t<\/div>\n\t\t\t\t\t<\/div>\n\t\t<\/div>\n\t\t\t\t\t<\/div>\n\t\t<\/section>\n\t\t\t\t\t<\/div>\n\t\t<\/div>\n\t\t\t\t\t<\/div>\n\t\t<\/section>\n\t\t\t\t<section class=\"elementor-section elementor-top-section elementor-element elementor-element-4994ee7d elementor-section-stretched elementor-section-boxed elementor-section-height-default elementor-section-height-default\" data-id=\"4994ee7d\" data-element_type=\"section\" data-settings=\"{&quot;stretch_section&quot;:&quot;section-stretched&quot;}\">\n\t\t\t\t\t\t<div class=\"elementor-container elementor-column-gap-default\">\n\t\t\t\t\t<div class=\"elementor-column elementor-col-100 elementor-top-column elementor-element elementor-element-1bdfa0d1\" data-id=\"1bdfa0d1\" data-element_type=\"column\">\n\t\t\t<div class=\"elementor-widget-wrap elementor-element-populated\">\n\t\t\t\t\t\t<div class=\"elementor-element elementor-element-e9828fc elementor-widget elementor-widget-global elementor-global-82281 elementor-widget-breadcrumbs\" data-id=\"e9828fc\" data-element_type=\"widget\" data-widget_type=\"breadcrumbs.default\">\n\t\t\t\t<div class=\"elementor-widget-container\">\n\t\t\t\t\t<p id=\"breadcrumbs\"><span><span><a href=\"https:\/\/www.ccfs-sorbonne.fr\/es\/\">Inicio<\/a><\/span><\/span><\/p>\t\t\t\t<\/div>\n\t\t\t\t<\/div>\n\t\t\t\t<div class=\"elementor-element elementor-element-362d2cb elementor-widget elementor-widget-text-editor\" data-id=\"362d2cb\" data-element_type=\"widget\" data-widget_type=\"text-editor.default\">\n\t\t\t\t<div class=\"elementor-widget-container\">\n\t\t\t\t\t\t\t\t\t<p><strong>Descubrir Par\u00eds<\/strong><\/p><p><span style=\"font-weight: 400;\">Explorar Par\u00eds como estudiante internacional suele ser una experiencia memorable. La Ciudad de la Luz, con su rica historia, su cultura vibrante y su deliciosa gastronom\u00eda, ofrece una aventura fascinante a estudiantes de todo el mundo. Las calles adoquinadas, los elegantes edificios y los emblem\u00e1ticos monumentos como la Torre Eiffel y el Louvre a menudo marcan los primeros pasos de los estudiantes internacionales en su primer viaje ling\u00fc\u00edstico.<\/span><\/p><p><span style=\"font-weight: 400;\">Una vez establecidos en Par\u00eds, integrarse en la vida estudiantil es esencial para aprovechar al m\u00e1ximo la experiencia en la capital y aprender franc\u00e9s en un entorno ideal. La ciudad alberga muchas universidades prestigiosas, como La Sorbone, Sciences Po y la Universidad Pierre y Marie Curie, donde podr\u00e1s conocer a estudiantes de todo el mundo. Los animados caf\u00e9s y bares del Barrio Latino son excelentes lugares para socializar con hablantes nativos de franc\u00e9s y otros estudiantes internacionales. Adem\u00e1s, no te pierdas las oportunidades para participar en emocionantes eventos culturales como conciertos, exposiciones de arte y festivales que se organizan regularmente en toda la ciudad. Los estudiantes internacionales que eligen unirse a instituciones de renombre como les Cours de civilisation fran\u00e7aise de la Sorbonne tendr\u00e1n la oportunidad de desarrollar una red que fomente el aprendizaje del franc\u00e9s y la exploraci\u00f3n de la vida parisina.<\/span><\/p><p><strong>Alojamiento en Par\u00eds<\/strong><\/p><p><span style=\"font-weight: 400;\">Existen diversas opciones disponibles para los estudiantes, incluidos los estudiantes internacionales, para encontrar alojamiento fuera de las residencias universitarias. Tienes la opci\u00f3n de utilizar el servicio Locaviz, que te ayudar\u00e1 a encontrar alojamientos estudiantiles en alquiler por particulares. Una alternativa interesante es tambi\u00e9n optar por una convivencia amigable y econ\u00f3mica. Cuando eres un estudiante internacional, la ubicaci\u00f3n de tu alojamiento en Par\u00eds desempe\u00f1a un papel fundamental en la calidad de tu estancia. Elegir un alojamiento en el coraz\u00f3n de un barrio din\u00e1mico y frecuentado por otros estudiantes puede realmente mejorar tu experiencia. Adem\u00e1s de facilitar tu aprendizaje del franc\u00e9s, una ubicaci\u00f3n estrat\u00e9gica te abre la puerta a una inmersi\u00f3n m\u00e1s profunda en la cultura y el estilo de vida franc\u00e9s, gracias a las numerosas oportunidades de encuentro que se presentan.<\/span><\/p><p><span style=\"font-weight: 400;\">Vivir en el coraz\u00f3n de un animado barrio de Par\u00eds tiene muchas ventajas. En primer lugar, la proximidad con otros estudiantes facilita el intercambio y la creaci\u00f3n de nuevas amistades, ya sean locales o internacionales. Puedes compartir tus experiencias, aprender unos de otros, y esto contribuir\u00e1 en gran medida a tu integraci\u00f3n en la vida estudiantil parisina.<\/span><\/p>\t\t\t\t\t\t\t\t<\/div>\n\t\t\t\t<\/div>\n\t\t\t\t<div class=\"elementor-element elementor-element-927bdd3 elementor-widget elementor-widget-shortcode\" data-id=\"927bdd3\" data-element_type=\"widget\" data-widget_type=\"shortcode.default\">\n\t\t\t\t<div class=\"elementor-widget-container\">\n\t\t\t\t\t\t\t<div class=\"elementor-shortcode\"><ul class='listing-page-enfant'><li class='bloc-page-enfant'><a class='image' style='background:url(https:\/\/prep.ccfs-sorbonne.fr\/wp-content\/uploads\/2023\/11\/AdobeStock_284387777_Editorial_Use_Only.jpeg)' href='https:\/\/prep.ccfs-sorbonne.fr\/es\/info-inscripcion\/estudiar-en-paris\/descubrir-paris\/' title='Descubrir Par&iacute;s'><\/a><div class='detail-enfant'><div class='nom-page-enfant'><h2><a href='https:\/\/prep.ccfs-sorbonne.fr\/es\/info-inscripcion\/estudiar-en-paris\/descubrir-paris\/' title='Descubrir Par&iacute;s'>Descubrir Par\u00eds<\/a><\/h2><\/div><div class='texte-listing'>La Ciudad de la Luz, con su rica historia, su vibrante cultura y su deliciosa gastronom\u00eda, ofrece una emocionante aventura para estudiantes de todo el mundo.<\/div><div class='voir-plus'><a href='https:\/\/prep.ccfs-sorbonne.fr\/es\/info-inscripcion\/estudiar-en-paris\/descubrir-paris\/' title='Descubrir Par&iacute;s'>Ver m\u00e1s<\/a><\/div><\/div><\/li><li class='bloc-page-enfant'><a class='image' style='background:url(https:\/\/prep.ccfs-sorbonne.fr\/wp-content\/uploads\/2023\/11\/montmartre_paris.jpeg)' href='https:\/\/prep.ccfs-sorbonne.fr\/es\/info-inscripcion\/estudiar-en-paris\/alojarse-en-paris\/' title='Alojarse en Par&iacute;s'><\/a><div class='detail-enfant'><div class='nom-page-enfant'><h2><a href='https:\/\/prep.ccfs-sorbonne.fr\/es\/info-inscripcion\/estudiar-en-paris\/alojarse-en-paris\/' title='Alojarse en Par&iacute;s'>Alojarse en Par\u00eds<\/a><\/h2><\/div><div class='texte-listing'>\u00bfCu\u00e1les opciones para encontrar un alojamiento fuera de la universidad? Varias soluciones permiten a los estudiantes (incluidos los internacionales) encontrar un alojamiento fuera de las residencias universitarias.<\/div><div class='voir-plus'><a href='https:\/\/prep.ccfs-sorbonne.fr\/es\/info-inscripcion\/estudiar-en-paris\/alojarse-en-paris\/' title='Alojarse en Par&iacute;s'>Ver m\u00e1s<\/a><\/div><\/div><\/li><\/ul><\/div>\n\t\t\t\t\t\t<\/div>\n\t\t\t\t<\/div>\n\t\t\t\t\t<\/div>\n\t\t<\/div>\n\t\t\t\t\t<\/div>\n\t\t<\/section>\n\t\t\t\t<\/div>\n\t\t","protected":false},"excerpt":{"rendered":"<p>Estudiar en Par\u00eds Descubrir Par\u00eds Explorar Par\u00eds como estudiante internacional suele ser una experiencia memorable. La Ciudad de la Luz, con su rica historia, su cultura vibrante y su deliciosa [&hellip;]<\/p>\n","protected":false},"author":8,"featured_media":90390,"parent":92895,"menu_order":2,"comment_status":"closed","ping_status":"closed","template":"","meta":{"_acf_changed":false,"footnotes":""},"class_list":["post-92904","page","type-page","status-publish","has-post-thumbnail","hentry"],"acf":[],"yoast_head":"<!-- This site is optimized with the Yoast SEO plugin v24.8.1 - https:\/\/yoast.com\/wordpress\/plugins\/seo\/ -->\n<title>Estudiar en Par\u00eds y descubrir la capital<\/title>\n<meta name=\"description\" content=\"Estudiar en Par\u00eds es una experiencia enriquecedora para los estudiantes, quienes, sin embargo, deben elegir cuidadosamente su alojamiento parisino.\" \/>\n<meta name=\"robots\" content=\"index, follow, max-snippet:-1, max-image-preview:large, max-video-preview:-1\" \/>\n<link rel=\"canonical\" href=\"https:\/\/prep.ccfs-sorbonne.fr\/es\/info-inscripcion\/estudiar-en-paris\/\" \/>\n<meta property=\"og:locale\" content=\"es_ES\" \/>\n<meta property=\"og:type\" content=\"article\" \/>\n<meta property=\"og:title\" content=\"Estudiar en Par\u00eds y descubrir la capital\" \/>\n<meta property=\"og:description\" content=\"Estudiar en Par\u00eds es una experiencia enriquecedora para los estudiantes, quienes, sin embargo, deben elegir cuidadosamente su alojamiento parisino.\" \/>\n<meta property=\"og:url\" content=\"https:\/\/prep.ccfs-sorbonne.fr\/es\/info-inscripcion\/estudiar-en-paris\/\" \/>\n<meta property=\"og:site_name\" content=\"CCFS Sorbonne\" \/>\n<meta property=\"article:modified_time\" content=\"2024-06-13T06:49:53+00:00\" \/>\n<meta property=\"og:image\" content=\"https:\/\/www.ccfs-sorbonne.fr\/wp-content\/uploads\/2023\/11\/AdobeStock_243575259.jpeg\" \/>\n\t<meta property=\"og:image:width\" content=\"1920\" \/>\n\t<meta property=\"og:image:height\" content=\"1280\" \/>\n\t<meta property=\"og:image:type\" content=\"image\/jpeg\" \/>\n<meta name=\"twitter:card\" content=\"summary_large_image\" \/>\n<meta name=\"twitter:label1\" content=\"Tiempo de lectura\" \/>\n\t<meta name=\"twitter:data1\" content=\"2 minutos\" \/>\n<script type=\"application\/ld+json\" class=\"yoast-schema-graph\">{\"@context\":\"https:\/\/schema.org\",\"@graph\":[{\"@type\":\"WebPage\",\"@id\":\"https:\/\/prep.ccfs-sorbonne.fr\/es\/info-inscripcion\/estudiar-en-paris\/\",\"url\":\"https:\/\/prep.ccfs-sorbonne.fr\/es\/info-inscripcion\/estudiar-en-paris\/\",\"name\":\"Estudiar en Par\u00eds y descubrir la capital\",\"isPartOf\":{\"@id\":\"https:\/\/www.ccfs-sorbonne.fr\/#website\"},\"primaryImageOfPage\":{\"@id\":\"https:\/\/prep.ccfs-sorbonne.fr\/es\/info-inscripcion\/estudiar-en-paris\/#primaryimage\"},\"image\":{\"@id\":\"https:\/\/prep.ccfs-sorbonne.fr\/es\/info-inscripcion\/estudiar-en-paris\/#primaryimage\"},\"thumbnailUrl\":\"https:\/\/prep.ccfs-sorbonne.fr\/wp-content\/uploads\/2023\/11\/AdobeStock_243575259.jpeg\",\"datePublished\":\"2023-06-01T06:20:35+00:00\",\"dateModified\":\"2024-06-13T06:49:53+00:00\",\"description\":\"Estudiar en Par\u00eds es una experiencia enriquecedora para los estudiantes, quienes, sin embargo, deben elegir cuidadosamente su alojamiento parisino.\",\"breadcrumb\":{\"@id\":\"https:\/\/prep.ccfs-sorbonne.fr\/es\/info-inscripcion\/estudiar-en-paris\/#breadcrumb\"},\"inLanguage\":\"es\",\"potentialAction\":[{\"@type\":\"ReadAction\",\"target\":[\"https:\/\/prep.ccfs-sorbonne.fr\/es\/info-inscripcion\/estudiar-en-paris\/\"]}]},{\"@type\":\"ImageObject\",\"inLanguage\":\"es\",\"@id\":\"https:\/\/prep.ccfs-sorbonne.fr\/es\/info-inscripcion\/estudiar-en-paris\/#primaryimage\",\"url\":\"https:\/\/prep.ccfs-sorbonne.fr\/wp-content\/uploads\/2023\/11\/AdobeStock_243575259.jpeg\",\"contentUrl\":\"https:\/\/prep.ccfs-sorbonne.fr\/wp-content\/uploads\/2023\/11\/AdobeStock_243575259.jpeg\",\"width\":1920,\"height\":1280,\"caption\":\"The Place du Tertre with tables of cafe and the Sacre-Coeur in the morning, quarter Montmartre in Paris, France\"},{\"@type\":\"BreadcrumbList\",\"@id\":\"https:\/\/prep.ccfs-sorbonne.fr\/es\/info-inscripcion\/estudiar-en-paris\/#breadcrumb\",\"itemListElement\":[{\"@type\":\"ListItem\",\"position\":1,\"name\":\"Inicio\",\"item\":\"https:\/\/www.ccfs-sorbonne.fr\/es\/\"},{\"@type\":\"ListItem\",\"position\":2,\"name\":\"Informaci\u00f3n y registro\",\"item\":\"https:\/\/www.ccfs-sorbonne.fr\/es\/info-inscripcion\/\"},{\"@type\":\"ListItem\",\"position\":3,\"name\":\"Estudiar en Par\u00eds\"}]},{\"@type\":\"WebSite\",\"@id\":\"https:\/\/www.ccfs-sorbonne.fr\/#website\",\"url\":\"https:\/\/www.ccfs-sorbonne.fr\/\",\"name\":\"CCFS Sorbonne\",\"description\":\"\",\"publisher\":{\"@id\":\"https:\/\/www.ccfs-sorbonne.fr\/#organization\"},\"potentialAction\":[{\"@type\":\"SearchAction\",\"target\":{\"@type\":\"EntryPoint\",\"urlTemplate\":\"https:\/\/www.ccfs-sorbonne.fr\/?s={search_term_string}\"},\"query-input\":{\"@type\":\"PropertyValueSpecification\",\"valueRequired\":true,\"valueName\":\"search_term_string\"}}],\"inLanguage\":\"es\"},{\"@type\":\"Organization\",\"@id\":\"https:\/\/www.ccfs-sorbonne.fr\/#organization\",\"name\":\"CCFS Sorbonne\",\"url\":\"https:\/\/www.ccfs-sorbonne.fr\/\",\"logo\":{\"@type\":\"ImageObject\",\"inLanguage\":\"es\",\"@id\":\"https:\/\/www.ccfs-sorbonne.fr\/#\/schema\/logo\/image\/\",\"url\":\"https:\/\/prep.ccfs-sorbonne.fr\/wp-content\/uploads\/2023\/11\/logo-ccfs-sorbonne.png\",\"contentUrl\":\"https:\/\/prep.ccfs-sorbonne.fr\/wp-content\/uploads\/2023\/11\/logo-ccfs-sorbonne.png\",\"width\":300,\"height\":120,\"caption\":\"CCFS Sorbonne\"},\"image\":{\"@id\":\"https:\/\/www.ccfs-sorbonne.fr\/#\/schema\/logo\/image\/\"}}]}<\/script>\n<!-- \/ Yoast SEO plugin. -->","yoast_head_json":{"title":"Estudiar en Par\u00eds y descubrir la capital","description":"Estudiar en Par\u00eds es una experiencia enriquecedora para los estudiantes, quienes, sin embargo, deben elegir cuidadosamente su alojamiento parisino.","robots":{"index":"index","follow":"follow","max-snippet":"max-snippet:-1","max-image-preview":"max-image-preview:large","max-video-preview":"max-video-preview:-1"},"canonical":"https:\/\/prep.ccfs-sorbonne.fr\/es\/info-inscripcion\/estudiar-en-paris\/","og_locale":"es_ES","og_type":"article","og_title":"Estudiar en Par\u00eds y descubrir la capital","og_description":"Estudiar en Par\u00eds es una experiencia enriquecedora para los estudiantes, quienes, sin embargo, deben elegir cuidadosamente su alojamiento parisino.","og_url":"https:\/\/prep.ccfs-sorbonne.fr\/es\/info-inscripcion\/estudiar-en-paris\/","og_site_name":"CCFS Sorbonne","article_modified_time":"2024-06-13T06:49:53+00:00","og_image":[{"width":1920,"height":1280,"url":"https:\/\/www.ccfs-sorbonne.fr\/wp-content\/uploads\/2023\/11\/AdobeStock_243575259.jpeg","type":"image\/jpeg"}],"twitter_card":"summary_large_image","twitter_misc":{"Tiempo de lectura":"2 minutos"},"schema":{"@context":"https:\/\/schema.org","@graph":[{"@type":"WebPage","@id":"https:\/\/prep.ccfs-sorbonne.fr\/es\/info-inscripcion\/estudiar-en-paris\/","url":"https:\/\/prep.ccfs-sorbonne.fr\/es\/info-inscripcion\/estudiar-en-paris\/","name":"Estudiar en Par\u00eds y descubrir la capital","isPartOf":{"@id":"https:\/\/www.ccfs-sorbonne.fr\/#website"},"primaryImageOfPage":{"@id":"https:\/\/prep.ccfs-sorbonne.fr\/es\/info-inscripcion\/estudiar-en-paris\/#primaryimage"},"image":{"@id":"https:\/\/prep.ccfs-sorbonne.fr\/es\/info-inscripcion\/estudiar-en-paris\/#primaryimage"},"thumbnailUrl":"https:\/\/prep.ccfs-sorbonne.fr\/wp-content\/uploads\/2023\/11\/AdobeStock_243575259.jpeg","datePublished":"2023-06-01T06:20:35+00:00","dateModified":"2024-06-13T06:49:53+00:00","description":"Estudiar en Par\u00eds es una experiencia enriquecedora para los estudiantes, quienes, sin embargo, deben elegir cuidadosamente su alojamiento parisino.","breadcrumb":{"@id":"https:\/\/prep.ccfs-sorbonne.fr\/es\/info-inscripcion\/estudiar-en-paris\/#breadcrumb"},"inLanguage":"es","potentialAction":[{"@type":"ReadAction","target":["https:\/\/prep.ccfs-sorbonne.fr\/es\/info-inscripcion\/estudiar-en-paris\/"]}]},{"@type":"ImageObject","inLanguage":"es","@id":"https:\/\/prep.ccfs-sorbonne.fr\/es\/info-inscripcion\/estudiar-en-paris\/#primaryimage","url":"https:\/\/prep.ccfs-sorbonne.fr\/wp-content\/uploads\/2023\/11\/AdobeStock_243575259.jpeg","contentUrl":"https:\/\/prep.ccfs-sorbonne.fr\/wp-content\/uploads\/2023\/11\/AdobeStock_243575259.jpeg","width":1920,"height":1280,"caption":"The Place du Tertre with tables of cafe and the Sacre-Coeur in the morning, quarter Montmartre in Paris, France"},{"@type":"BreadcrumbList","@id":"https:\/\/prep.ccfs-sorbonne.fr\/es\/info-inscripcion\/estudiar-en-paris\/#breadcrumb","itemListElement":[{"@type":"ListItem","position":1,"name":"Inicio","item":"https:\/\/www.ccfs-sorbonne.fr\/es\/"},{"@type":"ListItem","position":2,"name":"Informaci\u00f3n y registro","item":"https:\/\/www.ccfs-sorbonne.fr\/es\/info-inscripcion\/"},{"@type":"ListItem","position":3,"name":"Estudiar en Par\u00eds"}]},{"@type":"WebSite","@id":"https:\/\/www.ccfs-sorbonne.fr\/#website","url":"https:\/\/www.ccfs-sorbonne.fr\/","name":"CCFS Sorbonne","description":"","publisher":{"@id":"https:\/\/www.ccfs-sorbonne.fr\/#organization"},"potentialAction":[{"@type":"SearchAction","target":{"@type":"EntryPoint","urlTemplate":"https:\/\/www.ccfs-sorbonne.fr\/?s={search_term_string}"},"query-input":{"@type":"PropertyValueSpecification","valueRequired":true,"valueName":"search_term_string"}}],"inLanguage":"es"},{"@type":"Organization","@id":"https:\/\/www.ccfs-sorbonne.fr\/#organization","name":"CCFS Sorbonne","url":"https:\/\/www.ccfs-sorbonne.fr\/","logo":{"@type":"ImageObject","inLanguage":"es","@id":"https:\/\/www.ccfs-sorbonne.fr\/#\/schema\/logo\/image\/","url":"https:\/\/prep.ccfs-sorbonne.fr\/wp-content\/uploads\/2023\/11\/logo-ccfs-sorbonne.png","contentUrl":"https:\/\/prep.ccfs-sorbonne.fr\/wp-content\/uploads\/2023\/11\/logo-ccfs-sorbonne.png","width":300,"height":120,"caption":"CCFS Sorbonne"},"image":{"@id":"https:\/\/www.ccfs-sorbonne.fr\/#\/schema\/logo\/image\/"}}]}},"_links":{"self":[{"href":"https:\/\/prep.ccfs-sorbonne.fr\/es\/wp-json\/wp\/v2\/pages\/92904","targetHints":{"allow":["GET"]}}],"collection":[{"href":"https:\/\/prep.ccfs-sorbonne.fr\/es\/wp-json\/wp\/v2\/pages"}],"about":[{"href":"https:\/\/prep.ccfs-sorbonne.fr\/es\/wp-json\/wp\/v2\/types\/page"}],"author":[{"embeddable":true,"href":"https:\/\/prep.ccfs-sorbonne.fr\/es\/wp-json\/wp\/v2\/users\/8"}],"replies":[{"embeddable":true,"href":"https:\/\/prep.ccfs-sorbonne.fr\/es\/wp-json\/wp\/v2\/comments?post=92904"}],"version-history":[{"count":5,"href":"https:\/\/prep.ccfs-sorbonne.fr\/es\/wp-json\/wp\/v2\/pages\/92904\/revisions"}],"predecessor-version":[{"id":96447,"href":"https:\/\/prep.ccfs-sorbonne.fr\/es\/wp-json\/wp\/v2\/pages\/92904\/revisions\/96447"}],"up":[{"embeddable":true,"href":"https:\/\/prep.ccfs-sorbonne.fr\/es\/wp-json\/wp\/v2\/pages\/92895"}],"wp:featuredmedia":[{"embeddable":true,"href":"https:\/\/prep.ccfs-sorbonne.fr\/es\/wp-json\/wp\/v2\/media\/90390"}],"wp:attachment":[{"href":"https:\/\/prep.ccfs-sorbonne.fr\/es\/wp-json\/wp\/v2\/media?parent=92904"}],"curies":[{"name":"wp","href":"https:\/\/api.w.org\/{rel}","templated":true}]}}