{"id":92902,"date":"2023-06-01T08:21:39","date_gmt":"2023-06-01T06:21:39","guid":{"rendered":"https:\/\/prep.ccfs-sorbonne.fr\/info-inscripcion\/inscribirse-en-los-ccfs\/visas\/"},"modified":"2024-10-02T13:48:48","modified_gmt":"2024-10-02T11:48:48","slug":"visados-para-estudiar-en-francia","status":"publish","type":"page","link":"https:\/\/prep.ccfs-sorbonne.fr\/es\/info-inscripcion\/inscribirse-en-los-ccfs\/visados-para-estudiar-en-francia\/","title":{"rendered":"Visados para estudiar en Francia"},"content":{"rendered":"\t\t<div data-elementor-type=\"wp-page\" data-elementor-id=\"92902\" class=\"elementor elementor-92902 elementor-83\" data-elementor-post-type=\"page\">\n\t\t\t\t\t\t<section class=\"elementor-section elementor-top-section elementor-element elementor-element-efd09f4 elementor-section-stretched elementor-section-boxed elementor-section-height-default elementor-section-height-default\" data-id=\"efd09f4\" data-element_type=\"section\" data-settings=\"{&quot;stretch_section&quot;:&quot;section-stretched&quot;,&quot;background_background&quot;:&quot;classic&quot;}\">\n\t\t\t\t\t\t\t<div class=\"elementor-background-overlay\"><\/div>\n\t\t\t\t\t\t\t<div class=\"elementor-container elementor-column-gap-default\">\n\t\t\t\t\t<div class=\"elementor-column elementor-col-100 elementor-top-column elementor-element elementor-element-044c4f5\" data-id=\"044c4f5\" data-element_type=\"column\">\n\t\t\t<div class=\"elementor-widget-wrap elementor-element-populated\">\n\t\t\t\t\t\t<section class=\"elementor-section elementor-inner-section elementor-element elementor-element-103e63f elementor-section-boxed elementor-section-height-default elementor-section-height-default\" data-id=\"103e63f\" data-element_type=\"section\">\n\t\t\t\t\t\t<div class=\"elementor-container elementor-column-gap-default\">\n\t\t\t\t\t<div class=\"elementor-column elementor-col-50 elementor-inner-column elementor-element elementor-element-639188e\" data-id=\"639188e\" data-element_type=\"column\">\n\t\t\t<div class=\"elementor-widget-wrap elementor-element-populated\">\n\t\t\t\t\t\t<div class=\"elementor-element elementor-element-49447e7 elementor-widget elementor-widget-heading\" data-id=\"49447e7\" data-element_type=\"widget\" data-widget_type=\"heading.default\">\n\t\t\t\t<div class=\"elementor-widget-container\">\n\t\t\t\t\t<h1 class=\"elementor-heading-title elementor-size-default\">Los diferentes tipos de visas adecuadas para estudiar en Francia <\/h1>\t\t\t\t<\/div>\n\t\t\t\t<\/div>\n\t\t\t\t\t<\/div>\n\t\t<\/div>\n\t\t\t\t<div class=\"elementor-column elementor-col-50 elementor-inner-column elementor-element elementor-element-01e6565 elementor-hidden-mobile elementor-hidden-tablet\" data-id=\"01e6565\" data-element_type=\"column\">\n\t\t\t<div class=\"elementor-widget-wrap elementor-element-populated\">\n\t\t\t\t\t\t<div class=\"elementor-element elementor-element-c617c31 elementor-widget elementor-widget-image\" data-id=\"c617c31\" data-element_type=\"widget\" data-widget_type=\"image.default\">\n\t\t\t\t<div class=\"elementor-widget-container\">\n\t\t\t\t\t\t\t\t\t\t\t\t\t\t\t<img fetchpriority=\"high\" decoding=\"async\" width=\"300\" height=\"400\" src=\"https:\/\/prep.ccfs-sorbonne.fr\/wp-content\/uploads\/2024\/07\/etudiant-11-ccfs-1.png\" class=\"attachment-full size-full wp-image-97518\" alt=\"\" srcset=\"https:\/\/prep.ccfs-sorbonne.fr\/wp-content\/uploads\/2024\/07\/etudiant-11-ccfs-1.png 300w, https:\/\/prep.ccfs-sorbonne.fr\/wp-content\/uploads\/2024\/07\/etudiant-11-ccfs-1-225x300.png 225w\" sizes=\"(max-width: 300px) 100vw, 300px\" \/>\t\t\t\t\t\t\t\t\t\t\t\t\t\t\t<\/div>\n\t\t\t\t<\/div>\n\t\t\t\t\t<\/div>\n\t\t<\/div>\n\t\t\t\t\t<\/div>\n\t\t<\/section>\n\t\t\t\t\t<\/div>\n\t\t<\/div>\n\t\t\t\t\t<\/div>\n\t\t<\/section>\n\t\t\t\t<section class=\"elementor-section elementor-top-section elementor-element elementor-element-441e7423 elementor-section-stretched elementor-section-boxed elementor-section-height-default elementor-section-height-default\" data-id=\"441e7423\" data-element_type=\"section\" data-settings=\"{&quot;stretch_section&quot;:&quot;section-stretched&quot;}\">\n\t\t\t\t\t\t<div class=\"elementor-container elementor-column-gap-default\">\n\t\t\t\t\t<div class=\"elementor-column elementor-col-100 elementor-top-column elementor-element elementor-element-f56ee3b\" data-id=\"f56ee3b\" data-element_type=\"column\">\n\t\t\t<div class=\"elementor-widget-wrap elementor-element-populated\">\n\t\t\t\t\t\t<div class=\"elementor-element elementor-element-c6c98f2 elementor-widget elementor-widget-global elementor-global-82281 elementor-widget-breadcrumbs\" data-id=\"c6c98f2\" data-element_type=\"widget\" data-widget_type=\"breadcrumbs.default\">\n\t\t\t\t<div class=\"elementor-widget-container\">\n\t\t\t\t\t<p id=\"breadcrumbs\"><span><span><a href=\"https:\/\/www.ccfs-sorbonne.fr\/es\/\">Inicio<\/a><\/span><\/span><\/p>\t\t\t\t<\/div>\n\t\t\t\t<\/div>\n\t\t\t\t<div class=\"elementor-element elementor-element-26bc0b5 elementor-widget elementor-widget-text-editor\" data-id=\"26bc0b5\" data-element_type=\"widget\" data-widget_type=\"text-editor.default\">\n\t\t\t\t<div class=\"elementor-widget-container\">\n\t\t\t\t\t\t\t\t\t<h2><strong>\u00bfEs obligatoria la visa en mi situaci\u00f3n?<\/strong><\/h2><p><span style=\"font-weight: 400;\">Seg\u00fan su pa\u00eds de origen, puede ser necesario obtener una visa si planea estudiar y\/o aprender franc\u00e9s mientras reside en Francia. Sin embargo, los ciudadanos de la Uni\u00f3n Europea, Suiza y los nacionales del Espacio Econ\u00f3mico Europeo pueden residir y\/o <a href=\"https:\/\/prep.ccfs-sorbonne.fr\/es\/info-inscripcion\/inscribirse-en-los-ccfs\/como-inscribirse\/\">estudiar en Francia<\/a> sin necesidad de solicitar previamente una visa.<\/span><\/p><p><span style=\"font-weight: 400;\">Para los ciudadanos de otros pa\u00edses que carecen de un permiso de residencia franc\u00e9s, la obtenci\u00f3n de una visa es imprescindible para residir en Francia con fines de estudio o aprendizaje del idioma franc\u00e9s, ya sea con fines acad\u00e9micos o personales. El tipo de visa requerida depende de su estatus como estudiante o no, y tambi\u00e9n est\u00e1 condicionada por la duraci\u00f3n de su estancia en Francia.<\/span><\/p><h2><strong>Visa de larga estancia: ideal para estudiar en Francia<\/strong><\/h2><p><span style=\"font-weight: 400;\">La visa de larga estancia es especialmente adecuada para estudiantes que deseen aprender franc\u00e9s, ya que puede ser renovada para estudios superiores en Francia. Con una validez de 4 a 12 meses, esta visa exime de la obligaci\u00f3n de solicitar una tarjeta de residencia y ofrece diversas ventajas: el titular puede viajar libremente dentro del \u00e1rea Schengen, trabajar a tiempo parcial en Francia y recibir ayuda para el alojamiento proporcionada por la CAF (Caisse des Allocations Familiales). Sin embargo, aquellos que deseen extender su estancia m\u00e1s all\u00e1 de su per\u00edodo de validez deben iniciar el procedimiento para obtener una tarjeta de residencia en la prefectura, al menos dos meses antes de la expiraci\u00f3n de la visa.<\/span><\/p><p><span style=\"font-weight: 400;\">Adem\u00e1s, la visa de larga estancia, como permiso de residencia, tambi\u00e9n est\u00e1 destinada a trabajadores, pasantes y visitantes, ofreciendo una duraci\u00f3n flexible de 4 a 12 meses durante la cual pueden aprender franc\u00e9s en Francia<\/span><span style=\"font-weight: 400;\">\u00a0<\/span><\/p><h2><strong>Visa temporal de larga estancia<\/strong><\/h2><p><span style=\"font-weight: 400;\">Esta visa temporal, con una duraci\u00f3n de cuatro a doce meses, se diferencia de la visa de larga estancia en varias caracter\u00edsticas esenciales: no se puede extender en Francia y no permite al titular trabajar a tiempo parcial ni solicitar ayuda financiera de la CAF. Por lo tanto, es adecuada para personas que consideran un descanso de unos meses o incluso un a\u00f1o sab\u00e1tico con el objetivo de aprender franc\u00e9s.<\/span><\/p><h2><strong>Visa de vacaciones y trabajo o \u00abjoven viajero\u00bb: cultura y turismo<\/strong><\/h2><p><span style=\"font-weight: 400;\">Destinada a personas de 18 a 30 a\u00f1os y aplicable en 16 pa\u00edses, la visa de vacaciones y trabajo o \u00abjoven viajero\u00bb se otorga en el contexto de un enfoque tur\u00edstico y cultural en Francia, que incluye el aprendizaje del idioma franc\u00e9s. Limitada a un m\u00e1ximo de un a\u00f1o, esta visa no se puede extender, pero permite el ejercicio de un empleo remunerado.<\/span><\/p>\t\t\t\t\t\t\t\t<\/div>\n\t\t\t\t<\/div>\n\t\t\t\t\t<\/div>\n\t\t<\/div>\n\t\t\t\t\t<\/div>\n\t\t<\/section>\n\t\t<div class=\"elementor-element elementor-element-2c2778d e-flex e-con-boxed e-con e-parent\" data-id=\"2c2778d\" data-element_type=\"container\">\n\t\t\t\t\t<div class=\"e-con-inner\">\n\t\t\t\t<div class=\"elementor-element elementor-element-55d806a elementor-widget-divider--view-line elementor-widget elementor-widget-divider\" data-id=\"55d806a\" data-element_type=\"widget\" data-widget_type=\"divider.default\">\n\t\t\t\t<div class=\"elementor-widget-container\">\n\t\t\t\t\t\t\t<div class=\"elementor-divider\">\n\t\t\t<span class=\"elementor-divider-separator\">\n\t\t\t\t\t\t<\/span>\n\t\t<\/div>\n\t\t\t\t\t\t<\/div>\n\t\t\t\t<\/div>\n\t\t\t\t<div class=\"elementor-element elementor-element-66c1f43 elementor-widget elementor-widget-shortcode\" data-id=\"66c1f43\" data-element_type=\"widget\" data-widget_type=\"shortcode.default\">\n\t\t\t\t<div class=\"elementor-widget-container\">\n\t\t\t\t\t\t\t<div class=\"elementor-shortcode\"><ul class='listing-page-soeur'><li class='bloc-page-soeur'><a class='image-soeur' style='background:url(https:\/\/prep.ccfs-sorbonne.fr\/wp-content\/uploads\/2023\/11\/AdobeStock_328237788.jpeg)' href='https:\/\/prep.ccfs-sorbonne.fr\/es\/info-inscripcion\/inscribirse-en-los-ccfs\/como-inscribirse\/' title='&iquest;C&oacute;mo inscribirse?'><\/a><div class='detail-soeur'><div class='nom-page-soeur'><h2><a href='https:\/\/prep.ccfs-sorbonne.fr\/es\/info-inscripcion\/inscribirse-en-los-ccfs\/como-inscribirse\/' title='&iquest;C&oacute;mo inscribirse?'>\u00bfC\u00f3mo inscribirse?<\/a><\/h2><\/div><\/div><\/li><li class='bloc-page-soeur'><a class='image-soeur' style='background:url(https:\/\/prep.ccfs-sorbonne.fr\/wp-content\/uploads\/2023\/11\/Recognity-Shoot-Etudiant-Paris-39.jpg)' href='https:\/\/prep.ccfs-sorbonne.fr\/es\/info-inscripcion\/inscribirse-en-los-ccfs\/documentos-administrativos-y-juridicos\/' title='Documentos administrativos y jur&iacute;dicos'><\/a><div class='detail-soeur'><div class='nom-page-soeur'><h2><a href='https:\/\/prep.ccfs-sorbonne.fr\/es\/info-inscripcion\/inscribirse-en-los-ccfs\/documentos-administrativos-y-juridicos\/' title='Documentos administrativos y jur&iacute;dicos'>Documentos administrativos y jur\u00eddicos<\/a><\/h2><\/div><\/div><\/li><\/ul><\/div>\n\t\t\t\t\t\t<\/div>\n\t\t\t\t<\/div>\n\t\t\t\t\t<\/div>\n\t\t\t\t<\/div>\n\t\t\t\t<\/div>\n\t\t","protected":false},"excerpt":{"rendered":"<p>Los diferentes tipos de visas adecuadas para estudiar en Francia \u00bfEs obligatoria la visa en mi situaci\u00f3n? Seg\u00fan su pa\u00eds de origen, puede ser necesario obtener una visa si planea [&hellip;]<\/p>\n","protected":false},"author":8,"featured_media":90390,"parent":92897,"menu_order":2,"comment_status":"closed","ping_status":"closed","template":"","meta":{"_acf_changed":false,"footnotes":""},"class_list":["post-92902","page","type-page","status-publish","has-post-thumbnail","hentry"],"acf":[],"yoast_head":"<!-- This site is optimized with the Yoast SEO plugin v24.8.1 - https:\/\/yoast.com\/wordpress\/plugins\/seo\/ -->\n<title>\u00bfQu\u00e9 visa necesito para estudiar en Francia?<\/title>\n<meta name=\"description\" content=\"Estudiar en Francia puede requerir una visa; Dependiendo de la duraci\u00f3n de la estancia y su finalidad, hay diferentes tipos de visas disponibles.\" \/>\n<meta name=\"robots\" content=\"index, follow, max-snippet:-1, max-image-preview:large, max-video-preview:-1\" \/>\n<link rel=\"canonical\" href=\"https:\/\/prep.ccfs-sorbonne.fr\/es\/info-inscripcion\/inscribirse-en-los-ccfs\/visados-para-estudiar-en-francia\/\" \/>\n<meta property=\"og:locale\" content=\"es_ES\" \/>\n<meta property=\"og:type\" content=\"article\" \/>\n<meta property=\"og:title\" content=\"\u00bfQu\u00e9 visa necesito para estudiar en Francia?\" \/>\n<meta property=\"og:description\" content=\"Estudiar en Francia puede requerir una visa; Dependiendo de la duraci\u00f3n de la estancia y su finalidad, hay diferentes tipos de visas disponibles.\" \/>\n<meta property=\"og:url\" content=\"https:\/\/prep.ccfs-sorbonne.fr\/es\/info-inscripcion\/inscribirse-en-los-ccfs\/visados-para-estudiar-en-francia\/\" \/>\n<meta property=\"og:site_name\" content=\"CCFS Sorbonne\" \/>\n<meta property=\"article:modified_time\" content=\"2024-10-02T11:48:48+00:00\" \/>\n<meta property=\"og:image\" content=\"https:\/\/www.ccfs-sorbonne.fr\/wp-content\/uploads\/2023\/11\/AdobeStock_243575259.jpeg\" \/>\n\t<meta property=\"og:image:width\" content=\"1920\" \/>\n\t<meta property=\"og:image:height\" content=\"1280\" \/>\n\t<meta property=\"og:image:type\" content=\"image\/jpeg\" \/>\n<meta name=\"twitter:card\" content=\"summary_large_image\" \/>\n<meta name=\"twitter:label1\" content=\"Tiempo de lectura\" \/>\n\t<meta name=\"twitter:data1\" content=\"3 minutos\" \/>\n<script type=\"application\/ld+json\" class=\"yoast-schema-graph\">{\"@context\":\"https:\/\/schema.org\",\"@graph\":[{\"@type\":\"WebPage\",\"@id\":\"https:\/\/prep.ccfs-sorbonne.fr\/es\/info-inscripcion\/inscribirse-en-los-ccfs\/visados-para-estudiar-en-francia\/\",\"url\":\"https:\/\/prep.ccfs-sorbonne.fr\/es\/info-inscripcion\/inscribirse-en-los-ccfs\/visados-para-estudiar-en-francia\/\",\"name\":\"\u00bfQu\u00e9 visa necesito para estudiar en Francia?\",\"isPartOf\":{\"@id\":\"https:\/\/www.ccfs-sorbonne.fr\/#website\"},\"primaryImageOfPage\":{\"@id\":\"https:\/\/prep.ccfs-sorbonne.fr\/es\/info-inscripcion\/inscribirse-en-los-ccfs\/visados-para-estudiar-en-francia\/#primaryimage\"},\"image\":{\"@id\":\"https:\/\/prep.ccfs-sorbonne.fr\/es\/info-inscripcion\/inscribirse-en-los-ccfs\/visados-para-estudiar-en-francia\/#primaryimage\"},\"thumbnailUrl\":\"https:\/\/prep.ccfs-sorbonne.fr\/wp-content\/uploads\/2023\/11\/AdobeStock_243575259.jpeg\",\"datePublished\":\"2023-06-01T06:21:39+00:00\",\"dateModified\":\"2024-10-02T11:48:48+00:00\",\"description\":\"Estudiar en Francia puede requerir una visa; Dependiendo de la duraci\u00f3n de la estancia y su finalidad, hay diferentes tipos de visas disponibles.\",\"breadcrumb\":{\"@id\":\"https:\/\/prep.ccfs-sorbonne.fr\/es\/info-inscripcion\/inscribirse-en-los-ccfs\/visados-para-estudiar-en-francia\/#breadcrumb\"},\"inLanguage\":\"es\",\"potentialAction\":[{\"@type\":\"ReadAction\",\"target\":[\"https:\/\/prep.ccfs-sorbonne.fr\/es\/info-inscripcion\/inscribirse-en-los-ccfs\/visados-para-estudiar-en-francia\/\"]}]},{\"@type\":\"ImageObject\",\"inLanguage\":\"es\",\"@id\":\"https:\/\/prep.ccfs-sorbonne.fr\/es\/info-inscripcion\/inscribirse-en-los-ccfs\/visados-para-estudiar-en-francia\/#primaryimage\",\"url\":\"https:\/\/prep.ccfs-sorbonne.fr\/wp-content\/uploads\/2023\/11\/AdobeStock_243575259.jpeg\",\"contentUrl\":\"https:\/\/prep.ccfs-sorbonne.fr\/wp-content\/uploads\/2023\/11\/AdobeStock_243575259.jpeg\",\"width\":1920,\"height\":1280,\"caption\":\"The Place du Tertre with tables of cafe and the Sacre-Coeur in the morning, quarter Montmartre in Paris, France\"},{\"@type\":\"BreadcrumbList\",\"@id\":\"https:\/\/prep.ccfs-sorbonne.fr\/es\/info-inscripcion\/inscribirse-en-los-ccfs\/visados-para-estudiar-en-francia\/#breadcrumb\",\"itemListElement\":[{\"@type\":\"ListItem\",\"position\":1,\"name\":\"Inicio\",\"item\":\"https:\/\/www.ccfs-sorbonne.fr\/es\/\"},{\"@type\":\"ListItem\",\"position\":2,\"name\":\"Informaci\u00f3n y registro\",\"item\":\"https:\/\/www.ccfs-sorbonne.fr\/es\/info-inscripcion\/\"},{\"@type\":\"ListItem\",\"position\":3,\"name\":\"Inscribirse en los CCFS\",\"item\":\"https:\/\/www.ccfs-sorbonne.fr\/es\/info-inscripcion\/inscribirse-en-los-ccfs\/\"},{\"@type\":\"ListItem\",\"position\":4,\"name\":\"Visados para estudiar en Francia\"}]},{\"@type\":\"WebSite\",\"@id\":\"https:\/\/www.ccfs-sorbonne.fr\/#website\",\"url\":\"https:\/\/www.ccfs-sorbonne.fr\/\",\"name\":\"CCFS Sorbonne\",\"description\":\"\",\"publisher\":{\"@id\":\"https:\/\/www.ccfs-sorbonne.fr\/#organization\"},\"potentialAction\":[{\"@type\":\"SearchAction\",\"target\":{\"@type\":\"EntryPoint\",\"urlTemplate\":\"https:\/\/www.ccfs-sorbonne.fr\/?s={search_term_string}\"},\"query-input\":{\"@type\":\"PropertyValueSpecification\",\"valueRequired\":true,\"valueName\":\"search_term_string\"}}],\"inLanguage\":\"es\"},{\"@type\":\"Organization\",\"@id\":\"https:\/\/www.ccfs-sorbonne.fr\/#organization\",\"name\":\"CCFS Sorbonne\",\"url\":\"https:\/\/www.ccfs-sorbonne.fr\/\",\"logo\":{\"@type\":\"ImageObject\",\"inLanguage\":\"es\",\"@id\":\"https:\/\/www.ccfs-sorbonne.fr\/#\/schema\/logo\/image\/\",\"url\":\"https:\/\/prep.ccfs-sorbonne.fr\/wp-content\/uploads\/2023\/11\/logo-ccfs-sorbonne.png\",\"contentUrl\":\"https:\/\/prep.ccfs-sorbonne.fr\/wp-content\/uploads\/2023\/11\/logo-ccfs-sorbonne.png\",\"width\":300,\"height\":120,\"caption\":\"CCFS Sorbonne\"},\"image\":{\"@id\":\"https:\/\/www.ccfs-sorbonne.fr\/#\/schema\/logo\/image\/\"}}]}<\/script>\n<!-- \/ Yoast SEO plugin. -->","yoast_head_json":{"title":"\u00bfQu\u00e9 visa necesito para estudiar en Francia?","description":"Estudiar en Francia puede requerir una visa; Dependiendo de la duraci\u00f3n de la estancia y su finalidad, hay diferentes tipos de visas disponibles.","robots":{"index":"index","follow":"follow","max-snippet":"max-snippet:-1","max-image-preview":"max-image-preview:large","max-video-preview":"max-video-preview:-1"},"canonical":"https:\/\/prep.ccfs-sorbonne.fr\/es\/info-inscripcion\/inscribirse-en-los-ccfs\/visados-para-estudiar-en-francia\/","og_locale":"es_ES","og_type":"article","og_title":"\u00bfQu\u00e9 visa necesito para estudiar en Francia?","og_description":"Estudiar en Francia puede requerir una visa; Dependiendo de la duraci\u00f3n de la estancia y su finalidad, hay diferentes tipos de visas disponibles.","og_url":"https:\/\/prep.ccfs-sorbonne.fr\/es\/info-inscripcion\/inscribirse-en-los-ccfs\/visados-para-estudiar-en-francia\/","og_site_name":"CCFS Sorbonne","article_modified_time":"2024-10-02T11:48:48+00:00","og_image":[{"width":1920,"height":1280,"url":"https:\/\/www.ccfs-sorbonne.fr\/wp-content\/uploads\/2023\/11\/AdobeStock_243575259.jpeg","type":"image\/jpeg"}],"twitter_card":"summary_large_image","twitter_misc":{"Tiempo de lectura":"3 minutos"},"schema":{"@context":"https:\/\/schema.org","@graph":[{"@type":"WebPage","@id":"https:\/\/prep.ccfs-sorbonne.fr\/es\/info-inscripcion\/inscribirse-en-los-ccfs\/visados-para-estudiar-en-francia\/","url":"https:\/\/prep.ccfs-sorbonne.fr\/es\/info-inscripcion\/inscribirse-en-los-ccfs\/visados-para-estudiar-en-francia\/","name":"\u00bfQu\u00e9 visa necesito para estudiar en Francia?","isPartOf":{"@id":"https:\/\/www.ccfs-sorbonne.fr\/#website"},"primaryImageOfPage":{"@id":"https:\/\/prep.ccfs-sorbonne.fr\/es\/info-inscripcion\/inscribirse-en-los-ccfs\/visados-para-estudiar-en-francia\/#primaryimage"},"image":{"@id":"https:\/\/prep.ccfs-sorbonne.fr\/es\/info-inscripcion\/inscribirse-en-los-ccfs\/visados-para-estudiar-en-francia\/#primaryimage"},"thumbnailUrl":"https:\/\/prep.ccfs-sorbonne.fr\/wp-content\/uploads\/2023\/11\/AdobeStock_243575259.jpeg","datePublished":"2023-06-01T06:21:39+00:00","dateModified":"2024-10-02T11:48:48+00:00","description":"Estudiar en Francia puede requerir una visa; Dependiendo de la duraci\u00f3n de la estancia y su finalidad, hay diferentes tipos de visas disponibles.","breadcrumb":{"@id":"https:\/\/prep.ccfs-sorbonne.fr\/es\/info-inscripcion\/inscribirse-en-los-ccfs\/visados-para-estudiar-en-francia\/#breadcrumb"},"inLanguage":"es","potentialAction":[{"@type":"ReadAction","target":["https:\/\/prep.ccfs-sorbonne.fr\/es\/info-inscripcion\/inscribirse-en-los-ccfs\/visados-para-estudiar-en-francia\/"]}]},{"@type":"ImageObject","inLanguage":"es","@id":"https:\/\/prep.ccfs-sorbonne.fr\/es\/info-inscripcion\/inscribirse-en-los-ccfs\/visados-para-estudiar-en-francia\/#primaryimage","url":"https:\/\/prep.ccfs-sorbonne.fr\/wp-content\/uploads\/2023\/11\/AdobeStock_243575259.jpeg","contentUrl":"https:\/\/prep.ccfs-sorbonne.fr\/wp-content\/uploads\/2023\/11\/AdobeStock_243575259.jpeg","width":1920,"height":1280,"caption":"The Place du Tertre with tables of cafe and the Sacre-Coeur in the morning, quarter Montmartre in Paris, France"},{"@type":"BreadcrumbList","@id":"https:\/\/prep.ccfs-sorbonne.fr\/es\/info-inscripcion\/inscribirse-en-los-ccfs\/visados-para-estudiar-en-francia\/#breadcrumb","itemListElement":[{"@type":"ListItem","position":1,"name":"Inicio","item":"https:\/\/www.ccfs-sorbonne.fr\/es\/"},{"@type":"ListItem","position":2,"name":"Informaci\u00f3n y registro","item":"https:\/\/www.ccfs-sorbonne.fr\/es\/info-inscripcion\/"},{"@type":"ListItem","position":3,"name":"Inscribirse en los CCFS","item":"https:\/\/www.ccfs-sorbonne.fr\/es\/info-inscripcion\/inscribirse-en-los-ccfs\/"},{"@type":"ListItem","position":4,"name":"Visados para estudiar en Francia"}]},{"@type":"WebSite","@id":"https:\/\/www.ccfs-sorbonne.fr\/#website","url":"https:\/\/www.ccfs-sorbonne.fr\/","name":"CCFS Sorbonne","description":"","publisher":{"@id":"https:\/\/www.ccfs-sorbonne.fr\/#organization"},"potentialAction":[{"@type":"SearchAction","target":{"@type":"EntryPoint","urlTemplate":"https:\/\/www.ccfs-sorbonne.fr\/?s={search_term_string}"},"query-input":{"@type":"PropertyValueSpecification","valueRequired":true,"valueName":"search_term_string"}}],"inLanguage":"es"},{"@type":"Organization","@id":"https:\/\/www.ccfs-sorbonne.fr\/#organization","name":"CCFS Sorbonne","url":"https:\/\/www.ccfs-sorbonne.fr\/","logo":{"@type":"ImageObject","inLanguage":"es","@id":"https:\/\/www.ccfs-sorbonne.fr\/#\/schema\/logo\/image\/","url":"https:\/\/prep.ccfs-sorbonne.fr\/wp-content\/uploads\/2023\/11\/logo-ccfs-sorbonne.png","contentUrl":"https:\/\/prep.ccfs-sorbonne.fr\/wp-content\/uploads\/2023\/11\/logo-ccfs-sorbonne.png","width":300,"height":120,"caption":"CCFS Sorbonne"},"image":{"@id":"https:\/\/www.ccfs-sorbonne.fr\/#\/schema\/logo\/image\/"}}]}},"_links":{"self":[{"href":"https:\/\/prep.ccfs-sorbonne.fr\/es\/wp-json\/wp\/v2\/pages\/92902","targetHints":{"allow":["GET"]}}],"collection":[{"href":"https:\/\/prep.ccfs-sorbonne.fr\/es\/wp-json\/wp\/v2\/pages"}],"about":[{"href":"https:\/\/prep.ccfs-sorbonne.fr\/es\/wp-json\/wp\/v2\/types\/page"}],"author":[{"embeddable":true,"href":"https:\/\/prep.ccfs-sorbonne.fr\/es\/wp-json\/wp\/v2\/users\/8"}],"replies":[{"embeddable":true,"href":"https:\/\/prep.ccfs-sorbonne.fr\/es\/wp-json\/wp\/v2\/comments?post=92902"}],"version-history":[{"count":5,"href":"https:\/\/prep.ccfs-sorbonne.fr\/es\/wp-json\/wp\/v2\/pages\/92902\/revisions"}],"predecessor-version":[{"id":99089,"href":"https:\/\/prep.ccfs-sorbonne.fr\/es\/wp-json\/wp\/v2\/pages\/92902\/revisions\/99089"}],"up":[{"embeddable":true,"href":"https:\/\/prep.ccfs-sorbonne.fr\/es\/wp-json\/wp\/v2\/pages\/92897"}],"wp:featuredmedia":[{"embeddable":true,"href":"https:\/\/prep.ccfs-sorbonne.fr\/es\/wp-json\/wp\/v2\/media\/90390"}],"wp:attachment":[{"href":"https:\/\/prep.ccfs-sorbonne.fr\/es\/wp-json\/wp\/v2\/media?parent=92902"}],"curies":[{"name":"wp","href":"https:\/\/api.w.org\/{rel}","templated":true}]}}