{"id":92900,"date":"2023-06-01T08:18:49","date_gmt":"2023-06-01T06:18:49","guid":{"rendered":"https:\/\/prep.ccfs-sorbonne.fr\/info-inscripcion\/inscribirse-en-los-ccfs\/comment-sinscrire\/"},"modified":"2025-03-13T10:15:57","modified_gmt":"2025-03-13T09:15:57","slug":"como-inscribirse","status":"publish","type":"page","link":"https:\/\/prep.ccfs-sorbonne.fr\/es\/info-inscripcion\/inscribirse-en-los-ccfs\/como-inscribirse\/","title":{"rendered":"\u00bfC\u00f3mo inscribirse?"},"content":{"rendered":"\t\t<div data-elementor-type=\"wp-page\" data-elementor-id=\"92900\" class=\"elementor elementor-92900 elementor-72\" data-elementor-post-type=\"page\">\n\t\t\t\t\t\t<section class=\"elementor-section elementor-top-section elementor-element elementor-element-5e02e82 elementor-section-stretched elementor-section-boxed elementor-section-height-default elementor-section-height-default\" data-id=\"5e02e82\" data-element_type=\"section\" data-settings=\"{&quot;stretch_section&quot;:&quot;section-stretched&quot;,&quot;background_background&quot;:&quot;classic&quot;}\">\n\t\t\t\t\t\t\t<div class=\"elementor-background-overlay\"><\/div>\n\t\t\t\t\t\t\t<div class=\"elementor-container elementor-column-gap-default\">\n\t\t\t\t\t<div class=\"elementor-column elementor-col-100 elementor-top-column elementor-element elementor-element-88f190e\" data-id=\"88f190e\" data-element_type=\"column\">\n\t\t\t<div class=\"elementor-widget-wrap elementor-element-populated\">\n\t\t\t\t\t\t<section class=\"elementor-section elementor-inner-section elementor-element elementor-element-4741bd2 elementor-section-boxed elementor-section-height-default elementor-section-height-default\" data-id=\"4741bd2\" data-element_type=\"section\">\n\t\t\t\t\t\t<div class=\"elementor-container elementor-column-gap-default\">\n\t\t\t\t\t<div class=\"elementor-column elementor-col-50 elementor-inner-column elementor-element elementor-element-733cf57\" data-id=\"733cf57\" data-element_type=\"column\">\n\t\t\t<div class=\"elementor-widget-wrap elementor-element-populated\">\n\t\t\t\t\t\t<div class=\"elementor-element elementor-element-be77031 elementor-widget elementor-widget-heading\" data-id=\"be77031\" data-element_type=\"widget\" data-widget_type=\"heading.default\">\n\t\t\t\t<div class=\"elementor-widget-container\">\n\t\t\t\t\t<h1 class=\"elementor-heading-title elementor-size-default\">Registro para CCFS<\/h1>\t\t\t\t<\/div>\n\t\t\t\t<\/div>\n\t\t\t\t\t<\/div>\n\t\t<\/div>\n\t\t\t\t<div class=\"elementor-column elementor-col-50 elementor-inner-column elementor-element elementor-element-6905a74 elementor-hidden-mobile elementor-hidden-tablet\" data-id=\"6905a74\" data-element_type=\"column\">\n\t\t\t<div class=\"elementor-widget-wrap elementor-element-populated\">\n\t\t\t\t\t\t<div class=\"elementor-element elementor-element-c802223 elementor-widget elementor-widget-image\" data-id=\"c802223\" data-element_type=\"widget\" data-widget_type=\"image.default\">\n\t\t\t\t<div class=\"elementor-widget-container\">\n\t\t\t\t\t\t\t\t\t\t\t\t\t\t\t<img fetchpriority=\"high\" decoding=\"async\" width=\"300\" height=\"400\" src=\"https:\/\/prep.ccfs-sorbonne.fr\/wp-content\/uploads\/2024\/07\/etudiant-11-ccfs-1.png\" class=\"attachment-full size-full wp-image-97518\" alt=\"\" srcset=\"https:\/\/prep.ccfs-sorbonne.fr\/wp-content\/uploads\/2024\/07\/etudiant-11-ccfs-1.png 300w, https:\/\/prep.ccfs-sorbonne.fr\/wp-content\/uploads\/2024\/07\/etudiant-11-ccfs-1-225x300.png 225w\" sizes=\"(max-width: 300px) 100vw, 300px\" \/>\t\t\t\t\t\t\t\t\t\t\t\t\t\t\t<\/div>\n\t\t\t\t<\/div>\n\t\t\t\t\t<\/div>\n\t\t<\/div>\n\t\t\t\t\t<\/div>\n\t\t<\/section>\n\t\t\t\t\t<\/div>\n\t\t<\/div>\n\t\t\t\t\t<\/div>\n\t\t<\/section>\n\t\t\t\t<section class=\"elementor-section elementor-top-section elementor-element elementor-element-71d49ef7 elementor-section-stretched elementor-section-boxed elementor-section-height-default elementor-section-height-default\" data-id=\"71d49ef7\" data-element_type=\"section\" data-settings=\"{&quot;stretch_section&quot;:&quot;section-stretched&quot;}\">\n\t\t\t\t\t\t<div class=\"elementor-container elementor-column-gap-default\">\n\t\t\t\t\t<div class=\"elementor-column elementor-col-100 elementor-top-column elementor-element elementor-element-200ffd3\" data-id=\"200ffd3\" data-element_type=\"column\">\n\t\t\t<div class=\"elementor-widget-wrap elementor-element-populated\">\n\t\t\t\t\t\t<div class=\"elementor-element elementor-element-442f7d0 elementor-widget elementor-widget-global elementor-global-82281 elementor-widget-breadcrumbs\" data-id=\"442f7d0\" data-element_type=\"widget\" data-widget_type=\"breadcrumbs.default\">\n\t\t\t\t<div class=\"elementor-widget-container\">\n\t\t\t\t\t<p id=\"breadcrumbs\"><span><span><a href=\"https:\/\/www.ccfs-sorbonne.fr\/es\/\">Inicio<\/a><\/span><\/span><\/p>\t\t\t\t<\/div>\n\t\t\t\t<\/div>\n\t\t\t\t<div class=\"elementor-element elementor-element-041490f elementor-widget elementor-widget-video\" data-id=\"041490f\" data-element_type=\"widget\" data-settings=\"{&quot;youtube_url&quot;:&quot;https:\\\/\\\/youtu.be\\\/MEpfey0EV7E&quot;,&quot;video_type&quot;:&quot;youtube&quot;,&quot;controls&quot;:&quot;yes&quot;}\" data-widget_type=\"video.default\">\n\t\t\t\t<div class=\"elementor-widget-container\">\n\t\t\t\t\t\t\t<div class=\"elementor-wrapper elementor-open-inline\">\n\t\t\t<div class=\"elementor-video\"><\/div>\t\t<\/div>\n\t\t\t\t\t\t<\/div>\n\t\t\t\t<\/div>\n\t\t\t\t<div class=\"elementor-element elementor-element-1287012d elementor-widget elementor-widget-text-editor\" data-id=\"1287012d\" data-element_type=\"widget\" data-widget_type=\"text-editor.default\">\n\t\t\t\t<div class=\"elementor-widget-container\">\n\t\t\t\t\t\t\t\t\t<h2><span style=\"font-weight: 400;\">\u00a0<\/span><strong style=\"color: inherit; font-size: 25px;\">Inscripci\u00f3n en l\u00ednea<\/strong><\/h2><ul><li><span style=\"font-weight: 400;\">Seleccione el curso que desea seguir.<\/span><\/li><li><span style=\"font-weight: 400;\">Realice un pago inicial del 30% o el monto total de los derechos de inscripci\u00f3n.<\/span><\/li><\/ul><div>\u00a0<\/div><h2><strong>Cargue sus documentos en el portal del estudiante.<\/strong><\/h2><ul><li><span style=\"font-weight: 400;\">Recibir\u00e1 un correo electr\u00f3nico con los datos de acceso a su portal de estudiante.<\/span><\/li><li><span style=\"font-weight: 400;\">Suba los siguientes documentos:<\/span>\u00a0<br \/>1. Diploma<br \/>2. Pasaporte<br \/>3.Fotograf\u00eda<\/li><li>Despu\u00e9s de verificar los documentos, la secretar\u00eda validar\u00e1 su pago.<\/li><\/ul><div>\u00a0<\/div><h2><strong>Certificado de inscripci\u00f3n<\/strong><\/h2><ul><li><span style=\"font-weight: 400;\">Puede descargar su certificado o factura.<\/span><\/li><li><span style=\"font-weight: 400;\">Tendr\u00e1 acceso a su espacio Study&amp;Co para preparar su estancia en Par\u00eds.<\/span><\/li><\/ul><div>\u00a0<\/div><h2><strong>Solicitud de visa<\/strong><\/h2><ul><li>Si proviene de un pa\u00eds sujeto al procedimiento CEF, puede crear una cuenta en la plataforma \u00c9tude en France: <a href=\"https:\/\/pastel.diplomatie.gouv.fr\" target=\"_blank\" rel=\"noopener\">https:\/\/pastel.diplomatie.gouv.fr<\/a><\/li><li><span style=\"font-weight: 400;\">Presentando su certificado de inscripci\u00f3n, ahora puede solicitar su visa en la Embajada de Francia o en CampusFrance.<\/span><\/li><\/ul><div>\u00a0<\/div><h2><strong>30 d\u00edas antes del inicio de clases<\/strong><\/h2><ul><li><span style=\"font-weight: 400;\">Complete el pago de sus derechos de inscripci\u00f3n si a\u00fan no se han pagado en su totalidad.<\/span><\/li><li><span style=\"font-weight: 400;\">Recibir\u00e1 un correo electr\u00f3nico con la informaci\u00f3n necesaria para tomar la prueba de ubicaci\u00f3n a distancia.<\/span><\/li><li><span style=\"font-weight: 400;\">Recibir\u00e1 la gu\u00eda del estudiante con informaci\u00f3n sobre su curso.<\/span><\/li><\/ul><div>\u00a0<\/div><h2><strong>7 d\u00edas antes del inicio de clases<\/strong><\/h2><ul><li><span style=\"font-weight: 400;\">Se llevar\u00e1n a cabo reuniones informativas.<\/span><\/li><li><span style=\"font-weight: 400;\">La secretar\u00eda le entregar\u00e1 su tarjeta de estudiante.<\/span><\/li><li><span style=\"font-weight: 400;\">Su profesor le indicar\u00e1 los libros necesarios para seguir sus cursos.<\/span><\/li><\/ul><p><span style=\"font-weight: 400;\">\u00a0<\/span><span style=\"font-weight: 400;\">\u00a1Despu\u00e9s de completar estos pasos, comience su viaje ling\u00fc\u00edstico y cultural junto a los CCFS!<\/span><\/p>\t\t\t\t\t\t\t\t<\/div>\n\t\t\t\t<\/div>\n\t\t\t\t\t<\/div>\n\t\t<\/div>\n\t\t\t\t\t<\/div>\n\t\t<\/section>\n\t\t<div class=\"elementor-element elementor-element-00ce378 e-flex e-con-boxed e-con e-parent\" data-id=\"00ce378\" data-element_type=\"container\">\n\t\t\t\t\t<div class=\"e-con-inner\">\n\t\t\t\t<div class=\"elementor-element elementor-element-2f0a28a elementor-widget-divider--view-line elementor-widget elementor-widget-divider\" data-id=\"2f0a28a\" data-element_type=\"widget\" data-widget_type=\"divider.default\">\n\t\t\t\t<div class=\"elementor-widget-container\">\n\t\t\t\t\t\t\t<div class=\"elementor-divider\">\n\t\t\t<span class=\"elementor-divider-separator\">\n\t\t\t\t\t\t<\/span>\n\t\t<\/div>\n\t\t\t\t\t\t<\/div>\n\t\t\t\t<\/div>\n\t\t\t\t<div class=\"elementor-element elementor-element-248ef8d elementor-widget elementor-widget-shortcode\" data-id=\"248ef8d\" data-element_type=\"widget\" data-widget_type=\"shortcode.default\">\n\t\t\t\t<div class=\"elementor-widget-container\">\n\t\t\t\t\t\t\t<div class=\"elementor-shortcode\"><ul class='listing-page-soeur'><li class='bloc-page-soeur'><a class='image-soeur' style='background:url(https:\/\/prep.ccfs-sorbonne.fr\/wp-content\/uploads\/2023\/11\/AdobeStock_243575259.jpeg)' href='https:\/\/prep.ccfs-sorbonne.fr\/es\/info-inscripcion\/inscribirse-en-los-ccfs\/visados-para-estudiar-en-francia\/' title='Visados para estudiar en Francia'><\/a><div class='detail-soeur'><div class='nom-page-soeur'><h2><a href='https:\/\/prep.ccfs-sorbonne.fr\/es\/info-inscripcion\/inscribirse-en-los-ccfs\/visados-para-estudiar-en-francia\/' title='Visados para estudiar en Francia'>Visados para estudiar en Francia<\/a><\/h2><\/div><\/div><\/li><li class='bloc-page-soeur'><a class='image-soeur' style='background:url(https:\/\/prep.ccfs-sorbonne.fr\/wp-content\/uploads\/2023\/11\/Recognity-Shoot-Etudiant-Paris-39.jpg)' href='https:\/\/prep.ccfs-sorbonne.fr\/es\/info-inscripcion\/inscribirse-en-los-ccfs\/documentos-administrativos-y-juridicos\/' title='Documentos administrativos y jur&iacute;dicos'><\/a><div class='detail-soeur'><div class='nom-page-soeur'><h2><a href='https:\/\/prep.ccfs-sorbonne.fr\/es\/info-inscripcion\/inscribirse-en-los-ccfs\/documentos-administrativos-y-juridicos\/' title='Documentos administrativos y jur&iacute;dicos'>Documentos administrativos y jur\u00eddicos<\/a><\/h2><\/div><\/div><\/li><\/ul><\/div>\n\t\t\t\t\t\t<\/div>\n\t\t\t\t<\/div>\n\t\t\t\t\t<\/div>\n\t\t\t\t<\/div>\n\t\t\t\t<\/div>\n\t\t","protected":false},"excerpt":{"rendered":"<p>Registro para CCFS https:\/\/youtu.be\/MEpfey0EV7E \u00a0Inscripci\u00f3n en l\u00ednea Seleccione el curso que desea seguir. Realice un pago inicial del 30% o el monto total de los derechos de inscripci\u00f3n. \u00a0 Cargue [&hellip;]<\/p>\n","protected":false},"author":8,"featured_media":90398,"parent":92897,"menu_order":1,"comment_status":"closed","ping_status":"closed","template":"","meta":{"_acf_changed":false,"footnotes":""},"class_list":["post-92900","page","type-page","status-publish","has-post-thumbnail","hentry"],"acf":[],"yoast_head":"<!-- This site is optimized with the Yoast SEO plugin v24.8.1 - https:\/\/yoast.com\/wordpress\/plugins\/seo\/ -->\n<title>C\u00f3mo registrarse para los cursos CCFS<\/title>\n<meta name=\"description\" content=\"La inscripci\u00f3n para CCFS se realiza en varias etapas que incluyen la selecci\u00f3n de cursos, la solicitud de visa y la entrega de una tarjeta de estudiante.\" \/>\n<meta name=\"robots\" content=\"index, follow, max-snippet:-1, max-image-preview:large, max-video-preview:-1\" \/>\n<link rel=\"canonical\" href=\"https:\/\/prep.ccfs-sorbonne.fr\/es\/info-inscripcion\/inscribirse-en-los-ccfs\/como-inscribirse\/\" \/>\n<meta property=\"og:locale\" content=\"es_ES\" \/>\n<meta property=\"og:type\" content=\"article\" \/>\n<meta property=\"og:title\" content=\"C\u00f3mo registrarse para los cursos CCFS\" \/>\n<meta property=\"og:description\" content=\"La inscripci\u00f3n para CCFS se realiza en varias etapas que incluyen la selecci\u00f3n de cursos, la solicitud de visa y la entrega de una tarjeta de estudiante.\" \/>\n<meta property=\"og:url\" content=\"https:\/\/prep.ccfs-sorbonne.fr\/es\/info-inscripcion\/inscribirse-en-los-ccfs\/como-inscribirse\/\" \/>\n<meta property=\"og:site_name\" content=\"CCFS Sorbonne\" \/>\n<meta property=\"article:modified_time\" content=\"2025-03-13T09:15:57+00:00\" \/>\n<meta property=\"og:image\" content=\"https:\/\/www.ccfs-sorbonne.fr\/wp-content\/uploads\/2023\/11\/AdobeStock_328237788.jpeg\" \/>\n\t<meta property=\"og:image:width\" content=\"1920\" \/>\n\t<meta property=\"og:image:height\" content=\"1280\" \/>\n\t<meta property=\"og:image:type\" content=\"image\/jpeg\" \/>\n<meta name=\"twitter:card\" content=\"summary_large_image\" \/>\n<meta name=\"twitter:label1\" content=\"Tiempo de lectura\" \/>\n\t<meta name=\"twitter:data1\" content=\"2 minutos\" \/>\n<script type=\"application\/ld+json\" class=\"yoast-schema-graph\">{\"@context\":\"https:\/\/schema.org\",\"@graph\":[{\"@type\":\"WebPage\",\"@id\":\"https:\/\/prep.ccfs-sorbonne.fr\/es\/info-inscripcion\/inscribirse-en-los-ccfs\/como-inscribirse\/\",\"url\":\"https:\/\/prep.ccfs-sorbonne.fr\/es\/info-inscripcion\/inscribirse-en-los-ccfs\/como-inscribirse\/\",\"name\":\"C\u00f3mo registrarse para los cursos CCFS\",\"isPartOf\":{\"@id\":\"https:\/\/www.ccfs-sorbonne.fr\/#website\"},\"primaryImageOfPage\":{\"@id\":\"https:\/\/prep.ccfs-sorbonne.fr\/es\/info-inscripcion\/inscribirse-en-los-ccfs\/como-inscribirse\/#primaryimage\"},\"image\":{\"@id\":\"https:\/\/prep.ccfs-sorbonne.fr\/es\/info-inscripcion\/inscribirse-en-los-ccfs\/como-inscribirse\/#primaryimage\"},\"thumbnailUrl\":\"https:\/\/prep.ccfs-sorbonne.fr\/wp-content\/uploads\/2023\/11\/AdobeStock_328237788.jpeg\",\"datePublished\":\"2023-06-01T06:18:49+00:00\",\"dateModified\":\"2025-03-13T09:15:57+00:00\",\"description\":\"La inscripci\u00f3n para CCFS se realiza en varias etapas que incluyen la selecci\u00f3n de cursos, la solicitud de visa y la entrega de una tarjeta de estudiante.\",\"breadcrumb\":{\"@id\":\"https:\/\/prep.ccfs-sorbonne.fr\/es\/info-inscripcion\/inscribirse-en-los-ccfs\/como-inscribirse\/#breadcrumb\"},\"inLanguage\":\"es\",\"potentialAction\":[{\"@type\":\"ReadAction\",\"target\":[\"https:\/\/prep.ccfs-sorbonne.fr\/es\/info-inscripcion\/inscribirse-en-los-ccfs\/como-inscribirse\/\"]}]},{\"@type\":\"ImageObject\",\"inLanguage\":\"es\",\"@id\":\"https:\/\/prep.ccfs-sorbonne.fr\/es\/info-inscripcion\/inscribirse-en-los-ccfs\/como-inscribirse\/#primaryimage\",\"url\":\"https:\/\/prep.ccfs-sorbonne.fr\/wp-content\/uploads\/2023\/11\/AdobeStock_328237788.jpeg\",\"contentUrl\":\"https:\/\/prep.ccfs-sorbonne.fr\/wp-content\/uploads\/2023\/11\/AdobeStock_328237788.jpeg\",\"width\":1920,\"height\":1280,\"caption\":\"Young beautiful student girl working, learning in college library. Education, study, technology, people concept.\"},{\"@type\":\"BreadcrumbList\",\"@id\":\"https:\/\/prep.ccfs-sorbonne.fr\/es\/info-inscripcion\/inscribirse-en-los-ccfs\/como-inscribirse\/#breadcrumb\",\"itemListElement\":[{\"@type\":\"ListItem\",\"position\":1,\"name\":\"Inicio\",\"item\":\"https:\/\/www.ccfs-sorbonne.fr\/es\/\"},{\"@type\":\"ListItem\",\"position\":2,\"name\":\"Informaci\u00f3n y registro\",\"item\":\"https:\/\/www.ccfs-sorbonne.fr\/es\/info-inscripcion\/\"},{\"@type\":\"ListItem\",\"position\":3,\"name\":\"Inscribirse en los CCFS\",\"item\":\"https:\/\/www.ccfs-sorbonne.fr\/es\/info-inscripcion\/inscribirse-en-los-ccfs\/\"},{\"@type\":\"ListItem\",\"position\":4,\"name\":\"\u00bfC\u00f3mo inscribirse?\"}]},{\"@type\":\"WebSite\",\"@id\":\"https:\/\/www.ccfs-sorbonne.fr\/#website\",\"url\":\"https:\/\/www.ccfs-sorbonne.fr\/\",\"name\":\"CCFS Sorbonne\",\"description\":\"\",\"publisher\":{\"@id\":\"https:\/\/www.ccfs-sorbonne.fr\/#organization\"},\"potentialAction\":[{\"@type\":\"SearchAction\",\"target\":{\"@type\":\"EntryPoint\",\"urlTemplate\":\"https:\/\/www.ccfs-sorbonne.fr\/?s={search_term_string}\"},\"query-input\":{\"@type\":\"PropertyValueSpecification\",\"valueRequired\":true,\"valueName\":\"search_term_string\"}}],\"inLanguage\":\"es\"},{\"@type\":\"Organization\",\"@id\":\"https:\/\/www.ccfs-sorbonne.fr\/#organization\",\"name\":\"CCFS Sorbonne\",\"url\":\"https:\/\/www.ccfs-sorbonne.fr\/\",\"logo\":{\"@type\":\"ImageObject\",\"inLanguage\":\"es\",\"@id\":\"https:\/\/www.ccfs-sorbonne.fr\/#\/schema\/logo\/image\/\",\"url\":\"https:\/\/prep.ccfs-sorbonne.fr\/wp-content\/uploads\/2023\/11\/logo-ccfs-sorbonne.png\",\"contentUrl\":\"https:\/\/prep.ccfs-sorbonne.fr\/wp-content\/uploads\/2023\/11\/logo-ccfs-sorbonne.png\",\"width\":300,\"height\":120,\"caption\":\"CCFS Sorbonne\"},\"image\":{\"@id\":\"https:\/\/www.ccfs-sorbonne.fr\/#\/schema\/logo\/image\/\"}}]}<\/script>\n<!-- \/ Yoast SEO plugin. -->","yoast_head_json":{"title":"C\u00f3mo registrarse para los cursos CCFS","description":"La inscripci\u00f3n para CCFS se realiza en varias etapas que incluyen la selecci\u00f3n de cursos, la solicitud de visa y la entrega de una tarjeta de estudiante.","robots":{"index":"index","follow":"follow","max-snippet":"max-snippet:-1","max-image-preview":"max-image-preview:large","max-video-preview":"max-video-preview:-1"},"canonical":"https:\/\/prep.ccfs-sorbonne.fr\/es\/info-inscripcion\/inscribirse-en-los-ccfs\/como-inscribirse\/","og_locale":"es_ES","og_type":"article","og_title":"C\u00f3mo registrarse para los cursos CCFS","og_description":"La inscripci\u00f3n para CCFS se realiza en varias etapas que incluyen la selecci\u00f3n de cursos, la solicitud de visa y la entrega de una tarjeta de estudiante.","og_url":"https:\/\/prep.ccfs-sorbonne.fr\/es\/info-inscripcion\/inscribirse-en-los-ccfs\/como-inscribirse\/","og_site_name":"CCFS Sorbonne","article_modified_time":"2025-03-13T09:15:57+00:00","og_image":[{"width":1920,"height":1280,"url":"https:\/\/www.ccfs-sorbonne.fr\/wp-content\/uploads\/2023\/11\/AdobeStock_328237788.jpeg","type":"image\/jpeg"}],"twitter_card":"summary_large_image","twitter_misc":{"Tiempo de lectura":"2 minutos"},"schema":{"@context":"https:\/\/schema.org","@graph":[{"@type":"WebPage","@id":"https:\/\/prep.ccfs-sorbonne.fr\/es\/info-inscripcion\/inscribirse-en-los-ccfs\/como-inscribirse\/","url":"https:\/\/prep.ccfs-sorbonne.fr\/es\/info-inscripcion\/inscribirse-en-los-ccfs\/como-inscribirse\/","name":"C\u00f3mo registrarse para los cursos CCFS","isPartOf":{"@id":"https:\/\/www.ccfs-sorbonne.fr\/#website"},"primaryImageOfPage":{"@id":"https:\/\/prep.ccfs-sorbonne.fr\/es\/info-inscripcion\/inscribirse-en-los-ccfs\/como-inscribirse\/#primaryimage"},"image":{"@id":"https:\/\/prep.ccfs-sorbonne.fr\/es\/info-inscripcion\/inscribirse-en-los-ccfs\/como-inscribirse\/#primaryimage"},"thumbnailUrl":"https:\/\/prep.ccfs-sorbonne.fr\/wp-content\/uploads\/2023\/11\/AdobeStock_328237788.jpeg","datePublished":"2023-06-01T06:18:49+00:00","dateModified":"2025-03-13T09:15:57+00:00","description":"La inscripci\u00f3n para CCFS se realiza en varias etapas que incluyen la selecci\u00f3n de cursos, la solicitud de visa y la entrega de una tarjeta de estudiante.","breadcrumb":{"@id":"https:\/\/prep.ccfs-sorbonne.fr\/es\/info-inscripcion\/inscribirse-en-los-ccfs\/como-inscribirse\/#breadcrumb"},"inLanguage":"es","potentialAction":[{"@type":"ReadAction","target":["https:\/\/prep.ccfs-sorbonne.fr\/es\/info-inscripcion\/inscribirse-en-los-ccfs\/como-inscribirse\/"]}]},{"@type":"ImageObject","inLanguage":"es","@id":"https:\/\/prep.ccfs-sorbonne.fr\/es\/info-inscripcion\/inscribirse-en-los-ccfs\/como-inscribirse\/#primaryimage","url":"https:\/\/prep.ccfs-sorbonne.fr\/wp-content\/uploads\/2023\/11\/AdobeStock_328237788.jpeg","contentUrl":"https:\/\/prep.ccfs-sorbonne.fr\/wp-content\/uploads\/2023\/11\/AdobeStock_328237788.jpeg","width":1920,"height":1280,"caption":"Young beautiful student girl working, learning in college library. Education, study, technology, people concept."},{"@type":"BreadcrumbList","@id":"https:\/\/prep.ccfs-sorbonne.fr\/es\/info-inscripcion\/inscribirse-en-los-ccfs\/como-inscribirse\/#breadcrumb","itemListElement":[{"@type":"ListItem","position":1,"name":"Inicio","item":"https:\/\/www.ccfs-sorbonne.fr\/es\/"},{"@type":"ListItem","position":2,"name":"Informaci\u00f3n y registro","item":"https:\/\/www.ccfs-sorbonne.fr\/es\/info-inscripcion\/"},{"@type":"ListItem","position":3,"name":"Inscribirse en los CCFS","item":"https:\/\/www.ccfs-sorbonne.fr\/es\/info-inscripcion\/inscribirse-en-los-ccfs\/"},{"@type":"ListItem","position":4,"name":"\u00bfC\u00f3mo inscribirse?"}]},{"@type":"WebSite","@id":"https:\/\/www.ccfs-sorbonne.fr\/#website","url":"https:\/\/www.ccfs-sorbonne.fr\/","name":"CCFS Sorbonne","description":"","publisher":{"@id":"https:\/\/www.ccfs-sorbonne.fr\/#organization"},"potentialAction":[{"@type":"SearchAction","target":{"@type":"EntryPoint","urlTemplate":"https:\/\/www.ccfs-sorbonne.fr\/?s={search_term_string}"},"query-input":{"@type":"PropertyValueSpecification","valueRequired":true,"valueName":"search_term_string"}}],"inLanguage":"es"},{"@type":"Organization","@id":"https:\/\/www.ccfs-sorbonne.fr\/#organization","name":"CCFS Sorbonne","url":"https:\/\/www.ccfs-sorbonne.fr\/","logo":{"@type":"ImageObject","inLanguage":"es","@id":"https:\/\/www.ccfs-sorbonne.fr\/#\/schema\/logo\/image\/","url":"https:\/\/prep.ccfs-sorbonne.fr\/wp-content\/uploads\/2023\/11\/logo-ccfs-sorbonne.png","contentUrl":"https:\/\/prep.ccfs-sorbonne.fr\/wp-content\/uploads\/2023\/11\/logo-ccfs-sorbonne.png","width":300,"height":120,"caption":"CCFS Sorbonne"},"image":{"@id":"https:\/\/www.ccfs-sorbonne.fr\/#\/schema\/logo\/image\/"}}]}},"_links":{"self":[{"href":"https:\/\/prep.ccfs-sorbonne.fr\/es\/wp-json\/wp\/v2\/pages\/92900","targetHints":{"allow":["GET"]}}],"collection":[{"href":"https:\/\/prep.ccfs-sorbonne.fr\/es\/wp-json\/wp\/v2\/pages"}],"about":[{"href":"https:\/\/prep.ccfs-sorbonne.fr\/es\/wp-json\/wp\/v2\/types\/page"}],"author":[{"embeddable":true,"href":"https:\/\/prep.ccfs-sorbonne.fr\/es\/wp-json\/wp\/v2\/users\/8"}],"replies":[{"embeddable":true,"href":"https:\/\/prep.ccfs-sorbonne.fr\/es\/wp-json\/wp\/v2\/comments?post=92900"}],"version-history":[{"count":5,"href":"https:\/\/prep.ccfs-sorbonne.fr\/es\/wp-json\/wp\/v2\/pages\/92900\/revisions"}],"predecessor-version":[{"id":100844,"href":"https:\/\/prep.ccfs-sorbonne.fr\/es\/wp-json\/wp\/v2\/pages\/92900\/revisions\/100844"}],"up":[{"embeddable":true,"href":"https:\/\/prep.ccfs-sorbonne.fr\/es\/wp-json\/wp\/v2\/pages\/92897"}],"wp:featuredmedia":[{"embeddable":true,"href":"https:\/\/prep.ccfs-sorbonne.fr\/es\/wp-json\/wp\/v2\/media\/90398"}],"wp:attachment":[{"href":"https:\/\/prep.ccfs-sorbonne.fr\/es\/wp-json\/wp\/v2\/media?parent=92900"}],"curies":[{"name":"wp","href":"https:\/\/api.w.org\/{rel}","templated":true}]}}