{"id":92897,"date":"2023-10-03T15:04:36","date_gmt":"2023-10-03T13:04:36","guid":{"rendered":"https:\/\/prep.ccfs-sorbonne.fr\/info-inscripcion\/sinscrire-aux-ccfs\/"},"modified":"2024-06-13T08:48:35","modified_gmt":"2024-06-13T06:48:35","slug":"inscribirse-en-los-ccfs","status":"publish","type":"page","link":"https:\/\/prep.ccfs-sorbonne.fr\/es\/info-inscripcion\/inscribirse-en-los-ccfs\/","title":{"rendered":"Inscribirse en los CCFS"},"content":{"rendered":"\t\t<div data-elementor-type=\"wp-page\" data-elementor-id=\"92897\" class=\"elementor elementor-92897 elementor-84468\" data-elementor-post-type=\"page\">\n\t\t\t\t\t\t<section class=\"elementor-section elementor-top-section elementor-element elementor-element-6d2dfc43 elementor-section-stretched elementor-section-boxed elementor-section-height-default elementor-section-height-default\" data-id=\"6d2dfc43\" data-element_type=\"section\" data-settings=\"{&quot;stretch_section&quot;:&quot;section-stretched&quot;,&quot;background_background&quot;:&quot;classic&quot;}\">\n\t\t\t\t\t\t<div class=\"elementor-container elementor-column-gap-default\">\n\t\t\t\t\t<div class=\"elementor-column elementor-col-100 elementor-top-column elementor-element elementor-element-1a6a934a\" data-id=\"1a6a934a\" data-element_type=\"column\">\n\t\t\t<div class=\"elementor-widget-wrap elementor-element-populated\">\n\t\t\t\t\t\t<section class=\"elementor-section elementor-inner-section elementor-element elementor-element-4fa2a71b elementor-section-boxed elementor-section-height-default elementor-section-height-default\" data-id=\"4fa2a71b\" data-element_type=\"section\">\n\t\t\t\t\t\t<div class=\"elementor-container elementor-column-gap-default\">\n\t\t\t\t\t<div class=\"elementor-column elementor-col-100 elementor-inner-column elementor-element elementor-element-584f8d0d\" data-id=\"584f8d0d\" data-element_type=\"column\">\n\t\t\t<div class=\"elementor-widget-wrap elementor-element-populated\">\n\t\t\t\t\t\t<div class=\"elementor-element elementor-element-2bbaeea6 elementor-widget elementor-widget-heading\" data-id=\"2bbaeea6\" data-element_type=\"widget\" data-widget_type=\"heading.default\">\n\t\t\t\t<div class=\"elementor-widget-container\">\n\t\t\t\t\t<h1 class=\"elementor-heading-title elementor-size-default\">Inscribirse en los CCFS<\/h1>\t\t\t\t<\/div>\n\t\t\t\t<\/div>\n\t\t\t\t\t<\/div>\n\t\t<\/div>\n\t\t\t\t\t<\/div>\n\t\t<\/section>\n\t\t\t\t\t<\/div>\n\t\t<\/div>\n\t\t\t\t\t<\/div>\n\t\t<\/section>\n\t\t\t\t<section class=\"elementor-section elementor-top-section elementor-element elementor-element-4994ee7d elementor-section-stretched elementor-section-boxed elementor-section-height-default elementor-section-height-default\" data-id=\"4994ee7d\" data-element_type=\"section\" data-settings=\"{&quot;stretch_section&quot;:&quot;section-stretched&quot;}\">\n\t\t\t\t\t\t<div class=\"elementor-container elementor-column-gap-default\">\n\t\t\t\t\t<div class=\"elementor-column elementor-col-100 elementor-top-column elementor-element elementor-element-1bdfa0d1\" data-id=\"1bdfa0d1\" data-element_type=\"column\">\n\t\t\t<div class=\"elementor-widget-wrap elementor-element-populated\">\n\t\t\t\t\t\t<div class=\"elementor-element elementor-element-e9828fc elementor-widget elementor-widget-global elementor-global-82281 elementor-widget-breadcrumbs\" data-id=\"e9828fc\" data-element_type=\"widget\" data-widget_type=\"breadcrumbs.default\">\n\t\t\t\t<div class=\"elementor-widget-container\">\n\t\t\t\t\t<p id=\"breadcrumbs\"><span><span><a href=\"https:\/\/www.ccfs-sorbonne.fr\/es\/\">Inicio<\/a><\/span><\/span><\/p>\t\t\t\t<\/div>\n\t\t\t\t<\/div>\n\t\t\t\t<div class=\"elementor-element elementor-element-c01cf9c elementor-widget elementor-widget-text-editor\" data-id=\"c01cf9c\" data-element_type=\"widget\" data-widget_type=\"text-editor.default\">\n\t\t\t\t<div class=\"elementor-widget-container\">\n\t\t\t\t\t\t\t\t\t<p><strong>Inscribirse es un procedimiento sencillo<\/strong><\/p><p><span style=\"font-weight: 400;\">La inscripci\u00f3n en l\u00ednea en los <a href=\"https:\/\/prep.ccfs-sorbonne.fr\/es\/\">CCFS<\/a> se realiza en varias etapas para garantizar una experiencia fluida, sencilla y r\u00e1pida:<\/span><\/p><p><span style=\"font-weight: 400;\">Elija el curso que desea tomar de entre nuestras ofertas. Pague un dep\u00f3sito del 30% o la totalidad de las tasas de inscripci\u00f3n.<\/span><\/p><p><span style=\"font-weight: 400;\">Despu\u00e9s de su pago, recibir\u00e1 un correo electr\u00f3nico de acceso a su portal de estudiante. Suba los documentos requeridos, incluyendo su diploma, pasaporte y una foto. Despu\u00e9s de la verificaci\u00f3n de sus documentos, la secretar\u00eda confirmar\u00e1 su pago.<\/span><\/p><p><span style=\"font-weight: 400;\">Luego podr\u00e1 descargar su certificado de inscripci\u00f3n o su factura. Adem\u00e1s, tendr\u00e1 acceso a su espacio Study&amp;Co para preparar mejor su estancia en Par\u00eds.<\/span><\/p><p><span style=\"font-weight: 400;\">Si proviene de un pa\u00eds sujeto al procedimiento CEF, podr\u00e1 crear una cuenta en la plataforma <a href=\"https:\/\/fildariane.diplomatie.gouv.fr\/fildariane-internet\/accueil\" target=\"_blank\" rel=\"noopener\">\u00c9tude en France<\/a>. Luego, podr\u00e1 presentar su certificado de inscripci\u00f3n para solicitar su visa en la Embajada de Francia o en CampusFrance.<\/span><\/p><p><span style=\"font-weight: 400;\">Finalice el pago de sus tasas de inscripci\u00f3n si a\u00fan no se han pagado en su totalidad. Recibir\u00e1 un correo electr\u00f3nico con la informaci\u00f3n necesaria para tomar el examen de ubicaci\u00f3n a distancia. Tambi\u00e9n recibir\u00e1 la gu\u00eda del estudiante con toda la informaci\u00f3n sobre su curso.<\/span><\/p><p><span style=\"font-weight: 400;\">Se organizar\u00e1n reuniones informativas para orientarle mejor. La secretar\u00eda le entregar\u00e1 su tarjeta de estudiante. Su profesor le indicar\u00e1 los libros necesarios para seguir sus clases.<\/span><\/p><p><strong>Obtenci\u00f3n de una visa para estudiar en Francia<\/strong><\/p><p><span style=\"font-weight: 400;\">Seg\u00fan su pa\u00eds de origen, es posible que necesite obtener una visa para estudiar o aprender franc\u00e9s en Francia. Los ciudadanos de la Uni\u00f3n Europea, Suiza y del Espacio Econ\u00f3mico Europeo pueden estudiar en Francia sin necesidad de solicitar una visa previa.<\/span><\/p><p><span style=\"font-weight: 400;\">Para los ciudadanos de otros pa\u00edses que carecen de un permiso de residencia franc\u00e9s, obtener una visa es esencial para residir en Francia. Los estudiantes internacionales tienen diferentes opciones seg\u00fan los motivos y la duraci\u00f3n de su estancia. La Visa de Larga Estancia: Esta visa es ideal para estudiantes, ya que se puede extender para seguir un programa acad\u00e9mico. Tiene una validez de 4 a 12 meses y evita la necesidad de solicitar una tarjeta de residencia. Permite viajar por el espacio Schengen, trabajar a tiempo parcial en Francia y solicitar ayudas para el alojamiento de la CAF. La Visa de Larga Estancia Temporal tiene una validez de 4 a 12 meses y no se puede extender en Francia. No permite trabajar a tiempo parcial ni solicitar ayudas de la CAF. Es adecuada para aquellos que planean un a\u00f1o sab\u00e1tico para aprender franc\u00e9s. La Visa de Vacaciones y Trabajo o \u00abJoven Viajero\u00bb est\u00e1 dirigida a personas de 18 a 30 a\u00f1os de 16 pa\u00edses cuyo objetivo es descubrir el turismo y la cultura francesa, incluido el aprendizaje del idioma. Con una duraci\u00f3n m\u00e1xima de un a\u00f1o, permite trabajar a tiempo parcial.<\/span><\/p>\t\t\t\t\t\t\t\t<\/div>\n\t\t\t\t<\/div>\n\t\t\t\t<div class=\"elementor-element elementor-element-927bdd3 elementor-widget elementor-widget-shortcode\" data-id=\"927bdd3\" data-element_type=\"widget\" data-widget_type=\"shortcode.default\">\n\t\t\t\t<div class=\"elementor-widget-container\">\n\t\t\t\t\t\t\t<div class=\"elementor-shortcode\"><ul class='listing-page-enfant'><li class='bloc-page-enfant'><a class='image' style='background:url(https:\/\/prep.ccfs-sorbonne.fr\/wp-content\/uploads\/2023\/11\/AdobeStock_328237788.jpeg)' href='https:\/\/prep.ccfs-sorbonne.fr\/es\/info-inscripcion\/inscribirse-en-los-ccfs\/como-inscribirse\/' title='&iquest;C&oacute;mo inscribirse?'><\/a><div class='detail-enfant'><div class='nom-page-enfant'><h2><a href='https:\/\/prep.ccfs-sorbonne.fr\/es\/info-inscripcion\/inscribirse-en-los-ccfs\/como-inscribirse\/' title='&iquest;C&oacute;mo inscribirse?'>\u00bfC\u00f3mo inscribirse?<\/a><\/h2><\/div><div class='texte-listing'>La inscripci\u00f3n para CCFS se realiza en varias etapas que incluyen la selecci\u00f3n de cursos, la solicitud de visa y la entrega de una tarjeta de estudiante.<\/div><div class='voir-plus'><a href='https:\/\/prep.ccfs-sorbonne.fr\/es\/info-inscripcion\/inscribirse-en-los-ccfs\/como-inscribirse\/' title='&iquest;C&oacute;mo inscribirse?'>Ver m\u00e1s<\/a><\/div><\/div><\/li><li class='bloc-page-enfant'><a class='image' style='background:url(https:\/\/prep.ccfs-sorbonne.fr\/wp-content\/uploads\/2023\/11\/AdobeStock_243575259.jpeg)' href='https:\/\/prep.ccfs-sorbonne.fr\/es\/info-inscripcion\/inscribirse-en-los-ccfs\/visados-para-estudiar-en-francia\/' title='Visados para estudiar en Francia'><\/a><div class='detail-enfant'><div class='nom-page-enfant'><h2><a href='https:\/\/prep.ccfs-sorbonne.fr\/es\/info-inscripcion\/inscribirse-en-los-ccfs\/visados-para-estudiar-en-francia\/' title='Visados para estudiar en Francia'>Visados para estudiar en Francia<\/a><\/h2><\/div><div class='texte-listing'>Seg\u00fan su pa\u00eds de origen, puede ser necesario obtener una visa si planea estudiar y\/o aprender franc\u00e9s mientras reside en Francia.<\/div><div class='voir-plus'><a href='https:\/\/prep.ccfs-sorbonne.fr\/es\/info-inscripcion\/inscribirse-en-los-ccfs\/visados-para-estudiar-en-francia\/' title='Visados para estudiar en Francia'>Ver m\u00e1s<\/a><\/div><\/div><\/li><li class='bloc-page-enfant'><a class='image' style='background:url(https:\/\/prep.ccfs-sorbonne.fr\/wp-content\/uploads\/2023\/11\/Recognity-Shoot-Etudiant-Paris-39.jpg)' href='https:\/\/prep.ccfs-sorbonne.fr\/es\/info-inscripcion\/inscribirse-en-los-ccfs\/documentos-administrativos-y-juridicos\/' title='Documentos administrativos y jur&iacute;dicos'><\/a><div class='detail-enfant'><div class='nom-page-enfant'><h2><a href='https:\/\/prep.ccfs-sorbonne.fr\/es\/info-inscripcion\/inscribirse-en-los-ccfs\/documentos-administrativos-y-juridicos\/' title='Documentos administrativos y jur&iacute;dicos'>Documentos administrativos y jur\u00eddicos<\/a><\/h2><\/div><div class='texte-listing'>Documentos administrativos y jur\u00eddicos<\/div><div class='voir-plus'><a href='https:\/\/prep.ccfs-sorbonne.fr\/es\/info-inscripcion\/inscribirse-en-los-ccfs\/documentos-administrativos-y-juridicos\/' title='Documentos administrativos y jur&iacute;dicos'>Ver m\u00e1s<\/a><\/div><\/div><\/li><\/ul><\/div>\n\t\t\t\t\t\t<\/div>\n\t\t\t\t<\/div>\n\t\t\t\t\t<\/div>\n\t\t<\/div>\n\t\t\t\t\t<\/div>\n\t\t<\/section>\n\t\t\t\t<\/div>\n\t\t","protected":false},"excerpt":{"rendered":"<p>Inscribirse en los CCFS Inscribirse es un procedimiento sencillo La inscripci\u00f3n en l\u00ednea en los CCFS se realiza en varias etapas para garantizar una experiencia fluida, sencilla y r\u00e1pida: Elija [&hellip;]<\/p>\n","protected":false},"author":8,"featured_media":90272,"parent":92895,"menu_order":1,"comment_status":"closed","ping_status":"closed","template":"","meta":{"_acf_changed":false,"footnotes":""},"class_list":["post-92897","page","type-page","status-publish","has-post-thumbnail","hentry"],"acf":[],"yoast_head":"<!-- This site is optimized with the Yoast SEO plugin v24.8.1 - https:\/\/yoast.com\/wordpress\/plugins\/seo\/ -->\n<title>Reg\u00edstrese en CCFS y obtenga una visa para aprender franc\u00e9s<\/title>\n<meta name=\"description\" content=\"El registro en CCFS es r\u00e1pido y sencillo; Los estudiantes internacionales deben obtener una visa para permanecer en Francia.\" \/>\n<meta name=\"robots\" content=\"index, follow, max-snippet:-1, max-image-preview:large, max-video-preview:-1\" \/>\n<link rel=\"canonical\" href=\"https:\/\/prep.ccfs-sorbonne.fr\/es\/info-inscripcion\/inscribirse-en-los-ccfs\/\" \/>\n<meta property=\"og:locale\" content=\"es_ES\" \/>\n<meta property=\"og:type\" content=\"article\" \/>\n<meta property=\"og:title\" content=\"Reg\u00edstrese en CCFS y obtenga una visa para aprender franc\u00e9s\" \/>\n<meta property=\"og:description\" content=\"El registro en CCFS es r\u00e1pido y sencillo; Los estudiantes internacionales deben obtener una visa para permanecer en Francia.\" \/>\n<meta property=\"og:url\" content=\"https:\/\/prep.ccfs-sorbonne.fr\/es\/info-inscripcion\/inscribirse-en-los-ccfs\/\" \/>\n<meta property=\"og:site_name\" content=\"CCFS Sorbonne\" \/>\n<meta property=\"article:modified_time\" content=\"2024-06-13T06:48:35+00:00\" \/>\n<meta property=\"og:image\" content=\"https:\/\/www.ccfs-sorbonne.fr\/wp-content\/uploads\/2023\/11\/Recognity-Shoot-Etudiant-Paris-41.jpg\" \/>\n\t<meta property=\"og:image:width\" content=\"1920\" \/>\n\t<meta property=\"og:image:height\" content=\"1277\" \/>\n\t<meta property=\"og:image:type\" content=\"image\/jpeg\" \/>\n<meta name=\"twitter:card\" content=\"summary_large_image\" \/>\n<meta name=\"twitter:label1\" content=\"Tiempo de lectura\" \/>\n\t<meta name=\"twitter:data1\" content=\"3 minutos\" \/>\n<script type=\"application\/ld+json\" class=\"yoast-schema-graph\">{\"@context\":\"https:\/\/schema.org\",\"@graph\":[{\"@type\":\"WebPage\",\"@id\":\"https:\/\/prep.ccfs-sorbonne.fr\/es\/info-inscripcion\/inscribirse-en-los-ccfs\/\",\"url\":\"https:\/\/prep.ccfs-sorbonne.fr\/es\/info-inscripcion\/inscribirse-en-los-ccfs\/\",\"name\":\"Reg\u00edstrese en CCFS y obtenga una visa para aprender franc\u00e9s\",\"isPartOf\":{\"@id\":\"https:\/\/www.ccfs-sorbonne.fr\/#website\"},\"primaryImageOfPage\":{\"@id\":\"https:\/\/prep.ccfs-sorbonne.fr\/es\/info-inscripcion\/inscribirse-en-los-ccfs\/#primaryimage\"},\"image\":{\"@id\":\"https:\/\/prep.ccfs-sorbonne.fr\/es\/info-inscripcion\/inscribirse-en-los-ccfs\/#primaryimage\"},\"thumbnailUrl\":\"https:\/\/prep.ccfs-sorbonne.fr\/wp-content\/uploads\/2023\/11\/Recognity-Shoot-Etudiant-Paris-41.jpg\",\"datePublished\":\"2023-10-03T13:04:36+00:00\",\"dateModified\":\"2024-06-13T06:48:35+00:00\",\"description\":\"El registro en CCFS es r\u00e1pido y sencillo; Los estudiantes internacionales deben obtener una visa para permanecer en Francia.\",\"breadcrumb\":{\"@id\":\"https:\/\/prep.ccfs-sorbonne.fr\/es\/info-inscripcion\/inscribirse-en-los-ccfs\/#breadcrumb\"},\"inLanguage\":\"es\",\"potentialAction\":[{\"@type\":\"ReadAction\",\"target\":[\"https:\/\/prep.ccfs-sorbonne.fr\/es\/info-inscripcion\/inscribirse-en-los-ccfs\/\"]}]},{\"@type\":\"ImageObject\",\"inLanguage\":\"es\",\"@id\":\"https:\/\/prep.ccfs-sorbonne.fr\/es\/info-inscripcion\/inscribirse-en-los-ccfs\/#primaryimage\",\"url\":\"https:\/\/prep.ccfs-sorbonne.fr\/wp-content\/uploads\/2023\/11\/Recognity-Shoot-Etudiant-Paris-41.jpg\",\"contentUrl\":\"https:\/\/prep.ccfs-sorbonne.fr\/wp-content\/uploads\/2023\/11\/Recognity-Shoot-Etudiant-Paris-41.jpg\",\"width\":1920,\"height\":1277,\"caption\":\"Etudiants des CCFS devant le coll\u00e8ge de France\"},{\"@type\":\"BreadcrumbList\",\"@id\":\"https:\/\/prep.ccfs-sorbonne.fr\/es\/info-inscripcion\/inscribirse-en-los-ccfs\/#breadcrumb\",\"itemListElement\":[{\"@type\":\"ListItem\",\"position\":1,\"name\":\"Inicio\",\"item\":\"https:\/\/www.ccfs-sorbonne.fr\/es\/\"},{\"@type\":\"ListItem\",\"position\":2,\"name\":\"Informaci\u00f3n y registro\",\"item\":\"https:\/\/www.ccfs-sorbonne.fr\/es\/info-inscripcion\/\"},{\"@type\":\"ListItem\",\"position\":3,\"name\":\"Inscribirse en los CCFS\"}]},{\"@type\":\"WebSite\",\"@id\":\"https:\/\/www.ccfs-sorbonne.fr\/#website\",\"url\":\"https:\/\/www.ccfs-sorbonne.fr\/\",\"name\":\"CCFS Sorbonne\",\"description\":\"\",\"publisher\":{\"@id\":\"https:\/\/www.ccfs-sorbonne.fr\/#organization\"},\"potentialAction\":[{\"@type\":\"SearchAction\",\"target\":{\"@type\":\"EntryPoint\",\"urlTemplate\":\"https:\/\/www.ccfs-sorbonne.fr\/?s={search_term_string}\"},\"query-input\":{\"@type\":\"PropertyValueSpecification\",\"valueRequired\":true,\"valueName\":\"search_term_string\"}}],\"inLanguage\":\"es\"},{\"@type\":\"Organization\",\"@id\":\"https:\/\/www.ccfs-sorbonne.fr\/#organization\",\"name\":\"CCFS Sorbonne\",\"url\":\"https:\/\/www.ccfs-sorbonne.fr\/\",\"logo\":{\"@type\":\"ImageObject\",\"inLanguage\":\"es\",\"@id\":\"https:\/\/www.ccfs-sorbonne.fr\/#\/schema\/logo\/image\/\",\"url\":\"https:\/\/prep.ccfs-sorbonne.fr\/wp-content\/uploads\/2023\/11\/logo-ccfs-sorbonne.png\",\"contentUrl\":\"https:\/\/prep.ccfs-sorbonne.fr\/wp-content\/uploads\/2023\/11\/logo-ccfs-sorbonne.png\",\"width\":300,\"height\":120,\"caption\":\"CCFS Sorbonne\"},\"image\":{\"@id\":\"https:\/\/www.ccfs-sorbonne.fr\/#\/schema\/logo\/image\/\"}}]}<\/script>\n<!-- \/ Yoast SEO plugin. -->","yoast_head_json":{"title":"Reg\u00edstrese en CCFS y obtenga una visa para aprender franc\u00e9s","description":"El registro en CCFS es r\u00e1pido y sencillo; Los estudiantes internacionales deben obtener una visa para permanecer en Francia.","robots":{"index":"index","follow":"follow","max-snippet":"max-snippet:-1","max-image-preview":"max-image-preview:large","max-video-preview":"max-video-preview:-1"},"canonical":"https:\/\/prep.ccfs-sorbonne.fr\/es\/info-inscripcion\/inscribirse-en-los-ccfs\/","og_locale":"es_ES","og_type":"article","og_title":"Reg\u00edstrese en CCFS y obtenga una visa para aprender franc\u00e9s","og_description":"El registro en CCFS es r\u00e1pido y sencillo; Los estudiantes internacionales deben obtener una visa para permanecer en Francia.","og_url":"https:\/\/prep.ccfs-sorbonne.fr\/es\/info-inscripcion\/inscribirse-en-los-ccfs\/","og_site_name":"CCFS Sorbonne","article_modified_time":"2024-06-13T06:48:35+00:00","og_image":[{"width":1920,"height":1277,"url":"https:\/\/www.ccfs-sorbonne.fr\/wp-content\/uploads\/2023\/11\/Recognity-Shoot-Etudiant-Paris-41.jpg","type":"image\/jpeg"}],"twitter_card":"summary_large_image","twitter_misc":{"Tiempo de lectura":"3 minutos"},"schema":{"@context":"https:\/\/schema.org","@graph":[{"@type":"WebPage","@id":"https:\/\/prep.ccfs-sorbonne.fr\/es\/info-inscripcion\/inscribirse-en-los-ccfs\/","url":"https:\/\/prep.ccfs-sorbonne.fr\/es\/info-inscripcion\/inscribirse-en-los-ccfs\/","name":"Reg\u00edstrese en CCFS y obtenga una visa para aprender franc\u00e9s","isPartOf":{"@id":"https:\/\/www.ccfs-sorbonne.fr\/#website"},"primaryImageOfPage":{"@id":"https:\/\/prep.ccfs-sorbonne.fr\/es\/info-inscripcion\/inscribirse-en-los-ccfs\/#primaryimage"},"image":{"@id":"https:\/\/prep.ccfs-sorbonne.fr\/es\/info-inscripcion\/inscribirse-en-los-ccfs\/#primaryimage"},"thumbnailUrl":"https:\/\/prep.ccfs-sorbonne.fr\/wp-content\/uploads\/2023\/11\/Recognity-Shoot-Etudiant-Paris-41.jpg","datePublished":"2023-10-03T13:04:36+00:00","dateModified":"2024-06-13T06:48:35+00:00","description":"El registro en CCFS es r\u00e1pido y sencillo; Los estudiantes internacionales deben obtener una visa para permanecer en Francia.","breadcrumb":{"@id":"https:\/\/prep.ccfs-sorbonne.fr\/es\/info-inscripcion\/inscribirse-en-los-ccfs\/#breadcrumb"},"inLanguage":"es","potentialAction":[{"@type":"ReadAction","target":["https:\/\/prep.ccfs-sorbonne.fr\/es\/info-inscripcion\/inscribirse-en-los-ccfs\/"]}]},{"@type":"ImageObject","inLanguage":"es","@id":"https:\/\/prep.ccfs-sorbonne.fr\/es\/info-inscripcion\/inscribirse-en-los-ccfs\/#primaryimage","url":"https:\/\/prep.ccfs-sorbonne.fr\/wp-content\/uploads\/2023\/11\/Recognity-Shoot-Etudiant-Paris-41.jpg","contentUrl":"https:\/\/prep.ccfs-sorbonne.fr\/wp-content\/uploads\/2023\/11\/Recognity-Shoot-Etudiant-Paris-41.jpg","width":1920,"height":1277,"caption":"Etudiants des CCFS devant le coll\u00e8ge de France"},{"@type":"BreadcrumbList","@id":"https:\/\/prep.ccfs-sorbonne.fr\/es\/info-inscripcion\/inscribirse-en-los-ccfs\/#breadcrumb","itemListElement":[{"@type":"ListItem","position":1,"name":"Inicio","item":"https:\/\/www.ccfs-sorbonne.fr\/es\/"},{"@type":"ListItem","position":2,"name":"Informaci\u00f3n y registro","item":"https:\/\/www.ccfs-sorbonne.fr\/es\/info-inscripcion\/"},{"@type":"ListItem","position":3,"name":"Inscribirse en los CCFS"}]},{"@type":"WebSite","@id":"https:\/\/www.ccfs-sorbonne.fr\/#website","url":"https:\/\/www.ccfs-sorbonne.fr\/","name":"CCFS Sorbonne","description":"","publisher":{"@id":"https:\/\/www.ccfs-sorbonne.fr\/#organization"},"potentialAction":[{"@type":"SearchAction","target":{"@type":"EntryPoint","urlTemplate":"https:\/\/www.ccfs-sorbonne.fr\/?s={search_term_string}"},"query-input":{"@type":"PropertyValueSpecification","valueRequired":true,"valueName":"search_term_string"}}],"inLanguage":"es"},{"@type":"Organization","@id":"https:\/\/www.ccfs-sorbonne.fr\/#organization","name":"CCFS Sorbonne","url":"https:\/\/www.ccfs-sorbonne.fr\/","logo":{"@type":"ImageObject","inLanguage":"es","@id":"https:\/\/www.ccfs-sorbonne.fr\/#\/schema\/logo\/image\/","url":"https:\/\/prep.ccfs-sorbonne.fr\/wp-content\/uploads\/2023\/11\/logo-ccfs-sorbonne.png","contentUrl":"https:\/\/prep.ccfs-sorbonne.fr\/wp-content\/uploads\/2023\/11\/logo-ccfs-sorbonne.png","width":300,"height":120,"caption":"CCFS Sorbonne"},"image":{"@id":"https:\/\/www.ccfs-sorbonne.fr\/#\/schema\/logo\/image\/"}}]}},"_links":{"self":[{"href":"https:\/\/prep.ccfs-sorbonne.fr\/es\/wp-json\/wp\/v2\/pages\/92897","targetHints":{"allow":["GET"]}}],"collection":[{"href":"https:\/\/prep.ccfs-sorbonne.fr\/es\/wp-json\/wp\/v2\/pages"}],"about":[{"href":"https:\/\/prep.ccfs-sorbonne.fr\/es\/wp-json\/wp\/v2\/types\/page"}],"author":[{"embeddable":true,"href":"https:\/\/prep.ccfs-sorbonne.fr\/es\/wp-json\/wp\/v2\/users\/8"}],"replies":[{"embeddable":true,"href":"https:\/\/prep.ccfs-sorbonne.fr\/es\/wp-json\/wp\/v2\/comments?post=92897"}],"version-history":[{"count":5,"href":"https:\/\/prep.ccfs-sorbonne.fr\/es\/wp-json\/wp\/v2\/pages\/92897\/revisions"}],"predecessor-version":[{"id":96435,"href":"https:\/\/prep.ccfs-sorbonne.fr\/es\/wp-json\/wp\/v2\/pages\/92897\/revisions\/96435"}],"up":[{"embeddable":true,"href":"https:\/\/prep.ccfs-sorbonne.fr\/es\/wp-json\/wp\/v2\/pages\/92895"}],"wp:featuredmedia":[{"embeddable":true,"href":"https:\/\/prep.ccfs-sorbonne.fr\/es\/wp-json\/wp\/v2\/media\/90272"}],"wp:attachment":[{"href":"https:\/\/prep.ccfs-sorbonne.fr\/es\/wp-json\/wp\/v2\/media?parent=92897"}],"curies":[{"name":"wp","href":"https:\/\/api.w.org\/{rel}","templated":true}]}}