{"id":92762,"date":"2023-06-14T14:01:13","date_gmt":"2023-06-14T12:01:13","guid":{"rendered":"https:\/\/prep.ccfs-sorbonne.fr\/institucion\/fondation-robert-de-sorbon\/"},"modified":"2024-10-02T13:54:20","modified_gmt":"2024-10-02T11:54:20","slug":"fundacion-robert-de-sorbon","status":"publish","type":"page","link":"https:\/\/prep.ccfs-sorbonne.fr\/es\/institucion\/fundacion-robert-de-sorbon\/","title":{"rendered":"Fundaci\u00f3n Robert de Sorbon"},"content":{"rendered":"\t\t<div data-elementor-type=\"wp-page\" data-elementor-id=\"92762\" class=\"elementor elementor-92762 elementor-545\" data-elementor-post-type=\"page\">\n\t\t\t\t\t\t<section class=\"elementor-section elementor-top-section elementor-element elementor-element-cf35b8d elementor-section-stretched elementor-section-boxed elementor-section-height-default elementor-section-height-default\" data-id=\"cf35b8d\" data-element_type=\"section\" data-settings=\"{&quot;stretch_section&quot;:&quot;section-stretched&quot;,&quot;background_background&quot;:&quot;classic&quot;}\">\n\t\t\t\t\t\t\t<div class=\"elementor-background-overlay\"><\/div>\n\t\t\t\t\t\t\t<div class=\"elementor-container elementor-column-gap-default\">\n\t\t\t\t\t<div class=\"elementor-column elementor-col-100 elementor-top-column elementor-element elementor-element-a7ba872\" data-id=\"a7ba872\" data-element_type=\"column\">\n\t\t\t<div class=\"elementor-widget-wrap elementor-element-populated\">\n\t\t\t\t\t\t<section class=\"elementor-section elementor-inner-section elementor-element elementor-element-233d4c9 elementor-section-boxed elementor-section-height-default elementor-section-height-default\" data-id=\"233d4c9\" data-element_type=\"section\">\n\t\t\t\t\t\t<div class=\"elementor-container elementor-column-gap-default\">\n\t\t\t\t\t<div class=\"elementor-column elementor-col-50 elementor-inner-column elementor-element elementor-element-d562e0a\" data-id=\"d562e0a\" data-element_type=\"column\">\n\t\t\t<div class=\"elementor-widget-wrap elementor-element-populated\">\n\t\t\t\t\t\t<div class=\"elementor-element elementor-element-84736ee elementor-widget elementor-widget-heading\" data-id=\"84736ee\" data-element_type=\"widget\" data-widget_type=\"heading.default\">\n\t\t\t\t<div class=\"elementor-widget-container\">\n\t\t\t\t\t<h1 class=\"elementor-heading-title elementor-size-default\">Fundaci\u00f3n Robert de Sorbon<br><\/h1>\t\t\t\t<\/div>\n\t\t\t\t<\/div>\n\t\t\t\t\t<\/div>\n\t\t<\/div>\n\t\t\t\t<div class=\"elementor-column elementor-col-50 elementor-inner-column elementor-element elementor-element-4e48e03 elementor-hidden-mobile elementor-hidden-tablet\" data-id=\"4e48e03\" data-element_type=\"column\">\n\t\t\t<div class=\"elementor-widget-wrap elementor-element-populated\">\n\t\t\t\t\t\t<div class=\"elementor-element elementor-element-3f463de elementor-widget elementor-widget-image\" data-id=\"3f463de\" data-element_type=\"widget\" data-widget_type=\"image.default\">\n\t\t\t\t<div class=\"elementor-widget-container\">\n\t\t\t\t\t\t\t\t\t\t\t\t\t\t\t<img fetchpriority=\"high\" decoding=\"async\" width=\"300\" height=\"400\" src=\"https:\/\/prep.ccfs-sorbonne.fr\/wp-content\/uploads\/2024\/07\/etudiant-13-ccfs-1.png\" class=\"attachment-full size-full wp-image-97538\" alt=\"\" srcset=\"https:\/\/prep.ccfs-sorbonne.fr\/wp-content\/uploads\/2024\/07\/etudiant-13-ccfs-1.png 300w, https:\/\/prep.ccfs-sorbonne.fr\/wp-content\/uploads\/2024\/07\/etudiant-13-ccfs-1-225x300.png 225w\" sizes=\"(max-width: 300px) 100vw, 300px\" \/>\t\t\t\t\t\t\t\t\t\t\t\t\t\t\t<\/div>\n\t\t\t\t<\/div>\n\t\t\t\t\t<\/div>\n\t\t<\/div>\n\t\t\t\t\t<\/div>\n\t\t<\/section>\n\t\t\t\t\t<\/div>\n\t\t<\/div>\n\t\t\t\t\t<\/div>\n\t\t<\/section>\n\t\t\t\t<section class=\"elementor-section elementor-top-section elementor-element elementor-element-7ef5fdf elementor-section-stretched elementor-section-boxed elementor-section-height-default elementor-section-height-default\" data-id=\"7ef5fdf\" data-element_type=\"section\" data-settings=\"{&quot;stretch_section&quot;:&quot;section-stretched&quot;}\">\n\t\t\t\t\t\t<div class=\"elementor-container elementor-column-gap-default\">\n\t\t\t\t\t<div class=\"elementor-column elementor-col-100 elementor-top-column elementor-element elementor-element-5c1a51f\" data-id=\"5c1a51f\" data-element_type=\"column\">\n\t\t\t<div class=\"elementor-widget-wrap elementor-element-populated\">\n\t\t\t\t\t\t<div class=\"elementor-element elementor-element-c52d12d elementor-widget elementor-widget-global elementor-global-82281 elementor-widget-breadcrumbs\" data-id=\"c52d12d\" data-element_type=\"widget\" data-widget_type=\"breadcrumbs.default\">\n\t\t\t\t<div class=\"elementor-widget-container\">\n\t\t\t\t\t<p id=\"breadcrumbs\"><span><span><a href=\"https:\/\/www.ccfs-sorbonne.fr\/es\/\">Inicio<\/a><\/span><\/span><\/p>\t\t\t\t<\/div>\n\t\t\t\t<\/div>\n\t\t\t\t<div class=\"elementor-element elementor-element-7fda1a8a elementor-widget elementor-widget-text-editor\" data-id=\"7fda1a8a\" data-element_type=\"widget\" data-widget_type=\"text-editor.default\">\n\t\t\t\t<div class=\"elementor-widget-container\">\n\t\t\t\t\t\t\t\t\t<p>La Fundaci\u00f3n Robert de Sorbon es una emblem\u00e1tica instituci\u00f3n acad\u00e9mica situada en el coraz\u00f3n de Par\u00eds. Su rica historia se remonta al siglo XIII, cuando Robert de Sorbon, sacerdote y te\u00f3logo, decidi\u00f3 crear una casa de aprendizaje para los estudiantes pobres de la ciudad. Esta iniciativa visionaria sent\u00f3 las bases de una de las universidades m\u00e1s prestigiosas e influyentes del mundo: La Sorbonne.<\/p><p>La Sorbonne se convirti\u00f3 r\u00e1pidamente en uno de los principales centros intelectuales de Europa, atrayendo a estudiantes y eruditos de todas las profesiones y condiciones sociales. A lo largo de los siglos, ha desempe\u00f1ado un papel fundamental en el desarrollo de la ense\u00f1anza superior en Francia y ha sido testigo de numerosos acontecimientos hist\u00f3ricos e intelectuales clave. Personajes c\u00e9lebres como Tom\u00e1s de Aquino, Ren\u00e9 Descartes o Jean-Paul Sartre han estudiado o ense\u00f1ado en la Sorbonne, contribuyendo a su reputaci\u00f3n mundial.<\/p><p>La Sociedad de Amigos de las Universidades de Par\u00eds, creada en 1899, se convirti\u00f3 en 2009 en la Fundaci\u00f3n Robert de Sorbon, reconocida de utilidad p\u00fablica. El objetivo de la fundaci\u00f3n es poner en marcha programas eficaces e innovadores destinados a promover la transmisi\u00f3n del conocimiento, especialmente en la ense\u00f1anza superior y la investigaci\u00f3n. Los Cours de Civilisation Fran\u00e7aise de la Sorbonne (CCFS), fundado en 1919, es una de las instituciones acad\u00e9micas cuya labor cuenta con el apoyo de la Fundaci\u00f3n Robert de Sorbon.<\/p><h2>Los Cours de civilisation fran\u00e7aise de la Sorbonne (CCFS)<\/h2><p>Los Cours de civilisation fran\u00e7aise de la Sorbonne (CCFS) es una parte<a href=\"https:\/\/prep.ccfs-sorbonne.fr\/es\/institucion\/\"> esencial de la Fundaci\u00f3n Robert de Sorbon<\/a>. Creado con el objetivo de difundir la lengua y la cultura francesas por todo el mundo, los CCFS desempe\u00f1a actualmente un papel crucial en la ense\u00f1anza del franc\u00e9s como lengua extranjera (FLE) y en la promoci\u00f3n de la civilizaci\u00f3n francesa entre los estudiantes internacionales.<\/p><p>Los CCFS ofrece diversos programas de ense\u00f1anza del franc\u00e9s adaptados a las necesidades de los estudiantes internacionales. Ya se trate de cursos de franc\u00e9s general, de preparaci\u00f3n para ex\u00e1menes de franc\u00e9s como el DELF y el DALF, o de cursos espec\u00edficos de franc\u00e9s (franc\u00e9s de negocios, franc\u00e9s universitario), los CCFS son reconocidos por su experiencia en la ense\u00f1anza de la lengua francesa.<\/p><p>Los CCFS est\u00e1 situado en el coraz\u00f3n de Par\u00eds, ofreciendo a los estudiantes la oportunidad de aprender franc\u00e9s en un entorno inmersivo. La instituci\u00f3n acoge a estudiantes de todas las nacionalidades y todos los niveles, desde principiantes hasta avanzados, que se benefician de cursos que combinan el aprendizaje del franc\u00e9s con el descubrimiento cultural. Gracias a su compromiso con una ense\u00f1anza de calidad y su promoci\u00f3n de la cultura francesa, los CCFS contribuyen junto con la Fundaci\u00f3n Robert de Sorbon a reforzar los v\u00ednculos entre Francia y el resto del mundo y permiten a los estudiantes internacionales disfrutar de una experiencia ling\u00fc\u00edstica y cultural inolvidable en la Sorbonne.<\/p>\t\t\t\t\t\t\t\t<\/div>\n\t\t\t\t<\/div>\n\t\t\t\t\t<\/div>\n\t\t<\/div>\n\t\t\t\t\t<\/div>\n\t\t<\/section>\n\t\t<div class=\"elementor-element elementor-element-5f9d10b e-flex e-con-boxed e-con e-parent\" data-id=\"5f9d10b\" data-element_type=\"container\">\n\t\t\t\t\t<div class=\"e-con-inner\">\n\t\t\t\t<div class=\"elementor-element elementor-element-8d2a6be elementor-widget-divider--view-line elementor-widget elementor-widget-divider\" data-id=\"8d2a6be\" data-element_type=\"widget\" data-widget_type=\"divider.default\">\n\t\t\t\t<div class=\"elementor-widget-container\">\n\t\t\t\t\t\t\t<div class=\"elementor-divider\">\n\t\t\t<span class=\"elementor-divider-separator\">\n\t\t\t\t\t\t<\/span>\n\t\t<\/div>\n\t\t\t\t\t\t<\/div>\n\t\t\t\t<\/div>\n\t\t\t\t<div class=\"elementor-element elementor-element-d6bb545 elementor-widget elementor-widget-shortcode\" data-id=\"d6bb545\" data-element_type=\"widget\" data-widget_type=\"shortcode.default\">\n\t\t\t\t<div class=\"elementor-widget-container\">\n\t\t\t\t\t\t\t<div class=\"elementor-shortcode\"><ul class='listing-page-soeur'><li class='bloc-page-soeur'><a class='image-soeur' style='background:url(https:\/\/prep.ccfs-sorbonne.fr\/wp-content\/uploads\/2025\/06\/CCFS-10.06.25-Benoit-Diacre-61-scaled.jpg)' href='https:\/\/prep.ccfs-sorbonne.fr\/es\/institucion\/cours-de-civilisation-francaise-de-la-sorbonne\/' title='Cours de civilisation fran&ccedil;aise de la Sorbonne'><\/a><div class='detail-soeur'><div class='nom-page-soeur'><h2><a href='https:\/\/prep.ccfs-sorbonne.fr\/es\/institucion\/cours-de-civilisation-francaise-de-la-sorbonne\/' title='Cours de civilisation fran&ccedil;aise de la Sorbonne'>Cours de civilisation fran\u00e7aise de la Sorbonne<\/a><\/h2><\/div><\/div><\/li><li class='bloc-page-soeur'><a class='image-soeur' style='background:url(https:\/\/prep.ccfs-sorbonne.fr\/wp-content\/uploads\/2023\/11\/RdS-8_OKHD.jpg)' href='https:\/\/prep.ccfs-sorbonne.fr\/es\/institucion\/historia-humanismo\/' title='Historia &amp; humanismo'><\/a><div class='detail-soeur'><div class='nom-page-soeur'><h2><a href='https:\/\/prep.ccfs-sorbonne.fr\/es\/institucion\/historia-humanismo\/' title='Historia &amp; humanismo'>Historia & humanismo<\/a><\/h2><\/div><\/div><\/li><li class='bloc-page-soeur'><a class='image-soeur' style='background:url(https:\/\/prep.ccfs-sorbonne.fr\/wp-content\/uploads\/2023\/11\/Sans-titre-82-min.jpg)' href='https:\/\/prep.ccfs-sorbonne.fr\/es\/institucion\/socios-academicos\/' title='Socios acad&eacute;micos'><\/a><div class='detail-soeur'><div class='nom-page-soeur'><h2><a href='https:\/\/prep.ccfs-sorbonne.fr\/es\/institucion\/socios-academicos\/' title='Socios acad&eacute;micos'>Socios acad\u00e9micos<\/a><\/h2><\/div><\/div><\/li><li class='bloc-page-soeur'><a class='image-soeur' style='background:url(https:\/\/prep.ccfs-sorbonne.fr\/wp-content\/uploads\/2024\/03\/Recognity-Cours-de-Civilisation-de-la-Sorbonne-09.02.24-Benoit-Diacre-64.jpg)' href='https:\/\/prep.ccfs-sorbonne.fr\/es\/institucion\/experticia-pedagogica\/' title='Experticia pedag&oacute;gica'><\/a><div class='detail-soeur'><div class='nom-page-soeur'><h2><a href='https:\/\/prep.ccfs-sorbonne.fr\/es\/institucion\/experticia-pedagogica\/' title='Experticia pedag&oacute;gica'>Experticia pedag\u00f3gica<\/a><\/h2><\/div><\/div><\/li><\/ul><\/div>\n\t\t\t\t\t\t<\/div>\n\t\t\t\t<\/div>\n\t\t\t\t\t<\/div>\n\t\t\t\t<\/div>\n\t\t\t\t<\/div>\n\t\t","protected":false},"excerpt":{"rendered":"<p>Fundaci\u00f3n Robert de Sorbon La Fundaci\u00f3n Robert de Sorbon es una emblem\u00e1tica instituci\u00f3n acad\u00e9mica situada en el coraz\u00f3n de Par\u00eds. Su rica historia se remonta al siglo XIII, cuando Robert [&hellip;]<\/p>\n","protected":false},"author":8,"featured_media":88764,"parent":92752,"menu_order":8,"comment_status":"closed","ping_status":"closed","template":"","meta":{"_acf_changed":false,"footnotes":""},"class_list":["post-92762","page","type-page","status-publish","has-post-thumbnail","hentry"],"acf":[],"yoast_head":"<!-- This site is optimized with the Yoast SEO plugin v24.8.1 - https:\/\/yoast.com\/wordpress\/plugins\/seo\/ -->\n<title>Fundaci\u00f3n Robert de Sorbon, una instituci\u00f3n hist\u00f3rica francesa<\/title>\n<meta name=\"description\" content=\"La Fundaci\u00f3n Robert de Sorbon se dedica a la ense\u00f1anza: de ella dependen los Cursos de Civilizaci\u00f3n Francesa en la Sorbona.\" \/>\n<meta name=\"robots\" content=\"index, follow, max-snippet:-1, max-image-preview:large, max-video-preview:-1\" \/>\n<link rel=\"canonical\" href=\"https:\/\/prep.ccfs-sorbonne.fr\/es\/institucion\/fundacion-robert-de-sorbon\/\" \/>\n<meta property=\"og:locale\" content=\"es_ES\" \/>\n<meta property=\"og:type\" content=\"article\" \/>\n<meta property=\"og:title\" content=\"Fundaci\u00f3n Robert de Sorbon, una instituci\u00f3n hist\u00f3rica francesa\" \/>\n<meta property=\"og:description\" content=\"La Fundaci\u00f3n Robert de Sorbon se dedica a la ense\u00f1anza: de ella dependen los Cursos de Civilizaci\u00f3n Francesa en la Sorbona.\" \/>\n<meta property=\"og:url\" content=\"https:\/\/prep.ccfs-sorbonne.fr\/es\/institucion\/fundacion-robert-de-sorbon\/\" \/>\n<meta property=\"og:site_name\" content=\"CCFS Sorbonne\" \/>\n<meta property=\"article:modified_time\" content=\"2024-10-02T11:54:20+00:00\" \/>\n<meta property=\"og:image\" content=\"https:\/\/www.ccfs-sorbonne.fr\/wp-content\/uploads\/2023\/10\/Photo-Facade-FRDS.jpg\" \/>\n\t<meta property=\"og:image:width\" content=\"1920\" \/>\n\t<meta property=\"og:image:height\" content=\"1365\" \/>\n\t<meta property=\"og:image:type\" content=\"image\/jpeg\" \/>\n<meta name=\"twitter:card\" content=\"summary_large_image\" \/>\n<meta name=\"twitter:label1\" content=\"Tiempo de lectura\" \/>\n\t<meta name=\"twitter:data1\" content=\"3 minutos\" \/>\n<script type=\"application\/ld+json\" class=\"yoast-schema-graph\">{\"@context\":\"https:\/\/schema.org\",\"@graph\":[{\"@type\":\"WebPage\",\"@id\":\"https:\/\/prep.ccfs-sorbonne.fr\/es\/institucion\/fundacion-robert-de-sorbon\/\",\"url\":\"https:\/\/prep.ccfs-sorbonne.fr\/es\/institucion\/fundacion-robert-de-sorbon\/\",\"name\":\"Fundaci\u00f3n Robert de Sorbon, una instituci\u00f3n hist\u00f3rica francesa\",\"isPartOf\":{\"@id\":\"https:\/\/www.ccfs-sorbonne.fr\/#website\"},\"primaryImageOfPage\":{\"@id\":\"https:\/\/prep.ccfs-sorbonne.fr\/es\/institucion\/fundacion-robert-de-sorbon\/#primaryimage\"},\"image\":{\"@id\":\"https:\/\/prep.ccfs-sorbonne.fr\/es\/institucion\/fundacion-robert-de-sorbon\/#primaryimage\"},\"thumbnailUrl\":\"https:\/\/prep.ccfs-sorbonne.fr\/wp-content\/uploads\/2023\/10\/Photo-Facade-FRDS.jpg\",\"datePublished\":\"2023-06-14T12:01:13+00:00\",\"dateModified\":\"2024-10-02T11:54:20+00:00\",\"description\":\"La Fundaci\u00f3n Robert de Sorbon se dedica a la ense\u00f1anza: de ella dependen los Cursos de Civilizaci\u00f3n Francesa en la Sorbona.\",\"breadcrumb\":{\"@id\":\"https:\/\/prep.ccfs-sorbonne.fr\/es\/institucion\/fundacion-robert-de-sorbon\/#breadcrumb\"},\"inLanguage\":\"es\",\"potentialAction\":[{\"@type\":\"ReadAction\",\"target\":[\"https:\/\/prep.ccfs-sorbonne.fr\/es\/institucion\/fundacion-robert-de-sorbon\/\"]}]},{\"@type\":\"ImageObject\",\"inLanguage\":\"es\",\"@id\":\"https:\/\/prep.ccfs-sorbonne.fr\/es\/institucion\/fundacion-robert-de-sorbon\/#primaryimage\",\"url\":\"https:\/\/prep.ccfs-sorbonne.fr\/wp-content\/uploads\/2023\/10\/Photo-Facade-FRDS.jpg\",\"contentUrl\":\"https:\/\/prep.ccfs-sorbonne.fr\/wp-content\/uploads\/2023\/10\/Photo-Facade-FRDS.jpg\",\"width\":1920,\"height\":1365,\"caption\":\"Hotel de Vogue, fondation Robert de Sorbon\"},{\"@type\":\"BreadcrumbList\",\"@id\":\"https:\/\/prep.ccfs-sorbonne.fr\/es\/institucion\/fundacion-robert-de-sorbon\/#breadcrumb\",\"itemListElement\":[{\"@type\":\"ListItem\",\"position\":1,\"name\":\"Inicio\",\"item\":\"https:\/\/www.ccfs-sorbonne.fr\/es\/\"},{\"@type\":\"ListItem\",\"position\":2,\"name\":\"Instituci\u00f3n\",\"item\":\"https:\/\/www.ccfs-sorbonne.fr\/es\/institucion\/\"},{\"@type\":\"ListItem\",\"position\":3,\"name\":\"Fundaci\u00f3n Robert de Sorbon\"}]},{\"@type\":\"WebSite\",\"@id\":\"https:\/\/www.ccfs-sorbonne.fr\/#website\",\"url\":\"https:\/\/www.ccfs-sorbonne.fr\/\",\"name\":\"CCFS Sorbonne\",\"description\":\"\",\"publisher\":{\"@id\":\"https:\/\/www.ccfs-sorbonne.fr\/#organization\"},\"potentialAction\":[{\"@type\":\"SearchAction\",\"target\":{\"@type\":\"EntryPoint\",\"urlTemplate\":\"https:\/\/www.ccfs-sorbonne.fr\/?s={search_term_string}\"},\"query-input\":{\"@type\":\"PropertyValueSpecification\",\"valueRequired\":true,\"valueName\":\"search_term_string\"}}],\"inLanguage\":\"es\"},{\"@type\":\"Organization\",\"@id\":\"https:\/\/www.ccfs-sorbonne.fr\/#organization\",\"name\":\"CCFS Sorbonne\",\"url\":\"https:\/\/www.ccfs-sorbonne.fr\/\",\"logo\":{\"@type\":\"ImageObject\",\"inLanguage\":\"es\",\"@id\":\"https:\/\/www.ccfs-sorbonne.fr\/#\/schema\/logo\/image\/\",\"url\":\"https:\/\/prep.ccfs-sorbonne.fr\/wp-content\/uploads\/2023\/11\/logo-ccfs-sorbonne.png\",\"contentUrl\":\"https:\/\/prep.ccfs-sorbonne.fr\/wp-content\/uploads\/2023\/11\/logo-ccfs-sorbonne.png\",\"width\":300,\"height\":120,\"caption\":\"CCFS Sorbonne\"},\"image\":{\"@id\":\"https:\/\/www.ccfs-sorbonne.fr\/#\/schema\/logo\/image\/\"}}]}<\/script>\n<!-- \/ Yoast SEO plugin. -->","yoast_head_json":{"title":"Fundaci\u00f3n Robert de Sorbon, una instituci\u00f3n hist\u00f3rica francesa","description":"La Fundaci\u00f3n Robert de Sorbon se dedica a la ense\u00f1anza: de ella dependen los Cursos de Civilizaci\u00f3n Francesa en la Sorbona.","robots":{"index":"index","follow":"follow","max-snippet":"max-snippet:-1","max-image-preview":"max-image-preview:large","max-video-preview":"max-video-preview:-1"},"canonical":"https:\/\/prep.ccfs-sorbonne.fr\/es\/institucion\/fundacion-robert-de-sorbon\/","og_locale":"es_ES","og_type":"article","og_title":"Fundaci\u00f3n Robert de Sorbon, una instituci\u00f3n hist\u00f3rica francesa","og_description":"La Fundaci\u00f3n Robert de Sorbon se dedica a la ense\u00f1anza: de ella dependen los Cursos de Civilizaci\u00f3n Francesa en la Sorbona.","og_url":"https:\/\/prep.ccfs-sorbonne.fr\/es\/institucion\/fundacion-robert-de-sorbon\/","og_site_name":"CCFS Sorbonne","article_modified_time":"2024-10-02T11:54:20+00:00","og_image":[{"width":1920,"height":1365,"url":"https:\/\/www.ccfs-sorbonne.fr\/wp-content\/uploads\/2023\/10\/Photo-Facade-FRDS.jpg","type":"image\/jpeg"}],"twitter_card":"summary_large_image","twitter_misc":{"Tiempo de lectura":"3 minutos"},"schema":{"@context":"https:\/\/schema.org","@graph":[{"@type":"WebPage","@id":"https:\/\/prep.ccfs-sorbonne.fr\/es\/institucion\/fundacion-robert-de-sorbon\/","url":"https:\/\/prep.ccfs-sorbonne.fr\/es\/institucion\/fundacion-robert-de-sorbon\/","name":"Fundaci\u00f3n Robert de Sorbon, una instituci\u00f3n hist\u00f3rica francesa","isPartOf":{"@id":"https:\/\/www.ccfs-sorbonne.fr\/#website"},"primaryImageOfPage":{"@id":"https:\/\/prep.ccfs-sorbonne.fr\/es\/institucion\/fundacion-robert-de-sorbon\/#primaryimage"},"image":{"@id":"https:\/\/prep.ccfs-sorbonne.fr\/es\/institucion\/fundacion-robert-de-sorbon\/#primaryimage"},"thumbnailUrl":"https:\/\/prep.ccfs-sorbonne.fr\/wp-content\/uploads\/2023\/10\/Photo-Facade-FRDS.jpg","datePublished":"2023-06-14T12:01:13+00:00","dateModified":"2024-10-02T11:54:20+00:00","description":"La Fundaci\u00f3n Robert de Sorbon se dedica a la ense\u00f1anza: de ella dependen los Cursos de Civilizaci\u00f3n Francesa en la Sorbona.","breadcrumb":{"@id":"https:\/\/prep.ccfs-sorbonne.fr\/es\/institucion\/fundacion-robert-de-sorbon\/#breadcrumb"},"inLanguage":"es","potentialAction":[{"@type":"ReadAction","target":["https:\/\/prep.ccfs-sorbonne.fr\/es\/institucion\/fundacion-robert-de-sorbon\/"]}]},{"@type":"ImageObject","inLanguage":"es","@id":"https:\/\/prep.ccfs-sorbonne.fr\/es\/institucion\/fundacion-robert-de-sorbon\/#primaryimage","url":"https:\/\/prep.ccfs-sorbonne.fr\/wp-content\/uploads\/2023\/10\/Photo-Facade-FRDS.jpg","contentUrl":"https:\/\/prep.ccfs-sorbonne.fr\/wp-content\/uploads\/2023\/10\/Photo-Facade-FRDS.jpg","width":1920,"height":1365,"caption":"Hotel de Vogue, fondation Robert de Sorbon"},{"@type":"BreadcrumbList","@id":"https:\/\/prep.ccfs-sorbonne.fr\/es\/institucion\/fundacion-robert-de-sorbon\/#breadcrumb","itemListElement":[{"@type":"ListItem","position":1,"name":"Inicio","item":"https:\/\/www.ccfs-sorbonne.fr\/es\/"},{"@type":"ListItem","position":2,"name":"Instituci\u00f3n","item":"https:\/\/www.ccfs-sorbonne.fr\/es\/institucion\/"},{"@type":"ListItem","position":3,"name":"Fundaci\u00f3n Robert de Sorbon"}]},{"@type":"WebSite","@id":"https:\/\/www.ccfs-sorbonne.fr\/#website","url":"https:\/\/www.ccfs-sorbonne.fr\/","name":"CCFS Sorbonne","description":"","publisher":{"@id":"https:\/\/www.ccfs-sorbonne.fr\/#organization"},"potentialAction":[{"@type":"SearchAction","target":{"@type":"EntryPoint","urlTemplate":"https:\/\/www.ccfs-sorbonne.fr\/?s={search_term_string}"},"query-input":{"@type":"PropertyValueSpecification","valueRequired":true,"valueName":"search_term_string"}}],"inLanguage":"es"},{"@type":"Organization","@id":"https:\/\/www.ccfs-sorbonne.fr\/#organization","name":"CCFS Sorbonne","url":"https:\/\/www.ccfs-sorbonne.fr\/","logo":{"@type":"ImageObject","inLanguage":"es","@id":"https:\/\/www.ccfs-sorbonne.fr\/#\/schema\/logo\/image\/","url":"https:\/\/prep.ccfs-sorbonne.fr\/wp-content\/uploads\/2023\/11\/logo-ccfs-sorbonne.png","contentUrl":"https:\/\/prep.ccfs-sorbonne.fr\/wp-content\/uploads\/2023\/11\/logo-ccfs-sorbonne.png","width":300,"height":120,"caption":"CCFS Sorbonne"},"image":{"@id":"https:\/\/www.ccfs-sorbonne.fr\/#\/schema\/logo\/image\/"}}]}},"_links":{"self":[{"href":"https:\/\/prep.ccfs-sorbonne.fr\/es\/wp-json\/wp\/v2\/pages\/92762","targetHints":{"allow":["GET"]}}],"collection":[{"href":"https:\/\/prep.ccfs-sorbonne.fr\/es\/wp-json\/wp\/v2\/pages"}],"about":[{"href":"https:\/\/prep.ccfs-sorbonne.fr\/es\/wp-json\/wp\/v2\/types\/page"}],"author":[{"embeddable":true,"href":"https:\/\/prep.ccfs-sorbonne.fr\/es\/wp-json\/wp\/v2\/users\/8"}],"replies":[{"embeddable":true,"href":"https:\/\/prep.ccfs-sorbonne.fr\/es\/wp-json\/wp\/v2\/comments?post=92762"}],"version-history":[{"count":5,"href":"https:\/\/prep.ccfs-sorbonne.fr\/es\/wp-json\/wp\/v2\/pages\/92762\/revisions"}],"predecessor-version":[{"id":99116,"href":"https:\/\/prep.ccfs-sorbonne.fr\/es\/wp-json\/wp\/v2\/pages\/92762\/revisions\/99116"}],"up":[{"embeddable":true,"href":"https:\/\/prep.ccfs-sorbonne.fr\/es\/wp-json\/wp\/v2\/pages\/92752"}],"wp:featuredmedia":[{"embeddable":true,"href":"https:\/\/prep.ccfs-sorbonne.fr\/es\/wp-json\/wp\/v2\/media\/88764"}],"wp:attachment":[{"href":"https:\/\/prep.ccfs-sorbonne.fr\/es\/wp-json\/wp\/v2\/media?parent=92762"}],"curies":[{"name":"wp","href":"https:\/\/api.w.org\/{rel}","templated":true}]}}