{"id":92760,"date":"2023-06-14T14:00:17","date_gmt":"2023-06-14T12:00:17","guid":{"rendered":"https:\/\/prep.ccfs-sorbonne.fr\/institucion\/expertise-pedagogique\/"},"modified":"2024-10-02T13:53:37","modified_gmt":"2024-10-02T11:53:37","slug":"experticia-pedagogica","status":"publish","type":"page","link":"https:\/\/prep.ccfs-sorbonne.fr\/es\/institucion\/experticia-pedagogica\/","title":{"rendered":"Experticia pedag\u00f3gica"},"content":{"rendered":"\t\t<div data-elementor-type=\"wp-page\" data-elementor-id=\"92760\" class=\"elementor elementor-92760 elementor-541\" data-elementor-post-type=\"page\">\n\t\t\t\t\t\t<section class=\"elementor-section elementor-top-section elementor-element elementor-element-7faca0b elementor-section-stretched elementor-section-boxed elementor-section-height-default elementor-section-height-default\" data-id=\"7faca0b\" data-element_type=\"section\" data-settings=\"{&quot;stretch_section&quot;:&quot;section-stretched&quot;,&quot;background_background&quot;:&quot;classic&quot;}\">\n\t\t\t\t\t\t\t<div class=\"elementor-background-overlay\"><\/div>\n\t\t\t\t\t\t\t<div class=\"elementor-container elementor-column-gap-default\">\n\t\t\t\t\t<div class=\"elementor-column elementor-col-100 elementor-top-column elementor-element elementor-element-9cafccf\" data-id=\"9cafccf\" data-element_type=\"column\">\n\t\t\t<div class=\"elementor-widget-wrap elementor-element-populated\">\n\t\t\t\t\t\t<section class=\"elementor-section elementor-inner-section elementor-element elementor-element-e1db220 elementor-section-boxed elementor-section-height-default elementor-section-height-default\" data-id=\"e1db220\" data-element_type=\"section\">\n\t\t\t\t\t\t<div class=\"elementor-container elementor-column-gap-default\">\n\t\t\t\t\t<div class=\"elementor-column elementor-col-50 elementor-inner-column elementor-element elementor-element-0e5876e\" data-id=\"0e5876e\" data-element_type=\"column\">\n\t\t\t<div class=\"elementor-widget-wrap elementor-element-populated\">\n\t\t\t\t\t\t<div class=\"elementor-element elementor-element-93003cf elementor-widget elementor-widget-heading\" data-id=\"93003cf\" data-element_type=\"widget\" data-widget_type=\"heading.default\">\n\t\t\t\t<div class=\"elementor-widget-container\">\n\t\t\t\t\t<h1 class=\"elementor-heading-title elementor-size-default\">Experticia pedag\u00f3gica<br><\/h1>\t\t\t\t<\/div>\n\t\t\t\t<\/div>\n\t\t\t\t\t<\/div>\n\t\t<\/div>\n\t\t\t\t<div class=\"elementor-column elementor-col-50 elementor-inner-column elementor-element elementor-element-48629fa elementor-hidden-mobile elementor-hidden-tablet\" data-id=\"48629fa\" data-element_type=\"column\">\n\t\t\t<div class=\"elementor-widget-wrap elementor-element-populated\">\n\t\t\t\t\t\t<div class=\"elementor-element elementor-element-2ad965e elementor-widget elementor-widget-image\" data-id=\"2ad965e\" data-element_type=\"widget\" data-widget_type=\"image.default\">\n\t\t\t\t<div class=\"elementor-widget-container\">\n\t\t\t\t\t\t\t\t\t\t\t\t\t\t\t<img fetchpriority=\"high\" decoding=\"async\" width=\"300\" height=\"400\" src=\"https:\/\/prep.ccfs-sorbonne.fr\/wp-content\/uploads\/2024\/07\/etudiant-13-ccfs-1.png\" class=\"attachment-full size-full wp-image-97538\" alt=\"\" srcset=\"https:\/\/prep.ccfs-sorbonne.fr\/wp-content\/uploads\/2024\/07\/etudiant-13-ccfs-1.png 300w, https:\/\/prep.ccfs-sorbonne.fr\/wp-content\/uploads\/2024\/07\/etudiant-13-ccfs-1-225x300.png 225w\" sizes=\"(max-width: 300px) 100vw, 300px\" \/>\t\t\t\t\t\t\t\t\t\t\t\t\t\t\t<\/div>\n\t\t\t\t<\/div>\n\t\t\t\t\t<\/div>\n\t\t<\/div>\n\t\t\t\t\t<\/div>\n\t\t<\/section>\n\t\t\t\t\t<\/div>\n\t\t<\/div>\n\t\t\t\t\t<\/div>\n\t\t<\/section>\n\t\t\t\t<section class=\"elementor-section elementor-top-section elementor-element elementor-element-396b877c elementor-section-stretched elementor-section-boxed elementor-section-height-default elementor-section-height-default\" data-id=\"396b877c\" data-element_type=\"section\" data-settings=\"{&quot;stretch_section&quot;:&quot;section-stretched&quot;}\">\n\t\t\t\t\t\t<div class=\"elementor-container elementor-column-gap-default\">\n\t\t\t\t\t<div class=\"elementor-column elementor-col-100 elementor-top-column elementor-element elementor-element-2e888f2b\" data-id=\"2e888f2b\" data-element_type=\"column\">\n\t\t\t<div class=\"elementor-widget-wrap elementor-element-populated\">\n\t\t\t\t\t\t<div class=\"elementor-element elementor-element-46349a0 elementor-widget elementor-widget-global elementor-global-82281 elementor-widget-breadcrumbs\" data-id=\"46349a0\" data-element_type=\"widget\" data-widget_type=\"breadcrumbs.default\">\n\t\t\t\t<div class=\"elementor-widget-container\">\n\t\t\t\t\t<p id=\"breadcrumbs\"><span><span><a href=\"https:\/\/www.ccfs-sorbonne.fr\/es\/\">Inicio<\/a><\/span><\/span><\/p>\t\t\t\t<\/div>\n\t\t\t\t<\/div>\n\t\t\t\t<div class=\"elementor-element elementor-element-928133f elementor-widget__width-initial elementor-widget elementor-widget-text-editor\" data-id=\"928133f\" data-element_type=\"widget\" data-widget_type=\"text-editor.default\">\n\t\t\t\t<div class=\"elementor-widget-container\">\n\t\t\t\t\t\t\t\t\t<h2>Experiencia pedag\u00f3gica probada<\/h2><p>Los Cours de civilisation fran\u00e7aise de la Sorbonne proponen cursos variados, de simples a intensivos, en funci\u00f3n de los objetivos de cada estudiante -hasta 25 horas de clase por semana- y de duraci\u00f3n variable: las sesiones pueden tener lugar durante uno, dos o tres meses (sobre todo en verano), o extenderse a lo largo de un semestre de 12 semanas, o incluso de un a\u00f1o acad\u00e9mico. Los cursos pueden adoptar la forma de clases diurnas o nocturnas, cursos sistem\u00e1ticos o m\u00f3dulos especializados (en \u00abfranc\u00e9s de negocios\u00bb, por ejemplo). Se pueden ofrecer cursos a medida previa solicitud.<\/p><h2>Cursos completos que combinan lengua y civilizaci\u00f3n francesas<\/h2><p>Los <a href=\"https:\/\/prep.ccfs-sorbonne.fr\/es\/institucion\/\">cursos impartidos en los Cours de civilisation fran\u00e7aise de la Sorbonne<\/a> cumplen los requisitos del Marco Com\u00fan Europeo de Referencia para las Lenguas (MCER) y ofrecen a los estudiantes internacionales una garant\u00eda de calidad gracias al sello FLE.<\/p><p>Bajo la direcci\u00f3n de profesores cualificados y experimentados, los cursos de idiomas se imparten en grupos reducidos para facilitar el aprendizaje a todos. Los CCFS ofrece a los estudiantes internacionales la oportunidad de adquirir gradualmente un dominio del franc\u00e9s escrito y hablado, con cursos que incluyen un acercamiento a los principales textos literarios.<\/p><p>Los cursos del laboratorio de fon\u00e9tica tienen como objetivo mejorar la pronunciaci\u00f3n, la comprensi\u00f3n y la expresi\u00f3n oral de los estudiantes internacionales, teniendo en cuenta las dificultades inherentes a sus lenguas maternas. Adem\u00e1s de las clases presenciales, se ofrecen a los estudiantes sesiones individuales a cargo de profesores especialistas en ling\u00fc\u00edstica.<\/p><p>Por \u00faltimo, las sesiones del curso van acompa\u00f1adas de conferencias sobre la sociedad y la cultura francesas preparadas por eminentes especialistas, lo que permite a los estudiantes profundizar en su conocimiento de la civilizaci\u00f3n francesa al tiempo que perfeccionan su comprensi\u00f3n oral de la lengua francesa.<\/p>\t\t\t\t\t\t\t\t<\/div>\n\t\t\t\t<\/div>\n\t\t\t\t\t<\/div>\n\t\t<\/div>\n\t\t\t\t\t<\/div>\n\t\t<\/section>\n\t\t<div class=\"elementor-element elementor-element-06ff0aa e-flex e-con-boxed e-con e-parent\" data-id=\"06ff0aa\" data-element_type=\"container\">\n\t\t\t\t\t<div class=\"e-con-inner\">\n\t\t\t\t<div class=\"elementor-element elementor-element-3d93f10 elementor-widget-divider--view-line elementor-widget elementor-widget-divider\" data-id=\"3d93f10\" data-element_type=\"widget\" data-widget_type=\"divider.default\">\n\t\t\t\t<div class=\"elementor-widget-container\">\n\t\t\t\t\t\t\t<div class=\"elementor-divider\">\n\t\t\t<span class=\"elementor-divider-separator\">\n\t\t\t\t\t\t<\/span>\n\t\t<\/div>\n\t\t\t\t\t\t<\/div>\n\t\t\t\t<\/div>\n\t\t\t\t<div class=\"elementor-element elementor-element-88047c2 elementor-widget elementor-widget-shortcode\" data-id=\"88047c2\" data-element_type=\"widget\" data-widget_type=\"shortcode.default\">\n\t\t\t\t<div class=\"elementor-widget-container\">\n\t\t\t\t\t\t\t<div class=\"elementor-shortcode\"><ul class='listing-page-soeur'><li class='bloc-page-soeur'><a class='image-soeur' style='background:url(https:\/\/prep.ccfs-sorbonne.fr\/wp-content\/uploads\/2025\/06\/CCFS-10.06.25-Benoit-Diacre-61-scaled.jpg)' href='https:\/\/prep.ccfs-sorbonne.fr\/es\/institucion\/cours-de-civilisation-francaise-de-la-sorbonne\/' title='Cours de civilisation fran&ccedil;aise de la Sorbonne'><\/a><div class='detail-soeur'><div class='nom-page-soeur'><h2><a href='https:\/\/prep.ccfs-sorbonne.fr\/es\/institucion\/cours-de-civilisation-francaise-de-la-sorbonne\/' title='Cours de civilisation fran&ccedil;aise de la Sorbonne'>Cours de civilisation fran\u00e7aise de la Sorbonne<\/a><\/h2><\/div><\/div><\/li><li class='bloc-page-soeur'><a class='image-soeur' style='background:url(https:\/\/prep.ccfs-sorbonne.fr\/wp-content\/uploads\/2023\/11\/RdS-8_OKHD.jpg)' href='https:\/\/prep.ccfs-sorbonne.fr\/es\/institucion\/historia-humanismo\/' title='Historia &amp; humanismo'><\/a><div class='detail-soeur'><div class='nom-page-soeur'><h2><a href='https:\/\/prep.ccfs-sorbonne.fr\/es\/institucion\/historia-humanismo\/' title='Historia &amp; humanismo'>Historia & humanismo<\/a><\/h2><\/div><\/div><\/li><li class='bloc-page-soeur'><a class='image-soeur' style='background:url(https:\/\/prep.ccfs-sorbonne.fr\/wp-content\/uploads\/2023\/11\/Sans-titre-82-min.jpg)' href='https:\/\/prep.ccfs-sorbonne.fr\/es\/institucion\/socios-academicos\/' title='Socios acad&eacute;micos'><\/a><div class='detail-soeur'><div class='nom-page-soeur'><h2><a href='https:\/\/prep.ccfs-sorbonne.fr\/es\/institucion\/socios-academicos\/' title='Socios acad&eacute;micos'>Socios acad\u00e9micos<\/a><\/h2><\/div><\/div><\/li><li class='bloc-page-soeur'><a class='image-soeur' style='background:url(https:\/\/prep.ccfs-sorbonne.fr\/wp-content\/uploads\/2023\/10\/Photo-Facade-FRDS.jpg)' href='https:\/\/prep.ccfs-sorbonne.fr\/es\/institucion\/fundacion-robert-de-sorbon\/' title='Fundaci&oacute;n Robert de Sorbon'><\/a><div class='detail-soeur'><div class='nom-page-soeur'><h2><a href='https:\/\/prep.ccfs-sorbonne.fr\/es\/institucion\/fundacion-robert-de-sorbon\/' title='Fundaci&oacute;n Robert de Sorbon'>Fundaci\u00f3n Robert de Sorbon<\/a><\/h2><\/div><\/div><\/li><\/ul><\/div>\n\t\t\t\t\t\t<\/div>\n\t\t\t\t<\/div>\n\t\t\t\t\t<\/div>\n\t\t\t\t<\/div>\n\t\t\t\t<\/div>\n\t\t","protected":false},"excerpt":{"rendered":"<p>Experticia pedag\u00f3gica Experiencia pedag\u00f3gica probada Los Cours de civilisation fran\u00e7aise de la Sorbonne proponen cursos variados, de simples a intensivos, en funci\u00f3n de los objetivos de cada estudiante -hasta 25 [&hellip;]<\/p>\n","protected":false},"author":8,"featured_media":94789,"parent":92752,"menu_order":6,"comment_status":"closed","ping_status":"closed","template":"","meta":{"_acf_changed":false,"footnotes":""},"class_list":["post-92760","page","type-page","status-publish","has-post-thumbnail","hentry"],"acf":[],"yoast_head":"<!-- This site is optimized with the Yoast SEO plugin v24.8.1 - https:\/\/yoast.com\/wordpress\/plugins\/seo\/ -->\n<title>M\u00e9todos de ense\u00f1anza dedicados a la lengua francesa.<\/title>\n<meta name=\"description\" content=\"CCFS tiene experiencia en la ense\u00f1anza y permite a los estudiantes descubrir la civilizaci\u00f3n y la cultura francesas.\" \/>\n<meta name=\"robots\" content=\"index, follow, max-snippet:-1, max-image-preview:large, max-video-preview:-1\" \/>\n<link rel=\"canonical\" href=\"https:\/\/prep.ccfs-sorbonne.fr\/es\/institucion\/experticia-pedagogica\/\" \/>\n<meta property=\"og:locale\" content=\"es_ES\" \/>\n<meta property=\"og:type\" content=\"article\" \/>\n<meta property=\"og:title\" content=\"M\u00e9todos de ense\u00f1anza dedicados a la lengua francesa.\" \/>\n<meta property=\"og:description\" content=\"CCFS tiene experiencia en la ense\u00f1anza y permite a los estudiantes descubrir la civilizaci\u00f3n y la cultura francesas.\" \/>\n<meta property=\"og:url\" content=\"https:\/\/prep.ccfs-sorbonne.fr\/es\/institucion\/experticia-pedagogica\/\" \/>\n<meta property=\"og:site_name\" content=\"CCFS Sorbonne\" \/>\n<meta property=\"article:modified_time\" content=\"2024-10-02T11:53:37+00:00\" \/>\n<meta property=\"og:image\" content=\"https:\/\/www.ccfs-sorbonne.fr\/wp-content\/uploads\/2024\/03\/Recognity-Cours-de-Civilisation-de-la-Sorbonne-09.02.24-Benoit-Diacre-64.jpg\" \/>\n\t<meta property=\"og:image:width\" content=\"1920\" \/>\n\t<meta property=\"og:image:height\" content=\"1277\" \/>\n\t<meta property=\"og:image:type\" content=\"image\/jpeg\" \/>\n<meta name=\"twitter:card\" content=\"summary_large_image\" \/>\n<meta name=\"twitter:label1\" content=\"Tiempo de lectura\" \/>\n\t<meta name=\"twitter:data1\" content=\"2 minutos\" \/>\n<script type=\"application\/ld+json\" class=\"yoast-schema-graph\">{\"@context\":\"https:\/\/schema.org\",\"@graph\":[{\"@type\":\"WebPage\",\"@id\":\"https:\/\/prep.ccfs-sorbonne.fr\/es\/institucion\/experticia-pedagogica\/\",\"url\":\"https:\/\/prep.ccfs-sorbonne.fr\/es\/institucion\/experticia-pedagogica\/\",\"name\":\"M\u00e9todos de ense\u00f1anza dedicados a la lengua francesa.\",\"isPartOf\":{\"@id\":\"https:\/\/www.ccfs-sorbonne.fr\/#website\"},\"primaryImageOfPage\":{\"@id\":\"https:\/\/prep.ccfs-sorbonne.fr\/es\/institucion\/experticia-pedagogica\/#primaryimage\"},\"image\":{\"@id\":\"https:\/\/prep.ccfs-sorbonne.fr\/es\/institucion\/experticia-pedagogica\/#primaryimage\"},\"thumbnailUrl\":\"https:\/\/prep.ccfs-sorbonne.fr\/wp-content\/uploads\/2024\/03\/Recognity-Cours-de-Civilisation-de-la-Sorbonne-09.02.24-Benoit-Diacre-64.jpg\",\"datePublished\":\"2023-06-14T12:00:17+00:00\",\"dateModified\":\"2024-10-02T11:53:37+00:00\",\"description\":\"CCFS tiene experiencia en la ense\u00f1anza y permite a los estudiantes descubrir la civilizaci\u00f3n y la cultura francesas.\",\"breadcrumb\":{\"@id\":\"https:\/\/prep.ccfs-sorbonne.fr\/es\/institucion\/experticia-pedagogica\/#breadcrumb\"},\"inLanguage\":\"es\",\"potentialAction\":[{\"@type\":\"ReadAction\",\"target\":[\"https:\/\/prep.ccfs-sorbonne.fr\/es\/institucion\/experticia-pedagogica\/\"]}]},{\"@type\":\"ImageObject\",\"inLanguage\":\"es\",\"@id\":\"https:\/\/prep.ccfs-sorbonne.fr\/es\/institucion\/experticia-pedagogica\/#primaryimage\",\"url\":\"https:\/\/prep.ccfs-sorbonne.fr\/wp-content\/uploads\/2024\/03\/Recognity-Cours-de-Civilisation-de-la-Sorbonne-09.02.24-Benoit-Diacre-64.jpg\",\"contentUrl\":\"https:\/\/prep.ccfs-sorbonne.fr\/wp-content\/uploads\/2024\/03\/Recognity-Cours-de-Civilisation-de-la-Sorbonne-09.02.24-Benoit-Diacre-64.jpg\",\"width\":1920,\"height\":1277,\"caption\":\"Expertise p\u00e9dagogique\u200b\"},{\"@type\":\"BreadcrumbList\",\"@id\":\"https:\/\/prep.ccfs-sorbonne.fr\/es\/institucion\/experticia-pedagogica\/#breadcrumb\",\"itemListElement\":[{\"@type\":\"ListItem\",\"position\":1,\"name\":\"Inicio\",\"item\":\"https:\/\/www.ccfs-sorbonne.fr\/es\/\"},{\"@type\":\"ListItem\",\"position\":2,\"name\":\"Instituci\u00f3n\",\"item\":\"https:\/\/www.ccfs-sorbonne.fr\/es\/institucion\/\"},{\"@type\":\"ListItem\",\"position\":3,\"name\":\"Experticia pedag\u00f3gica\"}]},{\"@type\":\"WebSite\",\"@id\":\"https:\/\/www.ccfs-sorbonne.fr\/#website\",\"url\":\"https:\/\/www.ccfs-sorbonne.fr\/\",\"name\":\"CCFS Sorbonne\",\"description\":\"\",\"publisher\":{\"@id\":\"https:\/\/www.ccfs-sorbonne.fr\/#organization\"},\"potentialAction\":[{\"@type\":\"SearchAction\",\"target\":{\"@type\":\"EntryPoint\",\"urlTemplate\":\"https:\/\/www.ccfs-sorbonne.fr\/?s={search_term_string}\"},\"query-input\":{\"@type\":\"PropertyValueSpecification\",\"valueRequired\":true,\"valueName\":\"search_term_string\"}}],\"inLanguage\":\"es\"},{\"@type\":\"Organization\",\"@id\":\"https:\/\/www.ccfs-sorbonne.fr\/#organization\",\"name\":\"CCFS Sorbonne\",\"url\":\"https:\/\/www.ccfs-sorbonne.fr\/\",\"logo\":{\"@type\":\"ImageObject\",\"inLanguage\":\"es\",\"@id\":\"https:\/\/www.ccfs-sorbonne.fr\/#\/schema\/logo\/image\/\",\"url\":\"https:\/\/prep.ccfs-sorbonne.fr\/wp-content\/uploads\/2023\/11\/logo-ccfs-sorbonne.png\",\"contentUrl\":\"https:\/\/prep.ccfs-sorbonne.fr\/wp-content\/uploads\/2023\/11\/logo-ccfs-sorbonne.png\",\"width\":300,\"height\":120,\"caption\":\"CCFS Sorbonne\"},\"image\":{\"@id\":\"https:\/\/www.ccfs-sorbonne.fr\/#\/schema\/logo\/image\/\"}}]}<\/script>\n<!-- \/ Yoast SEO plugin. -->","yoast_head_json":{"title":"M\u00e9todos de ense\u00f1anza dedicados a la lengua francesa.","description":"CCFS tiene experiencia en la ense\u00f1anza y permite a los estudiantes descubrir la civilizaci\u00f3n y la cultura francesas.","robots":{"index":"index","follow":"follow","max-snippet":"max-snippet:-1","max-image-preview":"max-image-preview:large","max-video-preview":"max-video-preview:-1"},"canonical":"https:\/\/prep.ccfs-sorbonne.fr\/es\/institucion\/experticia-pedagogica\/","og_locale":"es_ES","og_type":"article","og_title":"M\u00e9todos de ense\u00f1anza dedicados a la lengua francesa.","og_description":"CCFS tiene experiencia en la ense\u00f1anza y permite a los estudiantes descubrir la civilizaci\u00f3n y la cultura francesas.","og_url":"https:\/\/prep.ccfs-sorbonne.fr\/es\/institucion\/experticia-pedagogica\/","og_site_name":"CCFS Sorbonne","article_modified_time":"2024-10-02T11:53:37+00:00","og_image":[{"width":1920,"height":1277,"url":"https:\/\/www.ccfs-sorbonne.fr\/wp-content\/uploads\/2024\/03\/Recognity-Cours-de-Civilisation-de-la-Sorbonne-09.02.24-Benoit-Diacre-64.jpg","type":"image\/jpeg"}],"twitter_card":"summary_large_image","twitter_misc":{"Tiempo de lectura":"2 minutos"},"schema":{"@context":"https:\/\/schema.org","@graph":[{"@type":"WebPage","@id":"https:\/\/prep.ccfs-sorbonne.fr\/es\/institucion\/experticia-pedagogica\/","url":"https:\/\/prep.ccfs-sorbonne.fr\/es\/institucion\/experticia-pedagogica\/","name":"M\u00e9todos de ense\u00f1anza dedicados a la lengua francesa.","isPartOf":{"@id":"https:\/\/www.ccfs-sorbonne.fr\/#website"},"primaryImageOfPage":{"@id":"https:\/\/prep.ccfs-sorbonne.fr\/es\/institucion\/experticia-pedagogica\/#primaryimage"},"image":{"@id":"https:\/\/prep.ccfs-sorbonne.fr\/es\/institucion\/experticia-pedagogica\/#primaryimage"},"thumbnailUrl":"https:\/\/prep.ccfs-sorbonne.fr\/wp-content\/uploads\/2024\/03\/Recognity-Cours-de-Civilisation-de-la-Sorbonne-09.02.24-Benoit-Diacre-64.jpg","datePublished":"2023-06-14T12:00:17+00:00","dateModified":"2024-10-02T11:53:37+00:00","description":"CCFS tiene experiencia en la ense\u00f1anza y permite a los estudiantes descubrir la civilizaci\u00f3n y la cultura francesas.","breadcrumb":{"@id":"https:\/\/prep.ccfs-sorbonne.fr\/es\/institucion\/experticia-pedagogica\/#breadcrumb"},"inLanguage":"es","potentialAction":[{"@type":"ReadAction","target":["https:\/\/prep.ccfs-sorbonne.fr\/es\/institucion\/experticia-pedagogica\/"]}]},{"@type":"ImageObject","inLanguage":"es","@id":"https:\/\/prep.ccfs-sorbonne.fr\/es\/institucion\/experticia-pedagogica\/#primaryimage","url":"https:\/\/prep.ccfs-sorbonne.fr\/wp-content\/uploads\/2024\/03\/Recognity-Cours-de-Civilisation-de-la-Sorbonne-09.02.24-Benoit-Diacre-64.jpg","contentUrl":"https:\/\/prep.ccfs-sorbonne.fr\/wp-content\/uploads\/2024\/03\/Recognity-Cours-de-Civilisation-de-la-Sorbonne-09.02.24-Benoit-Diacre-64.jpg","width":1920,"height":1277,"caption":"Expertise p\u00e9dagogique\u200b"},{"@type":"BreadcrumbList","@id":"https:\/\/prep.ccfs-sorbonne.fr\/es\/institucion\/experticia-pedagogica\/#breadcrumb","itemListElement":[{"@type":"ListItem","position":1,"name":"Inicio","item":"https:\/\/www.ccfs-sorbonne.fr\/es\/"},{"@type":"ListItem","position":2,"name":"Instituci\u00f3n","item":"https:\/\/www.ccfs-sorbonne.fr\/es\/institucion\/"},{"@type":"ListItem","position":3,"name":"Experticia pedag\u00f3gica"}]},{"@type":"WebSite","@id":"https:\/\/www.ccfs-sorbonne.fr\/#website","url":"https:\/\/www.ccfs-sorbonne.fr\/","name":"CCFS Sorbonne","description":"","publisher":{"@id":"https:\/\/www.ccfs-sorbonne.fr\/#organization"},"potentialAction":[{"@type":"SearchAction","target":{"@type":"EntryPoint","urlTemplate":"https:\/\/www.ccfs-sorbonne.fr\/?s={search_term_string}"},"query-input":{"@type":"PropertyValueSpecification","valueRequired":true,"valueName":"search_term_string"}}],"inLanguage":"es"},{"@type":"Organization","@id":"https:\/\/www.ccfs-sorbonne.fr\/#organization","name":"CCFS Sorbonne","url":"https:\/\/www.ccfs-sorbonne.fr\/","logo":{"@type":"ImageObject","inLanguage":"es","@id":"https:\/\/www.ccfs-sorbonne.fr\/#\/schema\/logo\/image\/","url":"https:\/\/prep.ccfs-sorbonne.fr\/wp-content\/uploads\/2023\/11\/logo-ccfs-sorbonne.png","contentUrl":"https:\/\/prep.ccfs-sorbonne.fr\/wp-content\/uploads\/2023\/11\/logo-ccfs-sorbonne.png","width":300,"height":120,"caption":"CCFS Sorbonne"},"image":{"@id":"https:\/\/www.ccfs-sorbonne.fr\/#\/schema\/logo\/image\/"}}]}},"_links":{"self":[{"href":"https:\/\/prep.ccfs-sorbonne.fr\/es\/wp-json\/wp\/v2\/pages\/92760","targetHints":{"allow":["GET"]}}],"collection":[{"href":"https:\/\/prep.ccfs-sorbonne.fr\/es\/wp-json\/wp\/v2\/pages"}],"about":[{"href":"https:\/\/prep.ccfs-sorbonne.fr\/es\/wp-json\/wp\/v2\/types\/page"}],"author":[{"embeddable":true,"href":"https:\/\/prep.ccfs-sorbonne.fr\/es\/wp-json\/wp\/v2\/users\/8"}],"replies":[{"embeddable":true,"href":"https:\/\/prep.ccfs-sorbonne.fr\/es\/wp-json\/wp\/v2\/comments?post=92760"}],"version-history":[{"count":5,"href":"https:\/\/prep.ccfs-sorbonne.fr\/es\/wp-json\/wp\/v2\/pages\/92760\/revisions"}],"predecessor-version":[{"id":99113,"href":"https:\/\/prep.ccfs-sorbonne.fr\/es\/wp-json\/wp\/v2\/pages\/92760\/revisions\/99113"}],"up":[{"embeddable":true,"href":"https:\/\/prep.ccfs-sorbonne.fr\/es\/wp-json\/wp\/v2\/pages\/92752"}],"wp:featuredmedia":[{"embeddable":true,"href":"https:\/\/prep.ccfs-sorbonne.fr\/es\/wp-json\/wp\/v2\/media\/94789"}],"wp:attachment":[{"href":"https:\/\/prep.ccfs-sorbonne.fr\/es\/wp-json\/wp\/v2\/media?parent=92760"}],"curies":[{"name":"wp","href":"https:\/\/api.w.org\/{rel}","templated":true}]}}