{"id":92756,"date":"2023-06-14T13:59:27","date_gmt":"2023-06-14T11:59:27","guid":{"rendered":"https:\/\/prep.ccfs-sorbonne.fr\/institucion\/histoire-humanisme\/"},"modified":"2024-10-02T13:52:31","modified_gmt":"2024-10-02T11:52:31","slug":"historia-humanismo","status":"publish","type":"page","link":"https:\/\/prep.ccfs-sorbonne.fr\/es\/institucion\/historia-humanismo\/","title":{"rendered":"Historia &#038; humanismo"},"content":{"rendered":"\t\t<div data-elementor-type=\"wp-page\" data-elementor-id=\"92756\" class=\"elementor elementor-92756 elementor-535\" data-elementor-post-type=\"page\">\n\t\t\t\t\t\t<section class=\"elementor-section elementor-top-section elementor-element elementor-element-3ee075f elementor-section-stretched elementor-section-boxed elementor-section-height-default elementor-section-height-default\" data-id=\"3ee075f\" data-element_type=\"section\" data-settings=\"{&quot;stretch_section&quot;:&quot;section-stretched&quot;,&quot;background_background&quot;:&quot;classic&quot;}\">\n\t\t\t\t\t\t\t<div class=\"elementor-background-overlay\"><\/div>\n\t\t\t\t\t\t\t<div class=\"elementor-container elementor-column-gap-default\">\n\t\t\t\t\t<div class=\"elementor-column elementor-col-100 elementor-top-column elementor-element elementor-element-ea3adb9\" data-id=\"ea3adb9\" data-element_type=\"column\">\n\t\t\t<div class=\"elementor-widget-wrap elementor-element-populated\">\n\t\t\t\t\t\t<section class=\"elementor-section elementor-inner-section elementor-element elementor-element-a59448e elementor-section-boxed elementor-section-height-default elementor-section-height-default\" data-id=\"a59448e\" data-element_type=\"section\">\n\t\t\t\t\t\t<div class=\"elementor-container elementor-column-gap-default\">\n\t\t\t\t\t<div class=\"elementor-column elementor-col-50 elementor-inner-column elementor-element elementor-element-127976b\" data-id=\"127976b\" data-element_type=\"column\">\n\t\t\t<div class=\"elementor-widget-wrap elementor-element-populated\">\n\t\t\t\t\t\t<div class=\"elementor-element elementor-element-1f3d2f5 elementor-widget elementor-widget-heading\" data-id=\"1f3d2f5\" data-element_type=\"widget\" data-widget_type=\"heading.default\">\n\t\t\t\t<div class=\"elementor-widget-container\">\n\t\t\t\t\t<h1 class=\"elementor-heading-title elementor-size-default\">Historia &amp; humanismo<br><\/h1>\t\t\t\t<\/div>\n\t\t\t\t<\/div>\n\t\t\t\t\t<\/div>\n\t\t<\/div>\n\t\t\t\t<div class=\"elementor-column elementor-col-50 elementor-inner-column elementor-element elementor-element-c518219 elementor-hidden-mobile elementor-hidden-tablet\" data-id=\"c518219\" data-element_type=\"column\">\n\t\t\t<div class=\"elementor-widget-wrap elementor-element-populated\">\n\t\t\t\t\t\t<div class=\"elementor-element elementor-element-7d5feb4 elementor-widget elementor-widget-image\" data-id=\"7d5feb4\" data-element_type=\"widget\" data-widget_type=\"image.default\">\n\t\t\t\t<div class=\"elementor-widget-container\">\n\t\t\t\t\t\t\t\t\t\t\t\t\t\t\t<img fetchpriority=\"high\" decoding=\"async\" width=\"300\" height=\"400\" src=\"https:\/\/prep.ccfs-sorbonne.fr\/wp-content\/uploads\/2024\/07\/etudiant-13-ccfs-1.png\" class=\"attachment-full size-full wp-image-97538\" alt=\"\" srcset=\"https:\/\/prep.ccfs-sorbonne.fr\/wp-content\/uploads\/2024\/07\/etudiant-13-ccfs-1.png 300w, https:\/\/prep.ccfs-sorbonne.fr\/wp-content\/uploads\/2024\/07\/etudiant-13-ccfs-1-225x300.png 225w\" sizes=\"(max-width: 300px) 100vw, 300px\" \/>\t\t\t\t\t\t\t\t\t\t\t\t\t\t\t<\/div>\n\t\t\t\t<\/div>\n\t\t\t\t\t<\/div>\n\t\t<\/div>\n\t\t\t\t\t<\/div>\n\t\t<\/section>\n\t\t\t\t\t<\/div>\n\t\t<\/div>\n\t\t\t\t\t<\/div>\n\t\t<\/section>\n\t\t\t\t<section class=\"elementor-section elementor-top-section elementor-element elementor-element-4ea16cb8 elementor-section-stretched elementor-section-boxed elementor-section-height-default elementor-section-height-default\" data-id=\"4ea16cb8\" data-element_type=\"section\" data-settings=\"{&quot;stretch_section&quot;:&quot;section-stretched&quot;}\">\n\t\t\t\t\t\t<div class=\"elementor-container elementor-column-gap-default\">\n\t\t\t\t\t<div class=\"elementor-column elementor-col-100 elementor-top-column elementor-element elementor-element-1862a6c7\" data-id=\"1862a6c7\" data-element_type=\"column\">\n\t\t\t<div class=\"elementor-widget-wrap elementor-element-populated\">\n\t\t\t\t\t\t<div class=\"elementor-element elementor-element-c8145ff elementor-widget elementor-widget-global elementor-global-82281 elementor-widget-breadcrumbs\" data-id=\"c8145ff\" data-element_type=\"widget\" data-widget_type=\"breadcrumbs.default\">\n\t\t\t\t<div class=\"elementor-widget-container\">\n\t\t\t\t\t<p id=\"breadcrumbs\"><span><span><a href=\"https:\/\/www.ccfs-sorbonne.fr\/es\/\">Inicio<\/a><\/span><\/span><\/p>\t\t\t\t<\/div>\n\t\t\t\t<\/div>\n\t\t\t\t<div class=\"elementor-element elementor-element-30cc80b4 elementor-widget elementor-widget-text-editor\" data-id=\"30cc80b4\" data-element_type=\"widget\" data-widget_type=\"text-editor.default\">\n\t\t\t\t<div class=\"elementor-widget-container\">\n\t\t\t\t\t\t\t\t\t<h2>Una instituci\u00f3n hist\u00f3rica, un siglo al servicio de la lengua francesa y de su difusi\u00f3n<\/h2><p><a href=\"https:\/\/prep.ccfs-sorbonne.fr\/es\/institucion\/\">Los Cours de civilisation fran\u00e7aise de la Sorbonne<\/a> fue fundado en 1919 con la misi\u00f3n de contribuir a la paz entre los pueblos apoyando los intercambios de estudiantes. Actuando entonces en el marco de la Soci\u00e9t\u00e9 des Amis de l&#8217;Universit\u00e9 de Paris (fundada en 1899), los CCFS contribuy\u00f3 junto a ella a asegurar la influencia de la ense\u00f1anza superior francesa.<\/p><p>A partir de 2009, los Cours de Civilisation fran\u00e7aise de la Sorbonne pasaron a estar bajo la direcci\u00f3n de la Fondation Robert de Sorbon, reconocida de utilidad p\u00fablica. Una nueva reorganizaci\u00f3n jur\u00eddica en 2021 dio lugar finalmente a la filial Sorbon Langue Fran\u00e7aise, constituyendo ahora los Cours de Civilisation Fran\u00e7aise de la Sorbonne una SAS, una \u00abSoci\u00e9t\u00e9 \u00e0 mission\u00bb.<\/p><h2>Historia del CCFS: una instituci\u00f3n humanista<\/h2><p>Los Cours de civilisation fran\u00e7aise de la Sorbonne fue fundado en 1919, el mismo a\u00f1o en que se cre\u00f3 la CIUP (Cit\u00e9 Internationale Universitaire de Paris). Al igual que la CIUP, el CCFS pretend\u00eda contribuir al restablecimiento de la fraternidad entre los pueblos apoyando los intercambios internacionales de estudiantes. La Soci\u00e9t\u00e9 des Amis de l&#8217;Universit\u00e9 de Paris, bajo cuyo paraguas se fund\u00f3 los CCFS, se ha distinguido a lo largo de los a\u00f1os por sus prestigiosos representantes: los Presidentes de la Rep\u00fablica Jean-Casimir Perier y Raymond Poincar\u00e9, y el Premio Nobel de la Paz Ren\u00e9 Cassin, por citar s\u00f3lo a los m\u00e1s c\u00e9lebres.<\/p><h2>Situaci\u00f3n actual de la instituci\u00f3n<\/h2><p>La instituci\u00f3n emplea actualmente a unas 60 personas, entre las que se cuentan unos cuarenta profesores permanentes y varios profesores a tiempo parcial. Los profesores deben tener al menos un m\u00e1ster, aunque algunos han obtenido el doctorado.<\/p><p>La instituci\u00f3n tambi\u00e9n destaca por los procedimientos de certificaci\u00f3n que confirman la calidad de los cursos ofrecidos por los CCFS: desde su primera solicitud, ha obtenido todas las estrellas en los distintos ep\u00edgrafes de la etiqueta \u00abQualit\u00e9 FLE\u00bb &#8211; Fran\u00e7ais Langue Etrang\u00e8re &#8211; otorgada por France Education International. Los CCFS tambi\u00e9n ha obtenido la etiqueta \u00abQualiopi\u00bb para la formaci\u00f3n continua. Por \u00faltimo, la instituci\u00f3n es miembro de la ADCUEFE, que agrupa a las universidades francesas que ense\u00f1an franc\u00e9s como lengua extranjera.<\/p>\t\t\t\t\t\t\t\t<\/div>\n\t\t\t\t<\/div>\n\t\t\t\t\t<\/div>\n\t\t<\/div>\n\t\t\t\t\t<\/div>\n\t\t<\/section>\n\t\t<div class=\"elementor-element elementor-element-9e859c2 e-flex e-con-boxed e-con e-parent\" data-id=\"9e859c2\" data-element_type=\"container\">\n\t\t\t\t\t<div class=\"e-con-inner\">\n\t\t\t\t<div class=\"elementor-element elementor-element-0fa5457 elementor-widget-divider--view-line elementor-widget elementor-widget-divider\" data-id=\"0fa5457\" data-element_type=\"widget\" data-widget_type=\"divider.default\">\n\t\t\t\t<div class=\"elementor-widget-container\">\n\t\t\t\t\t\t\t<div class=\"elementor-divider\">\n\t\t\t<span class=\"elementor-divider-separator\">\n\t\t\t\t\t\t<\/span>\n\t\t<\/div>\n\t\t\t\t\t\t<\/div>\n\t\t\t\t<\/div>\n\t\t\t\t<div class=\"elementor-element elementor-element-d27dcb5 elementor-widget elementor-widget-shortcode\" data-id=\"d27dcb5\" data-element_type=\"widget\" data-widget_type=\"shortcode.default\">\n\t\t\t\t<div class=\"elementor-widget-container\">\n\t\t\t\t\t\t\t<div class=\"elementor-shortcode\"><ul class='listing-page-soeur'><li class='bloc-page-soeur'><a class='image-soeur' style='background:url(https:\/\/prep.ccfs-sorbonne.fr\/wp-content\/uploads\/2025\/06\/CCFS-10.06.25-Benoit-Diacre-61-scaled.jpg)' href='https:\/\/prep.ccfs-sorbonne.fr\/es\/institucion\/cours-de-civilisation-francaise-de-la-sorbonne\/' title='Cours de civilisation fran&ccedil;aise de la Sorbonne'><\/a><div class='detail-soeur'><div class='nom-page-soeur'><h2><a href='https:\/\/prep.ccfs-sorbonne.fr\/es\/institucion\/cours-de-civilisation-francaise-de-la-sorbonne\/' title='Cours de civilisation fran&ccedil;aise de la Sorbonne'>Cours de civilisation fran\u00e7aise de la Sorbonne<\/a><\/h2><\/div><\/div><\/li><li class='bloc-page-soeur'><a class='image-soeur' style='background:url(https:\/\/prep.ccfs-sorbonne.fr\/wp-content\/uploads\/2023\/11\/Sans-titre-82-min.jpg)' href='https:\/\/prep.ccfs-sorbonne.fr\/es\/institucion\/socios-academicos\/' title='Socios acad&eacute;micos'><\/a><div class='detail-soeur'><div class='nom-page-soeur'><h2><a href='https:\/\/prep.ccfs-sorbonne.fr\/es\/institucion\/socios-academicos\/' title='Socios acad&eacute;micos'>Socios acad\u00e9micos<\/a><\/h2><\/div><\/div><\/li><li class='bloc-page-soeur'><a class='image-soeur' style='background:url(https:\/\/prep.ccfs-sorbonne.fr\/wp-content\/uploads\/2024\/03\/Recognity-Cours-de-Civilisation-de-la-Sorbonne-09.02.24-Benoit-Diacre-64.jpg)' href='https:\/\/prep.ccfs-sorbonne.fr\/es\/institucion\/experticia-pedagogica\/' title='Experticia pedag&oacute;gica'><\/a><div class='detail-soeur'><div class='nom-page-soeur'><h2><a href='https:\/\/prep.ccfs-sorbonne.fr\/es\/institucion\/experticia-pedagogica\/' title='Experticia pedag&oacute;gica'>Experticia pedag\u00f3gica<\/a><\/h2><\/div><\/div><\/li><li class='bloc-page-soeur'><a class='image-soeur' style='background:url(https:\/\/prep.ccfs-sorbonne.fr\/wp-content\/uploads\/2023\/10\/Photo-Facade-FRDS.jpg)' href='https:\/\/prep.ccfs-sorbonne.fr\/es\/institucion\/fundacion-robert-de-sorbon\/' title='Fundaci&oacute;n Robert de Sorbon'><\/a><div class='detail-soeur'><div class='nom-page-soeur'><h2><a href='https:\/\/prep.ccfs-sorbonne.fr\/es\/institucion\/fundacion-robert-de-sorbon\/' title='Fundaci&oacute;n Robert de Sorbon'>Fundaci\u00f3n Robert de Sorbon<\/a><\/h2><\/div><\/div><\/li><\/ul><\/div>\n\t\t\t\t\t\t<\/div>\n\t\t\t\t<\/div>\n\t\t\t\t\t<\/div>\n\t\t\t\t<\/div>\n\t\t\t\t<\/div>\n\t\t","protected":false},"excerpt":{"rendered":"<p>Historia &amp; humanismo Una instituci\u00f3n hist\u00f3rica, un siglo al servicio de la lengua francesa y de su difusi\u00f3n Los Cours de civilisation fran\u00e7aise de la Sorbonne fue fundado en 1919 [&hellip;]<\/p>\n","protected":false},"author":8,"featured_media":90048,"parent":92752,"menu_order":2,"comment_status":"closed","ping_status":"closed","template":"","meta":{"_acf_changed":false,"footnotes":""},"class_list":["post-92756","page","type-page","status-publish","has-post-thumbnail","hentry"],"acf":[],"yoast_head":"<!-- This site is optimized with the Yoast SEO plugin v24.8.1 - https:\/\/yoast.com\/wordpress\/plugins\/seo\/ -->\n<title>CCFS: lengua, cultura y humanismo franceses<\/title>\n<meta name=\"description\" content=\"La historia centenaria del CCFS ilustra la vocaci\u00f3n humanista de esta instituci\u00f3n que promueve la ense\u00f1anza de la lengua francesa.\" \/>\n<meta name=\"robots\" content=\"index, follow, max-snippet:-1, max-image-preview:large, max-video-preview:-1\" \/>\n<link rel=\"canonical\" href=\"https:\/\/prep.ccfs-sorbonne.fr\/es\/institucion\/historia-humanismo\/\" \/>\n<meta property=\"og:locale\" content=\"es_ES\" \/>\n<meta property=\"og:type\" content=\"article\" \/>\n<meta property=\"og:title\" content=\"CCFS: lengua, cultura y humanismo franceses\" \/>\n<meta property=\"og:description\" content=\"La historia centenaria del CCFS ilustra la vocaci\u00f3n humanista de esta instituci\u00f3n que promueve la ense\u00f1anza de la lengua francesa.\" \/>\n<meta property=\"og:url\" content=\"https:\/\/prep.ccfs-sorbonne.fr\/es\/institucion\/historia-humanismo\/\" \/>\n<meta property=\"og:site_name\" content=\"CCFS Sorbonne\" \/>\n<meta property=\"article:modified_time\" content=\"2024-10-02T11:52:31+00:00\" \/>\n<meta property=\"og:image\" content=\"https:\/\/www.ccfs-sorbonne.fr\/wp-content\/uploads\/2023\/11\/RdS-8_OKHD.jpg\" \/>\n\t<meta property=\"og:image:width\" content=\"1920\" \/>\n\t<meta property=\"og:image:height\" content=\"1280\" \/>\n\t<meta property=\"og:image:type\" content=\"image\/jpeg\" \/>\n<meta name=\"twitter:card\" content=\"summary_large_image\" \/>\n<meta name=\"twitter:label1\" content=\"Tiempo de lectura\" \/>\n\t<meta name=\"twitter:data1\" content=\"2 minutos\" \/>\n<script type=\"application\/ld+json\" class=\"yoast-schema-graph\">{\"@context\":\"https:\/\/schema.org\",\"@graph\":[{\"@type\":\"WebPage\",\"@id\":\"https:\/\/prep.ccfs-sorbonne.fr\/es\/institucion\/historia-humanismo\/\",\"url\":\"https:\/\/prep.ccfs-sorbonne.fr\/es\/institucion\/historia-humanismo\/\",\"name\":\"CCFS: lengua, cultura y humanismo franceses\",\"isPartOf\":{\"@id\":\"https:\/\/www.ccfs-sorbonne.fr\/#website\"},\"primaryImageOfPage\":{\"@id\":\"https:\/\/prep.ccfs-sorbonne.fr\/es\/institucion\/historia-humanismo\/#primaryimage\"},\"image\":{\"@id\":\"https:\/\/prep.ccfs-sorbonne.fr\/es\/institucion\/historia-humanismo\/#primaryimage\"},\"thumbnailUrl\":\"https:\/\/prep.ccfs-sorbonne.fr\/wp-content\/uploads\/2023\/11\/RdS-8_OKHD.jpg\",\"datePublished\":\"2023-06-14T11:59:27+00:00\",\"dateModified\":\"2024-10-02T11:52:31+00:00\",\"description\":\"La historia centenaria del CCFS ilustra la vocaci\u00f3n humanista de esta instituci\u00f3n que promueve la ense\u00f1anza de la lengua francesa.\",\"breadcrumb\":{\"@id\":\"https:\/\/prep.ccfs-sorbonne.fr\/es\/institucion\/historia-humanismo\/#breadcrumb\"},\"inLanguage\":\"es\",\"potentialAction\":[{\"@type\":\"ReadAction\",\"target\":[\"https:\/\/prep.ccfs-sorbonne.fr\/es\/institucion\/historia-humanismo\/\"]}]},{\"@type\":\"ImageObject\",\"inLanguage\":\"es\",\"@id\":\"https:\/\/prep.ccfs-sorbonne.fr\/es\/institucion\/historia-humanismo\/#primaryimage\",\"url\":\"https:\/\/prep.ccfs-sorbonne.fr\/wp-content\/uploads\/2023\/11\/RdS-8_OKHD.jpg\",\"contentUrl\":\"https:\/\/prep.ccfs-sorbonne.fr\/wp-content\/uploads\/2023\/11\/RdS-8_OKHD.jpg\",\"width\":1920,\"height\":1280,\"caption\":\"CCFS, l'institution\"},{\"@type\":\"BreadcrumbList\",\"@id\":\"https:\/\/prep.ccfs-sorbonne.fr\/es\/institucion\/historia-humanismo\/#breadcrumb\",\"itemListElement\":[{\"@type\":\"ListItem\",\"position\":1,\"name\":\"Inicio\",\"item\":\"https:\/\/www.ccfs-sorbonne.fr\/es\/\"},{\"@type\":\"ListItem\",\"position\":2,\"name\":\"Instituci\u00f3n\",\"item\":\"https:\/\/www.ccfs-sorbonne.fr\/es\/institucion\/\"},{\"@type\":\"ListItem\",\"position\":3,\"name\":\"Historia &#038; humanismo\"}]},{\"@type\":\"WebSite\",\"@id\":\"https:\/\/www.ccfs-sorbonne.fr\/#website\",\"url\":\"https:\/\/www.ccfs-sorbonne.fr\/\",\"name\":\"CCFS Sorbonne\",\"description\":\"\",\"publisher\":{\"@id\":\"https:\/\/www.ccfs-sorbonne.fr\/#organization\"},\"potentialAction\":[{\"@type\":\"SearchAction\",\"target\":{\"@type\":\"EntryPoint\",\"urlTemplate\":\"https:\/\/www.ccfs-sorbonne.fr\/?s={search_term_string}\"},\"query-input\":{\"@type\":\"PropertyValueSpecification\",\"valueRequired\":true,\"valueName\":\"search_term_string\"}}],\"inLanguage\":\"es\"},{\"@type\":\"Organization\",\"@id\":\"https:\/\/www.ccfs-sorbonne.fr\/#organization\",\"name\":\"CCFS Sorbonne\",\"url\":\"https:\/\/www.ccfs-sorbonne.fr\/\",\"logo\":{\"@type\":\"ImageObject\",\"inLanguage\":\"es\",\"@id\":\"https:\/\/www.ccfs-sorbonne.fr\/#\/schema\/logo\/image\/\",\"url\":\"https:\/\/prep.ccfs-sorbonne.fr\/wp-content\/uploads\/2023\/11\/logo-ccfs-sorbonne.png\",\"contentUrl\":\"https:\/\/prep.ccfs-sorbonne.fr\/wp-content\/uploads\/2023\/11\/logo-ccfs-sorbonne.png\",\"width\":300,\"height\":120,\"caption\":\"CCFS Sorbonne\"},\"image\":{\"@id\":\"https:\/\/www.ccfs-sorbonne.fr\/#\/schema\/logo\/image\/\"}}]}<\/script>\n<!-- \/ Yoast SEO plugin. -->","yoast_head_json":{"title":"CCFS: lengua, cultura y humanismo franceses","description":"La historia centenaria del CCFS ilustra la vocaci\u00f3n humanista de esta instituci\u00f3n que promueve la ense\u00f1anza de la lengua francesa.","robots":{"index":"index","follow":"follow","max-snippet":"max-snippet:-1","max-image-preview":"max-image-preview:large","max-video-preview":"max-video-preview:-1"},"canonical":"https:\/\/prep.ccfs-sorbonne.fr\/es\/institucion\/historia-humanismo\/","og_locale":"es_ES","og_type":"article","og_title":"CCFS: lengua, cultura y humanismo franceses","og_description":"La historia centenaria del CCFS ilustra la vocaci\u00f3n humanista de esta instituci\u00f3n que promueve la ense\u00f1anza de la lengua francesa.","og_url":"https:\/\/prep.ccfs-sorbonne.fr\/es\/institucion\/historia-humanismo\/","og_site_name":"CCFS Sorbonne","article_modified_time":"2024-10-02T11:52:31+00:00","og_image":[{"width":1920,"height":1280,"url":"https:\/\/www.ccfs-sorbonne.fr\/wp-content\/uploads\/2023\/11\/RdS-8_OKHD.jpg","type":"image\/jpeg"}],"twitter_card":"summary_large_image","twitter_misc":{"Tiempo de lectura":"2 minutos"},"schema":{"@context":"https:\/\/schema.org","@graph":[{"@type":"WebPage","@id":"https:\/\/prep.ccfs-sorbonne.fr\/es\/institucion\/historia-humanismo\/","url":"https:\/\/prep.ccfs-sorbonne.fr\/es\/institucion\/historia-humanismo\/","name":"CCFS: lengua, cultura y humanismo franceses","isPartOf":{"@id":"https:\/\/www.ccfs-sorbonne.fr\/#website"},"primaryImageOfPage":{"@id":"https:\/\/prep.ccfs-sorbonne.fr\/es\/institucion\/historia-humanismo\/#primaryimage"},"image":{"@id":"https:\/\/prep.ccfs-sorbonne.fr\/es\/institucion\/historia-humanismo\/#primaryimage"},"thumbnailUrl":"https:\/\/prep.ccfs-sorbonne.fr\/wp-content\/uploads\/2023\/11\/RdS-8_OKHD.jpg","datePublished":"2023-06-14T11:59:27+00:00","dateModified":"2024-10-02T11:52:31+00:00","description":"La historia centenaria del CCFS ilustra la vocaci\u00f3n humanista de esta instituci\u00f3n que promueve la ense\u00f1anza de la lengua francesa.","breadcrumb":{"@id":"https:\/\/prep.ccfs-sorbonne.fr\/es\/institucion\/historia-humanismo\/#breadcrumb"},"inLanguage":"es","potentialAction":[{"@type":"ReadAction","target":["https:\/\/prep.ccfs-sorbonne.fr\/es\/institucion\/historia-humanismo\/"]}]},{"@type":"ImageObject","inLanguage":"es","@id":"https:\/\/prep.ccfs-sorbonne.fr\/es\/institucion\/historia-humanismo\/#primaryimage","url":"https:\/\/prep.ccfs-sorbonne.fr\/wp-content\/uploads\/2023\/11\/RdS-8_OKHD.jpg","contentUrl":"https:\/\/prep.ccfs-sorbonne.fr\/wp-content\/uploads\/2023\/11\/RdS-8_OKHD.jpg","width":1920,"height":1280,"caption":"CCFS, l'institution"},{"@type":"BreadcrumbList","@id":"https:\/\/prep.ccfs-sorbonne.fr\/es\/institucion\/historia-humanismo\/#breadcrumb","itemListElement":[{"@type":"ListItem","position":1,"name":"Inicio","item":"https:\/\/www.ccfs-sorbonne.fr\/es\/"},{"@type":"ListItem","position":2,"name":"Instituci\u00f3n","item":"https:\/\/www.ccfs-sorbonne.fr\/es\/institucion\/"},{"@type":"ListItem","position":3,"name":"Historia &#038; humanismo"}]},{"@type":"WebSite","@id":"https:\/\/www.ccfs-sorbonne.fr\/#website","url":"https:\/\/www.ccfs-sorbonne.fr\/","name":"CCFS Sorbonne","description":"","publisher":{"@id":"https:\/\/www.ccfs-sorbonne.fr\/#organization"},"potentialAction":[{"@type":"SearchAction","target":{"@type":"EntryPoint","urlTemplate":"https:\/\/www.ccfs-sorbonne.fr\/?s={search_term_string}"},"query-input":{"@type":"PropertyValueSpecification","valueRequired":true,"valueName":"search_term_string"}}],"inLanguage":"es"},{"@type":"Organization","@id":"https:\/\/www.ccfs-sorbonne.fr\/#organization","name":"CCFS Sorbonne","url":"https:\/\/www.ccfs-sorbonne.fr\/","logo":{"@type":"ImageObject","inLanguage":"es","@id":"https:\/\/www.ccfs-sorbonne.fr\/#\/schema\/logo\/image\/","url":"https:\/\/prep.ccfs-sorbonne.fr\/wp-content\/uploads\/2023\/11\/logo-ccfs-sorbonne.png","contentUrl":"https:\/\/prep.ccfs-sorbonne.fr\/wp-content\/uploads\/2023\/11\/logo-ccfs-sorbonne.png","width":300,"height":120,"caption":"CCFS Sorbonne"},"image":{"@id":"https:\/\/www.ccfs-sorbonne.fr\/#\/schema\/logo\/image\/"}}]}},"_links":{"self":[{"href":"https:\/\/prep.ccfs-sorbonne.fr\/es\/wp-json\/wp\/v2\/pages\/92756","targetHints":{"allow":["GET"]}}],"collection":[{"href":"https:\/\/prep.ccfs-sorbonne.fr\/es\/wp-json\/wp\/v2\/pages"}],"about":[{"href":"https:\/\/prep.ccfs-sorbonne.fr\/es\/wp-json\/wp\/v2\/types\/page"}],"author":[{"embeddable":true,"href":"https:\/\/prep.ccfs-sorbonne.fr\/es\/wp-json\/wp\/v2\/users\/8"}],"replies":[{"embeddable":true,"href":"https:\/\/prep.ccfs-sorbonne.fr\/es\/wp-json\/wp\/v2\/comments?post=92756"}],"version-history":[{"count":5,"href":"https:\/\/prep.ccfs-sorbonne.fr\/es\/wp-json\/wp\/v2\/pages\/92756\/revisions"}],"predecessor-version":[{"id":99107,"href":"https:\/\/prep.ccfs-sorbonne.fr\/es\/wp-json\/wp\/v2\/pages\/92756\/revisions\/99107"}],"up":[{"embeddable":true,"href":"https:\/\/prep.ccfs-sorbonne.fr\/es\/wp-json\/wp\/v2\/pages\/92752"}],"wp:featuredmedia":[{"embeddable":true,"href":"https:\/\/prep.ccfs-sorbonne.fr\/es\/wp-json\/wp\/v2\/media\/90048"}],"wp:attachment":[{"href":"https:\/\/prep.ccfs-sorbonne.fr\/es\/wp-json\/wp\/v2\/media?parent=92756"}],"curies":[{"name":"wp","href":"https:\/\/api.w.org\/{rel}","templated":true}]}}