{"id":92755,"date":"2023-06-14T13:59:10","date_gmt":"2023-06-14T11:59:10","guid":{"rendered":"https:\/\/prep.ccfs-sorbonne.fr\/institucion\/cours-de-civilisation-francaise-de-la-sorbonne\/"},"modified":"2024-11-28T14:49:32","modified_gmt":"2024-11-28T13:49:32","slug":"cours-de-civilisation-francaise-de-la-sorbonne","status":"publish","type":"page","link":"https:\/\/prep.ccfs-sorbonne.fr\/es\/institucion\/cours-de-civilisation-francaise-de-la-sorbonne\/","title":{"rendered":"Cours de civilisation fran\u00e7aise de la Sorbonne"},"content":{"rendered":"\t\t<div data-elementor-type=\"wp-page\" data-elementor-id=\"92755\" class=\"elementor elementor-92755 elementor-533\" data-elementor-post-type=\"page\">\n\t\t\t\t\t\t<section class=\"elementor-section elementor-top-section elementor-element elementor-element-fe0fad3 elementor-section-stretched elementor-section-boxed elementor-section-height-default elementor-section-height-default\" data-id=\"fe0fad3\" data-element_type=\"section\" data-settings=\"{&quot;stretch_section&quot;:&quot;section-stretched&quot;,&quot;background_background&quot;:&quot;classic&quot;}\">\n\t\t\t\t\t\t\t<div class=\"elementor-background-overlay\"><\/div>\n\t\t\t\t\t\t\t<div class=\"elementor-container elementor-column-gap-default\">\n\t\t\t\t\t<div class=\"elementor-column elementor-col-100 elementor-top-column elementor-element elementor-element-c6dd9f4\" data-id=\"c6dd9f4\" data-element_type=\"column\">\n\t\t\t<div class=\"elementor-widget-wrap elementor-element-populated\">\n\t\t\t\t\t\t<section class=\"elementor-section elementor-inner-section elementor-element elementor-element-9d81914 elementor-section-boxed elementor-section-height-default elementor-section-height-default\" data-id=\"9d81914\" data-element_type=\"section\">\n\t\t\t\t\t\t<div class=\"elementor-container elementor-column-gap-default\">\n\t\t\t\t\t<div class=\"elementor-column elementor-col-50 elementor-inner-column elementor-element elementor-element-3b3b5ac\" data-id=\"3b3b5ac\" data-element_type=\"column\">\n\t\t\t<div class=\"elementor-widget-wrap elementor-element-populated\">\n\t\t\t\t\t\t<div class=\"elementor-element elementor-element-4e7383d elementor-widget elementor-widget-heading\" data-id=\"4e7383d\" data-element_type=\"widget\" data-widget_type=\"heading.default\">\n\t\t\t\t<div class=\"elementor-widget-container\">\n\t\t\t\t\t<h1 class=\"elementor-heading-title elementor-size-default\">Curso de civilizaci\u00f3n francesa de la Sorbona<\/h1>\t\t\t\t<\/div>\n\t\t\t\t<\/div>\n\t\t\t\t\t<\/div>\n\t\t<\/div>\n\t\t\t\t<div class=\"elementor-column elementor-col-50 elementor-inner-column elementor-element elementor-element-6c40583 elementor-hidden-mobile elementor-hidden-tablet\" data-id=\"6c40583\" data-element_type=\"column\">\n\t\t\t<div class=\"elementor-widget-wrap elementor-element-populated\">\n\t\t\t\t\t\t<div class=\"elementor-element elementor-element-b101d92 elementor-widget elementor-widget-image\" data-id=\"b101d92\" data-element_type=\"widget\" data-widget_type=\"image.default\">\n\t\t\t\t<div class=\"elementor-widget-container\">\n\t\t\t\t\t\t\t\t\t\t\t\t\t\t\t<img fetchpriority=\"high\" decoding=\"async\" width=\"300\" height=\"400\" src=\"https:\/\/prep.ccfs-sorbonne.fr\/wp-content\/uploads\/2024\/07\/2-1.png\" class=\"attachment-full size-full wp-image-97510\" alt=\"\" srcset=\"https:\/\/prep.ccfs-sorbonne.fr\/wp-content\/uploads\/2024\/07\/2-1.png 300w, https:\/\/prep.ccfs-sorbonne.fr\/wp-content\/uploads\/2024\/07\/2-1-225x300.png 225w\" sizes=\"(max-width: 300px) 100vw, 300px\" \/>\t\t\t\t\t\t\t\t\t\t\t\t\t\t\t<\/div>\n\t\t\t\t<\/div>\n\t\t\t\t\t<\/div>\n\t\t<\/div>\n\t\t\t\t\t<\/div>\n\t\t<\/section>\n\t\t\t\t\t<\/div>\n\t\t<\/div>\n\t\t\t\t\t<\/div>\n\t\t<\/section>\n\t\t\t\t<section class=\"elementor-section elementor-top-section elementor-element elementor-element-14e37033 elementor-section-stretched elementor-section-boxed elementor-section-height-default elementor-section-height-default\" data-id=\"14e37033\" data-element_type=\"section\" data-settings=\"{&quot;stretch_section&quot;:&quot;section-stretched&quot;}\">\n\t\t\t\t\t\t<div class=\"elementor-container elementor-column-gap-default\">\n\t\t\t\t\t<div class=\"elementor-column elementor-col-100 elementor-top-column elementor-element elementor-element-7ddda0a9\" data-id=\"7ddda0a9\" data-element_type=\"column\">\n\t\t\t<div class=\"elementor-widget-wrap elementor-element-populated\">\n\t\t\t\t\t\t<div class=\"elementor-element elementor-element-4269f21 elementor-widget elementor-widget-global elementor-global-82281 elementor-widget-breadcrumbs\" data-id=\"4269f21\" data-element_type=\"widget\" data-widget_type=\"breadcrumbs.default\">\n\t\t\t\t<div class=\"elementor-widget-container\">\n\t\t\t\t\t<p id=\"breadcrumbs\"><span><span><a href=\"https:\/\/www.ccfs-sorbonne.fr\/es\/\">Inicio<\/a><\/span><\/span><\/p>\t\t\t\t<\/div>\n\t\t\t\t<\/div>\n\t\t\t\t<div class=\"elementor-element elementor-element-7ab11837 elementor-widget elementor-widget-text-editor\" data-id=\"7ab11837\" data-element_type=\"widget\" data-widget_type=\"text-editor.default\">\n\t\t\t\t<div class=\"elementor-widget-container\">\n\t\t\t\t\t\t\t\t\t<h2>Estudiar el idioma y la cultura francesa en un entorno excepcional y una instituci\u00f3n prestigiosa<\/h2><p><a href=\"https:\/\/prep.ccfs-sorbonne.fr\/es\/institucion\/\" target=\"_blank\" rel=\"noopener\">Los Cours de civilisation fran\u00e7aise de la Sorbonne (CCFS)<\/a>\u00a0acogen a estudiantes de todo el mundo para aprender el idioma y la civilizaci\u00f3n francesa. Con un legado universitario fuerte, ofrecen una ense\u00f1anza innovadora y adaptada a los desaf\u00edos contempor\u00e1neos tanto en el plano ling\u00fc\u00edstico como cultural.<\/p><p class=\"p1\">Los CCFS est\u00e1n situados en el coraz\u00f3n de Par\u00eds, en el distrito 17, una ubicaci\u00f3n privilegiada que fomenta el aprendizaje inmersivo para los estudiantes internacionales.<\/p><p class=\"p1\">Los CCFS cuentan con instalaciones modernas y modulares adaptadas al aprendizaje del franc\u00e9s. Los estudiantes disfrutan de aulas equipadas con herramientas de \u00faltima generaci\u00f3n, como pizarras digitales interactivas (PDI), que contribuyen a la eficacia de los m\u00e9todos pedag\u00f3gicos.<\/p><p>Los laboratorios de idiomas tambi\u00e9n pueden aprovechar la tecnolog\u00eda para fomentar el aprendizaje del idioma franc\u00e9s entre los estudiantes, quienes adem\u00e1s tienen acceso a numerosos servicios diarios. Un entorno efectivo que ha permitido a los CCFS obtener la etiqueta de calidad FLE, garantizando la eficacia de los cursos ofrecidos tanto como las condiciones de trabajo.<\/p><h2>La excelencia en la ense\u00f1anza del franc\u00e9s como lengua extranjera y la civilizaci\u00f3n francesa.<\/h2><p>Los Cours de civilisation fran\u00e7aise de la Sorbonne son una instituci\u00f3n de ense\u00f1anza superior que ofrece diversas formaciones en lengua y civilizaci\u00f3n francesas a audiencias no franc\u00f3fonas. Preparan especialmente a estudiantes internacionales para ingresar a programas universitarios con las habilidades ling\u00fc\u00edsticas adecuadas.<\/p><p>El aprendizaje del idioma franc\u00e9s facilita de hecho la integraci\u00f3n en la educaci\u00f3n superior de estudiantes de todos los pa\u00edses, y contribuye as\u00ed a la atracci\u00f3n internacional de las universidades francesas.<\/p><p>Los Cours de civilisation fran\u00e7aise de la Sorbonne acogen a estudiantes que desean aprender franc\u00e9s y desarrollar una cultura francesa, y est\u00e1n dirigidos tanto a principiantes como a estudiantes de nivel avanzado. Tambi\u00e9n ofrecen m\u00f3dulos especializados y preparan para pruebas y ex\u00e1menes reconocidos internacionalmente (TCF, DELF, DALF, DFP) que facilitan no solo la entrada a la universidad sino tambi\u00e9n los tr\u00e1mites administrativos relacionados con la obtenci\u00f3n de visados.<\/p><p>As\u00ed, los CCFS se cuentan entre las instituciones m\u00e1s prestigiosas de Par\u00eds, contribuyendo desde hace m\u00e1s de un siglo al prestigio de la lengua francesa y de la educaci\u00f3n superior franc\u00f3fona<\/p>\t\t\t\t\t\t\t\t<\/div>\n\t\t\t\t<\/div>\n\t\t\t\t\t<\/div>\n\t\t<\/div>\n\t\t\t\t\t<\/div>\n\t\t<\/section>\n\t\t<div class=\"elementor-element elementor-element-125478e e-flex e-con-boxed e-con e-parent\" data-id=\"125478e\" data-element_type=\"container\">\n\t\t\t\t\t<div class=\"e-con-inner\">\n\t\t\t\t<div class=\"elementor-element elementor-element-97584b5 elementor-widget-divider--view-line elementor-widget elementor-widget-divider\" data-id=\"97584b5\" data-element_type=\"widget\" data-widget_type=\"divider.default\">\n\t\t\t\t<div class=\"elementor-widget-container\">\n\t\t\t\t\t\t\t<div class=\"elementor-divider\">\n\t\t\t<span class=\"elementor-divider-separator\">\n\t\t\t\t\t\t<\/span>\n\t\t<\/div>\n\t\t\t\t\t\t<\/div>\n\t\t\t\t<\/div>\n\t\t\t\t<div class=\"elementor-element elementor-element-7d992e6 elementor-widget elementor-widget-shortcode\" data-id=\"7d992e6\" data-element_type=\"widget\" data-widget_type=\"shortcode.default\">\n\t\t\t\t<div class=\"elementor-widget-container\">\n\t\t\t\t\t\t\t<div class=\"elementor-shortcode\"><ul class='listing-page-soeur'><li class='bloc-page-soeur'><a class='image-soeur' style='background:url(https:\/\/prep.ccfs-sorbonne.fr\/wp-content\/uploads\/2023\/11\/RdS-8_OKHD.jpg)' href='https:\/\/prep.ccfs-sorbonne.fr\/es\/institucion\/historia-humanismo\/' title='Historia &amp; humanismo'><\/a><div class='detail-soeur'><div class='nom-page-soeur'><h2><a href='https:\/\/prep.ccfs-sorbonne.fr\/es\/institucion\/historia-humanismo\/' title='Historia &amp; humanismo'>Historia & humanismo<\/a><\/h2><\/div><\/div><\/li><li class='bloc-page-soeur'><a class='image-soeur' style='background:url(https:\/\/prep.ccfs-sorbonne.fr\/wp-content\/uploads\/2023\/11\/Sans-titre-82-min.jpg)' href='https:\/\/prep.ccfs-sorbonne.fr\/es\/institucion\/socios-academicos\/' title='Socios acad&eacute;micos'><\/a><div class='detail-soeur'><div class='nom-page-soeur'><h2><a href='https:\/\/prep.ccfs-sorbonne.fr\/es\/institucion\/socios-academicos\/' title='Socios acad&eacute;micos'>Socios acad\u00e9micos<\/a><\/h2><\/div><\/div><\/li><li class='bloc-page-soeur'><a class='image-soeur' style='background:url(https:\/\/prep.ccfs-sorbonne.fr\/wp-content\/uploads\/2024\/03\/Recognity-Cours-de-Civilisation-de-la-Sorbonne-09.02.24-Benoit-Diacre-64.jpg)' href='https:\/\/prep.ccfs-sorbonne.fr\/es\/institucion\/experticia-pedagogica\/' title='Experticia pedag&oacute;gica'><\/a><div class='detail-soeur'><div class='nom-page-soeur'><h2><a href='https:\/\/prep.ccfs-sorbonne.fr\/es\/institucion\/experticia-pedagogica\/' title='Experticia pedag&oacute;gica'>Experticia pedag\u00f3gica<\/a><\/h2><\/div><\/div><\/li><li class='bloc-page-soeur'><a class='image-soeur' style='background:url(https:\/\/prep.ccfs-sorbonne.fr\/wp-content\/uploads\/2023\/10\/Photo-Facade-FRDS.jpg)' href='https:\/\/prep.ccfs-sorbonne.fr\/es\/institucion\/fundacion-robert-de-sorbon\/' title='Fundaci&oacute;n Robert de Sorbon'><\/a><div class='detail-soeur'><div class='nom-page-soeur'><h2><a href='https:\/\/prep.ccfs-sorbonne.fr\/es\/institucion\/fundacion-robert-de-sorbon\/' title='Fundaci&oacute;n Robert de Sorbon'>Fundaci\u00f3n Robert de Sorbon<\/a><\/h2><\/div><\/div><\/li><\/ul><\/div>\n\t\t\t\t\t\t<\/div>\n\t\t\t\t<\/div>\n\t\t\t\t\t<\/div>\n\t\t\t\t<\/div>\n\t\t\t\t<\/div>\n\t\t","protected":false},"excerpt":{"rendered":"<p>Curso de civilizaci\u00f3n francesa de la Sorbona Estudiar el idioma y la cultura francesa en un entorno excepcional y una instituci\u00f3n prestigiosa Los Cours de civilisation fran\u00e7aise de la Sorbonne [&hellip;]<\/p>\n","protected":false},"author":8,"featured_media":103776,"parent":92752,"menu_order":1,"comment_status":"closed","ping_status":"closed","template":"","meta":{"_acf_changed":false,"footnotes":""},"class_list":["post-92755","page","type-page","status-publish","has-post-thumbnail","hentry"],"acf":[],"yoast_head":"<!-- This site is optimized with the Yoast SEO plugin v24.8.1 - https:\/\/yoast.com\/wordpress\/plugins\/seo\/ -->\n<title>CCFS: excelencia al servicio de la lengua francesa<\/title>\n<meta name=\"description\" content=\"Los cursos de civilizaci\u00f3n francesa de la Sorbona permiten a los estudiantes internacionales aprender franc\u00e9s en Par\u00eds\" \/>\n<meta name=\"robots\" content=\"index, follow, max-snippet:-1, max-image-preview:large, max-video-preview:-1\" \/>\n<link rel=\"canonical\" href=\"https:\/\/prep.ccfs-sorbonne.fr\/es\/institucion\/cours-de-civilisation-francaise-de-la-sorbonne\/\" \/>\n<meta property=\"og:locale\" content=\"es_ES\" \/>\n<meta property=\"og:type\" content=\"article\" \/>\n<meta property=\"og:title\" content=\"CCFS: excelencia al servicio de la lengua francesa\" \/>\n<meta property=\"og:description\" content=\"Los cursos de civilizaci\u00f3n francesa de la Sorbona permiten a los estudiantes internacionales aprender franc\u00e9s en Par\u00eds\" \/>\n<meta property=\"og:url\" content=\"https:\/\/prep.ccfs-sorbonne.fr\/es\/institucion\/cours-de-civilisation-francaise-de-la-sorbonne\/\" \/>\n<meta property=\"og:site_name\" content=\"CCFS Sorbonne\" \/>\n<meta property=\"article:modified_time\" content=\"2024-11-28T13:49:32+00:00\" \/>\n<meta property=\"og:image\" content=\"https:\/\/www.ccfs-sorbonne.fr\/wp-content\/uploads\/2023\/11\/RdS-21_OKweb.jpg\" \/>\n\t<meta property=\"og:image:width\" content=\"1772\" \/>\n\t<meta property=\"og:image:height\" content=\"1181\" \/>\n\t<meta property=\"og:image:type\" content=\"image\/jpeg\" \/>\n<meta name=\"twitter:card\" content=\"summary_large_image\" \/>\n<meta name=\"twitter:label1\" content=\"Tiempo de lectura\" \/>\n\t<meta name=\"twitter:data1\" content=\"2 minutos\" \/>\n<script type=\"application\/ld+json\" class=\"yoast-schema-graph\">{\"@context\":\"https:\/\/schema.org\",\"@graph\":[{\"@type\":\"WebPage\",\"@id\":\"https:\/\/prep.ccfs-sorbonne.fr\/es\/institucion\/cours-de-civilisation-francaise-de-la-sorbonne\/\",\"url\":\"https:\/\/prep.ccfs-sorbonne.fr\/es\/institucion\/cours-de-civilisation-francaise-de-la-sorbonne\/\",\"name\":\"CCFS: excelencia al servicio de la lengua francesa\",\"isPartOf\":{\"@id\":\"https:\/\/www.ccfs-sorbonne.fr\/#website\"},\"primaryImageOfPage\":{\"@id\":\"https:\/\/prep.ccfs-sorbonne.fr\/es\/institucion\/cours-de-civilisation-francaise-de-la-sorbonne\/#primaryimage\"},\"image\":{\"@id\":\"https:\/\/prep.ccfs-sorbonne.fr\/es\/institucion\/cours-de-civilisation-francaise-de-la-sorbonne\/#primaryimage\"},\"thumbnailUrl\":\"https:\/\/prep.ccfs-sorbonne.fr\/wp-content\/uploads\/2025\/06\/CCFS-10.06.25-Benoit-Diacre-61-scaled.jpg\",\"datePublished\":\"2023-06-14T11:59:10+00:00\",\"dateModified\":\"2024-11-28T13:49:32+00:00\",\"description\":\"Los cursos de civilizaci\u00f3n francesa de la Sorbona permiten a los estudiantes internacionales aprender franc\u00e9s en Par\u00eds\",\"breadcrumb\":{\"@id\":\"https:\/\/prep.ccfs-sorbonne.fr\/es\/institucion\/cours-de-civilisation-francaise-de-la-sorbonne\/#breadcrumb\"},\"inLanguage\":\"es\",\"potentialAction\":[{\"@type\":\"ReadAction\",\"target\":[\"https:\/\/prep.ccfs-sorbonne.fr\/es\/institucion\/cours-de-civilisation-francaise-de-la-sorbonne\/\"]}]},{\"@type\":\"ImageObject\",\"inLanguage\":\"es\",\"@id\":\"https:\/\/prep.ccfs-sorbonne.fr\/es\/institucion\/cours-de-civilisation-francaise-de-la-sorbonne\/#primaryimage\",\"url\":\"https:\/\/prep.ccfs-sorbonne.fr\/wp-content\/uploads\/2025\/06\/CCFS-10.06.25-Benoit-Diacre-61-scaled.jpg\",\"contentUrl\":\"https:\/\/prep.ccfs-sorbonne.fr\/wp-content\/uploads\/2025\/06\/CCFS-10.06.25-Benoit-Diacre-61-scaled.jpg\",\"width\":2560,\"height\":1707,\"caption\":\"CCFS \u00e9cole\"},{\"@type\":\"BreadcrumbList\",\"@id\":\"https:\/\/prep.ccfs-sorbonne.fr\/es\/institucion\/cours-de-civilisation-francaise-de-la-sorbonne\/#breadcrumb\",\"itemListElement\":[{\"@type\":\"ListItem\",\"position\":1,\"name\":\"Inicio\",\"item\":\"https:\/\/www.ccfs-sorbonne.fr\/es\/\"},{\"@type\":\"ListItem\",\"position\":2,\"name\":\"Instituci\u00f3n\",\"item\":\"https:\/\/www.ccfs-sorbonne.fr\/es\/institucion\/\"},{\"@type\":\"ListItem\",\"position\":3,\"name\":\"Cours de civilisation fran\u00e7aise de la Sorbonne\"}]},{\"@type\":\"WebSite\",\"@id\":\"https:\/\/www.ccfs-sorbonne.fr\/#website\",\"url\":\"https:\/\/www.ccfs-sorbonne.fr\/\",\"name\":\"CCFS Sorbonne\",\"description\":\"\",\"publisher\":{\"@id\":\"https:\/\/www.ccfs-sorbonne.fr\/#organization\"},\"potentialAction\":[{\"@type\":\"SearchAction\",\"target\":{\"@type\":\"EntryPoint\",\"urlTemplate\":\"https:\/\/www.ccfs-sorbonne.fr\/?s={search_term_string}\"},\"query-input\":{\"@type\":\"PropertyValueSpecification\",\"valueRequired\":true,\"valueName\":\"search_term_string\"}}],\"inLanguage\":\"es\"},{\"@type\":\"Organization\",\"@id\":\"https:\/\/www.ccfs-sorbonne.fr\/#organization\",\"name\":\"CCFS Sorbonne\",\"url\":\"https:\/\/www.ccfs-sorbonne.fr\/\",\"logo\":{\"@type\":\"ImageObject\",\"inLanguage\":\"es\",\"@id\":\"https:\/\/www.ccfs-sorbonne.fr\/#\/schema\/logo\/image\/\",\"url\":\"https:\/\/prep.ccfs-sorbonne.fr\/wp-content\/uploads\/2023\/11\/logo-ccfs-sorbonne.png\",\"contentUrl\":\"https:\/\/prep.ccfs-sorbonne.fr\/wp-content\/uploads\/2023\/11\/logo-ccfs-sorbonne.png\",\"width\":300,\"height\":120,\"caption\":\"CCFS Sorbonne\"},\"image\":{\"@id\":\"https:\/\/www.ccfs-sorbonne.fr\/#\/schema\/logo\/image\/\"}}]}<\/script>\n<!-- \/ Yoast SEO plugin. -->","yoast_head_json":{"title":"CCFS: excelencia al servicio de la lengua francesa","description":"Los cursos de civilizaci\u00f3n francesa de la Sorbona permiten a los estudiantes internacionales aprender franc\u00e9s en Par\u00eds","robots":{"index":"index","follow":"follow","max-snippet":"max-snippet:-1","max-image-preview":"max-image-preview:large","max-video-preview":"max-video-preview:-1"},"canonical":"https:\/\/prep.ccfs-sorbonne.fr\/es\/institucion\/cours-de-civilisation-francaise-de-la-sorbonne\/","og_locale":"es_ES","og_type":"article","og_title":"CCFS: excelencia al servicio de la lengua francesa","og_description":"Los cursos de civilizaci\u00f3n francesa de la Sorbona permiten a los estudiantes internacionales aprender franc\u00e9s en Par\u00eds","og_url":"https:\/\/prep.ccfs-sorbonne.fr\/es\/institucion\/cours-de-civilisation-francaise-de-la-sorbonne\/","og_site_name":"CCFS Sorbonne","article_modified_time":"2024-11-28T13:49:32+00:00","og_image":[{"width":1772,"height":1181,"url":"https:\/\/www.ccfs-sorbonne.fr\/wp-content\/uploads\/2023\/11\/RdS-21_OKweb.jpg","type":"image\/jpeg"}],"twitter_card":"summary_large_image","twitter_misc":{"Tiempo de lectura":"2 minutos"},"schema":{"@context":"https:\/\/schema.org","@graph":[{"@type":"WebPage","@id":"https:\/\/prep.ccfs-sorbonne.fr\/es\/institucion\/cours-de-civilisation-francaise-de-la-sorbonne\/","url":"https:\/\/prep.ccfs-sorbonne.fr\/es\/institucion\/cours-de-civilisation-francaise-de-la-sorbonne\/","name":"CCFS: excelencia al servicio de la lengua francesa","isPartOf":{"@id":"https:\/\/www.ccfs-sorbonne.fr\/#website"},"primaryImageOfPage":{"@id":"https:\/\/prep.ccfs-sorbonne.fr\/es\/institucion\/cours-de-civilisation-francaise-de-la-sorbonne\/#primaryimage"},"image":{"@id":"https:\/\/prep.ccfs-sorbonne.fr\/es\/institucion\/cours-de-civilisation-francaise-de-la-sorbonne\/#primaryimage"},"thumbnailUrl":"https:\/\/prep.ccfs-sorbonne.fr\/wp-content\/uploads\/2025\/06\/CCFS-10.06.25-Benoit-Diacre-61-scaled.jpg","datePublished":"2023-06-14T11:59:10+00:00","dateModified":"2024-11-28T13:49:32+00:00","description":"Los cursos de civilizaci\u00f3n francesa de la Sorbona permiten a los estudiantes internacionales aprender franc\u00e9s en Par\u00eds","breadcrumb":{"@id":"https:\/\/prep.ccfs-sorbonne.fr\/es\/institucion\/cours-de-civilisation-francaise-de-la-sorbonne\/#breadcrumb"},"inLanguage":"es","potentialAction":[{"@type":"ReadAction","target":["https:\/\/prep.ccfs-sorbonne.fr\/es\/institucion\/cours-de-civilisation-francaise-de-la-sorbonne\/"]}]},{"@type":"ImageObject","inLanguage":"es","@id":"https:\/\/prep.ccfs-sorbonne.fr\/es\/institucion\/cours-de-civilisation-francaise-de-la-sorbonne\/#primaryimage","url":"https:\/\/prep.ccfs-sorbonne.fr\/wp-content\/uploads\/2025\/06\/CCFS-10.06.25-Benoit-Diacre-61-scaled.jpg","contentUrl":"https:\/\/prep.ccfs-sorbonne.fr\/wp-content\/uploads\/2025\/06\/CCFS-10.06.25-Benoit-Diacre-61-scaled.jpg","width":2560,"height":1707,"caption":"CCFS \u00e9cole"},{"@type":"BreadcrumbList","@id":"https:\/\/prep.ccfs-sorbonne.fr\/es\/institucion\/cours-de-civilisation-francaise-de-la-sorbonne\/#breadcrumb","itemListElement":[{"@type":"ListItem","position":1,"name":"Inicio","item":"https:\/\/www.ccfs-sorbonne.fr\/es\/"},{"@type":"ListItem","position":2,"name":"Instituci\u00f3n","item":"https:\/\/www.ccfs-sorbonne.fr\/es\/institucion\/"},{"@type":"ListItem","position":3,"name":"Cours de civilisation fran\u00e7aise de la Sorbonne"}]},{"@type":"WebSite","@id":"https:\/\/www.ccfs-sorbonne.fr\/#website","url":"https:\/\/www.ccfs-sorbonne.fr\/","name":"CCFS Sorbonne","description":"","publisher":{"@id":"https:\/\/www.ccfs-sorbonne.fr\/#organization"},"potentialAction":[{"@type":"SearchAction","target":{"@type":"EntryPoint","urlTemplate":"https:\/\/www.ccfs-sorbonne.fr\/?s={search_term_string}"},"query-input":{"@type":"PropertyValueSpecification","valueRequired":true,"valueName":"search_term_string"}}],"inLanguage":"es"},{"@type":"Organization","@id":"https:\/\/www.ccfs-sorbonne.fr\/#organization","name":"CCFS Sorbonne","url":"https:\/\/www.ccfs-sorbonne.fr\/","logo":{"@type":"ImageObject","inLanguage":"es","@id":"https:\/\/www.ccfs-sorbonne.fr\/#\/schema\/logo\/image\/","url":"https:\/\/prep.ccfs-sorbonne.fr\/wp-content\/uploads\/2023\/11\/logo-ccfs-sorbonne.png","contentUrl":"https:\/\/prep.ccfs-sorbonne.fr\/wp-content\/uploads\/2023\/11\/logo-ccfs-sorbonne.png","width":300,"height":120,"caption":"CCFS Sorbonne"},"image":{"@id":"https:\/\/www.ccfs-sorbonne.fr\/#\/schema\/logo\/image\/"}}]}},"_links":{"self":[{"href":"https:\/\/prep.ccfs-sorbonne.fr\/es\/wp-json\/wp\/v2\/pages\/92755","targetHints":{"allow":["GET"]}}],"collection":[{"href":"https:\/\/prep.ccfs-sorbonne.fr\/es\/wp-json\/wp\/v2\/pages"}],"about":[{"href":"https:\/\/prep.ccfs-sorbonne.fr\/es\/wp-json\/wp\/v2\/types\/page"}],"author":[{"embeddable":true,"href":"https:\/\/prep.ccfs-sorbonne.fr\/es\/wp-json\/wp\/v2\/users\/8"}],"replies":[{"embeddable":true,"href":"https:\/\/prep.ccfs-sorbonne.fr\/es\/wp-json\/wp\/v2\/comments?post=92755"}],"version-history":[{"count":5,"href":"https:\/\/prep.ccfs-sorbonne.fr\/es\/wp-json\/wp\/v2\/pages\/92755\/revisions"}],"predecessor-version":[{"id":100124,"href":"https:\/\/prep.ccfs-sorbonne.fr\/es\/wp-json\/wp\/v2\/pages\/92755\/revisions\/100124"}],"up":[{"embeddable":true,"href":"https:\/\/prep.ccfs-sorbonne.fr\/es\/wp-json\/wp\/v2\/pages\/92752"}],"wp:featuredmedia":[{"embeddable":true,"href":"https:\/\/prep.ccfs-sorbonne.fr\/es\/wp-json\/wp\/v2\/media\/103776"}],"wp:attachment":[{"href":"https:\/\/prep.ccfs-sorbonne.fr\/es\/wp-json\/wp\/v2\/media?parent=92755"}],"curies":[{"name":"wp","href":"https:\/\/api.w.org\/{rel}","templated":true}]}}