{"id":92752,"date":"2023-06-14T13:58:53","date_gmt":"2023-06-14T11:58:53","guid":{"rendered":"https:\/\/prep.ccfs-sorbonne.fr\/institution\/"},"modified":"2024-10-02T13:51:32","modified_gmt":"2024-10-02T11:51:32","slug":"institucion","status":"publish","type":"page","link":"https:\/\/prep.ccfs-sorbonne.fr\/es\/institucion\/","title":{"rendered":"Instituci\u00f3n"},"content":{"rendered":"\t\t<div data-elementor-type=\"wp-page\" data-elementor-id=\"92752\" class=\"elementor elementor-92752 elementor-530\" data-elementor-post-type=\"page\">\n\t\t\t\t\t\t<section class=\"elementor-section elementor-top-section elementor-element elementor-element-d5ff166 elementor-section-stretched elementor-section-boxed elementor-section-height-default elementor-section-height-default\" data-id=\"d5ff166\" data-element_type=\"section\" data-settings=\"{&quot;stretch_section&quot;:&quot;section-stretched&quot;,&quot;background_background&quot;:&quot;classic&quot;}\">\n\t\t\t\t\t\t\t<div class=\"elementor-background-overlay\"><\/div>\n\t\t\t\t\t\t\t<div class=\"elementor-container elementor-column-gap-default\">\n\t\t\t\t\t<div class=\"elementor-column elementor-col-100 elementor-top-column elementor-element elementor-element-b69c64d\" data-id=\"b69c64d\" data-element_type=\"column\">\n\t\t\t<div class=\"elementor-widget-wrap elementor-element-populated\">\n\t\t\t\t\t\t<section class=\"elementor-section elementor-inner-section elementor-element elementor-element-511a166 elementor-section-boxed elementor-section-height-default elementor-section-height-default\" data-id=\"511a166\" data-element_type=\"section\">\n\t\t\t\t\t\t<div class=\"elementor-container elementor-column-gap-default\">\n\t\t\t\t\t<div class=\"elementor-column elementor-col-50 elementor-inner-column elementor-element elementor-element-5a4b9b7\" data-id=\"5a4b9b7\" data-element_type=\"column\">\n\t\t\t<div class=\"elementor-widget-wrap elementor-element-populated\">\n\t\t\t\t\t\t<div class=\"elementor-element elementor-element-60c49cd elementor-widget elementor-widget-heading\" data-id=\"60c49cd\" data-element_type=\"widget\" data-widget_type=\"heading.default\">\n\t\t\t\t<div class=\"elementor-widget-container\">\n\t\t\t\t\t<h1 class=\"elementor-heading-title elementor-size-default\">Instituci\u00f3n<\/h1>\t\t\t\t<\/div>\n\t\t\t\t<\/div>\n\t\t\t\t\t<\/div>\n\t\t<\/div>\n\t\t\t\t<div class=\"elementor-column elementor-col-50 elementor-inner-column elementor-element elementor-element-df3b3bc elementor-hidden-mobile elementor-hidden-tablet\" data-id=\"df3b3bc\" data-element_type=\"column\">\n\t\t\t<div class=\"elementor-widget-wrap elementor-element-populated\">\n\t\t\t\t\t\t<div class=\"elementor-element elementor-element-4050dff elementor-widget elementor-widget-image\" data-id=\"4050dff\" data-element_type=\"widget\" data-widget_type=\"image.default\">\n\t\t\t\t<div class=\"elementor-widget-container\">\n\t\t\t\t\t\t\t\t\t\t\t\t\t\t\t<img fetchpriority=\"high\" decoding=\"async\" width=\"258\" height=\"300\" src=\"https:\/\/prep.ccfs-sorbonne.fr\/wp-content\/uploads\/2024\/07\/etudiant-11-ccfs-1-1-e1721307037473-258x300-1-1.png\" class=\"attachment-large size-large wp-image-98069\" alt=\"\" \/>\t\t\t\t\t\t\t\t\t\t\t\t\t\t\t<\/div>\n\t\t\t\t<\/div>\n\t\t\t\t\t<\/div>\n\t\t<\/div>\n\t\t\t\t\t<\/div>\n\t\t<\/section>\n\t\t\t\t\t<\/div>\n\t\t<\/div>\n\t\t\t\t\t<\/div>\n\t\t<\/section>\n\t\t\t\t<section class=\"elementor-section elementor-top-section elementor-element elementor-element-4af1a8e elementor-section-stretched elementor-section-boxed elementor-section-height-default elementor-section-height-default\" data-id=\"4af1a8e\" data-element_type=\"section\" data-settings=\"{&quot;stretch_section&quot;:&quot;section-stretched&quot;}\">\n\t\t\t\t\t\t<div class=\"elementor-container elementor-column-gap-default\">\n\t\t\t\t\t<div class=\"elementor-column elementor-col-100 elementor-top-column elementor-element elementor-element-74c1e737\" data-id=\"74c1e737\" data-element_type=\"column\">\n\t\t\t<div class=\"elementor-widget-wrap elementor-element-populated\">\n\t\t\t\t\t\t<div class=\"elementor-element elementor-element-17cf05ca elementor-widget elementor-widget-global elementor-global-82281 elementor-widget-breadcrumbs\" data-id=\"17cf05ca\" data-element_type=\"widget\" data-widget_type=\"breadcrumbs.default\">\n\t\t\t\t<div class=\"elementor-widget-container\">\n\t\t\t\t\t<p id=\"breadcrumbs\"><span><span><a href=\"https:\/\/www.ccfs-sorbonne.fr\/es\/\">Inicio<\/a><\/span><\/span><\/p>\t\t\t\t<\/div>\n\t\t\t\t<\/div>\n\t\t\t\t<div class=\"elementor-element elementor-element-cae4c44 elementor-widget elementor-widget-text-editor\" data-id=\"cae4c44\" data-element_type=\"widget\" data-widget_type=\"text-editor.default\">\n\t\t\t\t<div class=\"elementor-widget-container\">\n\t\t\t\t\t\t\t\t\t<p><strong>Historia del CCFS<\/strong><\/p><p><a href=\"https:\/\/prep.ccfs-sorbonne.fr\/es\/\">Los cours de civilisation fran\u00e7aise de la Sorbonne (CCFS)<\/a>, fundados en 1919, est\u00e1n afiliados a la fundaci\u00f3n Robert de Sorbon, reconocida de utilidad p\u00fablica desde 2009. Cada a\u00f1o, los CCFS reciben a estudiantes de todo el mundo, todos deseosos de profundizar su conocimiento del idioma franc\u00e9s y de la cultura francesa. La instituci\u00f3n ofrece varios programas de ense\u00f1anza del idioma franc\u00e9s, contribuyendo as\u00ed a la difusi\u00f3n de la cultura francesa a escala mundial.<br \/>Los CCFS atraen a estudiantes de cerca de 160 nacionalidades, especialmente de Asia y Am\u00e9rica, ofreciendo una experiencia internacional rica. Cerca de la prestigiosa universidad de la Sorbonne, los CCFS ofrecen ense\u00f1anzas de alta calidad que han sido recompensadas con el sello de calidad FLE (Franc\u00e9s Lengua Extranjera). Este sello, otorgado por France Education International, reconoce el valor a\u00f1adido de la oferta ling\u00fc\u00edstica y de los servicios proporcionados por los CCFS.<br \/>Situados en el coraz\u00f3n de Par\u00eds, los CCFS ofrecen un entorno ideal para una inmersi\u00f3n completa en la lengua y la cultura francesa. El aprendizaje del franc\u00e9s se acompa\u00f1a de la descubierta de Francia y su patrimonio, en el marco prestigioso de la Sorbonne.<br \/>En 2023, con su larga experiencia, los Cursos de Civilizaci\u00f3n Francesa de la Sorbonne contin\u00faan desempe\u00f1ando un papel principal en el aprendizaje del franc\u00e9s y el descubrimiento de la cultura y la civilizaci\u00f3n francesa.<\/p><p><strong>Cursos CCFS<\/strong><\/p><p><strong>Lengua francesa<\/strong><\/p><p>Los Cursos de Civilizaci\u00f3n Francesa de la Sorbonne se caracterizan por su riqueza y diversidad. Los estudiantes internacionales tienen la oportunidad de seguir cursos de franc\u00e9s general o intensivo, de optar por un curr\u00edculo que combina el aprendizaje del idioma franc\u00e9s con el descubrimiento de la civilizaci\u00f3n. Los CCFS tambi\u00e9n ofrecen cursos especializados, especialmente en franc\u00e9s de negocios, y el aprendizaje del \u201cfranc\u00e9s de negocios\u201d tambi\u00e9n puede incluir un ciclo de conferencias. Los cursos de franc\u00e9s universitario, en forma de preparaci\u00f3n para maestr\u00edas, preparan a los estudiantes para estudios superiores. Los CCFS ofrecen diferentes opciones que incluyen cursos en l\u00ednea, cursos nocturnos y cursos de verano, para adaptarse mejor a los horarios de los inscritos.<\/p><p><strong>Revise<\/strong><\/p><p>Como centro de ex\u00e1menes acreditado, los Cursos de Civilizaci\u00f3n Francesa de la Sorbonne permiten a los estudiantes rendir varios ex\u00e1menes de franc\u00e9s conforme a los criterios del Marco Com\u00fan Europeo de Referencia para las Lenguas. Los estudiantes internacionales que deseen certificar su nivel de franc\u00e9s pueden rendir el DELF B1, el DELF B2 y el DALF C1, con los CCFS ofreciendo tambi\u00e9n preparaci\u00f3n para la obtenci\u00f3n de estos diplomas. Adem\u00e1s, es posible realizar el Test de Conocimiento del Franc\u00e9s (TCF) y el TCF IRN a trav\u00e9s de los CCFS, lo cual facilita los tr\u00e1mites administrativos (t\u00edtulos de residencia y naturalizaci\u00f3n).<\/p>\t\t\t\t\t\t\t\t<\/div>\n\t\t\t\t<\/div>\n\t\t\t\t<div class=\"elementor-element elementor-element-740c991 elementor-widget elementor-widget-shortcode\" data-id=\"740c991\" data-element_type=\"widget\" data-widget_type=\"shortcode.default\">\n\t\t\t\t<div class=\"elementor-widget-container\">\n\t\t\t\t\t\t\t<div class=\"elementor-shortcode\"><ul class='listing-page-enfant'><li class='bloc-page-enfant'><a class='image' style='background:url(https:\/\/prep.ccfs-sorbonne.fr\/wp-content\/uploads\/2025\/06\/CCFS-10.06.25-Benoit-Diacre-61-scaled.jpg)' href='https:\/\/prep.ccfs-sorbonne.fr\/es\/institucion\/cours-de-civilisation-francaise-de-la-sorbonne\/' title='Cours de civilisation fran&ccedil;aise de la Sorbonne'><\/a><div class='detail-enfant'><div class='nom-page-enfant'><h2><a href='https:\/\/prep.ccfs-sorbonne.fr\/es\/institucion\/cours-de-civilisation-francaise-de-la-sorbonne\/' title='Cours de civilisation fran&ccedil;aise de la Sorbonne'>Cours de civilisation fran\u00e7aise de la Sorbonne<\/a><\/h2><\/div><div class='texte-listing'>Los Cursos de Civilizaci\u00f3n Francesa de la Sorbona (CCFS) acogen a estudiantes de todo el mundo para aprender el idioma y la civilizaci\u00f3n francesa.<\/div><div class='voir-plus'><a href='https:\/\/prep.ccfs-sorbonne.fr\/es\/institucion\/cours-de-civilisation-francaise-de-la-sorbonne\/' title='Cours de civilisation fran&ccedil;aise de la Sorbonne'>Ver m\u00e1s<\/a><\/div><\/div><\/li><li class='bloc-page-enfant'><a class='image' style='background:url(https:\/\/prep.ccfs-sorbonne.fr\/wp-content\/uploads\/2023\/11\/RdS-8_OKHD.jpg)' href='https:\/\/prep.ccfs-sorbonne.fr\/es\/institucion\/historia-humanismo\/' title='Historia &amp; humanismo'><\/a><div class='detail-enfant'><div class='nom-page-enfant'><h2><a href='https:\/\/prep.ccfs-sorbonne.fr\/es\/institucion\/historia-humanismo\/' title='Historia &amp; humanismo'>Historia & humanismo<\/a><\/h2><\/div><div class='texte-listing'>El Cours de civilisation fran\u00e7aise de la Sorbonne fue fundado en 1919 con la misi\u00f3n de contribuir a la paz entre los pueblos apoyando los intercambios de estudiantes.<\/div><div class='voir-plus'><a href='https:\/\/prep.ccfs-sorbonne.fr\/es\/institucion\/historia-humanismo\/' title='Historia &amp; humanismo'>Ver m\u00e1s<\/a><\/div><\/div><\/li><li class='bloc-page-enfant'><a class='image' style='background:url(https:\/\/prep.ccfs-sorbonne.fr\/wp-content\/uploads\/2023\/11\/Sans-titre-82-min.jpg)' href='https:\/\/prep.ccfs-sorbonne.fr\/es\/institucion\/socios-academicos\/' title='Socios acad&eacute;micos'><\/a><div class='detail-enfant'><div class='nom-page-enfant'><h2><a href='https:\/\/prep.ccfs-sorbonne.fr\/es\/institucion\/socios-academicos\/' title='Socios acad&eacute;micos'>Socios acad\u00e9micos<\/a><\/h2><\/div><div class='texte-listing'>La instituci\u00f3n ofrece varios programas de co-titulaci\u00f3n en asociaci\u00f3n con otros centros de ense\u00f1anza superior que tambi\u00e9n destacan por su prestigio y la calidad de su ense\u00f1anza, as\u00ed como clases preparatorias que permiten a los estudiantes acceder a estos centros asociados.<\/div><div class='voir-plus'><a href='https:\/\/prep.ccfs-sorbonne.fr\/es\/institucion\/socios-academicos\/' title='Socios acad&eacute;micos'>Ver m\u00e1s<\/a><\/div><\/div><\/li><li class='bloc-page-enfant'><a class='image' style='background:url(https:\/\/prep.ccfs-sorbonne.fr\/wp-content\/uploads\/2024\/03\/Recognity-Cours-de-Civilisation-de-la-Sorbonne-09.02.24-Benoit-Diacre-64.jpg)' href='https:\/\/prep.ccfs-sorbonne.fr\/es\/institucion\/experticia-pedagogica\/' title='Experticia pedag&oacute;gica'><\/a><div class='detail-enfant'><div class='nom-page-enfant'><h2><a href='https:\/\/prep.ccfs-sorbonne.fr\/es\/institucion\/experticia-pedagogica\/' title='Experticia pedag&oacute;gica'>Experticia pedag\u00f3gica<\/a><\/h2><\/div><div class='texte-listing'>Los Cours de civilisation fran\u00e7aise de la Sorbonne proponen cursos variados, de simples a intensivos, en funci\u00f3n de los objetivos de cada estudiante -hasta 25 horas de clase por semana- y de duraci\u00f3n variable.<\/div><div class='voir-plus'><a href='https:\/\/prep.ccfs-sorbonne.fr\/es\/institucion\/experticia-pedagogica\/' title='Experticia pedag&oacute;gica'>Ver m\u00e1s<\/a><\/div><\/div><\/li><li class='bloc-page-enfant'><a class='image' style='background:url(https:\/\/prep.ccfs-sorbonne.fr\/wp-content\/uploads\/2023\/10\/Photo-Facade-FRDS.jpg)' href='https:\/\/prep.ccfs-sorbonne.fr\/es\/institucion\/fundacion-robert-de-sorbon\/' title='Fundaci&oacute;n Robert de Sorbon'><\/a><div class='detail-enfant'><div class='nom-page-enfant'><h2><a href='https:\/\/prep.ccfs-sorbonne.fr\/es\/institucion\/fundacion-robert-de-sorbon\/' title='Fundaci&oacute;n Robert de Sorbon'>Fundaci\u00f3n Robert de Sorbon<\/a><\/h2><\/div><div class='texte-listing'>La Fundaci\u00f3n Robert de Sorbon es una emblem\u00e1tica instituci\u00f3n acad\u00e9mica situada en el coraz\u00f3n de Par\u00eds. Su rica historia se remonta al siglo XIII, cuando Robert de Sorbon, sacerdote y te\u00f3logo, decidi\u00f3 crear una casa de aprendizaje para los estudiantes pobres de la ciudad.<\/div><div class='voir-plus'><a href='https:\/\/prep.ccfs-sorbonne.fr\/es\/institucion\/fundacion-robert-de-sorbon\/' title='Fundaci&oacute;n Robert de Sorbon'>Ver m\u00e1s<\/a><\/div><\/div><\/li><\/ul><\/div>\n\t\t\t\t\t\t<\/div>\n\t\t\t\t<\/div>\n\t\t\t\t\t<\/div>\n\t\t<\/div>\n\t\t\t\t\t<\/div>\n\t\t<\/section>\n\t\t\t\t<\/div>\n\t\t","protected":false},"excerpt":{"rendered":"<p>Instituci\u00f3n Historia del CCFS Los cours de civilisation fran\u00e7aise de la Sorbonne (CCFS), fundados en 1919, est\u00e1n afiliados a la fundaci\u00f3n Robert de Sorbon, reconocida de utilidad p\u00fablica desde 2009. [&hellip;]<\/p>\n","protected":false},"author":8,"featured_media":103786,"parent":0,"menu_order":0,"comment_status":"closed","ping_status":"closed","template":"","meta":{"_acf_changed":false,"footnotes":""},"class_list":["post-92752","page","type-page","status-publish","has-post-thumbnail","hentry"],"acf":[],"yoast_head":"<!-- This site is optimized with the Yoast SEO plugin v24.8.1 - https:\/\/yoast.com\/wordpress\/plugins\/seo\/ -->\n<title>Los cursos y ex\u00e1menes ofrecidos en el CCFS.<\/title>\n<meta name=\"description\" content=\"Con una larga trayectoria dedicada a la difusi\u00f3n del franc\u00e9s, el CCFS ofrece diversos cursos en franc\u00e9s y permite la obtenci\u00f3n de diplomas oficiales.\" \/>\n<meta name=\"robots\" content=\"index, follow, max-snippet:-1, max-image-preview:large, max-video-preview:-1\" \/>\n<link rel=\"canonical\" href=\"https:\/\/prep.ccfs-sorbonne.fr\/es\/institucion\/\" \/>\n<meta property=\"og:locale\" content=\"es_ES\" \/>\n<meta property=\"og:type\" content=\"article\" \/>\n<meta property=\"og:title\" content=\"Los cursos y ex\u00e1menes ofrecidos en el CCFS.\" \/>\n<meta property=\"og:description\" content=\"Con una larga trayectoria dedicada a la difusi\u00f3n del franc\u00e9s, el CCFS ofrece diversos cursos en franc\u00e9s y permite la obtenci\u00f3n de diplomas oficiales.\" \/>\n<meta property=\"og:url\" content=\"https:\/\/prep.ccfs-sorbonne.fr\/es\/institucion\/\" \/>\n<meta property=\"og:site_name\" content=\"CCFS Sorbonne\" \/>\n<meta property=\"article:modified_time\" content=\"2024-10-02T11:51:32+00:00\" \/>\n<meta property=\"og:image\" content=\"https:\/\/www.ccfs-sorbonne.fr\/wp-content\/uploads\/2024\/07\/etudiant-11-ccfs-1-1-e1721307037473-258x300-1-1.png\" \/>\n<meta name=\"twitter:card\" content=\"summary_large_image\" \/>\n<meta name=\"twitter:label1\" content=\"Tiempo de lectura\" \/>\n\t<meta name=\"twitter:data1\" content=\"3 minutos\" \/>\n<script type=\"application\/ld+json\" class=\"yoast-schema-graph\">{\"@context\":\"https:\/\/schema.org\",\"@graph\":[{\"@type\":\"WebPage\",\"@id\":\"https:\/\/prep.ccfs-sorbonne.fr\/es\/institucion\/\",\"url\":\"https:\/\/prep.ccfs-sorbonne.fr\/es\/institucion\/\",\"name\":\"Los cursos y ex\u00e1menes ofrecidos en el CCFS.\",\"isPartOf\":{\"@id\":\"https:\/\/www.ccfs-sorbonne.fr\/#website\"},\"primaryImageOfPage\":{\"@id\":\"https:\/\/prep.ccfs-sorbonne.fr\/es\/institucion\/#primaryimage\"},\"image\":{\"@id\":\"https:\/\/prep.ccfs-sorbonne.fr\/es\/institucion\/#primaryimage\"},\"thumbnailUrl\":\"https:\/\/prep.ccfs-sorbonne.fr\/wp-content\/uploads\/2025\/06\/CCFS-10.06.25-Benoit-Diacre-63-scaled.jpg\",\"datePublished\":\"2023-06-14T11:58:53+00:00\",\"dateModified\":\"2024-10-02T11:51:32+00:00\",\"description\":\"Con una larga trayectoria dedicada a la difusi\u00f3n del franc\u00e9s, el CCFS ofrece diversos cursos en franc\u00e9s y permite la obtenci\u00f3n de diplomas oficiales.\",\"breadcrumb\":{\"@id\":\"https:\/\/prep.ccfs-sorbonne.fr\/es\/institucion\/#breadcrumb\"},\"inLanguage\":\"es\",\"potentialAction\":[{\"@type\":\"ReadAction\",\"target\":[\"https:\/\/prep.ccfs-sorbonne.fr\/es\/institucion\/\"]}]},{\"@type\":\"ImageObject\",\"inLanguage\":\"es\",\"@id\":\"https:\/\/prep.ccfs-sorbonne.fr\/es\/institucion\/#primaryimage\",\"url\":\"https:\/\/prep.ccfs-sorbonne.fr\/wp-content\/uploads\/2025\/06\/CCFS-10.06.25-Benoit-Diacre-63-scaled.jpg\",\"contentUrl\":\"https:\/\/prep.ccfs-sorbonne.fr\/wp-content\/uploads\/2025\/06\/CCFS-10.06.25-Benoit-Diacre-63-scaled.jpg\",\"width\":2560,\"height\":1707,\"caption\":\"Institution\"},{\"@type\":\"BreadcrumbList\",\"@id\":\"https:\/\/prep.ccfs-sorbonne.fr\/es\/institucion\/#breadcrumb\",\"itemListElement\":[{\"@type\":\"ListItem\",\"position\":1,\"name\":\"Inicio\",\"item\":\"https:\/\/www.ccfs-sorbonne.fr\/es\/\"},{\"@type\":\"ListItem\",\"position\":2,\"name\":\"Instituci\u00f3n\"}]},{\"@type\":\"WebSite\",\"@id\":\"https:\/\/www.ccfs-sorbonne.fr\/#website\",\"url\":\"https:\/\/www.ccfs-sorbonne.fr\/\",\"name\":\"CCFS Sorbonne\",\"description\":\"\",\"publisher\":{\"@id\":\"https:\/\/www.ccfs-sorbonne.fr\/#organization\"},\"potentialAction\":[{\"@type\":\"SearchAction\",\"target\":{\"@type\":\"EntryPoint\",\"urlTemplate\":\"https:\/\/www.ccfs-sorbonne.fr\/?s={search_term_string}\"},\"query-input\":{\"@type\":\"PropertyValueSpecification\",\"valueRequired\":true,\"valueName\":\"search_term_string\"}}],\"inLanguage\":\"es\"},{\"@type\":\"Organization\",\"@id\":\"https:\/\/www.ccfs-sorbonne.fr\/#organization\",\"name\":\"CCFS Sorbonne\",\"url\":\"https:\/\/www.ccfs-sorbonne.fr\/\",\"logo\":{\"@type\":\"ImageObject\",\"inLanguage\":\"es\",\"@id\":\"https:\/\/www.ccfs-sorbonne.fr\/#\/schema\/logo\/image\/\",\"url\":\"https:\/\/prep.ccfs-sorbonne.fr\/wp-content\/uploads\/2023\/11\/logo-ccfs-sorbonne.png\",\"contentUrl\":\"https:\/\/prep.ccfs-sorbonne.fr\/wp-content\/uploads\/2023\/11\/logo-ccfs-sorbonne.png\",\"width\":300,\"height\":120,\"caption\":\"CCFS Sorbonne\"},\"image\":{\"@id\":\"https:\/\/www.ccfs-sorbonne.fr\/#\/schema\/logo\/image\/\"}}]}<\/script>\n<!-- \/ Yoast SEO plugin. -->","yoast_head_json":{"title":"Los cursos y ex\u00e1menes ofrecidos en el CCFS.","description":"Con una larga trayectoria dedicada a la difusi\u00f3n del franc\u00e9s, el CCFS ofrece diversos cursos en franc\u00e9s y permite la obtenci\u00f3n de diplomas oficiales.","robots":{"index":"index","follow":"follow","max-snippet":"max-snippet:-1","max-image-preview":"max-image-preview:large","max-video-preview":"max-video-preview:-1"},"canonical":"https:\/\/prep.ccfs-sorbonne.fr\/es\/institucion\/","og_locale":"es_ES","og_type":"article","og_title":"Los cursos y ex\u00e1menes ofrecidos en el CCFS.","og_description":"Con una larga trayectoria dedicada a la difusi\u00f3n del franc\u00e9s, el CCFS ofrece diversos cursos en franc\u00e9s y permite la obtenci\u00f3n de diplomas oficiales.","og_url":"https:\/\/prep.ccfs-sorbonne.fr\/es\/institucion\/","og_site_name":"CCFS Sorbonne","article_modified_time":"2024-10-02T11:51:32+00:00","og_image":[{"url":"https:\/\/www.ccfs-sorbonne.fr\/wp-content\/uploads\/2024\/07\/etudiant-11-ccfs-1-1-e1721307037473-258x300-1-1.png","type":"","width":"","height":""}],"twitter_card":"summary_large_image","twitter_misc":{"Tiempo de lectura":"3 minutos"},"schema":{"@context":"https:\/\/schema.org","@graph":[{"@type":"WebPage","@id":"https:\/\/prep.ccfs-sorbonne.fr\/es\/institucion\/","url":"https:\/\/prep.ccfs-sorbonne.fr\/es\/institucion\/","name":"Los cursos y ex\u00e1menes ofrecidos en el CCFS.","isPartOf":{"@id":"https:\/\/www.ccfs-sorbonne.fr\/#website"},"primaryImageOfPage":{"@id":"https:\/\/prep.ccfs-sorbonne.fr\/es\/institucion\/#primaryimage"},"image":{"@id":"https:\/\/prep.ccfs-sorbonne.fr\/es\/institucion\/#primaryimage"},"thumbnailUrl":"https:\/\/prep.ccfs-sorbonne.fr\/wp-content\/uploads\/2025\/06\/CCFS-10.06.25-Benoit-Diacre-63-scaled.jpg","datePublished":"2023-06-14T11:58:53+00:00","dateModified":"2024-10-02T11:51:32+00:00","description":"Con una larga trayectoria dedicada a la difusi\u00f3n del franc\u00e9s, el CCFS ofrece diversos cursos en franc\u00e9s y permite la obtenci\u00f3n de diplomas oficiales.","breadcrumb":{"@id":"https:\/\/prep.ccfs-sorbonne.fr\/es\/institucion\/#breadcrumb"},"inLanguage":"es","potentialAction":[{"@type":"ReadAction","target":["https:\/\/prep.ccfs-sorbonne.fr\/es\/institucion\/"]}]},{"@type":"ImageObject","inLanguage":"es","@id":"https:\/\/prep.ccfs-sorbonne.fr\/es\/institucion\/#primaryimage","url":"https:\/\/prep.ccfs-sorbonne.fr\/wp-content\/uploads\/2025\/06\/CCFS-10.06.25-Benoit-Diacre-63-scaled.jpg","contentUrl":"https:\/\/prep.ccfs-sorbonne.fr\/wp-content\/uploads\/2025\/06\/CCFS-10.06.25-Benoit-Diacre-63-scaled.jpg","width":2560,"height":1707,"caption":"Institution"},{"@type":"BreadcrumbList","@id":"https:\/\/prep.ccfs-sorbonne.fr\/es\/institucion\/#breadcrumb","itemListElement":[{"@type":"ListItem","position":1,"name":"Inicio","item":"https:\/\/www.ccfs-sorbonne.fr\/es\/"},{"@type":"ListItem","position":2,"name":"Instituci\u00f3n"}]},{"@type":"WebSite","@id":"https:\/\/www.ccfs-sorbonne.fr\/#website","url":"https:\/\/www.ccfs-sorbonne.fr\/","name":"CCFS Sorbonne","description":"","publisher":{"@id":"https:\/\/www.ccfs-sorbonne.fr\/#organization"},"potentialAction":[{"@type":"SearchAction","target":{"@type":"EntryPoint","urlTemplate":"https:\/\/www.ccfs-sorbonne.fr\/?s={search_term_string}"},"query-input":{"@type":"PropertyValueSpecification","valueRequired":true,"valueName":"search_term_string"}}],"inLanguage":"es"},{"@type":"Organization","@id":"https:\/\/www.ccfs-sorbonne.fr\/#organization","name":"CCFS Sorbonne","url":"https:\/\/www.ccfs-sorbonne.fr\/","logo":{"@type":"ImageObject","inLanguage":"es","@id":"https:\/\/www.ccfs-sorbonne.fr\/#\/schema\/logo\/image\/","url":"https:\/\/prep.ccfs-sorbonne.fr\/wp-content\/uploads\/2023\/11\/logo-ccfs-sorbonne.png","contentUrl":"https:\/\/prep.ccfs-sorbonne.fr\/wp-content\/uploads\/2023\/11\/logo-ccfs-sorbonne.png","width":300,"height":120,"caption":"CCFS Sorbonne"},"image":{"@id":"https:\/\/www.ccfs-sorbonne.fr\/#\/schema\/logo\/image\/"}}]}},"_links":{"self":[{"href":"https:\/\/prep.ccfs-sorbonne.fr\/es\/wp-json\/wp\/v2\/pages\/92752","targetHints":{"allow":["GET"]}}],"collection":[{"href":"https:\/\/prep.ccfs-sorbonne.fr\/es\/wp-json\/wp\/v2\/pages"}],"about":[{"href":"https:\/\/prep.ccfs-sorbonne.fr\/es\/wp-json\/wp\/v2\/types\/page"}],"author":[{"embeddable":true,"href":"https:\/\/prep.ccfs-sorbonne.fr\/es\/wp-json\/wp\/v2\/users\/8"}],"replies":[{"embeddable":true,"href":"https:\/\/prep.ccfs-sorbonne.fr\/es\/wp-json\/wp\/v2\/comments?post=92752"}],"version-history":[{"count":5,"href":"https:\/\/prep.ccfs-sorbonne.fr\/es\/wp-json\/wp\/v2\/pages\/92752\/revisions"}],"predecessor-version":[{"id":99101,"href":"https:\/\/prep.ccfs-sorbonne.fr\/es\/wp-json\/wp\/v2\/pages\/92752\/revisions\/99101"}],"wp:featuredmedia":[{"embeddable":true,"href":"https:\/\/prep.ccfs-sorbonne.fr\/es\/wp-json\/wp\/v2\/media\/103786"}],"wp:attachment":[{"href":"https:\/\/prep.ccfs-sorbonne.fr\/es\/wp-json\/wp\/v2\/media?parent=92752"}],"curies":[{"name":"wp","href":"https:\/\/api.w.org\/{rel}","templated":true}]}}