{"id":85118,"date":"2023-08-21T11:23:47","date_gmt":"2023-08-21T09:23:47","guid":{"rendered":"https:\/\/prep.ccfs-sorbonne.fr\/mentions-legales\/"},"modified":"2024-06-13T08:01:17","modified_gmt":"2024-06-13T06:01:17","slug":"legal-notice","status":"publish","type":"page","link":"https:\/\/prep.ccfs-sorbonne.fr\/en\/legal-notice\/","title":{"rendered":"Legal Notice"},"content":{"rendered":"\t\t<div data-elementor-type=\"wp-page\" data-elementor-id=\"85118\" class=\"elementor elementor-85118 elementor-1168\" data-elementor-post-type=\"page\">\n\t\t\t\t\t\t<section class=\"elementor-section elementor-top-section elementor-element elementor-element-6db4c223 elementor-section-stretched elementor-section-boxed elementor-section-height-default elementor-section-height-default\" data-id=\"6db4c223\" data-element_type=\"section\" data-settings=\"{&quot;stretch_section&quot;:&quot;section-stretched&quot;,&quot;background_background&quot;:&quot;classic&quot;}\">\n\t\t\t\t\t\t<div class=\"elementor-container elementor-column-gap-default\">\n\t\t\t\t\t<div class=\"elementor-column elementor-col-100 elementor-top-column elementor-element elementor-element-30055244\" data-id=\"30055244\" data-element_type=\"column\">\n\t\t\t<div class=\"elementor-widget-wrap elementor-element-populated\">\n\t\t\t\t\t\t<section class=\"elementor-section elementor-inner-section elementor-element elementor-element-6d27775b elementor-section-boxed elementor-section-height-default elementor-section-height-default\" data-id=\"6d27775b\" data-element_type=\"section\">\n\t\t\t\t\t\t<div class=\"elementor-container elementor-column-gap-default\">\n\t\t\t\t\t<div class=\"elementor-column elementor-col-100 elementor-inner-column elementor-element elementor-element-3b276b52\" data-id=\"3b276b52\" data-element_type=\"column\">\n\t\t\t<div class=\"elementor-widget-wrap elementor-element-populated\">\n\t\t\t\t\t\t<div class=\"elementor-element elementor-element-4feac4ae elementor-widget elementor-widget-heading\" data-id=\"4feac4ae\" data-element_type=\"widget\" data-widget_type=\"heading.default\">\n\t\t\t\t<div class=\"elementor-widget-container\">\n\t\t\t\t\t<h1 class=\"elementor-heading-title elementor-size-default\">Legal Notice<\/h1>\t\t\t\t<\/div>\n\t\t\t\t<\/div>\n\t\t\t\t\t<\/div>\n\t\t<\/div>\n\t\t\t\t\t<\/div>\n\t\t<\/section>\n\t\t\t\t\t<\/div>\n\t\t<\/div>\n\t\t\t\t\t<\/div>\n\t\t<\/section>\n\t\t\t\t<section class=\"elementor-section elementor-top-section elementor-element elementor-element-245d6e21 elementor-section-stretched elementor-section-boxed elementor-section-height-default elementor-section-height-default\" data-id=\"245d6e21\" data-element_type=\"section\" data-settings=\"{&quot;stretch_section&quot;:&quot;section-stretched&quot;}\">\n\t\t\t\t\t\t<div class=\"elementor-container elementor-column-gap-default\">\n\t\t\t\t\t<div class=\"elementor-column elementor-col-100 elementor-top-column elementor-element elementor-element-6f92eaac\" data-id=\"6f92eaac\" data-element_type=\"column\">\n\t\t\t<div class=\"elementor-widget-wrap elementor-element-populated\">\n\t\t\t\t\t\t<div class=\"elementor-element elementor-element-42c964f elementor-widget elementor-widget-global elementor-global-82281 elementor-widget-breadcrumbs\" data-id=\"42c964f\" data-element_type=\"widget\" data-widget_type=\"breadcrumbs.default\">\n\t\t\t\t<div class=\"elementor-widget-container\">\n\t\t\t\t\t<p id=\"breadcrumbs\"><span><span><a href=\"https:\/\/www.ccfs-sorbonne.fr\/\">Home<\/a><\/span><\/span><\/p>\t\t\t\t<\/div>\n\t\t\t\t<\/div>\n\t\t\t\t<div class=\"elementor-element elementor-element-46fade29 elementor-widget elementor-widget-text-editor\" data-id=\"46fade29\" data-element_type=\"widget\" data-widget_type=\"text-editor.default\">\n\t\t\t\t<div class=\"elementor-widget-container\">\n\t\t\t\t\t\t\t\t\t<p><b>Publication Director<\/b><\/p><p>Mr. Fr\u00e9d\u00e9ric Rensonnet, delegated president of the Cours de civilisation fran\u00e7aise de la Sorbonne.<\/p><p><b>Publisher<\/b><\/p><p>SAS Cours de civilisation fran\u00e7aise de la Sorbonne.<\/p><p><b>Personal Data Processing<\/b><\/p><p>In accordance with Law No. 78-17 of January 6, 1978, as amended in 2004, relating to data processing, files, and freedoms, any person can obtain communication and, if applicable, correction, deletion, or opposition of information concerning them. This right can be exercised by email at <a href=\"mailto:contact@ccfs-sorbonne.fr\">contact@ccfs-sorbonne.fr<\/a><\/p><p><b>Terms of Use<\/b><\/p><p>Users of the site must comply with the provisions of the law relating to data processing, files, and freedoms, the violation of which is punishable by criminal sanctions. They must particularly refrain from any collection, any misuse, and, in general, any act that could harm the privacy or reputation of individuals, in relation to the personal information they access.<\/p><p><b>Traceability<\/b><\/p><p>The user is informed that during their visits to the site, a cookie may automatically be installed in their browser. The cookie is a block of data that does not identify users but is used to record information for statistical purposes.<\/p><p><b>Copyright and Reproduction Rights<\/b><\/p><p>This site is the exclusive property of the Cours de civilisation fran\u00e7aise de la Sorbonne. It is subject to French and international legislation on copyright and intellectual property.<\/p><p>Reproduction of all or part of this site on an electronic medium is authorized for private use, provided the source is indicated and &#8220;All rights reserved&#8221; is mentioned.<\/p><p>The Cours de civilisation fran\u00e7aise de la Sorbonne authorize the establishment of hypertext links to pages of the site, provided that the selection of these links causes a page or a tab of the browser to open.<\/p><p><b>Images<\/b><\/p><p>\u00a9 Quentin Bertoux<br \/>\u00a9 Recognity<br \/>\u00a9 Adobe Stock<\/p><p><b>Limitation of Liability<\/b><\/p><p>The responsibility of the Cours de civilisation fran\u00e7aise de la Sorbonne cannot, in any way, be engaged concerning the content of the information appearing on this site or the consequences that may result from their use or interpretation.<\/p><p>Any error, outdated information, inaccessible page can be reported to <a href=\"mailto:contact@ccfs-sorbonne.fr\">contact@ccfs-sorbonne.fr<\/a>.<\/p><p><b>Hosting<\/b><\/p><p>SAS DigDeo<br \/>Espace Lumi\u00e8re, 51-57 boulevard de la R\u00e9publique 78400 Chatou<br \/>Capital social : 244 000\u20ac<br \/>RCS : Versailles B 521 582 833<br \/>TVA : FR92521582833, SIREN : 521582833, SIRET : 52158283300039<br \/>+33 (1) 85 39 06 30<\/p>\t\t\t\t\t\t\t\t<\/div>\n\t\t\t\t<\/div>\n\t\t\t\t\t<\/div>\n\t\t<\/div>\n\t\t\t\t\t<\/div>\n\t\t<\/section>\n\t\t\t\t<\/div>\n\t\t","protected":false},"excerpt":{"rendered":"<p>Legal Notice Publication Director Mr. Fr\u00e9d\u00e9ric Rensonnet, delegated president of the Cours de civilisation fran\u00e7aise de la Sorbonne. Publisher SAS Cours de civilisation fran\u00e7aise de la Sorbonne. Personal Data Processing [&hellip;]<\/p>\n","protected":false},"author":8,"featured_media":0,"parent":0,"menu_order":0,"comment_status":"closed","ping_status":"closed","template":"","meta":{"_acf_changed":false,"footnotes":""},"class_list":["post-85118","page","type-page","status-publish","hentry"],"acf":[],"yoast_head":"<!-- This site is optimized with the Yoast SEO plugin v24.8.1 - https:\/\/yoast.com\/wordpress\/plugins\/seo\/ -->\n<title>Legal Notice - CCFS Sorbonne<\/title>\n<meta name=\"robots\" content=\"index, follow, max-snippet:-1, max-image-preview:large, max-video-preview:-1\" \/>\n<link rel=\"canonical\" href=\"https:\/\/prep.ccfs-sorbonne.fr\/en\/legal-notice\/\" \/>\n<meta property=\"og:locale\" content=\"en_US\" \/>\n<meta property=\"og:type\" content=\"article\" \/>\n<meta property=\"og:title\" content=\"Legal Notice - CCFS Sorbonne\" \/>\n<meta property=\"og:description\" content=\"Legal Notice Publication Director Mr. Fr\u00e9d\u00e9ric Rensonnet, delegated president of the Cours de civilisation fran\u00e7aise de la Sorbonne. Publisher SAS Cours de civilisation fran\u00e7aise de la Sorbonne. Personal Data Processing [&hellip;]\" \/>\n<meta property=\"og:url\" content=\"https:\/\/prep.ccfs-sorbonne.fr\/en\/legal-notice\/\" \/>\n<meta property=\"og:site_name\" content=\"CCFS Sorbonne\" \/>\n<meta property=\"article:modified_time\" content=\"2024-06-13T06:01:17+00:00\" \/>\n<meta name=\"twitter:card\" content=\"summary_large_image\" \/>\n<meta name=\"twitter:label1\" content=\"Est. reading time\" \/>\n\t<meta name=\"twitter:data1\" content=\"2 minutes\" \/>\n<script type=\"application\/ld+json\" class=\"yoast-schema-graph\">{\"@context\":\"https:\/\/schema.org\",\"@graph\":[{\"@type\":\"WebPage\",\"@id\":\"https:\/\/prep.ccfs-sorbonne.fr\/en\/legal-notice\/\",\"url\":\"https:\/\/prep.ccfs-sorbonne.fr\/en\/legal-notice\/\",\"name\":\"Legal Notice - CCFS Sorbonne\",\"isPartOf\":{\"@id\":\"https:\/\/www.ccfs-sorbonne.fr\/#website\"},\"datePublished\":\"2023-08-21T09:23:47+00:00\",\"dateModified\":\"2024-06-13T06:01:17+00:00\",\"breadcrumb\":{\"@id\":\"https:\/\/prep.ccfs-sorbonne.fr\/en\/legal-notice\/#breadcrumb\"},\"inLanguage\":\"en-US\",\"potentialAction\":[{\"@type\":\"ReadAction\",\"target\":[\"https:\/\/prep.ccfs-sorbonne.fr\/en\/legal-notice\/\"]}]},{\"@type\":\"BreadcrumbList\",\"@id\":\"https:\/\/prep.ccfs-sorbonne.fr\/en\/legal-notice\/#breadcrumb\",\"itemListElement\":[{\"@type\":\"ListItem\",\"position\":1,\"name\":\"Home\",\"item\":\"https:\/\/www.ccfs-sorbonne.fr\/\"},{\"@type\":\"ListItem\",\"position\":2,\"name\":\"Legal Notice\"}]},{\"@type\":\"WebSite\",\"@id\":\"https:\/\/www.ccfs-sorbonne.fr\/#website\",\"url\":\"https:\/\/www.ccfs-sorbonne.fr\/\",\"name\":\"CCFS Sorbonne\",\"description\":\"\",\"publisher\":{\"@id\":\"https:\/\/www.ccfs-sorbonne.fr\/#organization\"},\"potentialAction\":[{\"@type\":\"SearchAction\",\"target\":{\"@type\":\"EntryPoint\",\"urlTemplate\":\"https:\/\/www.ccfs-sorbonne.fr\/?s={search_term_string}\"},\"query-input\":{\"@type\":\"PropertyValueSpecification\",\"valueRequired\":true,\"valueName\":\"search_term_string\"}}],\"inLanguage\":\"en-US\"},{\"@type\":\"Organization\",\"@id\":\"https:\/\/www.ccfs-sorbonne.fr\/#organization\",\"name\":\"CCFS Sorbonne\",\"url\":\"https:\/\/www.ccfs-sorbonne.fr\/\",\"logo\":{\"@type\":\"ImageObject\",\"inLanguage\":\"en-US\",\"@id\":\"https:\/\/www.ccfs-sorbonne.fr\/#\/schema\/logo\/image\/\",\"url\":\"https:\/\/prep.ccfs-sorbonne.fr\/wp-content\/uploads\/2023\/11\/logo-ccfs-sorbonne.png\",\"contentUrl\":\"https:\/\/prep.ccfs-sorbonne.fr\/wp-content\/uploads\/2023\/11\/logo-ccfs-sorbonne.png\",\"width\":300,\"height\":120,\"caption\":\"CCFS Sorbonne\"},\"image\":{\"@id\":\"https:\/\/www.ccfs-sorbonne.fr\/#\/schema\/logo\/image\/\"}}]}<\/script>\n<!-- \/ Yoast SEO plugin. -->","yoast_head_json":{"title":"Legal Notice - CCFS Sorbonne","robots":{"index":"index","follow":"follow","max-snippet":"max-snippet:-1","max-image-preview":"max-image-preview:large","max-video-preview":"max-video-preview:-1"},"canonical":"https:\/\/prep.ccfs-sorbonne.fr\/en\/legal-notice\/","og_locale":"en_US","og_type":"article","og_title":"Legal Notice - CCFS Sorbonne","og_description":"Legal Notice Publication Director Mr. Fr\u00e9d\u00e9ric Rensonnet, delegated president of the Cours de civilisation fran\u00e7aise de la Sorbonne. Publisher SAS Cours de civilisation fran\u00e7aise de la Sorbonne. Personal Data Processing [&hellip;]","og_url":"https:\/\/prep.ccfs-sorbonne.fr\/en\/legal-notice\/","og_site_name":"CCFS Sorbonne","article_modified_time":"2024-06-13T06:01:17+00:00","twitter_card":"summary_large_image","twitter_misc":{"Est. reading time":"2 minutes"},"schema":{"@context":"https:\/\/schema.org","@graph":[{"@type":"WebPage","@id":"https:\/\/prep.ccfs-sorbonne.fr\/en\/legal-notice\/","url":"https:\/\/prep.ccfs-sorbonne.fr\/en\/legal-notice\/","name":"Legal Notice - CCFS Sorbonne","isPartOf":{"@id":"https:\/\/www.ccfs-sorbonne.fr\/#website"},"datePublished":"2023-08-21T09:23:47+00:00","dateModified":"2024-06-13T06:01:17+00:00","breadcrumb":{"@id":"https:\/\/prep.ccfs-sorbonne.fr\/en\/legal-notice\/#breadcrumb"},"inLanguage":"en-US","potentialAction":[{"@type":"ReadAction","target":["https:\/\/prep.ccfs-sorbonne.fr\/en\/legal-notice\/"]}]},{"@type":"BreadcrumbList","@id":"https:\/\/prep.ccfs-sorbonne.fr\/en\/legal-notice\/#breadcrumb","itemListElement":[{"@type":"ListItem","position":1,"name":"Home","item":"https:\/\/www.ccfs-sorbonne.fr\/"},{"@type":"ListItem","position":2,"name":"Legal Notice"}]},{"@type":"WebSite","@id":"https:\/\/www.ccfs-sorbonne.fr\/#website","url":"https:\/\/www.ccfs-sorbonne.fr\/","name":"CCFS Sorbonne","description":"","publisher":{"@id":"https:\/\/www.ccfs-sorbonne.fr\/#organization"},"potentialAction":[{"@type":"SearchAction","target":{"@type":"EntryPoint","urlTemplate":"https:\/\/www.ccfs-sorbonne.fr\/?s={search_term_string}"},"query-input":{"@type":"PropertyValueSpecification","valueRequired":true,"valueName":"search_term_string"}}],"inLanguage":"en-US"},{"@type":"Organization","@id":"https:\/\/www.ccfs-sorbonne.fr\/#organization","name":"CCFS Sorbonne","url":"https:\/\/www.ccfs-sorbonne.fr\/","logo":{"@type":"ImageObject","inLanguage":"en-US","@id":"https:\/\/www.ccfs-sorbonne.fr\/#\/schema\/logo\/image\/","url":"https:\/\/prep.ccfs-sorbonne.fr\/wp-content\/uploads\/2023\/11\/logo-ccfs-sorbonne.png","contentUrl":"https:\/\/prep.ccfs-sorbonne.fr\/wp-content\/uploads\/2023\/11\/logo-ccfs-sorbonne.png","width":300,"height":120,"caption":"CCFS Sorbonne"},"image":{"@id":"https:\/\/www.ccfs-sorbonne.fr\/#\/schema\/logo\/image\/"}}]}},"_links":{"self":[{"href":"https:\/\/prep.ccfs-sorbonne.fr\/en\/wp-json\/wp\/v2\/pages\/85118","targetHints":{"allow":["GET"]}}],"collection":[{"href":"https:\/\/prep.ccfs-sorbonne.fr\/en\/wp-json\/wp\/v2\/pages"}],"about":[{"href":"https:\/\/prep.ccfs-sorbonne.fr\/en\/wp-json\/wp\/v2\/types\/page"}],"author":[{"embeddable":true,"href":"https:\/\/prep.ccfs-sorbonne.fr\/en\/wp-json\/wp\/v2\/users\/8"}],"replies":[{"embeddable":true,"href":"https:\/\/prep.ccfs-sorbonne.fr\/en\/wp-json\/wp\/v2\/comments?post=85118"}],"version-history":[{"count":5,"href":"https:\/\/prep.ccfs-sorbonne.fr\/en\/wp-json\/wp\/v2\/pages\/85118\/revisions"}],"predecessor-version":[{"id":96300,"href":"https:\/\/prep.ccfs-sorbonne.fr\/en\/wp-json\/wp\/v2\/pages\/85118\/revisions\/96300"}],"wp:attachment":[{"href":"https:\/\/prep.ccfs-sorbonne.fr\/en\/wp-json\/wp\/v2\/media?parent=85118"}],"curies":[{"name":"wp","href":"https:\/\/api.w.org\/{rel}","templated":true}]}}