{"id":85104,"date":"2023-06-14T13:59:27","date_gmt":"2023-06-14T11:59:27","guid":{"rendered":"https:\/\/prep.ccfs-sorbonne.fr\/institution\/histoire-humanisme\/"},"modified":"2024-10-02T13:15:09","modified_gmt":"2024-10-02T11:15:09","slug":"history-humanism","status":"publish","type":"page","link":"https:\/\/prep.ccfs-sorbonne.fr\/en\/institution\/history-humanism\/","title":{"rendered":"History &#038; humanism"},"content":{"rendered":"\t\t<div data-elementor-type=\"wp-page\" data-elementor-id=\"85104\" class=\"elementor elementor-85104 elementor-535\" data-elementor-post-type=\"page\">\n\t\t\t\t\t\t<section class=\"elementor-section elementor-top-section elementor-element elementor-element-f89acc6 elementor-section-stretched elementor-section-boxed elementor-section-height-default elementor-section-height-default\" data-id=\"f89acc6\" data-element_type=\"section\" data-settings=\"{&quot;stretch_section&quot;:&quot;section-stretched&quot;,&quot;background_background&quot;:&quot;classic&quot;}\">\n\t\t\t\t\t\t\t<div class=\"elementor-background-overlay\"><\/div>\n\t\t\t\t\t\t\t<div class=\"elementor-container elementor-column-gap-default\">\n\t\t\t\t\t<div class=\"elementor-column elementor-col-100 elementor-top-column elementor-element elementor-element-7ae2f7d\" data-id=\"7ae2f7d\" data-element_type=\"column\">\n\t\t\t<div class=\"elementor-widget-wrap elementor-element-populated\">\n\t\t\t\t\t\t<section class=\"elementor-section elementor-inner-section elementor-element elementor-element-0557690 elementor-section-boxed elementor-section-height-default elementor-section-height-default\" data-id=\"0557690\" data-element_type=\"section\">\n\t\t\t\t\t\t<div class=\"elementor-container elementor-column-gap-default\">\n\t\t\t\t\t<div class=\"elementor-column elementor-col-50 elementor-inner-column elementor-element elementor-element-5dca164\" data-id=\"5dca164\" data-element_type=\"column\">\n\t\t\t<div class=\"elementor-widget-wrap elementor-element-populated\">\n\t\t\t\t\t\t<div class=\"elementor-element elementor-element-b034f1d elementor-widget elementor-widget-heading\" data-id=\"b034f1d\" data-element_type=\"widget\" data-widget_type=\"heading.default\">\n\t\t\t\t<div class=\"elementor-widget-container\">\n\t\t\t\t\t<h1 class=\"elementor-heading-title elementor-size-default\">History &amp; Humanism <\/h1>\t\t\t\t<\/div>\n\t\t\t\t<\/div>\n\t\t\t\t\t<\/div>\n\t\t<\/div>\n\t\t\t\t<div class=\"elementor-column elementor-col-50 elementor-inner-column elementor-element elementor-element-4f9e0b4 elementor-hidden-mobile elementor-hidden-tablet\" data-id=\"4f9e0b4\" data-element_type=\"column\">\n\t\t\t<div class=\"elementor-widget-wrap elementor-element-populated\">\n\t\t\t\t\t\t<div class=\"elementor-element elementor-element-e496a83 elementor-widget elementor-widget-image\" data-id=\"e496a83\" data-element_type=\"widget\" data-widget_type=\"image.default\">\n\t\t\t\t<div class=\"elementor-widget-container\">\n\t\t\t\t\t\t\t\t\t\t\t\t\t\t\t<img fetchpriority=\"high\" decoding=\"async\" width=\"300\" height=\"400\" src=\"https:\/\/prep.ccfs-sorbonne.fr\/wp-content\/uploads\/2024\/07\/etudiant-13-ccfs-1.png\" class=\"attachment-full size-full wp-image-97537\" alt=\"\" srcset=\"https:\/\/prep.ccfs-sorbonne.fr\/wp-content\/uploads\/2024\/07\/etudiant-13-ccfs-1.png 300w, https:\/\/prep.ccfs-sorbonne.fr\/wp-content\/uploads\/2024\/07\/etudiant-13-ccfs-1-225x300.png 225w\" sizes=\"(max-width: 300px) 100vw, 300px\" \/>\t\t\t\t\t\t\t\t\t\t\t\t\t\t\t<\/div>\n\t\t\t\t<\/div>\n\t\t\t\t\t<\/div>\n\t\t<\/div>\n\t\t\t\t\t<\/div>\n\t\t<\/section>\n\t\t\t\t\t<\/div>\n\t\t<\/div>\n\t\t\t\t\t<\/div>\n\t\t<\/section>\n\t\t\t\t<section class=\"elementor-section elementor-top-section elementor-element elementor-element-4ea16cb8 elementor-section-stretched elementor-section-boxed elementor-section-height-default elementor-section-height-default\" data-id=\"4ea16cb8\" data-element_type=\"section\" data-settings=\"{&quot;stretch_section&quot;:&quot;section-stretched&quot;}\">\n\t\t\t\t\t\t<div class=\"elementor-container elementor-column-gap-default\">\n\t\t\t\t\t<div class=\"elementor-column elementor-col-100 elementor-top-column elementor-element elementor-element-1862a6c7\" data-id=\"1862a6c7\" data-element_type=\"column\">\n\t\t\t<div class=\"elementor-widget-wrap elementor-element-populated\">\n\t\t\t\t\t\t<div class=\"elementor-element elementor-element-c8145ff elementor-widget elementor-widget-global elementor-global-82281 elementor-widget-breadcrumbs\" data-id=\"c8145ff\" data-element_type=\"widget\" data-widget_type=\"breadcrumbs.default\">\n\t\t\t\t<div class=\"elementor-widget-container\">\n\t\t\t\t\t<p id=\"breadcrumbs\"><span><span><a href=\"https:\/\/www.ccfs-sorbonne.fr\/\">Home<\/a><\/span><\/span><\/p>\t\t\t\t<\/div>\n\t\t\t\t<\/div>\n\t\t\t\t<div class=\"elementor-element elementor-element-30cc80b4 elementor-widget elementor-widget-text-editor\" data-id=\"30cc80b4\" data-element_type=\"widget\" data-widget_type=\"text-editor.default\">\n\t\t\t\t<div class=\"elementor-widget-container\">\n\t\t\t\t\t\t\t\t\t<h2>A historic institution, a century ensuring the promotion of French language around the world<\/h2><p><a href=\"https:\/\/prep.ccfs-sorbonne.fr\/en\/institution\/#\">The Cours de civilisation fran\u00e7aise de la Sorbonne<\/a> was founded in 1919 with a main goal: contributing to peace between peoples by supporting student exchanges. Acting at the time within the framework of the Soci\u00e9t\u00e9 des Amis de l\u2019Universit\u00e9 de Paris (Society of Friends of the University of Paris) created in 1899, the CCFS contributed to ensure the influence of French higher education.<\/p><p>In 2009, the CCFS were placed under the direction of the Robert de Sorbon Foundation which is recognized as being of public utility. A new legal reorganization in 2021 finally gave birth to the subsidiary \u201cSorbon Langue Fran\u00e7aise\u201d, the Cours de civilisation fran\u00e7aise de la Sorbonne now constituting an SAS, \u201cSoci\u00e9t\u00e9 \u00e0 mission\u201d.<\/p><h2>History of the CCFS: an institution shaped by its humanism roots<\/h2><p>The Cours de Civilisation Fran\u00e7aise de la Sorbonne were founded in 1919, a year which also saw the birth of the CIUP (Cit\u00e9 Internationale Universitaire de Paris); just like the later, the CCFS aimed to promote the re-establishment of fraternity between peoples by supporting international student exchanges. The Society of Friends of the University of Paris, under whose leadership the CCFS were created, has distinguished itself over time by prestigious representatives: the Presidents of the Republic Jean-Casimir Perier and Raymond Poincar\u00e9, the Nobel Peace Prize Winer Ren\u00e9 Cassin to name a few<\/p><p>After the division of the University of Paris in 1970, the structure became the &#8220;Society of Friends of the Universities of Paris&#8221;, an association under the law of 1901 recognized as being of public utility. In 2009, it underwent a new transformation to give birth to the Robert de Sorbon Foundation. Finally, in 2021, the Sorbon Langue Fran\u00e7aise subsidiary enabled the French civilization courses at the Sorbonne to be counted among the companies with a mission as defined by the PACTE law. An opportunity to affirm its will to promote the teaching of the French language and civilization.<\/p><h2>The Institution today<\/h2><p>The structure now brings together around 60 employees, including forty teachers on permanent contracts and a group of temporary teachers. Teachers must have at least a master&#8217;s degree, although some have obtained a doctorate.<\/p><p>In addition, the institution is distinguished by the labeling procedures which confirm the quality of the courses offered by the CCFS: since its first application, it has had all the stars awarded under the various headings of the Quality label FLE &#8211; Fran\u00e7ais Langue \u00e9trang\u00e8re, French as Foreign language \u2013 issued by France Education International. The CCFS also has the &#8220;Qualiopi&#8221; label addressing continuous training. Last but not least, the institution is a member of ADCUEFE, which brings together French university structures teaching French as a foreign language.<\/p>\t\t\t\t\t\t\t\t<\/div>\n\t\t\t\t<\/div>\n\t\t\t\t\t<\/div>\n\t\t<\/div>\n\t\t\t\t\t<\/div>\n\t\t<\/section>\n\t\t<div class=\"elementor-element elementor-element-9e859c2 e-flex e-con-boxed e-con e-parent\" data-id=\"9e859c2\" data-element_type=\"container\">\n\t\t\t\t\t<div class=\"e-con-inner\">\n\t\t\t\t<div class=\"elementor-element elementor-element-0fa5457 elementor-widget-divider--view-line elementor-widget elementor-widget-divider\" data-id=\"0fa5457\" data-element_type=\"widget\" data-widget_type=\"divider.default\">\n\t\t\t\t<div class=\"elementor-widget-container\">\n\t\t\t\t\t\t\t<div class=\"elementor-divider\">\n\t\t\t<span class=\"elementor-divider-separator\">\n\t\t\t\t\t\t<\/span>\n\t\t<\/div>\n\t\t\t\t\t\t<\/div>\n\t\t\t\t<\/div>\n\t\t\t\t<div class=\"elementor-element elementor-element-d27dcb5 elementor-widget elementor-widget-shortcode\" data-id=\"d27dcb5\" data-element_type=\"widget\" data-widget_type=\"shortcode.default\">\n\t\t\t\t<div class=\"elementor-widget-container\">\n\t\t\t\t\t\t\t<div class=\"elementor-shortcode\"><ul class='listing-page-soeur'><li class='bloc-page-soeur'><a class='image-soeur' style='background:url(https:\/\/prep.ccfs-sorbonne.fr\/wp-content\/uploads\/2025\/06\/CCFS-10.06.25-Benoit-Diacre-61-scaled.jpg)' href='https:\/\/prep.ccfs-sorbonne.fr\/en\/institution\/cours-de-civilisation-francaise-de-la-sorbonne\/' title='Cours de civilisation fran&ccedil;aise de la Sorbonne'><\/a><div class='detail-soeur'><div class='nom-page-soeur'><h2><a href='https:\/\/prep.ccfs-sorbonne.fr\/en\/institution\/cours-de-civilisation-francaise-de-la-sorbonne\/' title='Cours de civilisation fran&ccedil;aise de la Sorbonne'>Cours de civilisation fran\u00e7aise de la Sorbonne<\/a><\/h2><\/div><\/div><\/li><li class='bloc-page-soeur'><a class='image-soeur' style='background:url(https:\/\/prep.ccfs-sorbonne.fr\/wp-content\/uploads\/2023\/11\/Sans-titre-82-min.jpg)' href='https:\/\/prep.ccfs-sorbonne.fr\/en\/institution\/academic-partnerships\/' title='Academic partnerships'><\/a><div class='detail-soeur'><div class='nom-page-soeur'><h2><a href='https:\/\/prep.ccfs-sorbonne.fr\/en\/institution\/academic-partnerships\/' title='Academic partnerships'>Academic partnerships<\/a><\/h2><\/div><\/div><\/li><li class='bloc-page-soeur'><a class='image-soeur' style='background:url(https:\/\/prep.ccfs-sorbonne.fr\/wp-content\/uploads\/2024\/03\/Recognity-Cours-de-Civilisation-de-la-Sorbonne-09.02.24-Benoit-Diacre-64.jpg)' href='https:\/\/prep.ccfs-sorbonne.fr\/en\/institution\/educational-expertise\/' title='Educational expertise'><\/a><div class='detail-soeur'><div class='nom-page-soeur'><h2><a href='https:\/\/prep.ccfs-sorbonne.fr\/en\/institution\/educational-expertise\/' title='Educational expertise'>Educational expertise<\/a><\/h2><\/div><\/div><\/li><li class='bloc-page-soeur'><a class='image-soeur' style='background:url(https:\/\/prep.ccfs-sorbonne.fr\/wp-content\/uploads\/2023\/10\/Photo-Facade-FRDS.jpg)' href='https:\/\/prep.ccfs-sorbonne.fr\/en\/institution\/robert-de-sorbon-foundation\/' title='Robert de Sorbon Foundation'><\/a><div class='detail-soeur'><div class='nom-page-soeur'><h2><a href='https:\/\/prep.ccfs-sorbonne.fr\/en\/institution\/robert-de-sorbon-foundation\/' title='Robert de Sorbon Foundation'>Robert de Sorbon Foundation<\/a><\/h2><\/div><\/div><\/li><\/ul><\/div>\n\t\t\t\t\t\t<\/div>\n\t\t\t\t<\/div>\n\t\t\t\t\t<\/div>\n\t\t\t\t<\/div>\n\t\t\t\t<\/div>\n\t\t","protected":false},"excerpt":{"rendered":"<p>History &amp; Humanism A historic institution, a century ensuring the promotion of French language around the world The Cours de civilisation fran\u00e7aise de la Sorbonne was founded in 1919 with [&hellip;]<\/p>\n","protected":false},"author":8,"featured_media":90047,"parent":85096,"menu_order":2,"comment_status":"closed","ping_status":"closed","template":"","meta":{"_acf_changed":false,"footnotes":""},"class_list":["post-85104","page","type-page","status-publish","has-post-thumbnail","hentry"],"acf":[],"yoast_head":"<!-- This site is optimized with the Yoast SEO plugin v24.8.1 - https:\/\/yoast.com\/wordpress\/plugins\/seo\/ -->\n<title>CCFS: french language, culture and humanism<\/title>\n<meta name=\"description\" content=\"The secular history of the CCFS testifies to the humanist vocation of this institution which promotes the teaching of the French language and cultural exchanges\" \/>\n<meta name=\"robots\" content=\"index, follow, max-snippet:-1, max-image-preview:large, max-video-preview:-1\" \/>\n<link rel=\"canonical\" href=\"https:\/\/prep.ccfs-sorbonne.fr\/en\/institution\/history-humanism\/\" \/>\n<meta property=\"og:locale\" content=\"en_US\" \/>\n<meta property=\"og:type\" content=\"article\" \/>\n<meta property=\"og:title\" content=\"CCFS: french language, culture and humanism\" \/>\n<meta property=\"og:description\" content=\"The secular history of the CCFS testifies to the humanist vocation of this institution which promotes the teaching of the French language and cultural exchanges\" \/>\n<meta property=\"og:url\" content=\"https:\/\/prep.ccfs-sorbonne.fr\/en\/institution\/history-humanism\/\" \/>\n<meta property=\"og:site_name\" content=\"CCFS Sorbonne\" \/>\n<meta property=\"article:modified_time\" content=\"2024-10-02T11:15:09+00:00\" \/>\n<meta property=\"og:image\" content=\"https:\/\/www.ccfs-sorbonne.fr\/wp-content\/uploads\/2023\/11\/RdS-8_OKHD.jpg\" \/>\n\t<meta property=\"og:image:width\" content=\"1920\" \/>\n\t<meta property=\"og:image:height\" content=\"1280\" \/>\n\t<meta property=\"og:image:type\" content=\"image\/jpeg\" \/>\n<meta name=\"twitter:card\" content=\"summary_large_image\" \/>\n<meta name=\"twitter:label1\" content=\"Est. reading time\" \/>\n\t<meta name=\"twitter:data1\" content=\"3 minutes\" \/>\n<script type=\"application\/ld+json\" class=\"yoast-schema-graph\">{\"@context\":\"https:\/\/schema.org\",\"@graph\":[{\"@type\":\"WebPage\",\"@id\":\"https:\/\/prep.ccfs-sorbonne.fr\/en\/institution\/history-humanism\/\",\"url\":\"https:\/\/prep.ccfs-sorbonne.fr\/en\/institution\/history-humanism\/\",\"name\":\"CCFS: french language, culture and humanism\",\"isPartOf\":{\"@id\":\"https:\/\/www.ccfs-sorbonne.fr\/#website\"},\"primaryImageOfPage\":{\"@id\":\"https:\/\/prep.ccfs-sorbonne.fr\/en\/institution\/history-humanism\/#primaryimage\"},\"image\":{\"@id\":\"https:\/\/prep.ccfs-sorbonne.fr\/en\/institution\/history-humanism\/#primaryimage\"},\"thumbnailUrl\":\"https:\/\/prep.ccfs-sorbonne.fr\/wp-content\/uploads\/2023\/11\/RdS-8_OKHD.jpg\",\"datePublished\":\"2023-06-14T11:59:27+00:00\",\"dateModified\":\"2024-10-02T11:15:09+00:00\",\"description\":\"The secular history of the CCFS testifies to the humanist vocation of this institution which promotes the teaching of the French language and cultural exchanges\",\"breadcrumb\":{\"@id\":\"https:\/\/prep.ccfs-sorbonne.fr\/en\/institution\/history-humanism\/#breadcrumb\"},\"inLanguage\":\"en-US\",\"potentialAction\":[{\"@type\":\"ReadAction\",\"target\":[\"https:\/\/prep.ccfs-sorbonne.fr\/en\/institution\/history-humanism\/\"]}]},{\"@type\":\"ImageObject\",\"inLanguage\":\"en-US\",\"@id\":\"https:\/\/prep.ccfs-sorbonne.fr\/en\/institution\/history-humanism\/#primaryimage\",\"url\":\"https:\/\/prep.ccfs-sorbonne.fr\/wp-content\/uploads\/2023\/11\/RdS-8_OKHD.jpg\",\"contentUrl\":\"https:\/\/prep.ccfs-sorbonne.fr\/wp-content\/uploads\/2023\/11\/RdS-8_OKHD.jpg\",\"width\":1920,\"height\":1280,\"caption\":\"CCFS, l'institution\"},{\"@type\":\"BreadcrumbList\",\"@id\":\"https:\/\/prep.ccfs-sorbonne.fr\/en\/institution\/history-humanism\/#breadcrumb\",\"itemListElement\":[{\"@type\":\"ListItem\",\"position\":1,\"name\":\"Home\",\"item\":\"https:\/\/www.ccfs-sorbonne.fr\/\"},{\"@type\":\"ListItem\",\"position\":2,\"name\":\"Institution\",\"item\":\"https:\/\/www.ccfs-sorbonne.fr\/en\/institution\/\"},{\"@type\":\"ListItem\",\"position\":3,\"name\":\"History &#038; humanism\"}]},{\"@type\":\"WebSite\",\"@id\":\"https:\/\/www.ccfs-sorbonne.fr\/#website\",\"url\":\"https:\/\/www.ccfs-sorbonne.fr\/\",\"name\":\"CCFS Sorbonne\",\"description\":\"\",\"publisher\":{\"@id\":\"https:\/\/www.ccfs-sorbonne.fr\/#organization\"},\"potentialAction\":[{\"@type\":\"SearchAction\",\"target\":{\"@type\":\"EntryPoint\",\"urlTemplate\":\"https:\/\/www.ccfs-sorbonne.fr\/?s={search_term_string}\"},\"query-input\":{\"@type\":\"PropertyValueSpecification\",\"valueRequired\":true,\"valueName\":\"search_term_string\"}}],\"inLanguage\":\"en-US\"},{\"@type\":\"Organization\",\"@id\":\"https:\/\/www.ccfs-sorbonne.fr\/#organization\",\"name\":\"CCFS Sorbonne\",\"url\":\"https:\/\/www.ccfs-sorbonne.fr\/\",\"logo\":{\"@type\":\"ImageObject\",\"inLanguage\":\"en-US\",\"@id\":\"https:\/\/www.ccfs-sorbonne.fr\/#\/schema\/logo\/image\/\",\"url\":\"https:\/\/prep.ccfs-sorbonne.fr\/wp-content\/uploads\/2023\/11\/logo-ccfs-sorbonne.png\",\"contentUrl\":\"https:\/\/prep.ccfs-sorbonne.fr\/wp-content\/uploads\/2023\/11\/logo-ccfs-sorbonne.png\",\"width\":300,\"height\":120,\"caption\":\"CCFS Sorbonne\"},\"image\":{\"@id\":\"https:\/\/www.ccfs-sorbonne.fr\/#\/schema\/logo\/image\/\"}}]}<\/script>\n<!-- \/ Yoast SEO plugin. -->","yoast_head_json":{"title":"CCFS: french language, culture and humanism","description":"The secular history of the CCFS testifies to the humanist vocation of this institution which promotes the teaching of the French language and cultural exchanges","robots":{"index":"index","follow":"follow","max-snippet":"max-snippet:-1","max-image-preview":"max-image-preview:large","max-video-preview":"max-video-preview:-1"},"canonical":"https:\/\/prep.ccfs-sorbonne.fr\/en\/institution\/history-humanism\/","og_locale":"en_US","og_type":"article","og_title":"CCFS: french language, culture and humanism","og_description":"The secular history of the CCFS testifies to the humanist vocation of this institution which promotes the teaching of the French language and cultural exchanges","og_url":"https:\/\/prep.ccfs-sorbonne.fr\/en\/institution\/history-humanism\/","og_site_name":"CCFS Sorbonne","article_modified_time":"2024-10-02T11:15:09+00:00","og_image":[{"width":1920,"height":1280,"url":"https:\/\/www.ccfs-sorbonne.fr\/wp-content\/uploads\/2023\/11\/RdS-8_OKHD.jpg","type":"image\/jpeg"}],"twitter_card":"summary_large_image","twitter_misc":{"Est. reading time":"3 minutes"},"schema":{"@context":"https:\/\/schema.org","@graph":[{"@type":"WebPage","@id":"https:\/\/prep.ccfs-sorbonne.fr\/en\/institution\/history-humanism\/","url":"https:\/\/prep.ccfs-sorbonne.fr\/en\/institution\/history-humanism\/","name":"CCFS: french language, culture and humanism","isPartOf":{"@id":"https:\/\/www.ccfs-sorbonne.fr\/#website"},"primaryImageOfPage":{"@id":"https:\/\/prep.ccfs-sorbonne.fr\/en\/institution\/history-humanism\/#primaryimage"},"image":{"@id":"https:\/\/prep.ccfs-sorbonne.fr\/en\/institution\/history-humanism\/#primaryimage"},"thumbnailUrl":"https:\/\/prep.ccfs-sorbonne.fr\/wp-content\/uploads\/2023\/11\/RdS-8_OKHD.jpg","datePublished":"2023-06-14T11:59:27+00:00","dateModified":"2024-10-02T11:15:09+00:00","description":"The secular history of the CCFS testifies to the humanist vocation of this institution which promotes the teaching of the French language and cultural exchanges","breadcrumb":{"@id":"https:\/\/prep.ccfs-sorbonne.fr\/en\/institution\/history-humanism\/#breadcrumb"},"inLanguage":"en-US","potentialAction":[{"@type":"ReadAction","target":["https:\/\/prep.ccfs-sorbonne.fr\/en\/institution\/history-humanism\/"]}]},{"@type":"ImageObject","inLanguage":"en-US","@id":"https:\/\/prep.ccfs-sorbonne.fr\/en\/institution\/history-humanism\/#primaryimage","url":"https:\/\/prep.ccfs-sorbonne.fr\/wp-content\/uploads\/2023\/11\/RdS-8_OKHD.jpg","contentUrl":"https:\/\/prep.ccfs-sorbonne.fr\/wp-content\/uploads\/2023\/11\/RdS-8_OKHD.jpg","width":1920,"height":1280,"caption":"CCFS, l'institution"},{"@type":"BreadcrumbList","@id":"https:\/\/prep.ccfs-sorbonne.fr\/en\/institution\/history-humanism\/#breadcrumb","itemListElement":[{"@type":"ListItem","position":1,"name":"Home","item":"https:\/\/www.ccfs-sorbonne.fr\/"},{"@type":"ListItem","position":2,"name":"Institution","item":"https:\/\/www.ccfs-sorbonne.fr\/en\/institution\/"},{"@type":"ListItem","position":3,"name":"History &#038; humanism"}]},{"@type":"WebSite","@id":"https:\/\/www.ccfs-sorbonne.fr\/#website","url":"https:\/\/www.ccfs-sorbonne.fr\/","name":"CCFS Sorbonne","description":"","publisher":{"@id":"https:\/\/www.ccfs-sorbonne.fr\/#organization"},"potentialAction":[{"@type":"SearchAction","target":{"@type":"EntryPoint","urlTemplate":"https:\/\/www.ccfs-sorbonne.fr\/?s={search_term_string}"},"query-input":{"@type":"PropertyValueSpecification","valueRequired":true,"valueName":"search_term_string"}}],"inLanguage":"en-US"},{"@type":"Organization","@id":"https:\/\/www.ccfs-sorbonne.fr\/#organization","name":"CCFS Sorbonne","url":"https:\/\/www.ccfs-sorbonne.fr\/","logo":{"@type":"ImageObject","inLanguage":"en-US","@id":"https:\/\/www.ccfs-sorbonne.fr\/#\/schema\/logo\/image\/","url":"https:\/\/prep.ccfs-sorbonne.fr\/wp-content\/uploads\/2023\/11\/logo-ccfs-sorbonne.png","contentUrl":"https:\/\/prep.ccfs-sorbonne.fr\/wp-content\/uploads\/2023\/11\/logo-ccfs-sorbonne.png","width":300,"height":120,"caption":"CCFS Sorbonne"},"image":{"@id":"https:\/\/www.ccfs-sorbonne.fr\/#\/schema\/logo\/image\/"}}]}},"_links":{"self":[{"href":"https:\/\/prep.ccfs-sorbonne.fr\/en\/wp-json\/wp\/v2\/pages\/85104","targetHints":{"allow":["GET"]}}],"collection":[{"href":"https:\/\/prep.ccfs-sorbonne.fr\/en\/wp-json\/wp\/v2\/pages"}],"about":[{"href":"https:\/\/prep.ccfs-sorbonne.fr\/en\/wp-json\/wp\/v2\/types\/page"}],"author":[{"embeddable":true,"href":"https:\/\/prep.ccfs-sorbonne.fr\/en\/wp-json\/wp\/v2\/users\/8"}],"replies":[{"embeddable":true,"href":"https:\/\/prep.ccfs-sorbonne.fr\/en\/wp-json\/wp\/v2\/comments?post=85104"}],"version-history":[{"count":5,"href":"https:\/\/prep.ccfs-sorbonne.fr\/en\/wp-json\/wp\/v2\/pages\/85104\/revisions"}],"predecessor-version":[{"id":98972,"href":"https:\/\/prep.ccfs-sorbonne.fr\/en\/wp-json\/wp\/v2\/pages\/85104\/revisions\/98972"}],"up":[{"embeddable":true,"href":"https:\/\/prep.ccfs-sorbonne.fr\/en\/wp-json\/wp\/v2\/pages\/85096"}],"wp:featuredmedia":[{"embeddable":true,"href":"https:\/\/prep.ccfs-sorbonne.fr\/en\/wp-json\/wp\/v2\/media\/90047"}],"wp:attachment":[{"href":"https:\/\/prep.ccfs-sorbonne.fr\/en\/wp-json\/wp\/v2\/media?parent=85104"}],"curies":[{"name":"wp","href":"https:\/\/api.w.org\/{rel}","templated":true}]}}