{"id":85073,"date":"2023-08-24T10:08:21","date_gmt":"2023-08-24T08:08:21","guid":{"rendered":"https:\/\/prep.ccfs-sorbonne.fr\/info-enrolment\/faq\/quest-ce-que-le-label-fle\/"},"modified":"2024-06-13T07:59:26","modified_gmt":"2024-06-13T05:59:26","slug":"what-is-the-fle-label","status":"publish","type":"page","link":"https:\/\/prep.ccfs-sorbonne.fr\/en\/info-registration\/faq\/what-is-the-fle-label\/","title":{"rendered":"What is the FLE label?"},"content":{"rendered":"\t\t<div data-elementor-type=\"wp-page\" data-elementor-id=\"85073\" class=\"elementor elementor-85073 elementor-82269\" data-elementor-post-type=\"page\">\n\t\t\t\t\t\t<section class=\"elementor-section elementor-top-section elementor-element elementor-element-2a876140 elementor-section-stretched elementor-section-boxed elementor-section-height-default elementor-section-height-default\" data-id=\"2a876140\" data-element_type=\"section\" data-settings=\"{&quot;stretch_section&quot;:&quot;section-stretched&quot;,&quot;background_background&quot;:&quot;classic&quot;}\">\n\t\t\t\t\t\t<div class=\"elementor-container elementor-column-gap-default\">\n\t\t\t\t\t<div class=\"elementor-column elementor-col-100 elementor-top-column elementor-element elementor-element-5738099e\" data-id=\"5738099e\" data-element_type=\"column\">\n\t\t\t<div class=\"elementor-widget-wrap elementor-element-populated\">\n\t\t\t\t\t\t<section class=\"elementor-section elementor-inner-section elementor-element elementor-element-36686ed5 elementor-section-boxed elementor-section-height-default elementor-section-height-default\" data-id=\"36686ed5\" data-element_type=\"section\">\n\t\t\t\t\t\t<div class=\"elementor-container elementor-column-gap-default\">\n\t\t\t\t\t<div class=\"elementor-column elementor-col-100 elementor-inner-column elementor-element elementor-element-463a2566\" data-id=\"463a2566\" data-element_type=\"column\">\n\t\t\t<div class=\"elementor-widget-wrap elementor-element-populated\">\n\t\t\t\t\t\t<div class=\"elementor-element elementor-element-13bd990c elementor-widget elementor-widget-heading\" data-id=\"13bd990c\" data-element_type=\"widget\" data-widget_type=\"heading.default\">\n\t\t\t\t<div class=\"elementor-widget-container\">\n\t\t\t\t\t<h1 class=\"elementor-heading-title elementor-size-default\">What is the FLE label?<\/h1>\t\t\t\t<\/div>\n\t\t\t\t<\/div>\n\t\t\t\t\t<\/div>\n\t\t<\/div>\n\t\t\t\t\t<\/div>\n\t\t<\/section>\n\t\t\t\t\t<\/div>\n\t\t<\/div>\n\t\t\t\t\t<\/div>\n\t\t<\/section>\n\t\t\t\t<section class=\"elementor-section elementor-top-section elementor-element elementor-element-7ad61c1e elementor-section-stretched elementor-section-boxed elementor-section-height-default elementor-section-height-default\" data-id=\"7ad61c1e\" data-element_type=\"section\" data-settings=\"{&quot;stretch_section&quot;:&quot;section-stretched&quot;}\">\n\t\t\t\t\t\t<div class=\"elementor-container elementor-column-gap-default\">\n\t\t\t\t\t<div class=\"elementor-column elementor-col-100 elementor-top-column elementor-element elementor-element-3334e130\" data-id=\"3334e130\" data-element_type=\"column\">\n\t\t\t<div class=\"elementor-widget-wrap elementor-element-populated\">\n\t\t\t\t\t\t<div class=\"elementor-element elementor-element-6694d5b elementor-widget elementor-widget-global elementor-global-82281 elementor-widget-breadcrumbs\" data-id=\"6694d5b\" data-element_type=\"widget\" data-widget_type=\"breadcrumbs.default\">\n\t\t\t\t<div class=\"elementor-widget-container\">\n\t\t\t\t\t<p id=\"breadcrumbs\"><span><span><a href=\"https:\/\/www.ccfs-sorbonne.fr\/\">Home<\/a><\/span><\/span><\/p>\t\t\t\t<\/div>\n\t\t\t\t<\/div>\n\t\t\t\t<div class=\"elementor-element elementor-element-723b81b3 elementor-widget elementor-widget-text-editor\" data-id=\"723b81b3\" data-element_type=\"widget\" data-widget_type=\"text-editor.default\">\n\t\t\t\t<div class=\"elementor-widget-container\">\n\t\t\t\t\t\t\t\t\t<p>FLE &#8211;<a href=\"https:\/\/prep.ccfs-sorbonne.fr\/en\/info-registration\/faq\/#\/\"> &#8220;fran\u00e7ais langue \u00e9trang\u00e8re&#8221;<\/a> or French as a foreign language \u2013 identifies and promote French language schools whose teachings offer significant guarantees of quality.<\/p><p>Created in 2007 by decree, the FLE quality label is issued by several French Ministries &#8211; Europe and Foreign Affairs; Education, Research and Innovation; and Culture.<\/p><p>Through this label, public authorities support a French network of institutes and alliances in their development of reliable linguistic teachings<\/p><p>By ensuring a constant optimization of all courses offered by certified centers and establishments, the FLE label guarantees a linguistic offer suitable to the needs of the public, especially international students.<\/p><p>The Cours de Civilisation de La Sorbonne (Sorbonne&#8217;s French civilization courses) have thus obtained this quality label thanks to the effective and innovative teaching methods of their professors, as well as the framework provided to students wishing to learn French<\/p><p>The FLE labeling process presupposes compliance with several criteria relating to 5 fundamental areas:<\/p><ul><li>Training and teaching: the teachings offered by the center or school must fall within the common European framework of reference for languages. Students shall receive a certificate attesting to their level at the end of their training.<\/li><li>Teachers and staff: labeled establishments demonstrate a high level of competence, professors being recruited according to specific procedures.<\/li><li>Reception and support: students must have access to all information that will allow them to choose a school according to their real needs. Establishments that benefit from the FLE label must provide an efficient and welcoming environment<\/li><li>Premises and equipment: students and teachers in a FLE-labeled establishment should benefit from good work conditions, the premises obviously having to meet safety standards and regulations. The working environment must be highly qualitative and therefore requires quality equipment<\/li><li>Management: establishments with the FLE label set their strategic objectives and are committed to maintaining the quality of teaching and ethics<\/li><\/ul>\t\t\t\t\t\t\t\t<\/div>\n\t\t\t\t<\/div>\n\t\t\t\t\t<\/div>\n\t\t<\/div>\n\t\t\t\t\t<\/div>\n\t\t<\/section>\n\t\t<div class=\"elementor-element elementor-element-4db6b2e e-flex e-con-boxed e-con e-parent\" data-id=\"4db6b2e\" data-element_type=\"container\">\n\t\t\t\t\t<div class=\"e-con-inner\">\n\t\t\t\t<div class=\"elementor-element elementor-element-9cc3203 elementor-widget-divider--view-line elementor-widget elementor-widget-divider\" data-id=\"9cc3203\" data-element_type=\"widget\" data-widget_type=\"divider.default\">\n\t\t\t\t<div class=\"elementor-widget-container\">\n\t\t\t\t\t\t\t<div class=\"elementor-divider\">\n\t\t\t<span class=\"elementor-divider-separator\">\n\t\t\t\t\t\t<\/span>\n\t\t<\/div>\n\t\t\t\t\t\t<\/div>\n\t\t\t\t<\/div>\n\t\t\t\t<div class=\"elementor-element elementor-element-b4e72b6 elementor-widget elementor-widget-shortcode\" data-id=\"b4e72b6\" data-element_type=\"widget\" data-widget_type=\"shortcode.default\">\n\t\t\t\t<div class=\"elementor-widget-container\">\n\t\t\t\t\t\t\t<div class=\"elementor-shortcode\"><ul class='listing-page-soeur'><li class='bloc-page-soeur'><a class='image-soeur' style='background:url(https:\/\/prep.ccfs-sorbonne.fr\/wp-content\/uploads\/2025\/06\/CCFS-10.06.25-Benoit-Diacre-39-scaled.jpg)' href='https:\/\/prep.ccfs-sorbonne.fr\/en\/info-registration\/faq\/do-ccfs-offer-language-courses-for-professionals\/' title='Do CCFS offer language courses for professionals?'><\/a><div class='detail-soeur'><div class='nom-page-soeur'><h2><a href='https:\/\/prep.ccfs-sorbonne.fr\/en\/info-registration\/faq\/do-ccfs-offer-language-courses-for-professionals\/' title='Do CCFS offer language courses for professionals?'>Do CCFS offer language courses for professionals?<\/a><\/h2><\/div><\/div><\/li><li class='bloc-page-soeur'><a class='image-soeur' style='background:url(https:\/\/prep.ccfs-sorbonne.fr\/wp-content\/uploads\/2025\/06\/CCFS-10.06.25-Benoit-Diacre-1-1-scaled.jpg)' href='https:\/\/prep.ccfs-sorbonne.fr\/en\/info-registration\/faq\/what-is-the-content-of-a-french-civilization-course\/' title='What is the content of a French civilization course?'><\/a><div class='detail-soeur'><div class='nom-page-soeur'><h2><a href='https:\/\/prep.ccfs-sorbonne.fr\/en\/info-registration\/faq\/what-is-the-content-of-a-french-civilization-course\/' title='What is the content of a French civilization course?'>What is the content of a French civilization course?<\/a><\/h2><\/div><\/div><\/li><li class='bloc-page-soeur'><a class='image-soeur' style='background:url(https:\/\/prep.ccfs-sorbonne.fr\/wp-content\/uploads\/2025\/06\/CCFS-10.06.25-Benoit-Diacre-29-scaled.jpg)' href='https:\/\/prep.ccfs-sorbonne.fr\/en\/info-registration\/faq\/what-language-levels-are-offered\/' title='What language levels are offered?'><\/a><div class='detail-soeur'><div class='nom-page-soeur'><h2><a href='https:\/\/prep.ccfs-sorbonne.fr\/en\/info-registration\/faq\/what-language-levels-are-offered\/' title='What language levels are offered?'>What language levels are offered?<\/a><\/h2><\/div><\/div><\/li><li class='bloc-page-soeur'><a class='image-soeur' style='background:url(https:\/\/prep.ccfs-sorbonne.fr\/wp-content\/uploads\/2025\/06\/CCFS-10.06.25-Benoit-Diacre-24-scaled.jpg)' href='https:\/\/prep.ccfs-sorbonne.fr\/en\/info-registration\/faq\/what-diplomas-can-be-passed-at-the-ccfs\/' title='What diplomas can be passed at the CCFS?'><\/a><div class='detail-soeur'><div class='nom-page-soeur'><h2><a href='https:\/\/prep.ccfs-sorbonne.fr\/en\/info-registration\/faq\/what-diplomas-can-be-passed-at-the-ccfs\/' title='What diplomas can be passed at the CCFS?'>What diplomas can be passed at the CCFS?<\/a><\/h2><\/div><\/div><\/li><\/ul><\/div>\n\t\t\t\t\t\t<\/div>\n\t\t\t\t<\/div>\n\t\t\t\t\t<\/div>\n\t\t\t\t<\/div>\n\t\t\t\t<\/div>\n\t\t","protected":false},"excerpt":{"rendered":"<p>What is the FLE label? FLE &#8211; &#8220;fran\u00e7ais langue \u00e9trang\u00e8re&#8221; or French as a foreign language \u2013 identifies and promote French language schools whose teachings offer significant guarantees of quality. [&hellip;]<\/p>\n","protected":false},"author":8,"featured_media":103785,"parent":85070,"menu_order":0,"comment_status":"closed","ping_status":"closed","template":"","meta":{"_acf_changed":false,"footnotes":""},"class_list":["post-85073","page","type-page","status-publish","has-post-thumbnail","hentry"],"acf":[],"yoast_head":"<!-- This site is optimized with the Yoast SEO plugin v24.8.1 - https:\/\/yoast.com\/wordpress\/plugins\/seo\/ -->\n<title>&quot;FLE&quot; , a quality label designed for french language teachings<\/title>\n<meta name=\"description\" content=\"The FLE label guarantees the quality of teachings among french language schools and centers. It is based on the added value of the programs offered and the competence of teachers\" \/>\n<meta name=\"robots\" content=\"index, follow, max-snippet:-1, max-image-preview:large, max-video-preview:-1\" \/>\n<link rel=\"canonical\" href=\"https:\/\/prep.ccfs-sorbonne.fr\/en\/info-registration\/faq\/what-is-the-fle-label\/\" \/>\n<meta property=\"og:locale\" content=\"en_US\" \/>\n<meta property=\"og:type\" content=\"article\" \/>\n<meta property=\"og:title\" content=\"&quot;FLE&quot; , a quality label designed for french language teachings\" \/>\n<meta property=\"og:description\" content=\"The FLE label guarantees the quality of teachings among french language schools and centers. It is based on the added value of the programs offered and the competence of teachers\" \/>\n<meta property=\"og:url\" content=\"https:\/\/prep.ccfs-sorbonne.fr\/en\/info-registration\/faq\/what-is-the-fle-label\/\" \/>\n<meta property=\"og:site_name\" content=\"CCFS Sorbonne\" \/>\n<meta property=\"article:modified_time\" content=\"2024-06-13T05:59:26+00:00\" \/>\n<meta name=\"twitter:card\" content=\"summary_large_image\" \/>\n<meta name=\"twitter:label1\" content=\"Est. reading time\" \/>\n\t<meta name=\"twitter:data1\" content=\"2 minutes\" \/>\n<script type=\"application\/ld+json\" class=\"yoast-schema-graph\">{\"@context\":\"https:\/\/schema.org\",\"@graph\":[{\"@type\":\"WebPage\",\"@id\":\"https:\/\/prep.ccfs-sorbonne.fr\/en\/info-registration\/faq\/what-is-the-fle-label\/\",\"url\":\"https:\/\/prep.ccfs-sorbonne.fr\/en\/info-registration\/faq\/what-is-the-fle-label\/\",\"name\":\"\\\"FLE\\\" , a quality label designed for french language teachings\",\"isPartOf\":{\"@id\":\"https:\/\/www.ccfs-sorbonne.fr\/#website\"},\"primaryImageOfPage\":{\"@id\":\"https:\/\/prep.ccfs-sorbonne.fr\/en\/info-registration\/faq\/what-is-the-fle-label\/#primaryimage\"},\"image\":{\"@id\":\"https:\/\/prep.ccfs-sorbonne.fr\/en\/info-registration\/faq\/what-is-the-fle-label\/#primaryimage\"},\"thumbnailUrl\":\"https:\/\/prep.ccfs-sorbonne.fr\/wp-content\/uploads\/2025\/06\/CCFS-10.06.25-Benoit-Diacre-63-scaled.jpg\",\"datePublished\":\"2023-08-24T08:08:21+00:00\",\"dateModified\":\"2024-06-13T05:59:26+00:00\",\"description\":\"The FLE label guarantees the quality of teachings among french language schools and centers. It is based on the added value of the programs offered and the competence of teachers\",\"breadcrumb\":{\"@id\":\"https:\/\/prep.ccfs-sorbonne.fr\/en\/info-registration\/faq\/what-is-the-fle-label\/#breadcrumb\"},\"inLanguage\":\"en-US\",\"potentialAction\":[{\"@type\":\"ReadAction\",\"target\":[\"https:\/\/prep.ccfs-sorbonne.fr\/en\/info-registration\/faq\/what-is-the-fle-label\/\"]}]},{\"@type\":\"ImageObject\",\"inLanguage\":\"en-US\",\"@id\":\"https:\/\/prep.ccfs-sorbonne.fr\/en\/info-registration\/faq\/what-is-the-fle-label\/#primaryimage\",\"url\":\"https:\/\/prep.ccfs-sorbonne.fr\/wp-content\/uploads\/2025\/06\/CCFS-10.06.25-Benoit-Diacre-63-scaled.jpg\",\"contentUrl\":\"https:\/\/prep.ccfs-sorbonne.fr\/wp-content\/uploads\/2025\/06\/CCFS-10.06.25-Benoit-Diacre-63-scaled.jpg\",\"width\":2560,\"height\":1707,\"caption\":\"Institution\"},{\"@type\":\"BreadcrumbList\",\"@id\":\"https:\/\/prep.ccfs-sorbonne.fr\/en\/info-registration\/faq\/what-is-the-fle-label\/#breadcrumb\",\"itemListElement\":[{\"@type\":\"ListItem\",\"position\":1,\"name\":\"Home\",\"item\":\"https:\/\/www.ccfs-sorbonne.fr\/\"},{\"@type\":\"ListItem\",\"position\":2,\"name\":\"Info &#038; Registration\",\"item\":\"https:\/\/www.ccfs-sorbonne.fr\/en\/info-registration\/\"},{\"@type\":\"ListItem\",\"position\":3,\"name\":\"Q&#038;A\",\"item\":\"https:\/\/www.ccfs-sorbonne.fr\/en\/info-registration\/faq\/\"},{\"@type\":\"ListItem\",\"position\":4,\"name\":\"What is the FLE label?\"}]},{\"@type\":\"WebSite\",\"@id\":\"https:\/\/www.ccfs-sorbonne.fr\/#website\",\"url\":\"https:\/\/www.ccfs-sorbonne.fr\/\",\"name\":\"CCFS Sorbonne\",\"description\":\"\",\"publisher\":{\"@id\":\"https:\/\/www.ccfs-sorbonne.fr\/#organization\"},\"potentialAction\":[{\"@type\":\"SearchAction\",\"target\":{\"@type\":\"EntryPoint\",\"urlTemplate\":\"https:\/\/www.ccfs-sorbonne.fr\/?s={search_term_string}\"},\"query-input\":{\"@type\":\"PropertyValueSpecification\",\"valueRequired\":true,\"valueName\":\"search_term_string\"}}],\"inLanguage\":\"en-US\"},{\"@type\":\"Organization\",\"@id\":\"https:\/\/www.ccfs-sorbonne.fr\/#organization\",\"name\":\"CCFS Sorbonne\",\"url\":\"https:\/\/www.ccfs-sorbonne.fr\/\",\"logo\":{\"@type\":\"ImageObject\",\"inLanguage\":\"en-US\",\"@id\":\"https:\/\/www.ccfs-sorbonne.fr\/#\/schema\/logo\/image\/\",\"url\":\"https:\/\/prep.ccfs-sorbonne.fr\/wp-content\/uploads\/2023\/11\/logo-ccfs-sorbonne.png\",\"contentUrl\":\"https:\/\/prep.ccfs-sorbonne.fr\/wp-content\/uploads\/2023\/11\/logo-ccfs-sorbonne.png\",\"width\":300,\"height\":120,\"caption\":\"CCFS Sorbonne\"},\"image\":{\"@id\":\"https:\/\/www.ccfs-sorbonne.fr\/#\/schema\/logo\/image\/\"}}]}<\/script>\n<!-- \/ Yoast SEO plugin. -->","yoast_head_json":{"title":"\"FLE\" , a quality label designed for french language teachings","description":"The FLE label guarantees the quality of teachings among french language schools and centers. It is based on the added value of the programs offered and the competence of teachers","robots":{"index":"index","follow":"follow","max-snippet":"max-snippet:-1","max-image-preview":"max-image-preview:large","max-video-preview":"max-video-preview:-1"},"canonical":"https:\/\/prep.ccfs-sorbonne.fr\/en\/info-registration\/faq\/what-is-the-fle-label\/","og_locale":"en_US","og_type":"article","og_title":"\"FLE\" , a quality label designed for french language teachings","og_description":"The FLE label guarantees the quality of teachings among french language schools and centers. It is based on the added value of the programs offered and the competence of teachers","og_url":"https:\/\/prep.ccfs-sorbonne.fr\/en\/info-registration\/faq\/what-is-the-fle-label\/","og_site_name":"CCFS Sorbonne","article_modified_time":"2024-06-13T05:59:26+00:00","twitter_card":"summary_large_image","twitter_misc":{"Est. reading time":"2 minutes"},"schema":{"@context":"https:\/\/schema.org","@graph":[{"@type":"WebPage","@id":"https:\/\/prep.ccfs-sorbonne.fr\/en\/info-registration\/faq\/what-is-the-fle-label\/","url":"https:\/\/prep.ccfs-sorbonne.fr\/en\/info-registration\/faq\/what-is-the-fle-label\/","name":"\"FLE\" , a quality label designed for french language teachings","isPartOf":{"@id":"https:\/\/www.ccfs-sorbonne.fr\/#website"},"primaryImageOfPage":{"@id":"https:\/\/prep.ccfs-sorbonne.fr\/en\/info-registration\/faq\/what-is-the-fle-label\/#primaryimage"},"image":{"@id":"https:\/\/prep.ccfs-sorbonne.fr\/en\/info-registration\/faq\/what-is-the-fle-label\/#primaryimage"},"thumbnailUrl":"https:\/\/prep.ccfs-sorbonne.fr\/wp-content\/uploads\/2025\/06\/CCFS-10.06.25-Benoit-Diacre-63-scaled.jpg","datePublished":"2023-08-24T08:08:21+00:00","dateModified":"2024-06-13T05:59:26+00:00","description":"The FLE label guarantees the quality of teachings among french language schools and centers. It is based on the added value of the programs offered and the competence of teachers","breadcrumb":{"@id":"https:\/\/prep.ccfs-sorbonne.fr\/en\/info-registration\/faq\/what-is-the-fle-label\/#breadcrumb"},"inLanguage":"en-US","potentialAction":[{"@type":"ReadAction","target":["https:\/\/prep.ccfs-sorbonne.fr\/en\/info-registration\/faq\/what-is-the-fle-label\/"]}]},{"@type":"ImageObject","inLanguage":"en-US","@id":"https:\/\/prep.ccfs-sorbonne.fr\/en\/info-registration\/faq\/what-is-the-fle-label\/#primaryimage","url":"https:\/\/prep.ccfs-sorbonne.fr\/wp-content\/uploads\/2025\/06\/CCFS-10.06.25-Benoit-Diacre-63-scaled.jpg","contentUrl":"https:\/\/prep.ccfs-sorbonne.fr\/wp-content\/uploads\/2025\/06\/CCFS-10.06.25-Benoit-Diacre-63-scaled.jpg","width":2560,"height":1707,"caption":"Institution"},{"@type":"BreadcrumbList","@id":"https:\/\/prep.ccfs-sorbonne.fr\/en\/info-registration\/faq\/what-is-the-fle-label\/#breadcrumb","itemListElement":[{"@type":"ListItem","position":1,"name":"Home","item":"https:\/\/www.ccfs-sorbonne.fr\/"},{"@type":"ListItem","position":2,"name":"Info &#038; Registration","item":"https:\/\/www.ccfs-sorbonne.fr\/en\/info-registration\/"},{"@type":"ListItem","position":3,"name":"Q&#038;A","item":"https:\/\/www.ccfs-sorbonne.fr\/en\/info-registration\/faq\/"},{"@type":"ListItem","position":4,"name":"What is the FLE label?"}]},{"@type":"WebSite","@id":"https:\/\/www.ccfs-sorbonne.fr\/#website","url":"https:\/\/www.ccfs-sorbonne.fr\/","name":"CCFS Sorbonne","description":"","publisher":{"@id":"https:\/\/www.ccfs-sorbonne.fr\/#organization"},"potentialAction":[{"@type":"SearchAction","target":{"@type":"EntryPoint","urlTemplate":"https:\/\/www.ccfs-sorbonne.fr\/?s={search_term_string}"},"query-input":{"@type":"PropertyValueSpecification","valueRequired":true,"valueName":"search_term_string"}}],"inLanguage":"en-US"},{"@type":"Organization","@id":"https:\/\/www.ccfs-sorbonne.fr\/#organization","name":"CCFS Sorbonne","url":"https:\/\/www.ccfs-sorbonne.fr\/","logo":{"@type":"ImageObject","inLanguage":"en-US","@id":"https:\/\/www.ccfs-sorbonne.fr\/#\/schema\/logo\/image\/","url":"https:\/\/prep.ccfs-sorbonne.fr\/wp-content\/uploads\/2023\/11\/logo-ccfs-sorbonne.png","contentUrl":"https:\/\/prep.ccfs-sorbonne.fr\/wp-content\/uploads\/2023\/11\/logo-ccfs-sorbonne.png","width":300,"height":120,"caption":"CCFS Sorbonne"},"image":{"@id":"https:\/\/www.ccfs-sorbonne.fr\/#\/schema\/logo\/image\/"}}]}},"_links":{"self":[{"href":"https:\/\/prep.ccfs-sorbonne.fr\/en\/wp-json\/wp\/v2\/pages\/85073","targetHints":{"allow":["GET"]}}],"collection":[{"href":"https:\/\/prep.ccfs-sorbonne.fr\/en\/wp-json\/wp\/v2\/pages"}],"about":[{"href":"https:\/\/prep.ccfs-sorbonne.fr\/en\/wp-json\/wp\/v2\/types\/page"}],"author":[{"embeddable":true,"href":"https:\/\/prep.ccfs-sorbonne.fr\/en\/wp-json\/wp\/v2\/users\/8"}],"replies":[{"embeddable":true,"href":"https:\/\/prep.ccfs-sorbonne.fr\/en\/wp-json\/wp\/v2\/comments?post=85073"}],"version-history":[{"count":5,"href":"https:\/\/prep.ccfs-sorbonne.fr\/en\/wp-json\/wp\/v2\/pages\/85073\/revisions"}],"predecessor-version":[{"id":96282,"href":"https:\/\/prep.ccfs-sorbonne.fr\/en\/wp-json\/wp\/v2\/pages\/85073\/revisions\/96282"}],"up":[{"embeddable":true,"href":"https:\/\/prep.ccfs-sorbonne.fr\/en\/wp-json\/wp\/v2\/pages\/85070"}],"wp:featuredmedia":[{"embeddable":true,"href":"https:\/\/prep.ccfs-sorbonne.fr\/en\/wp-json\/wp\/v2\/media\/103785"}],"wp:attachment":[{"href":"https:\/\/prep.ccfs-sorbonne.fr\/en\/wp-json\/wp\/v2\/media?parent=85073"}],"curies":[{"name":"wp","href":"https:\/\/api.w.org\/{rel}","templated":true}]}}