{"id":85070,"date":"2023-06-01T08:19:11","date_gmt":"2023-06-01T06:19:11","guid":{"rendered":"https:\/\/prep.ccfs-sorbonne.fr\/info-enrolment\/faq\/"},"modified":"2024-06-13T07:57:43","modified_gmt":"2024-06-13T05:57:43","slug":"faq","status":"publish","type":"page","link":"https:\/\/prep.ccfs-sorbonne.fr\/en\/info-registration\/faq\/","title":{"rendered":"Q&#038;A"},"content":{"rendered":"\t\t<div data-elementor-type=\"wp-page\" data-elementor-id=\"85070\" class=\"elementor elementor-85070 elementor-75\" data-elementor-post-type=\"page\">\n\t\t\t\t\t\t<section class=\"elementor-section elementor-top-section elementor-element elementor-element-1dae4595 elementor-section-stretched elementor-section-boxed elementor-section-height-default elementor-section-height-default\" data-id=\"1dae4595\" data-element_type=\"section\" data-settings=\"{&quot;stretch_section&quot;:&quot;section-stretched&quot;,&quot;background_background&quot;:&quot;classic&quot;}\">\n\t\t\t\t\t\t<div class=\"elementor-container elementor-column-gap-default\">\n\t\t\t\t\t<div class=\"elementor-column elementor-col-100 elementor-top-column elementor-element elementor-element-5b3c16ce\" data-id=\"5b3c16ce\" data-element_type=\"column\">\n\t\t\t<div class=\"elementor-widget-wrap elementor-element-populated\">\n\t\t\t\t\t\t<section class=\"elementor-section elementor-inner-section elementor-element elementor-element-5084d9de elementor-section-boxed elementor-section-height-default elementor-section-height-default\" data-id=\"5084d9de\" data-element_type=\"section\">\n\t\t\t\t\t\t<div class=\"elementor-container elementor-column-gap-default\">\n\t\t\t\t\t<div class=\"elementor-column elementor-col-100 elementor-inner-column elementor-element elementor-element-2168c560\" data-id=\"2168c560\" data-element_type=\"column\">\n\t\t\t<div class=\"elementor-widget-wrap elementor-element-populated\">\n\t\t\t\t\t\t<div class=\"elementor-element elementor-element-44b6901 elementor-widget elementor-widget-heading\" data-id=\"44b6901\" data-element_type=\"widget\" data-widget_type=\"heading.default\">\n\t\t\t\t<div class=\"elementor-widget-container\">\n\t\t\t\t\t<h1 class=\"elementor-heading-title elementor-size-default\">Q&A<\/h1>\t\t\t\t<\/div>\n\t\t\t\t<\/div>\n\t\t\t\t\t<\/div>\n\t\t<\/div>\n\t\t\t\t\t<\/div>\n\t\t<\/section>\n\t\t\t\t\t<\/div>\n\t\t<\/div>\n\t\t\t\t\t<\/div>\n\t\t<\/section>\n\t\t\t\t<section class=\"elementor-section elementor-top-section elementor-element elementor-element-5f515ce4 elementor-section-stretched elementor-section-boxed elementor-section-height-default elementor-section-height-default\" data-id=\"5f515ce4\" data-element_type=\"section\" data-settings=\"{&quot;stretch_section&quot;:&quot;section-stretched&quot;}\">\n\t\t\t\t\t\t<div class=\"elementor-container elementor-column-gap-default\">\n\t\t\t\t\t<div class=\"elementor-column elementor-col-100 elementor-top-column elementor-element elementor-element-65cac1fa\" data-id=\"65cac1fa\" data-element_type=\"column\">\n\t\t\t<div class=\"elementor-widget-wrap elementor-element-populated\">\n\t\t\t\t\t\t<div class=\"elementor-element elementor-element-7c82356 elementor-widget elementor-widget-global elementor-global-82281 elementor-widget-breadcrumbs\" data-id=\"7c82356\" data-element_type=\"widget\" data-widget_type=\"breadcrumbs.default\">\n\t\t\t\t<div class=\"elementor-widget-container\">\n\t\t\t\t\t<p id=\"breadcrumbs\"><span><span><a href=\"https:\/\/www.ccfs-sorbonne.fr\/\">Home<\/a><\/span><\/span><\/p>\t\t\t\t<\/div>\n\t\t\t\t<\/div>\n\t\t\t\t<div class=\"elementor-element elementor-element-5ec1470 elementor-widget elementor-widget-shortcode\" data-id=\"5ec1470\" data-element_type=\"widget\" data-widget_type=\"shortcode.default\">\n\t\t\t\t<div class=\"elementor-widget-container\">\n\t\t\t\t\t\t\t<div class=\"elementor-shortcode\"><ul class='listing-page-enfant-faq'><li class='bloc-page-enfant-faq'>\r\n            <div class='image-enfant-faq'>\r\n              <img src='https:\/\/www.ccfs-sorbonne.fr\/wp-content\/uploads\/2023\/10\/trombone.png' alt='Do CCFS offer language courses for professionals?' title='Do CCFS offer language courses for professionals?'>\r\n            <\/div>\r\n          <div class='detail-enfant-faq'><div class='nom-page-enfant-faq'><h2><a href='https:\/\/prep.ccfs-sorbonne.fr\/en\/info-registration\/faq\/do-ccfs-offer-language-courses-for-professionals\/' title='Do CCFS offer language courses for professionals?'>Do CCFS offer language courses for professionals?<\/a><\/h2><\/div><div class='texte-listing'>Yes, the CCFS (French civilization courses at the Sorbonne) have a language course designed  for entrepreneurs and professionals in general.<\/div><div class='voir-plus'><a href='https:\/\/prep.ccfs-sorbonne.fr\/en\/info-registration\/faq\/do-ccfs-offer-language-courses-for-professionals\/' title='Do CCFS offer language courses for professionals?'>See more<\/a><\/div><\/div><\/li><li class='bloc-page-enfant-faq'>\r\n            <div class='image-enfant-faq'>\r\n              <img src='https:\/\/www.ccfs-sorbonne.fr\/wp-content\/uploads\/2023\/10\/trombone.png' alt='What diplomas can be passed at the CCFS?' title='What diplomas can be passed at the CCFS?'>\r\n            <\/div>\r\n          <div class='detail-enfant-faq'><div class='nom-page-enfant-faq'><h2><a href='https:\/\/prep.ccfs-sorbonne.fr\/en\/info-registration\/faq\/what-diplomas-can-be-passed-at-the-ccfs\/' title='What diplomas can be passed at the CCFS?'>What diplomas can be passed at the CCFS?<\/a><\/h2><\/div><div class='texte-listing'>The Dipl\u00f4me en langue fran\u00e7aise (Diploma  in French Language) or DELF attests to the competence in French of the non-French-speaking people who hold it.<\/div><div class='voir-plus'><a href='https:\/\/prep.ccfs-sorbonne.fr\/en\/info-registration\/faq\/what-diplomas-can-be-passed-at-the-ccfs\/' title='What diplomas can be passed at the CCFS?'>See more<\/a><\/div><\/div><\/li><li class='bloc-page-enfant-faq'>\r\n            <div class='image-enfant-faq'>\r\n              <img src='https:\/\/www.ccfs-sorbonne.fr\/wp-content\/uploads\/2023\/10\/trombone.png' alt='What is the content of a French civilization course?' title='What is the content of a French civilization course?'>\r\n            <\/div>\r\n          <div class='detail-enfant-faq'><div class='nom-page-enfant-faq'><h2><a href='https:\/\/prep.ccfs-sorbonne.fr\/en\/info-registration\/faq\/what-is-the-content-of-a-french-civilization-course\/' title='What is the content of a French civilization course?'>What is the content of a French civilization course?<\/a><\/h2><\/div><div class='texte-listing'>The French civilization courses offered by the CCFS (Cours de Civilisation Fran\u00e7aise de la Sorbonne) consist of a study of French culture and society from different angles including history, literature, philosophy or even science.<\/div><div class='voir-plus'><a href='https:\/\/prep.ccfs-sorbonne.fr\/en\/info-registration\/faq\/what-is-the-content-of-a-french-civilization-course\/' title='What is the content of a French civilization course?'>See more<\/a><\/div><\/div><\/li><li class='bloc-page-enfant-faq'>\r\n            <div class='image-enfant-faq'>\r\n              <img src='https:\/\/www.ccfs-sorbonne.fr\/wp-content\/uploads\/2023\/10\/trombone.png' alt='What is the FLE label?' title='What is the FLE label?'>\r\n            <\/div>\r\n          <div class='detail-enfant-faq'><div class='nom-page-enfant-faq'><h2><a href='https:\/\/prep.ccfs-sorbonne.fr\/en\/info-registration\/faq\/what-is-the-fle-label\/' title='What is the FLE label?'>What is the FLE label?<\/a><\/h2><\/div><div class='texte-listing'>FLE - \"fran\u00e7ais langue \u00e9trang\u00e8re\" or French as a foreign language - identifies and promote French language schools whose teachings offer significant guarantees of quality.<\/div><div class='voir-plus'><a href='https:\/\/prep.ccfs-sorbonne.fr\/en\/info-registration\/faq\/what-is-the-fle-label\/' title='What is the FLE label?'>See more<\/a><\/div><\/div><\/li><li class='bloc-page-enfant-faq'>\r\n            <div class='image-enfant-faq'>\r\n              <img src='https:\/\/www.ccfs-sorbonne.fr\/wp-content\/uploads\/2023\/10\/trombone.png' alt='What language levels are offered?' title='What language levels are offered?'>\r\n            <\/div>\r\n          <div class='detail-enfant-faq'><div class='nom-page-enfant-faq'><h2><a href='https:\/\/prep.ccfs-sorbonne.fr\/en\/info-registration\/faq\/what-language-levels-are-offered\/' title='What language levels are offered?'>What language levels are offered?<\/a><\/h2><\/div><div class='texte-listing'>In order to carry out its mission, a good language school must adapt to its  students : the CCFS (French civilization courses at the Sorbonne) thus meet the needs of all international students, whatever might be their level of French.<\/div><div class='voir-plus'><a href='https:\/\/prep.ccfs-sorbonne.fr\/en\/info-registration\/faq\/what-language-levels-are-offered\/' title='What language levels are offered?'>See more<\/a><\/div><\/div><\/li><\/ul><\/div>\n\t\t\t\t\t\t<\/div>\n\t\t\t\t<\/div>\n\t\t\t\t\t<\/div>\n\t\t<\/div>\n\t\t\t\t\t<\/div>\n\t\t<\/section>\n\t\t<div class=\"elementor-element elementor-element-8099641 e-flex e-con-boxed e-con e-parent\" data-id=\"8099641\" data-element_type=\"container\">\n\t\t\t\t\t<div class=\"e-con-inner\">\n\t\t\t\t<div class=\"elementor-element elementor-element-2217f01 elementor-widget-divider--view-line elementor-widget elementor-widget-divider\" data-id=\"2217f01\" data-element_type=\"widget\" data-widget_type=\"divider.default\">\n\t\t\t\t<div class=\"elementor-widget-container\">\n\t\t\t\t\t\t\t<div class=\"elementor-divider\">\n\t\t\t<span class=\"elementor-divider-separator\">\n\t\t\t\t\t\t<\/span>\n\t\t<\/div>\n\t\t\t\t\t\t<\/div>\n\t\t\t\t<\/div>\n\t\t\t\t<div class=\"elementor-element elementor-element-459bd2b elementor-widget elementor-widget-shortcode\" data-id=\"459bd2b\" data-element_type=\"widget\" data-widget_type=\"shortcode.default\">\n\t\t\t\t<div class=\"elementor-widget-container\">\n\t\t\t\t\t\t\t<div class=\"elementor-shortcode\"><ul class='listing-page-soeur'><li class='bloc-page-soeur'><a class='image-soeur' style='background:url(https:\/\/prep.ccfs-sorbonne.fr\/wp-content\/uploads\/2023\/11\/Recognity-Shoot-Etudiant-Paris-41.jpg)' href='https:\/\/prep.ccfs-sorbonne.fr\/en\/info-registration\/register-to-the-ccfs\/' title='Register to the CCFS'><\/a><div class='detail-soeur'><div class='nom-page-soeur'><h2><a href='https:\/\/prep.ccfs-sorbonne.fr\/en\/info-registration\/register-to-the-ccfs\/' title='Register to the CCFS'>Register to the CCFS<\/a><\/h2><\/div><\/div><\/li><li class='bloc-page-soeur'><a class='image-soeur' style='background:url(https:\/\/prep.ccfs-sorbonne.fr\/wp-content\/uploads\/2023\/11\/AdobeStock_243575259.jpeg)' href='https:\/\/prep.ccfs-sorbonne.fr\/en\/info-registration\/studying-in-paris\/' title='Studying in Paris'><\/a><div class='detail-soeur'><div class='nom-page-soeur'><h2><a href='https:\/\/prep.ccfs-sorbonne.fr\/en\/info-registration\/studying-in-paris\/' title='Studying in Paris'>Studying in Paris<\/a><\/h2><\/div><\/div><\/li><\/ul><\/div>\n\t\t\t\t\t\t<\/div>\n\t\t\t\t<\/div>\n\t\t\t\t\t<\/div>\n\t\t\t\t<\/div>\n\t\t\t\t<\/div>\n\t\t","protected":false},"excerpt":{"rendered":"<p>Q&#038;A<\/p>\n","protected":false},"author":8,"featured_media":100533,"parent":85057,"menu_order":3,"comment_status":"closed","ping_status":"closed","template":"","meta":{"_acf_changed":false,"footnotes":""},"class_list":["post-85070","page","type-page","status-publish","has-post-thumbnail","hentry"],"acf":[],"yoast_head":"<!-- This site is optimized with the Yoast SEO plugin v24.8.1 - https:\/\/yoast.com\/wordpress\/plugins\/seo\/ -->\n<title>Q&amp;A - CCFS Sorbonne<\/title>\n<meta name=\"description\" content=\"Do CCFS offer language courses for professionals\" \/>\n<meta name=\"robots\" content=\"index, follow, max-snippet:-1, max-image-preview:large, max-video-preview:-1\" \/>\n<link rel=\"canonical\" href=\"https:\/\/prep.ccfs-sorbonne.fr\/en\/info-registration\/faq\/\" \/>\n<meta property=\"og:locale\" content=\"en_US\" \/>\n<meta property=\"og:type\" content=\"article\" \/>\n<meta property=\"og:title\" content=\"Q&amp;A - CCFS Sorbonne\" \/>\n<meta property=\"og:description\" content=\"Do CCFS offer language courses for professionals\" \/>\n<meta property=\"og:url\" content=\"https:\/\/prep.ccfs-sorbonne.fr\/en\/info-registration\/faq\/\" \/>\n<meta property=\"og:site_name\" content=\"CCFS Sorbonne\" \/>\n<meta property=\"article:modified_time\" content=\"2024-06-13T05:57:43+00:00\" \/>\n<meta property=\"og:image\" content=\"https:\/\/www.ccfs-sorbonne.fr\/wp-content\/uploads\/2023\/11\/AdobeStock_417539116.jpeg\" \/>\n\t<meta property=\"og:image:width\" content=\"1920\" \/>\n\t<meta property=\"og:image:height\" content=\"1080\" \/>\n\t<meta property=\"og:image:type\" content=\"image\/jpeg\" \/>\n<meta name=\"twitter:card\" content=\"summary_large_image\" \/>\n<meta name=\"twitter:label1\" content=\"Est. reading time\" \/>\n\t<meta name=\"twitter:data1\" content=\"1 minute\" \/>\n<script type=\"application\/ld+json\" class=\"yoast-schema-graph\">{\"@context\":\"https:\/\/schema.org\",\"@graph\":[{\"@type\":\"WebPage\",\"@id\":\"https:\/\/prep.ccfs-sorbonne.fr\/en\/info-registration\/faq\/\",\"url\":\"https:\/\/prep.ccfs-sorbonne.fr\/en\/info-registration\/faq\/\",\"name\":\"Q&A - CCFS Sorbonne\",\"isPartOf\":{\"@id\":\"https:\/\/www.ccfs-sorbonne.fr\/#website\"},\"primaryImageOfPage\":{\"@id\":\"https:\/\/prep.ccfs-sorbonne.fr\/en\/info-registration\/faq\/#primaryimage\"},\"image\":{\"@id\":\"https:\/\/prep.ccfs-sorbonne.fr\/en\/info-registration\/faq\/#primaryimage\"},\"thumbnailUrl\":\"https:\/\/prep.ccfs-sorbonne.fr\/wp-content\/uploads\/2025\/01\/phonetique-francais-pour-mieux-parler.webp\",\"datePublished\":\"2023-06-01T06:19:11+00:00\",\"dateModified\":\"2024-06-13T05:57:43+00:00\",\"description\":\"Do CCFS offer language courses for professionals\",\"breadcrumb\":{\"@id\":\"https:\/\/prep.ccfs-sorbonne.fr\/en\/info-registration\/faq\/#breadcrumb\"},\"inLanguage\":\"en-US\",\"potentialAction\":[{\"@type\":\"ReadAction\",\"target\":[\"https:\/\/prep.ccfs-sorbonne.fr\/en\/info-registration\/faq\/\"]}]},{\"@type\":\"ImageObject\",\"inLanguage\":\"en-US\",\"@id\":\"https:\/\/prep.ccfs-sorbonne.fr\/en\/info-registration\/faq\/#primaryimage\",\"url\":\"https:\/\/prep.ccfs-sorbonne.fr\/wp-content\/uploads\/2025\/01\/phonetique-francais-pour-mieux-parler.webp\",\"contentUrl\":\"https:\/\/prep.ccfs-sorbonne.fr\/wp-content\/uploads\/2025\/01\/phonetique-francais-pour-mieux-parler.webp\",\"width\":1600,\"height\":900},{\"@type\":\"BreadcrumbList\",\"@id\":\"https:\/\/prep.ccfs-sorbonne.fr\/en\/info-registration\/faq\/#breadcrumb\",\"itemListElement\":[{\"@type\":\"ListItem\",\"position\":1,\"name\":\"Home\",\"item\":\"https:\/\/www.ccfs-sorbonne.fr\/\"},{\"@type\":\"ListItem\",\"position\":2,\"name\":\"Info &#038; Registration\",\"item\":\"https:\/\/www.ccfs-sorbonne.fr\/en\/info-registration\/\"},{\"@type\":\"ListItem\",\"position\":3,\"name\":\"Q&#038;A\"}]},{\"@type\":\"WebSite\",\"@id\":\"https:\/\/www.ccfs-sorbonne.fr\/#website\",\"url\":\"https:\/\/www.ccfs-sorbonne.fr\/\",\"name\":\"CCFS Sorbonne\",\"description\":\"\",\"publisher\":{\"@id\":\"https:\/\/www.ccfs-sorbonne.fr\/#organization\"},\"potentialAction\":[{\"@type\":\"SearchAction\",\"target\":{\"@type\":\"EntryPoint\",\"urlTemplate\":\"https:\/\/www.ccfs-sorbonne.fr\/?s={search_term_string}\"},\"query-input\":{\"@type\":\"PropertyValueSpecification\",\"valueRequired\":true,\"valueName\":\"search_term_string\"}}],\"inLanguage\":\"en-US\"},{\"@type\":\"Organization\",\"@id\":\"https:\/\/www.ccfs-sorbonne.fr\/#organization\",\"name\":\"CCFS Sorbonne\",\"url\":\"https:\/\/www.ccfs-sorbonne.fr\/\",\"logo\":{\"@type\":\"ImageObject\",\"inLanguage\":\"en-US\",\"@id\":\"https:\/\/www.ccfs-sorbonne.fr\/#\/schema\/logo\/image\/\",\"url\":\"https:\/\/prep.ccfs-sorbonne.fr\/wp-content\/uploads\/2023\/11\/logo-ccfs-sorbonne.png\",\"contentUrl\":\"https:\/\/prep.ccfs-sorbonne.fr\/wp-content\/uploads\/2023\/11\/logo-ccfs-sorbonne.png\",\"width\":300,\"height\":120,\"caption\":\"CCFS Sorbonne\"},\"image\":{\"@id\":\"https:\/\/www.ccfs-sorbonne.fr\/#\/schema\/logo\/image\/\"}}]}<\/script>\n<!-- \/ Yoast SEO plugin. -->","yoast_head_json":{"title":"Q&A - CCFS Sorbonne","description":"Do CCFS offer language courses for professionals","robots":{"index":"index","follow":"follow","max-snippet":"max-snippet:-1","max-image-preview":"max-image-preview:large","max-video-preview":"max-video-preview:-1"},"canonical":"https:\/\/prep.ccfs-sorbonne.fr\/en\/info-registration\/faq\/","og_locale":"en_US","og_type":"article","og_title":"Q&A - CCFS Sorbonne","og_description":"Do CCFS offer language courses for professionals","og_url":"https:\/\/prep.ccfs-sorbonne.fr\/en\/info-registration\/faq\/","og_site_name":"CCFS Sorbonne","article_modified_time":"2024-06-13T05:57:43+00:00","og_image":[{"width":1920,"height":1080,"url":"https:\/\/www.ccfs-sorbonne.fr\/wp-content\/uploads\/2023\/11\/AdobeStock_417539116.jpeg","type":"image\/jpeg"}],"twitter_card":"summary_large_image","twitter_misc":{"Est. reading time":"1 minute"},"schema":{"@context":"https:\/\/schema.org","@graph":[{"@type":"WebPage","@id":"https:\/\/prep.ccfs-sorbonne.fr\/en\/info-registration\/faq\/","url":"https:\/\/prep.ccfs-sorbonne.fr\/en\/info-registration\/faq\/","name":"Q&A - CCFS Sorbonne","isPartOf":{"@id":"https:\/\/www.ccfs-sorbonne.fr\/#website"},"primaryImageOfPage":{"@id":"https:\/\/prep.ccfs-sorbonne.fr\/en\/info-registration\/faq\/#primaryimage"},"image":{"@id":"https:\/\/prep.ccfs-sorbonne.fr\/en\/info-registration\/faq\/#primaryimage"},"thumbnailUrl":"https:\/\/prep.ccfs-sorbonne.fr\/wp-content\/uploads\/2025\/01\/phonetique-francais-pour-mieux-parler.webp","datePublished":"2023-06-01T06:19:11+00:00","dateModified":"2024-06-13T05:57:43+00:00","description":"Do CCFS offer language courses for professionals","breadcrumb":{"@id":"https:\/\/prep.ccfs-sorbonne.fr\/en\/info-registration\/faq\/#breadcrumb"},"inLanguage":"en-US","potentialAction":[{"@type":"ReadAction","target":["https:\/\/prep.ccfs-sorbonne.fr\/en\/info-registration\/faq\/"]}]},{"@type":"ImageObject","inLanguage":"en-US","@id":"https:\/\/prep.ccfs-sorbonne.fr\/en\/info-registration\/faq\/#primaryimage","url":"https:\/\/prep.ccfs-sorbonne.fr\/wp-content\/uploads\/2025\/01\/phonetique-francais-pour-mieux-parler.webp","contentUrl":"https:\/\/prep.ccfs-sorbonne.fr\/wp-content\/uploads\/2025\/01\/phonetique-francais-pour-mieux-parler.webp","width":1600,"height":900},{"@type":"BreadcrumbList","@id":"https:\/\/prep.ccfs-sorbonne.fr\/en\/info-registration\/faq\/#breadcrumb","itemListElement":[{"@type":"ListItem","position":1,"name":"Home","item":"https:\/\/www.ccfs-sorbonne.fr\/"},{"@type":"ListItem","position":2,"name":"Info &#038; Registration","item":"https:\/\/www.ccfs-sorbonne.fr\/en\/info-registration\/"},{"@type":"ListItem","position":3,"name":"Q&#038;A"}]},{"@type":"WebSite","@id":"https:\/\/www.ccfs-sorbonne.fr\/#website","url":"https:\/\/www.ccfs-sorbonne.fr\/","name":"CCFS Sorbonne","description":"","publisher":{"@id":"https:\/\/www.ccfs-sorbonne.fr\/#organization"},"potentialAction":[{"@type":"SearchAction","target":{"@type":"EntryPoint","urlTemplate":"https:\/\/www.ccfs-sorbonne.fr\/?s={search_term_string}"},"query-input":{"@type":"PropertyValueSpecification","valueRequired":true,"valueName":"search_term_string"}}],"inLanguage":"en-US"},{"@type":"Organization","@id":"https:\/\/www.ccfs-sorbonne.fr\/#organization","name":"CCFS Sorbonne","url":"https:\/\/www.ccfs-sorbonne.fr\/","logo":{"@type":"ImageObject","inLanguage":"en-US","@id":"https:\/\/www.ccfs-sorbonne.fr\/#\/schema\/logo\/image\/","url":"https:\/\/prep.ccfs-sorbonne.fr\/wp-content\/uploads\/2023\/11\/logo-ccfs-sorbonne.png","contentUrl":"https:\/\/prep.ccfs-sorbonne.fr\/wp-content\/uploads\/2023\/11\/logo-ccfs-sorbonne.png","width":300,"height":120,"caption":"CCFS Sorbonne"},"image":{"@id":"https:\/\/www.ccfs-sorbonne.fr\/#\/schema\/logo\/image\/"}}]}},"_links":{"self":[{"href":"https:\/\/prep.ccfs-sorbonne.fr\/en\/wp-json\/wp\/v2\/pages\/85070","targetHints":{"allow":["GET"]}}],"collection":[{"href":"https:\/\/prep.ccfs-sorbonne.fr\/en\/wp-json\/wp\/v2\/pages"}],"about":[{"href":"https:\/\/prep.ccfs-sorbonne.fr\/en\/wp-json\/wp\/v2\/types\/page"}],"author":[{"embeddable":true,"href":"https:\/\/prep.ccfs-sorbonne.fr\/en\/wp-json\/wp\/v2\/users\/8"}],"replies":[{"embeddable":true,"href":"https:\/\/prep.ccfs-sorbonne.fr\/en\/wp-json\/wp\/v2\/comments?post=85070"}],"version-history":[{"count":5,"href":"https:\/\/prep.ccfs-sorbonne.fr\/en\/wp-json\/wp\/v2\/pages\/85070\/revisions"}],"predecessor-version":[{"id":96264,"href":"https:\/\/prep.ccfs-sorbonne.fr\/en\/wp-json\/wp\/v2\/pages\/85070\/revisions\/96264"}],"up":[{"embeddable":true,"href":"https:\/\/prep.ccfs-sorbonne.fr\/en\/wp-json\/wp\/v2\/pages\/85057"}],"wp:featuredmedia":[{"embeddable":true,"href":"https:\/\/prep.ccfs-sorbonne.fr\/en\/wp-json\/wp\/v2\/media\/100533"}],"wp:attachment":[{"href":"https:\/\/prep.ccfs-sorbonne.fr\/en\/wp-json\/wp\/v2\/media?parent=85070"}],"curies":[{"name":"wp","href":"https:\/\/api.w.org\/{rel}","templated":true}]}}