{"id":85063,"date":"2023-06-14T13:57:40","date_gmt":"2023-06-14T11:57:40","guid":{"rendered":"https:\/\/prep.ccfs-sorbonne.fr\/info-enrolment\/etudier-a-paris\/decouvrir-paris\/"},"modified":"2024-10-02T13:12:07","modified_gmt":"2024-10-02T11:12:07","slug":"discover-paris","status":"publish","type":"page","link":"https:\/\/prep.ccfs-sorbonne.fr\/en\/info-registration\/studying-in-paris\/discover-paris\/","title":{"rendered":"Discover Paris"},"content":{"rendered":"\t\t<div data-elementor-type=\"wp-page\" data-elementor-id=\"85063\" class=\"elementor elementor-85063 elementor-526\" data-elementor-post-type=\"page\">\n\t\t\t\t\t\t<section class=\"elementor-section elementor-top-section elementor-element elementor-element-42496ed elementor-section-stretched elementor-section-boxed elementor-section-height-default elementor-section-height-default\" data-id=\"42496ed\" data-element_type=\"section\" data-settings=\"{&quot;stretch_section&quot;:&quot;section-stretched&quot;,&quot;background_background&quot;:&quot;classic&quot;}\">\n\t\t\t\t\t\t\t<div class=\"elementor-background-overlay\"><\/div>\n\t\t\t\t\t\t\t<div class=\"elementor-container elementor-column-gap-default\">\n\t\t\t\t\t<div class=\"elementor-column elementor-col-100 elementor-top-column elementor-element elementor-element-0c1f2f2\" data-id=\"0c1f2f2\" data-element_type=\"column\">\n\t\t\t<div class=\"elementor-widget-wrap elementor-element-populated\">\n\t\t\t\t\t\t<section class=\"elementor-section elementor-inner-section elementor-element elementor-element-4969980 elementor-section-boxed elementor-section-height-default elementor-section-height-default\" data-id=\"4969980\" data-element_type=\"section\">\n\t\t\t\t\t\t<div class=\"elementor-container elementor-column-gap-default\">\n\t\t\t\t\t<div class=\"elementor-column elementor-col-50 elementor-inner-column elementor-element elementor-element-2848dad\" data-id=\"2848dad\" data-element_type=\"column\">\n\t\t\t<div class=\"elementor-widget-wrap elementor-element-populated\">\n\t\t\t\t\t\t<div class=\"elementor-element elementor-element-f9dacb3 elementor-widget elementor-widget-heading\" data-id=\"f9dacb3\" data-element_type=\"widget\" data-widget_type=\"heading.default\">\n\t\t\t\t<div class=\"elementor-widget-container\">\n\t\t\t\t\t<h1 class=\"elementor-heading-title elementor-size-default\">Discover Paris <\/h1>\t\t\t\t<\/div>\n\t\t\t\t<\/div>\n\t\t\t\t\t<\/div>\n\t\t<\/div>\n\t\t\t\t<div class=\"elementor-column elementor-col-50 elementor-inner-column elementor-element elementor-element-64ea916 elementor-hidden-mobile elementor-hidden-tablet\" data-id=\"64ea916\" data-element_type=\"column\">\n\t\t\t<div class=\"elementor-widget-wrap elementor-element-populated\">\n\t\t\t\t\t\t<div class=\"elementor-element elementor-element-24fee17 elementor-widget elementor-widget-image\" data-id=\"24fee17\" data-element_type=\"widget\" data-widget_type=\"image.default\">\n\t\t\t\t<div class=\"elementor-widget-container\">\n\t\t\t\t\t\t\t\t\t\t\t\t\t\t\t<img fetchpriority=\"high\" decoding=\"async\" width=\"300\" height=\"400\" src=\"https:\/\/prep.ccfs-sorbonne.fr\/wp-content\/uploads\/2024\/07\/etudiant-11-ccfs-1.png\" class=\"attachment-full size-full wp-image-97517\" alt=\"\" srcset=\"https:\/\/prep.ccfs-sorbonne.fr\/wp-content\/uploads\/2024\/07\/etudiant-11-ccfs-1.png 300w, https:\/\/prep.ccfs-sorbonne.fr\/wp-content\/uploads\/2024\/07\/etudiant-11-ccfs-1-225x300.png 225w\" sizes=\"(max-width: 300px) 100vw, 300px\" \/>\t\t\t\t\t\t\t\t\t\t\t\t\t\t\t<\/div>\n\t\t\t\t<\/div>\n\t\t\t\t\t<\/div>\n\t\t<\/div>\n\t\t\t\t\t<\/div>\n\t\t<\/section>\n\t\t\t\t\t<\/div>\n\t\t<\/div>\n\t\t\t\t\t<\/div>\n\t\t<\/section>\n\t\t\t\t<section class=\"elementor-section elementor-top-section elementor-element elementor-element-2b230815 elementor-section-stretched elementor-section-boxed elementor-section-height-default elementor-section-height-default\" data-id=\"2b230815\" data-element_type=\"section\" data-settings=\"{&quot;stretch_section&quot;:&quot;section-stretched&quot;}\">\n\t\t\t\t\t\t<div class=\"elementor-container elementor-column-gap-default\">\n\t\t\t\t\t<div class=\"elementor-column elementor-col-100 elementor-top-column elementor-element elementor-element-d879766\" data-id=\"d879766\" data-element_type=\"column\">\n\t\t\t<div class=\"elementor-widget-wrap elementor-element-populated\">\n\t\t\t\t\t\t<div class=\"elementor-element elementor-element-406f88b elementor-widget elementor-widget-global elementor-global-82281 elementor-widget-breadcrumbs\" data-id=\"406f88b\" data-element_type=\"widget\" data-widget_type=\"breadcrumbs.default\">\n\t\t\t\t<div class=\"elementor-widget-container\">\n\t\t\t\t\t<p id=\"breadcrumbs\"><span><span><a href=\"https:\/\/www.ccfs-sorbonne.fr\/\">Home<\/a><\/span><\/span><\/p>\t\t\t\t<\/div>\n\t\t\t\t<\/div>\n\t\t\t\t<div class=\"elementor-element elementor-element-4613cb3 elementor-widget elementor-widget-text-editor\" data-id=\"4613cb3\" data-element_type=\"widget\" data-widget_type=\"text-editor.default\">\n\t\t\t\t<div class=\"elementor-widget-container\">\n\t\t\t\t\t\t\t\t\t<h2>\u00a0<\/h2><h2>Discover Paris<\/h2><p>Exploring Paris as an international student is often a memorable experience. The City of Lights, with its rich past, vibrant culture and delicious cuisine, offers a fascinating adventure to students from all over the world. Cobbled streets, elegant buildings and iconic monuments like the Eiffel Tower and the Louvre often mark the first steps of international students during their first language stay.<\/p><h2>Integrate Parisian Student Life<\/h2><p>Once established in Paris, integrating into student life is essential to fully benefit from the experience in the capital and learn French in an ideal environment. The city is home to many prestigious universities, including the Sorbonne, Sciences Po and Pierre and Marie Curie University, where you can meet students from all over the world. The lively cafes and bars of the Quartier Latin are great places to socialize with native French speakers as well as other international students. Don\u2019t\u00a0 miss opportunities to take part in exciting cultural events such as concerts, art exhibitions and festivals held regularly throughout the city. International students who choose to join renowned institutions such as the Cours de Civilisation Fran\u00e7aise de La Sorbonne will have the opportunity to develop a strong network, promoting the learning of French and the discovery of Parisian life.<\/p><h2>Explore the City and its Hidden Treasures<\/h2><p>Discovering Paris is not limited to the most famous tourist attractions: the city is indeed full of hidden treasures that deserve to be explored. Picturesque neighborhoods like Montmartre and Le Marais can transport international students to another time with their narrow streets and artisan boutiques. The Canal Saint-Martin is a perfect place for a peaceful stroll along the water, while local markets such as the March\u00e9 aux Puces de Saint-Ouen, allow you to discover an authentic side of the city. By venturing into small cafes and bistros that serve traditional French dishes, international students have the opportunity to experience a French way of life still celebrated around the world.<\/p><h2>\u00a0Discover French civilization<\/h2><p>Studying in Paris\u00a0 opens the doors to one of the richest civilizations whose influence across the world is still strong today. Paris offers a unique opportunity to explore the treasures of literature, art, architecture and much more. The city itself is an open-air museum, with stunning architecture ranging from the medieval buildings of Notre-Dame to the modernist masterpieces of the Center Pompidou. These famous places allow international students\u00a0 to dive into the history of European art.<\/p><p>French literature is also an essential part of Parisian culture. The streets of Saint-Germain-des-Pr\u00e9s have been visited by a number of famous writers such as Jean-Paul Sartre and Simone de Beauvoir. Independent bookstores and \u201cbouquinistes\u201d along the Seine offer a multitude of classic and contemporary French books enjoyed by many students and readers. Don&#8217;t miss the opportunity to attend plays at one of the many Parisian theaters, including the Th\u00e9\u00e2tre de l&#8217;Od\u00e9on and the Com\u00e9die-Fran\u00e7aise.<\/p><h2>\u00a0Choose cultural immersion with the CCFS<\/h2><p>There are many ways to discover Paris and its civilization when you are an international student. However, prestigious institutions like the Cours de Civilisation Fran\u00e7aise de la Sorbonne offer a unique immersive experience to visitors from around the world. Dedicated to teaching French language, the CCFS allow Students to discover French civilization and way of life in an ideal context thanks to numerous activities combining learning french and discover\u00a0 French culture. With more than a century of experience, the CCFS were awarded the FLE \u2013 French as a foreign language quality \u2013\u00a0 label thanks to effective courses and teaching teams that will help make your stay in Paris a unique experience.<\/p><p>\u00a0<\/p>\t\t\t\t\t\t\t\t<\/div>\n\t\t\t\t<\/div>\n\t\t\t\t\t<\/div>\n\t\t<\/div>\n\t\t\t\t\t<\/div>\n\t\t<\/section>\n\t\t<div class=\"elementor-element elementor-element-081ac9a e-flex e-con-boxed e-con e-parent\" data-id=\"081ac9a\" data-element_type=\"container\">\n\t\t\t\t\t<div class=\"e-con-inner\">\n\t\t\t\t<div class=\"elementor-element elementor-element-e480095 elementor-widget-divider--view-line elementor-widget elementor-widget-divider\" data-id=\"e480095\" data-element_type=\"widget\" data-widget_type=\"divider.default\">\n\t\t\t\t<div class=\"elementor-widget-container\">\n\t\t\t\t\t\t\t<div class=\"elementor-divider\">\n\t\t\t<span class=\"elementor-divider-separator\">\n\t\t\t\t\t\t<\/span>\n\t\t<\/div>\n\t\t\t\t\t\t<\/div>\n\t\t\t\t<\/div>\n\t\t\t\t<div class=\"elementor-element elementor-element-72c5996 elementor-widget elementor-widget-shortcode\" data-id=\"72c5996\" data-element_type=\"widget\" data-widget_type=\"shortcode.default\">\n\t\t\t\t<div class=\"elementor-widget-container\">\n\t\t\t\t\t\t\t<div class=\"elementor-shortcode\"><ul class='listing-page-soeur'><li class='bloc-page-soeur'><a class='image-soeur' style='background:url(https:\/\/prep.ccfs-sorbonne.fr\/wp-content\/uploads\/2023\/11\/montmartre_paris.jpeg)' href='https:\/\/prep.ccfs-sorbonne.fr\/en\/info-registration\/studying-in-paris\/finding-accomodation-in-paris\/' title='Finding accomodation in Paris'><\/a><div class='detail-soeur'><div class='nom-page-soeur'><h2><a href='https:\/\/prep.ccfs-sorbonne.fr\/en\/info-registration\/studying-in-paris\/finding-accomodation-in-paris\/' title='Finding accomodation in Paris'>Finding accomodation in Paris<\/a><\/h2><\/div><\/div><\/li><\/ul><\/div>\n\t\t\t\t\t\t<\/div>\n\t\t\t\t<\/div>\n\t\t\t\t\t<\/div>\n\t\t\t\t<\/div>\n\t\t\t\t<\/div>\n\t\t","protected":false},"excerpt":{"rendered":"<p>Discover Paris \u00a0 Discover Paris Exploring Paris as an international student is often a memorable experience. The City of Lights, with its rich past, vibrant culture and delicious cuisine, offers [&hellip;]<\/p>\n","protected":false},"author":8,"featured_media":89840,"parent":85062,"menu_order":1,"comment_status":"closed","ping_status":"closed","template":"","meta":{"_acf_changed":false,"footnotes":""},"class_list":["post-85063","page","type-page","status-publish","has-post-thumbnail","hentry"],"acf":[],"yoast_head":"<!-- This site is optimized with the Yoast SEO plugin v24.8.1 - https:\/\/yoast.com\/wordpress\/plugins\/seo\/ -->\n<title>discovery of the capital for international students<\/title>\n<meta name=\"robots\" content=\"index, follow, max-snippet:-1, max-image-preview:large, max-video-preview:-1\" \/>\n<link rel=\"canonical\" href=\"https:\/\/prep.ccfs-sorbonne.fr\/en\/info-registration\/studying-in-paris\/discover-paris\/\" \/>\n<meta property=\"og:locale\" content=\"en_US\" \/>\n<meta property=\"og:type\" content=\"article\" \/>\n<meta property=\"og:title\" content=\"discovery of the capital for international students\" \/>\n<meta property=\"og:description\" content=\"Discover Paris \u00a0 Discover Paris Exploring Paris as an international student is often a memorable experience. The City of Lights, with its rich past, vibrant culture and delicious cuisine, offers [&hellip;]\" \/>\n<meta property=\"og:url\" content=\"https:\/\/prep.ccfs-sorbonne.fr\/en\/info-registration\/studying-in-paris\/discover-paris\/\" \/>\n<meta property=\"og:site_name\" content=\"CCFS Sorbonne\" \/>\n<meta property=\"article:modified_time\" content=\"2024-10-02T11:12:07+00:00\" \/>\n<meta property=\"og:image\" content=\"https:\/\/www.ccfs-sorbonne.fr\/wp-content\/uploads\/2023\/11\/AdobeStock_284387777_Editorial_Use_Only.jpeg\" \/>\n\t<meta property=\"og:image:width\" content=\"1920\" \/>\n\t<meta property=\"og:image:height\" content=\"1065\" \/>\n\t<meta property=\"og:image:type\" content=\"image\/jpeg\" \/>\n<meta name=\"twitter:card\" content=\"summary_large_image\" \/>\n<meta name=\"twitter:label1\" content=\"Est. reading time\" \/>\n\t<meta name=\"twitter:data1\" content=\"3 minutes\" \/>\n<script type=\"application\/ld+json\" class=\"yoast-schema-graph\">{\"@context\":\"https:\/\/schema.org\",\"@graph\":[{\"@type\":\"WebPage\",\"@id\":\"https:\/\/prep.ccfs-sorbonne.fr\/en\/info-registration\/studying-in-paris\/discover-paris\/\",\"url\":\"https:\/\/prep.ccfs-sorbonne.fr\/en\/info-registration\/studying-in-paris\/discover-paris\/\",\"name\":\"discovery of the capital for international students\",\"isPartOf\":{\"@id\":\"https:\/\/www.ccfs-sorbonne.fr\/#website\"},\"primaryImageOfPage\":{\"@id\":\"https:\/\/prep.ccfs-sorbonne.fr\/en\/info-registration\/studying-in-paris\/discover-paris\/#primaryimage\"},\"image\":{\"@id\":\"https:\/\/prep.ccfs-sorbonne.fr\/en\/info-registration\/studying-in-paris\/discover-paris\/#primaryimage\"},\"thumbnailUrl\":\"https:\/\/prep.ccfs-sorbonne.fr\/wp-content\/uploads\/2023\/11\/AdobeStock_284387777_Editorial_Use_Only.jpeg\",\"datePublished\":\"2023-06-14T11:57:40+00:00\",\"dateModified\":\"2024-10-02T11:12:07+00:00\",\"breadcrumb\":{\"@id\":\"https:\/\/prep.ccfs-sorbonne.fr\/en\/info-registration\/studying-in-paris\/discover-paris\/#breadcrumb\"},\"inLanguage\":\"en-US\",\"potentialAction\":[{\"@type\":\"ReadAction\",\"target\":[\"https:\/\/prep.ccfs-sorbonne.fr\/en\/info-registration\/studying-in-paris\/discover-paris\/\"]}]},{\"@type\":\"ImageObject\",\"inLanguage\":\"en-US\",\"@id\":\"https:\/\/prep.ccfs-sorbonne.fr\/en\/info-registration\/studying-in-paris\/discover-paris\/#primaryimage\",\"url\":\"https:\/\/prep.ccfs-sorbonne.fr\/wp-content\/uploads\/2023\/11\/AdobeStock_284387777_Editorial_Use_Only.jpeg\",\"contentUrl\":\"https:\/\/prep.ccfs-sorbonne.fr\/wp-content\/uploads\/2023\/11\/AdobeStock_284387777_Editorial_Use_Only.jpeg\",\"width\":1920,\"height\":1065,\"caption\":\"PARIS, FRANCE - DECEMBER 08, 2017: View of famous Louvre Museum with Louvre Pyramid at evening. Louvre Museum is one of the largest and most visited museums worldwide\"},{\"@type\":\"BreadcrumbList\",\"@id\":\"https:\/\/prep.ccfs-sorbonne.fr\/en\/info-registration\/studying-in-paris\/discover-paris\/#breadcrumb\",\"itemListElement\":[{\"@type\":\"ListItem\",\"position\":1,\"name\":\"Home\",\"item\":\"https:\/\/www.ccfs-sorbonne.fr\/\"},{\"@type\":\"ListItem\",\"position\":2,\"name\":\"Info &#038; Registration\",\"item\":\"https:\/\/www.ccfs-sorbonne.fr\/en\/info-registration\/\"},{\"@type\":\"ListItem\",\"position\":3,\"name\":\"Studying in Paris\",\"item\":\"https:\/\/www.ccfs-sorbonne.fr\/en\/info-registration\/studying-in-paris\/\"},{\"@type\":\"ListItem\",\"position\":4,\"name\":\"Discover Paris\"}]},{\"@type\":\"WebSite\",\"@id\":\"https:\/\/www.ccfs-sorbonne.fr\/#website\",\"url\":\"https:\/\/www.ccfs-sorbonne.fr\/\",\"name\":\"CCFS Sorbonne\",\"description\":\"\",\"publisher\":{\"@id\":\"https:\/\/www.ccfs-sorbonne.fr\/#organization\"},\"potentialAction\":[{\"@type\":\"SearchAction\",\"target\":{\"@type\":\"EntryPoint\",\"urlTemplate\":\"https:\/\/www.ccfs-sorbonne.fr\/?s={search_term_string}\"},\"query-input\":{\"@type\":\"PropertyValueSpecification\",\"valueRequired\":true,\"valueName\":\"search_term_string\"}}],\"inLanguage\":\"en-US\"},{\"@type\":\"Organization\",\"@id\":\"https:\/\/www.ccfs-sorbonne.fr\/#organization\",\"name\":\"CCFS Sorbonne\",\"url\":\"https:\/\/www.ccfs-sorbonne.fr\/\",\"logo\":{\"@type\":\"ImageObject\",\"inLanguage\":\"en-US\",\"@id\":\"https:\/\/www.ccfs-sorbonne.fr\/#\/schema\/logo\/image\/\",\"url\":\"https:\/\/prep.ccfs-sorbonne.fr\/wp-content\/uploads\/2023\/11\/logo-ccfs-sorbonne.png\",\"contentUrl\":\"https:\/\/prep.ccfs-sorbonne.fr\/wp-content\/uploads\/2023\/11\/logo-ccfs-sorbonne.png\",\"width\":300,\"height\":120,\"caption\":\"CCFS Sorbonne\"},\"image\":{\"@id\":\"https:\/\/www.ccfs-sorbonne.fr\/#\/schema\/logo\/image\/\"}}]}<\/script>\n<!-- \/ Yoast SEO plugin. -->","yoast_head_json":{"title":"discovery of the capital for international students","robots":{"index":"index","follow":"follow","max-snippet":"max-snippet:-1","max-image-preview":"max-image-preview:large","max-video-preview":"max-video-preview:-1"},"canonical":"https:\/\/prep.ccfs-sorbonne.fr\/en\/info-registration\/studying-in-paris\/discover-paris\/","og_locale":"en_US","og_type":"article","og_title":"discovery of the capital for international students","og_description":"Discover Paris \u00a0 Discover Paris Exploring Paris as an international student is often a memorable experience. The City of Lights, with its rich past, vibrant culture and delicious cuisine, offers [&hellip;]","og_url":"https:\/\/prep.ccfs-sorbonne.fr\/en\/info-registration\/studying-in-paris\/discover-paris\/","og_site_name":"CCFS Sorbonne","article_modified_time":"2024-10-02T11:12:07+00:00","og_image":[{"width":1920,"height":1065,"url":"https:\/\/www.ccfs-sorbonne.fr\/wp-content\/uploads\/2023\/11\/AdobeStock_284387777_Editorial_Use_Only.jpeg","type":"image\/jpeg"}],"twitter_card":"summary_large_image","twitter_misc":{"Est. reading time":"3 minutes"},"schema":{"@context":"https:\/\/schema.org","@graph":[{"@type":"WebPage","@id":"https:\/\/prep.ccfs-sorbonne.fr\/en\/info-registration\/studying-in-paris\/discover-paris\/","url":"https:\/\/prep.ccfs-sorbonne.fr\/en\/info-registration\/studying-in-paris\/discover-paris\/","name":"discovery of the capital for international students","isPartOf":{"@id":"https:\/\/www.ccfs-sorbonne.fr\/#website"},"primaryImageOfPage":{"@id":"https:\/\/prep.ccfs-sorbonne.fr\/en\/info-registration\/studying-in-paris\/discover-paris\/#primaryimage"},"image":{"@id":"https:\/\/prep.ccfs-sorbonne.fr\/en\/info-registration\/studying-in-paris\/discover-paris\/#primaryimage"},"thumbnailUrl":"https:\/\/prep.ccfs-sorbonne.fr\/wp-content\/uploads\/2023\/11\/AdobeStock_284387777_Editorial_Use_Only.jpeg","datePublished":"2023-06-14T11:57:40+00:00","dateModified":"2024-10-02T11:12:07+00:00","breadcrumb":{"@id":"https:\/\/prep.ccfs-sorbonne.fr\/en\/info-registration\/studying-in-paris\/discover-paris\/#breadcrumb"},"inLanguage":"en-US","potentialAction":[{"@type":"ReadAction","target":["https:\/\/prep.ccfs-sorbonne.fr\/en\/info-registration\/studying-in-paris\/discover-paris\/"]}]},{"@type":"ImageObject","inLanguage":"en-US","@id":"https:\/\/prep.ccfs-sorbonne.fr\/en\/info-registration\/studying-in-paris\/discover-paris\/#primaryimage","url":"https:\/\/prep.ccfs-sorbonne.fr\/wp-content\/uploads\/2023\/11\/AdobeStock_284387777_Editorial_Use_Only.jpeg","contentUrl":"https:\/\/prep.ccfs-sorbonne.fr\/wp-content\/uploads\/2023\/11\/AdobeStock_284387777_Editorial_Use_Only.jpeg","width":1920,"height":1065,"caption":"PARIS, FRANCE - DECEMBER 08, 2017: View of famous Louvre Museum with Louvre Pyramid at evening. Louvre Museum is one of the largest and most visited museums worldwide"},{"@type":"BreadcrumbList","@id":"https:\/\/prep.ccfs-sorbonne.fr\/en\/info-registration\/studying-in-paris\/discover-paris\/#breadcrumb","itemListElement":[{"@type":"ListItem","position":1,"name":"Home","item":"https:\/\/www.ccfs-sorbonne.fr\/"},{"@type":"ListItem","position":2,"name":"Info &#038; Registration","item":"https:\/\/www.ccfs-sorbonne.fr\/en\/info-registration\/"},{"@type":"ListItem","position":3,"name":"Studying in Paris","item":"https:\/\/www.ccfs-sorbonne.fr\/en\/info-registration\/studying-in-paris\/"},{"@type":"ListItem","position":4,"name":"Discover Paris"}]},{"@type":"WebSite","@id":"https:\/\/www.ccfs-sorbonne.fr\/#website","url":"https:\/\/www.ccfs-sorbonne.fr\/","name":"CCFS Sorbonne","description":"","publisher":{"@id":"https:\/\/www.ccfs-sorbonne.fr\/#organization"},"potentialAction":[{"@type":"SearchAction","target":{"@type":"EntryPoint","urlTemplate":"https:\/\/www.ccfs-sorbonne.fr\/?s={search_term_string}"},"query-input":{"@type":"PropertyValueSpecification","valueRequired":true,"valueName":"search_term_string"}}],"inLanguage":"en-US"},{"@type":"Organization","@id":"https:\/\/www.ccfs-sorbonne.fr\/#organization","name":"CCFS Sorbonne","url":"https:\/\/www.ccfs-sorbonne.fr\/","logo":{"@type":"ImageObject","inLanguage":"en-US","@id":"https:\/\/www.ccfs-sorbonne.fr\/#\/schema\/logo\/image\/","url":"https:\/\/prep.ccfs-sorbonne.fr\/wp-content\/uploads\/2023\/11\/logo-ccfs-sorbonne.png","contentUrl":"https:\/\/prep.ccfs-sorbonne.fr\/wp-content\/uploads\/2023\/11\/logo-ccfs-sorbonne.png","width":300,"height":120,"caption":"CCFS Sorbonne"},"image":{"@id":"https:\/\/www.ccfs-sorbonne.fr\/#\/schema\/logo\/image\/"}}]}},"_links":{"self":[{"href":"https:\/\/prep.ccfs-sorbonne.fr\/en\/wp-json\/wp\/v2\/pages\/85063","targetHints":{"allow":["GET"]}}],"collection":[{"href":"https:\/\/prep.ccfs-sorbonne.fr\/en\/wp-json\/wp\/v2\/pages"}],"about":[{"href":"https:\/\/prep.ccfs-sorbonne.fr\/en\/wp-json\/wp\/v2\/types\/page"}],"author":[{"embeddable":true,"href":"https:\/\/prep.ccfs-sorbonne.fr\/en\/wp-json\/wp\/v2\/users\/8"}],"replies":[{"embeddable":true,"href":"https:\/\/prep.ccfs-sorbonne.fr\/en\/wp-json\/wp\/v2\/comments?post=85063"}],"version-history":[{"count":5,"href":"https:\/\/prep.ccfs-sorbonne.fr\/en\/wp-json\/wp\/v2\/pages\/85063\/revisions"}],"predecessor-version":[{"id":98963,"href":"https:\/\/prep.ccfs-sorbonne.fr\/en\/wp-json\/wp\/v2\/pages\/85063\/revisions\/98963"}],"up":[{"embeddable":true,"href":"https:\/\/prep.ccfs-sorbonne.fr\/en\/wp-json\/wp\/v2\/pages\/85062"}],"wp:featuredmedia":[{"embeddable":true,"href":"https:\/\/prep.ccfs-sorbonne.fr\/en\/wp-json\/wp\/v2\/media\/89840"}],"wp:attachment":[{"href":"https:\/\/prep.ccfs-sorbonne.fr\/en\/wp-json\/wp\/v2\/media?parent=85063"}],"curies":[{"name":"wp","href":"https:\/\/api.w.org\/{rel}","templated":true}]}}